{"id":717,"date":"2017-11-09T08:18:00","date_gmt":"2017-11-09T07:18:00","guid":{"rendered":"http:\/\/univet.hu\/imported-hu\/gyakorlat\/"},"modified":"2018-09-07T04:53:03","modified_gmt":"2018-09-07T02:53:03","slug":"gyakorlat","status":"publish","type":"page","link":"https:\/\/univet.hu\/hu\/imported\/gyakorlat\/","title":{"rendered":"Gyakorlat"},"content":{"rendered":"<p>Gyakorlati beoszt&aacute;s <a href=\"https:\/\/univet.hu\/files\/subpages\/376\/files\/40orasreszletes-10Kepalkoto%2830%29.xls\" data-replaced=\"true\">ITT<\/a><\/p> <p><a href=\"https:\/\/univet.hu\/files\/subpages\/376\/files\/gyakorlatigazolourlap%281%29.xls\" data-replaced=\"true\">Gyakorlatigaz&oacute;l&oacute; &uuml;rlap<\/a><\/p> <p>A Kis&aacute;llatgy&oacute;gy&aacute;sz klinikus szak&aacute;llatorvos k&eacute;pz&eacute;s keretein bel&uuml;l a Hallgat&oacute;nak <strong>40 &oacute;ra (5*8 &oacute;ra egyben) klinikai gyakorlatot kell teljes&iacute;teni.<\/strong> A gyakorlat helysz&iacute;ne az &Aacute;llatorvostudom&aacute;nyi Egyetem&nbsp;Kis&aacute;llatklinika, teljes&iacute;t&eacute;s&eacute;re az I. szemeszter tanulm&aacute;nyi id\u0151szak&aacute;t k&ouml;vet\u0151en <strong>2017. november 30-ig<\/strong> van lehet\u0151s&eacute;g.<\/p> <p>H&aacute;rom <strong>honos Tansz&eacute;k<\/strong> van: Sz&uuml;l&eacute;szet, Belgy&oacute;gy&aacute;szat, Seb&eacute;szet. Oda kell jelentkezni, amelyik ter&uuml;let a Hallgat&oacute;t legink&aacute;bb &eacute;rdekli. A ter&uuml;letek k&ouml;z&ouml;tt &aacute;tj&aacute;rhat&oacute;s&aacute;g van.<\/p> <p>Az aktu&aacute;lisan kiv&aacute;lasztott h&eacute;tre a <strong>tanulm&aacute;nyi &uuml;gyek el\u0151ad&oacute;j&aacute;n&aacute;l e-mailen kell bejelentkezni, a gyakorlat v&eacute;gz&eacute;se el\u0151tt minimum 3 h&eacute;ttel<\/strong>. A beoszt&aacute;ssal kapcsolatos \u0171rlap, a honlapon folyamatosan, friss&iacute;tve el&eacute;rhet\u0151 lesz a szakir&aacute;ny&uacute; honlapj&aacute;n. (ld. fent)<\/p> <p>A jelentkez&eacute;sr\u0151l szem&eacute;lyre szabott visszajelz&eacute;st kap a Hallgat&oacute;, melyben r&ouml;gz&iacute;t&eacute;sre ker&uuml;l, hogy mikor-hol- kin&eacute;l kell jelentkeznie adott napon.<\/p> <p><strong>A gyakorlat akkor &eacute;rv&eacute;nyes amennyiben a gyakorlatigazol&oacute; lap al&aacute;&iacute;r&aacute;sra &eacute;s lead&aacute;sra ker&uuml;l 2017. november 30-ig.<\/strong><\/p>","protected":false},"excerpt":{"rendered":"<p>Gyakorlati beoszt&aacute;s ITT Gyakorlatigaz&oacute;l&oacute; &uuml;rlap A Kis&aacute;llatgy&oacute;gy&aacute;sz klinikus szak&aacute;llatorvos k&eacute;pz&eacute;s keretein bel&uuml;l a Hallgat&oacute;nak 40 &oacute;ra (5*8 &oacute;ra egyben) klinikai gyakorlatot kell teljes&iacute;teni. A gyakorlat helysz&iacute;ne az &Aacute;llatorvostudom&aacute;nyi Egyetem&nbsp;Kis&aacute;llatklinika, teljes&iacute;t&eacute;s&eacute;re az I. szemeszter tanulm&aacute;nyi id\u0151szak&aacute;t k&ouml;vet\u0151en 2017. november 30-ig van lehet\u0151s&eacute;g. H&aacute;rom honos Tansz&eacute;k van: Sz&uuml;l&eacute;szet, Belgy&oacute;gy&aacute;szat, Seb&eacute;szet. Oda kell jelentkezni, amelyik ter&uuml;let a Hallgat&oacute;t<\/p>\n","protected":false},"author":1,"featured_media":0,"parent":354,"menu_order":228,"comment_status":"closed","ping_status":"closed","template":"","meta":{"_acf_changed":false,"footnotes":""},"categories":[],"tags":[],"class_list":["post-717","page","type-page","status-publish","hentry"],"acf":[],"_links":{"self":[{"href":"https:\/\/univet.hu\/hu\/wp-json\/wp\/v2\/pages\/717","targetHints":{"allow":["GET"]}}],"collection":[{"href":"https:\/\/univet.hu\/hu\/wp-json\/wp\/v2\/pages"}],"about":[{"href":"https:\/\/univet.hu\/hu\/wp-json\/wp\/v2\/types\/page"}],"author":[{"embeddable":true,"href":"https:\/\/univet.hu\/hu\/wp-json\/wp\/v2\/users\/1"}],"replies":[{"embeddable":true,"href":"https:\/\/univet.hu\/hu\/wp-json\/wp\/v2\/comments?post=717"}],"version-history":[{"count":0,"href":"https:\/\/univet.hu\/hu\/wp-json\/wp\/v2\/pages\/717\/revisions"}],"up":[{"embeddable":true,"href":"https:\/\/univet.hu\/hu\/wp-json\/wp\/v2\/pages\/354"}],"wp:attachment":[{"href":"https:\/\/univet.hu\/hu\/wp-json\/wp\/v2\/media?parent=717"}],"wp:term":[{"taxonomy":"category","embeddable":true,"href":"https:\/\/univet.hu\/hu\/wp-json\/wp\/v2\/categories?post=717"},{"taxonomy":"post_tag","embeddable":true,"href":"https:\/\/univet.hu\/hu\/wp-json\/wp\/v2\/tags?post=717"}],"curies":[{"name":"wp","href":"https:\/\/api.w.org\/{rel}","templated":true}]}}