{"id":724,"date":"2017-10-04T13:07:00","date_gmt":"2017-10-04T11:07:00","guid":{"rendered":"http:\/\/univet.hu\/imported-hu\/szakdolgozat-informaciok-2\/"},"modified":"2018-09-07T04:53:14","modified_gmt":"2018-09-07T02:53:14","slug":"szakdolgozat-informaciok-2","status":"publish","type":"page","link":"https:\/\/univet.hu\/hu\/imported\/szakdolgozat-informaciok-2\/","title":{"rendered":"szakdolgozat-inform\u00e1ci\u00f3k"},"content":{"rendered":"<p><a href=\"https:\/\/univet.hu\/files\/subpages\/316\/files\/szakdolgozat%20temak%202016%20-%202017.docx\" data-replaced=\"true\">Szakdolgozat t&eacute;m&aacute;k 2016-2017.<\/a><\/p> <p>Let&ouml;lthet\u0151 dokumentumok:<\/p> <ul> <li><a href=\"https:\/\/univet.hu\/files\/subpages\/316\/files\/F70-szadolg.temabejelento.doc\" data-replaced=\"true\">szakdolgozat t&eacute;mabejelent\u0151<\/a><\/li> <li><a href=\"https:\/\/univet.hu\/files\/subpages\/316\/files\/F30-konzultacios.naplo.doc\" data-replaced=\"true\">konzult&aacute;ci&oacute;s napl&oacute;<\/a><\/li> <li><a href=\"https:\/\/univet.hu\/files\/subpages\/316\/files\/Szakdolg-forma201709-%281%29.doc\" data-replaced=\"true\"><u>szakdolgozati t&aacute;j&eacute;koztat&oacute; 2016<\/u><\/a><a href=\"https:\/\/univet.hu\/files\/subpages\/316\/files\/Szakdolg-forma201709-.doc\" data-replaced=\"true\"> <\/a>( a gradu&aacute;lis k&eacute;pz&eacute;sben r&eacute;sztvev\u0151k szakdolgozat mint&aacute;j&aacute;t alapul v&eacute;ve )<\/li> <\/ul> <p>&nbsp;<\/p> <p>t&eacute;mabejelent\u0151 lead&aacute;si hat&aacute;rid\u0151: 2016. szeptember 23.<\/p> <p>szakdolgozati t&eacute;m&aacute;k szakfelel\u0151si elfogad&aacute;sa: 2016. okt&oacute;ber 14.<\/p> <p>szakdolgozat lead&aacute;si hat&aacute;rid\u0151:&nbsp; 2017. okt&oacute;ber 13.<\/p>","protected":false},"excerpt":{"rendered":"<p>Szakdolgozat t&eacute;m&aacute;k 2016-2017. Let&ouml;lthet\u0151 dokumentumok: szakdolgozat t&eacute;mabejelent\u0151 konzult&aacute;ci&oacute;s napl&oacute; szakdolgozati t&aacute;j&eacute;koztat&oacute; 2016 ( a gradu&aacute;lis k&eacute;pz&eacute;sben r&eacute;sztvev\u0151k szakdolgozat mint&aacute;j&aacute;t alapul v&eacute;ve ) &nbsp; t&eacute;mabejelent\u0151 lead&aacute;si hat&aacute;rid\u0151: 2016. szeptember 23. szakdolgozati t&eacute;m&aacute;k szakfelel\u0151si elfogad&aacute;sa: 2016. okt&oacute;ber 14. szakdolgozat lead&aacute;si hat&aacute;rid\u0151:&nbsp; 2017. okt&oacute;ber 13.<\/p>\n","protected":false},"author":1,"featured_media":0,"parent":354,"menu_order":228,"comment_status":"closed","ping_status":"closed","template":"","meta":{"_acf_changed":false,"footnotes":""},"categories":[],"tags":[],"class_list":["post-724","page","type-page","status-publish","hentry"],"acf":[],"_links":{"self":[{"href":"https:\/\/univet.hu\/hu\/wp-json\/wp\/v2\/pages\/724","targetHints":{"allow":["GET"]}}],"collection":[{"href":"https:\/\/univet.hu\/hu\/wp-json\/wp\/v2\/pages"}],"about":[{"href":"https:\/\/univet.hu\/hu\/wp-json\/wp\/v2\/types\/page"}],"author":[{"embeddable":true,"href":"https:\/\/univet.hu\/hu\/wp-json\/wp\/v2\/users\/1"}],"replies":[{"embeddable":true,"href":"https:\/\/univet.hu\/hu\/wp-json\/wp\/v2\/comments?post=724"}],"version-history":[{"count":0,"href":"https:\/\/univet.hu\/hu\/wp-json\/wp\/v2\/pages\/724\/revisions"}],"up":[{"embeddable":true,"href":"https:\/\/univet.hu\/hu\/wp-json\/wp\/v2\/pages\/354"}],"wp:attachment":[{"href":"https:\/\/univet.hu\/hu\/wp-json\/wp\/v2\/media?parent=724"}],"wp:term":[{"taxonomy":"category","embeddable":true,"href":"https:\/\/univet.hu\/hu\/wp-json\/wp\/v2\/categories?post=724"},{"taxonomy":"post_tag","embeddable":true,"href":"https:\/\/univet.hu\/hu\/wp-json\/wp\/v2\/tags?post=724"}],"curies":[{"name":"wp","href":"https:\/\/api.w.org\/{rel}","templated":true}]}}