{"id":72408,"date":"2022-03-25T10:50:48","date_gmt":"2022-03-25T09:50:48","guid":{"rendered":"https:\/\/univet.hu\/?page_id=72408"},"modified":"2026-02-10T03:55:07","modified_gmt":"2026-02-10T02:55:07","slug":"halasz-gabor","status":"publish","type":"page","link":"https:\/\/univet.hu\/hu\/egyetem\/munkatarsak\/halasz-gabor\/","title":{"rendered":"Hal\u00e1sz G\u00e1bor"},"content":{"rendered":"<p style=\"text-align: center\"><span style=\"font-size: 14pt\"><strong>Bemutatkoz\u00e1s<\/strong><\/span><\/p> <p>1986 szeptember 4-\u00e9n sz\u00fclettem Debrecenben, 2005-ben kezdtem meg tanulm\u00e1nyimat a Szent Istv\u00e1n Egyetemen G\u00f6d\u00f6ll\u0151n, 2009-ben vadgazda m\u00e9rn\u00f6ki oklevelet szereztem. 1998 \u00f3ta foglalkozok kis r\u00e1gcs\u00e1l\u00f3kkal, d\u00edszhalakkal, 2004 \u00f3ta gyarap\u00edtom a k\u00edgy\u00f3 gy\u0171jtem\u00e9nyem. Csal\u00e1di m\u00e9h\u00e9szetben k\u00f6zel t\u00edz \u00e9ve tev\u00e9kenykedek. 2022-t\u0151l elkezdtem egy m\u00e9h\u00e9szeti szakm\u00e9rn\u00f6k k\u00e9pz\u00e9st, amit sikeresen elv\u00e9geztem.<\/p> <p><strong>F\u0151bb kutat\u00e1si ter\u00fcletek:<\/strong><\/p> <ul> <li>K\u00edgy\u00f3k szaporod\u00e1sbiol\u00f3gi\u00e1ja<\/li> <li>M\u00e9h\u00e9szeti technol\u00f3gia &#8211; m\u00e9ztermel\u00e9s<\/li> <\/ul> <p>&nbsp;<\/p> <p><strong>Szakmai szervezeti tags\u00e1g<\/strong><\/p> <table style=\"height: 85px\" width=\"929\"> <tbody> <tr style=\"height: 12px\"> <td style=\"width: 484.016px;height: 12px;text-align: center\"><strong>Bizotts\u00e1g neve<\/strong><\/td> <td style=\"width: 96.6094px;height: 12px;text-align: center\"><strong>Id\u0151<\/strong><\/td> <td style=\"width: 326.375px;height: 12px;text-align: center\"><strong>Tiszts\u00e9g<\/strong><\/td> <\/tr> <tr style=\"height: 16px\"> <td style=\"width: 484.016px;height: 16px;text-align: center\">Orsz\u00e1gos Magyar M\u00e9h\u00e9szeti Egyes\u00fclet<\/td> <td style=\"width: 96.6094px;height: 16px;text-align: center\">2022<\/td> <td style=\"width: 326.375px;height: 16px;text-align: center\">Tag<\/td> <\/tr> <tr style=\"height: 28px\"> <td style=\"width: 484.016px;height: 28px;text-align: center\">Magyar Galamb-\u00e9s Kis\u00e1llatteny\u00e9szt\u0151k Orsz\u00e1gos Sz\u00f6vets\u00e9ge<\/td> <td style=\"width: 96.6094px;height: 28px;text-align: center\">2020<\/td> <td style=\"width: 326.375px;height: 28px;text-align: center\">Tag<\/td> <\/tr> <tr style=\"height: 29px\"> <td style=\"width: 484.016px;height: 29px;text-align: center\">Egyes\u00fclt Magyar Bull Terrier Teny\u00e9szt\u0151k Klubja<\/td> <td style=\"width: 96.6094px;height: 29px;text-align: center\">2015<\/td> <td style=\"width: 326.375px;height: 29px;text-align: center\">Tag<\/td> <\/tr> <\/tbody> <\/table> <p><strong>\u00a0<\/strong><\/p>","protected":false},"excerpt":{"rendered":"<p>Bemutatkoz\u00e1s 1986 szeptember 4-\u00e9n sz\u00fclettem Debrecenben, 2005-ben kezdtem meg tanulm\u00e1nyimat a Szent Istv\u00e1n Egyetemen G\u00f6d\u00f6ll\u0151n, 2009-ben vadgazda m\u00e9rn\u00f6ki oklevelet szereztem. 1998 \u00f3ta foglalkozok kis r\u00e1gcs\u00e1l\u00f3kkal, d\u00edszhalakkal, 2004 \u00f3ta gyarap\u00edtom a k\u00edgy\u00f3 gy\u0171jtem\u00e9nyem. Csal\u00e1di m\u00e9h\u00e9szetben k\u00f6zel t\u00edz \u00e9ve tev\u00e9kenykedek. 2022-t\u0151l elkezdtem egy m\u00e9h\u00e9szeti szakm\u00e9rn\u00f6k k\u00e9pz\u00e9st, amit sikeresen elv\u00e9geztem. F\u0151bb kutat\u00e1si ter\u00fcletek: K\u00edgy\u00f3k szaporod\u00e1sbiol\u00f3gi\u00e1ja M\u00e9h\u00e9szeti technol\u00f3gia &#8211;<\/p>\n","protected":false},"author":5824,"featured_media":0,"parent":858,"menu_order":0,"comment_status":"closed","ping_status":"closed","template":"","meta":{"_acf_changed":false,"footnotes":""},"categories":[],"tags":[],"class_list":["post-72408","page","type-page","status-publish","hentry"],"acf":[],"_links":{"self":[{"href":"https:\/\/univet.hu\/hu\/wp-json\/wp\/v2\/pages\/72408","targetHints":{"allow":["GET"]}}],"collection":[{"href":"https:\/\/univet.hu\/hu\/wp-json\/wp\/v2\/pages"}],"about":[{"href":"https:\/\/univet.hu\/hu\/wp-json\/wp\/v2\/types\/page"}],"author":[{"embeddable":true,"href":"https:\/\/univet.hu\/hu\/wp-json\/wp\/v2\/users\/5824"}],"replies":[{"embeddable":true,"href":"https:\/\/univet.hu\/hu\/wp-json\/wp\/v2\/comments?post=72408"}],"version-history":[{"count":2,"href":"https:\/\/univet.hu\/hu\/wp-json\/wp\/v2\/pages\/72408\/revisions"}],"predecessor-version":[{"id":181762,"href":"https:\/\/univet.hu\/hu\/wp-json\/wp\/v2\/pages\/72408\/revisions\/181762"}],"up":[{"embeddable":true,"href":"https:\/\/univet.hu\/hu\/wp-json\/wp\/v2\/pages\/858"}],"wp:attachment":[{"href":"https:\/\/univet.hu\/hu\/wp-json\/wp\/v2\/media?parent=72408"}],"wp:term":[{"taxonomy":"category","embeddable":true,"href":"https:\/\/univet.hu\/hu\/wp-json\/wp\/v2\/categories?post=72408"},{"taxonomy":"post_tag","embeddable":true,"href":"https:\/\/univet.hu\/hu\/wp-json\/wp\/v2\/tags?post=72408"}],"curies":[{"name":"wp","href":"https:\/\/api.w.org\/{rel}","templated":true}]}}