{"id":72412,"date":"2022-03-30T14:56:20","date_gmt":"2022-03-30T12:56:20","guid":{"rendered":"https:\/\/univet.hu\/?page_id=72412"},"modified":"2026-03-25T10:23:21","modified_gmt":"2026-03-25T09:23:21","slug":"zentai-andrea","status":"publish","type":"page","link":"https:\/\/univet.hu\/hu\/egyetem\/munkatarsak\/zentai-andrea\/","title":{"rendered":"Zentai Andrea"},"content":{"rendered":"<p>Tov\u00e1bbi inform\u00e1ci\u00f3k a D\u00c9T <a href=\"https:\/\/dfi.univet.hu\/rolunk\/zentai-andrea\/\" target=\"_blank\" rel=\"noopener\">oldal\u00e1n<\/a> \u00e9rhet\u0151k el.<\/p>","protected":false},"excerpt":{"rendered":"<p>Tov\u00e1bbi inform\u00e1ci\u00f3k a D\u00c9T oldal\u00e1n \u00e9rhet\u0151k el.<\/p>\n","protected":false},"author":5824,"featured_media":0,"parent":858,"menu_order":37,"comment_status":"open","ping_status":"open","template":"","meta":{"_acf_changed":false,"footnotes":""},"categories":[56],"tags":[],"class_list":["post-72412","page","type-page","status-publish","hentry","category-munkatarsak"],"acf":[],"_links":{"self":[{"href":"https:\/\/univet.hu\/hu\/wp-json\/wp\/v2\/pages\/72412","targetHints":{"allow":["GET"]}}],"collection":[{"href":"https:\/\/univet.hu\/hu\/wp-json\/wp\/v2\/pages"}],"about":[{"href":"https:\/\/univet.hu\/hu\/wp-json\/wp\/v2\/types\/page"}],"author":[{"embeddable":true,"href":"https:\/\/univet.hu\/hu\/wp-json\/wp\/v2\/users\/5824"}],"replies":[{"embeddable":true,"href":"https:\/\/univet.hu\/hu\/wp-json\/wp\/v2\/comments?post=72412"}],"version-history":[{"count":3,"href":"https:\/\/univet.hu\/hu\/wp-json\/wp\/v2\/pages\/72412\/revisions"}],"predecessor-version":[{"id":204173,"href":"https:\/\/univet.hu\/hu\/wp-json\/wp\/v2\/pages\/72412\/revisions\/204173"}],"up":[{"embeddable":true,"href":"https:\/\/univet.hu\/hu\/wp-json\/wp\/v2\/pages\/858"}],"wp:attachment":[{"href":"https:\/\/univet.hu\/hu\/wp-json\/wp\/v2\/media?parent=72412"}],"wp:term":[{"taxonomy":"category","embeddable":true,"href":"https:\/\/univet.hu\/hu\/wp-json\/wp\/v2\/categories?post=72412"},{"taxonomy":"post_tag","embeddable":true,"href":"https:\/\/univet.hu\/hu\/wp-json\/wp\/v2\/tags?post=72412"}],"curies":[{"name":"wp","href":"https:\/\/api.w.org\/{rel}","templated":true}]}}