{"id":72448,"date":"2022-03-28T12:02:43","date_gmt":"2022-03-28T10:02:43","guid":{"rendered":"https:\/\/univet.hu\/?page_id=72448"},"modified":"2026-02-10T03:57:09","modified_gmt":"2026-02-10T02:57:09","slug":"sos-endre","status":"publish","type":"page","link":"https:\/\/univet.hu\/hu\/egyetem\/munkatarsak\/sos-endre\/","title":{"rendered":"S\u00f3s Endre"},"content":{"rendered":"<p style=\"text-align: center\"><strong>\u00a0<\/strong><strong>Bemutatkoz\u00e1s<\/strong><\/p> <p>1995-ben szereztem \u00e1llatorvos-doktori c\u00edmet Budapesten, az \u00c1llatorvos-tudom\u00e1nyi Egyetemen. 1995 decembere \u00f3ta dolgozom a F\u0151v\u00e1rosi \u00c1llat- \u00e9s N\u00f6v\u00e9nykertben \u00e1llatorvosk\u00e9nt, 2003 \u00f3ta vezet\u0151 \u00e1llatorvosk\u00e9nt, az \u00c1llateg\u00e9szs\u00e9g\u00fcgyi- \u00e9s Term\u00e9szetv\u00e9delmi Oszt\u00e1ly vezet\u0151jek\u00e9nt. 2017 \u00f3ta Term\u00e9szetv\u00e9delmi \u00e9s \u00c1llateg\u00e9szs\u00e9g\u00fcgyi Igazgat\u00f3 vagyok. Az int\u00e9zm\u00e9nyben v\u00e9gzett tev\u00e9kenys\u00e9gem mellett a Budakeszi Vadaspark egyik ell\u00e1t\u00f3 \u00e1llatorvosak\u00e9nt is tev\u00e9kenykedem, illetve konzult\u00e1nsk\u00e9nt dolgozom t\u00f6bb hazai \u00e1llatkertben \u00e9s teny\u00e9szetben is. 2012-ben PhD fokozatot szereztem a \u201eT\u00fazok eg\u00e9szs\u00e9gtana\u201d t\u00e9mak\u00f6rben a Nyugat-Magyarorsz\u00e1gi Egyetemen.<\/p> <p>2000 \u00e9s 2022 k\u00f6z\u00f6tt a F\u00c1NK-ban bet\u00f6lt\u00f6tt munk\u00e1mon k\u00edv\u00fcl szaktan\u00e1csad\u00f3i tev\u00e9kenys\u00e9get t\u00f6bb helysz\u00ednen \u00e9s szervezet nev\u00e9ben v\u00e9geztem, amelyek a k\u00f6vetkez\u0151k: EAZA (European Association of Zoos and Aquariums) nemzeti \u00e9s nemzetk\u00f6zi \u201escreener\u201d: Gy\u0151r, J\u00e1szber\u00e9ny, Veszpr\u00e9m, Ny\u00edregyh\u00e1za; k\u00fclf\u00f6ldi \u00e1llatkertekben Szlov\u00e1ki\u00e1ban, Csehorsz\u00e1gban, Rom\u00e1ni\u00e1ban, T\u00f6r\u00f6korsz\u00e1gban, Sv\u00e9dorsz\u00e1gban, Belgiumban, Oroszorsz\u00e1gban, Szerbi\u00e1ban, Lengyelorsz\u00e1gban; \u00e1llatkert l\u00e9tes\u00edt\u00e9si vagy meg\u00faj\u00edt\u00e1si konzult\u00e1ci\u00f3s tev\u00e9kenys\u00e9get Rom\u00e1ni\u00e1ban, a Kong\u00f3i Demokratikus K\u00f6zt\u00e1rsas\u00e1gban \u00e9s Alg\u00e9ri\u00e1ban.<\/p> <p>2007-ben Pro Natura Eml\u00e9kplakettben r\u00e9szes\u00edtett a k\u00f6rnyezetv\u00e9delmi- \u00e9s v\u00edz\u00fcgyi miniszter, r\u00e9szben a vad\u00e1llatok ment\u00e9se \u00e9s szapor\u00edt\u00e1sa sor\u00e1n v\u00e9gzett \u00e1llatorvosi tev\u00e9kenys\u00e9gem\u00e9rt, de akt\u00edv r\u00e9szese \u00e9s a magyar szakemberek vezet\u0151je voltam annak a nemzetk\u00f6zi kutat\u00f3csoportnak is, amelynek seg\u00edts\u00e9g\u00e9vel a vil\u00e1gon els\u0151k\u00e9nt \u00e9s m\u00e1sodikk\u00e9nt (illetve enn\u00e9l az egyedn\u00e9l m\u00e9lyfagyasztott sperm\u00e1b\u00f3l els\u0151k\u00e9nt) sz\u00fcletett d\u00e9li sz\u00e9lessz\u00e1j\u00fa orrszarv\u00faborj\u00fa mesters\u00e9ges term\u00e9keny\u00edt\u00e9ssel.<\/p> <p><strong>F\u0151bb kutat\u00e1si ter\u00fcletek:<\/strong><\/p> <ul> <li>vastagb\u0151r\u0171ek (elef\u00e1ntok, orrszarv\u00faak) gy\u00f3gy\u00e1szata<\/li> <li>ragadoz\u00f3 madarak eg\u00e9szs\u00e9gtana<\/li> <li>\u00e1llatkerti- \u00e9s vadon \u00e9l\u0151 \u00e1llatok aneszteziol\u00f3gi\u00e1ja<\/li> <\/ul> <p><strong>\u00a0<\/strong><strong>El\u0151rehalad\u00e1s:<\/strong><\/p> <table style=\"width: 877px;height: 126px\"> <tbody> <tr style=\"height: 29px\"> <td style=\"width: 48.0469px;height: 29px\">1995<\/td> <td style=\"width: 812.953px;height: 29px\">\u00a0\u00c1llatorvos<\/td> <\/tr> <tr style=\"height: 36px\"> <td style=\"width: 48.0469px;height: 36px\">1998<\/td> <td style=\"width: 812.953px;height: 36px\">Diploma of Endangered Species Management (Durrell Wildlife Conservation Trust, Jersey, Egyes\u00fclt Kir\u00e1lys\u00e1g)<\/td> <\/tr> <tr style=\"height: 12px\"> <td style=\"width: 48.0469px;height: 12px\">2006<\/td> <td style=\"width: 812.953px;height: 12px\">Kis\u00e1llatgy\u00f3gy\u00e1sz szak\u00e1llatorvos<\/td> <\/tr> <tr style=\"height: 12px\"> <td style=\"width: 48.0469px;height: 12px\">2008<\/td> <td style=\"width: 812.953px;height: 12px\">Egzotikus \u00e1llatgy\u00f3gy\u00e1sz szak\u00e1llatorvos<\/td> <\/tr> <tr style=\"height: 10px\"> <td style=\"width: 48.0469px;height: 10px\">2012<\/td> <td style=\"width: 812.953px;height: 10px\">PhD fokozat<\/td> <\/tr> <tr style=\"height: 10px\"> <td style=\"width: 48.0469px;height: 10px\">2012<\/td> <td style=\"width: 812.953px;height: 10px\">DipECZM (ZHM) fokozat<\/td> <\/tr> <tr style=\"height: 17px\"> <td style=\"width: 48.0469px;height: 17px\">2019<\/td> <td style=\"width: 812.953px;height: 17px\">C\u00edmzetes egyetemi docens<\/td> <\/tr> <\/tbody> <\/table> <p><strong>Szakmai szervezeti tags\u00e1g<\/strong><\/p> <table style=\"height: 237px\" width=\"890\"> <tbody> <tr style=\"height: 20px\"> <td style=\"width: 463.188px;height: 20px;text-align: center\"><strong>Szervezet neve<\/strong><\/td> <td style=\"width: 124.016px;height: 20px;text-align: center\"><strong>Id\u0151<\/strong><\/td> <td style=\"width: 280.797px;height: 20px;text-align: center\"><strong>Tiszts\u00e9g<\/strong><\/td> <\/tr> <tr style=\"height: 88px\"> <td style=\"width: 463.188px;height: 88px;text-align: center\"><em>European Association of Zoo and Wildlife Veterinarians<\/em> (EAZWV)<\/td> <td style=\"width: 124.016px;height: 88px;text-align: center\"> <p>2006-t\u00f3l<\/p> <p>2018-2020<\/p> <p>2021-t\u0151l<\/td> <td style=\"width: 280.797px;height: 88px;text-align: center\"> <p>a magyar szekci\u00f3 k\u00e9pvisel\u0151je, a szervezet \u00fcgyviv\u0151 test\u00fclet\u00e9nek tagja<\/p> <p>aleln\u00f6k<\/p> <p>eln\u00f6k<\/td> <\/tr> <tr style=\"height: 71px\"> <td style=\"width: 463.188px;height: 71px;text-align: center\">Magyar Vad- \u00e9s \u00c1llatkerti \u00c1llatorvosok T\u00e1rsas\u00e1ga (MV\u00c1\u00c1T)<\/td> <td style=\"width: 124.016px;height: 71px;text-align: center\"> <p>2003-2008<\/p> <p>2008-2018<\/p> <p>2018-t\u00f3l<\/td> <td style=\"width: 280.797px;height: 71px;text-align: center\"> <p>aleln\u00f6k<\/p> <p>eln\u00f6k<\/p> <p>aleln\u00f6k<\/td> <\/tr> <tr style=\"height: 58px\"> <td style=\"width: 463.188px;height: 58px;text-align: center\">Magyar \u00c1llatkertek Sz\u00f6vets\u00e9ge (M\u00c1SZ)<\/td> <td style=\"width: 124.016px;height: 58px;text-align: center\"> <p>2016-2021<\/p> <p>2021-t\u0151l<\/td> <td style=\"width: 280.797px;height: 58px;text-align: center\"> <p>titk\u00e1r<\/p> <p>eln\u00f6k-helyettes<\/td> <\/tr> <\/tbody> <\/table> <p><strong>Publik\u00e1ci\u00f3s lista (Top10)<\/strong>:<\/p> <table style=\"height: 297px\"> <tbody> <tr style=\"height: 81px\"> <td style=\"height: 81px;width: 21.0156px\">1.<\/td> <td style=\"height: 81px;width: 859.969px\">Hermes, R., G\u00f6ritz, F., Saragusty, J., <u>S\u00f3s, E.,<\/u> Moln\u00e1r, V., Reid, C.E., Schwarzenberger, F. &amp; Hildebrandt, T.B. (2009). First successful artificial insemination with frozen-thawed semen in rhinoceros. Theriogenology 71, pp. 393-399.<\/td> <\/tr> <tr style=\"height: 24px\"> <td style=\"height: 24px;width: 21.0156px\">2.<\/td> <td style=\"height: 24px;width: 859.969px\">Hildebrandt, T. B., Hermes, R., Walzer, C., <u>S\u00f3s, E.<\/u>, Moln\u00e1r, V., Mez\u00f6si, L., Schnorrenberg, A., Silinski, S., Streich, J., Schwarzenberger, F. &amp; G\u00f6ritz, F. (2007). Artificial insemination in the anoestrous and the postpartum white rhinoceros using GnRH analogue to induce ovulation. Theriogenology 67, pp. 1473-1484.<\/td> <\/tr> <tr style=\"height: 24px\"> <td style=\"height: 24px;width: 21.0156px\">3.<\/td> <td style=\"height: 24px;width: 859.969px\">Lantos, \u00c1., Niemann, S., Mez\u0151si, L., <u>S\u00f3s, E.<\/u>, Erd\u00e9lyi, K., David, S., Parsons, L. M., Kubica, T., Rusch-Gerdes, S. &amp; Somosk\u00f6vi, \u00c1 (2003). Pulmonary tuberculosis due to <em>Mycobacterium<\/em> <em>bovis<\/em> <em>caprae<\/em> in captive Siberian tiger. Emerging Infectious Diseases, 9 (11), pp. 1462-1464.<\/td> <\/tr> <tr style=\"height: 24px\"> <td style=\"height: 24px;width: 21.0156px\">4.<\/td> <td style=\"height: 24px;width: 859.969px\"><u>S\u00f3s, E.<\/u>, Moln\u00e1r, V., Liptovszky, M., Vrab\u00e9ly, T. &amp; Rig\u00f3, P. (2007). Veterinary aspects of a Sumatran Orang-utan (<em>Pongo pygmaeus abelii<\/em>) introduction in a zoo situation. In: Wibbelt, G., Bergholz, N., Seet, S. &amp; Hofer, H. (eds): Erkrankungen der Zootiere: Verhandlungsbericht des 43. Internationalen Symposiums \u00fcber die Erkrankungen der Zoo und Wildtiere, 19-20 May, 2007, Edinburgh, United Kingdom, pp. 71-73.<\/td> <\/tr> <tr style=\"height: 24px\"> <td style=\"height: 24px;width: 21.0156px\">5.<\/td> <td style=\"height: 24px;width: 859.969px\"><u>S\u00f3s, E.<\/u>, Moln\u00e1r, V., R\u00e9vay, T., N\u00e9meth, A., Farkas, J., Hidas, A. &amp; Csorba, G. (2009). Veterinarian participation at the critically endangered Lesser Blind Mole Rat (<em>Nannospalax leucodon<\/em>) research in Hungary. In: Wibbelt, G., Kretzschmar, P., Hofer, H. &amp; Seet, S. (eds): Proceedings of the International Conference on Diseases of Zoo and Wild Animals, Leibniz Institute for Zoo and Wildlife Research (IZW, Berlin) and European Association of Zoo- and Wildlife Veterinarians (EAZWV), May 20-24, 2009, Beekse Bergen, The Netherlands, pp. 118-121.<\/td> <\/tr> <tr style=\"height: 24px\"> <td style=\"height: 24px;width: 21.0156px\">6.<\/td> <td style=\"height: 24px;width: 859.969px\"><u>S\u00f3s, E.<\/u>, Moln\u00e1r V., G\u00e1l J., N\u00e9meth, A., Perge, E., Lajos, Z. &amp; Csorba, G. (2012). Typhlitis and abdominal cystic lymphangiomatosis in a Mt. Carmel Blind Mole Rat (<em>Nannospalax (ehrenbergi) carmeli<\/em>). Journal of Zoo and Wildlife Medicine, 43:416-420.<\/td> <\/tr> <tr style=\"height: 24px\"> <td style=\"height: 24px;width: 21.0156px\">7.<\/td> <td style=\"height: 24px;width: 859.969px\"><u>S\u00f3s, E.<\/u>, Szigeti, A., Fok, \u00c9., Moln\u00e1r, V., Erd\u00e9lyi, K., Perge, E., Biksi, I. &amp; G\u00e1l, J. (2012). Toxoplasmosis in Tammar wallabies (<em>Macropus eugenii<\/em>) in the Budapest Zoo and Botanical Garden (2006-2010). Acta Veterinaria Hungarica, in press.<\/td> <\/tr> <tr style=\"height: 24px\"> <td style=\"height: 24px;width: 21.0156px\">8.<\/td> <td style=\"height: 24px;width: 859.969px\">S\u00f3s-Koroknai, V. &amp; <u>S\u00f3s, E.<\/u> (2021): Hazai ragadoz\u00f3madarak eg\u00e9szs\u00e9gk\u00e1rosod\u00e1s\u00e1nak vizsg\u00e1lata. <em>Heliaca<\/em>. 113-117.<\/td> <\/tr> <tr style=\"height: 24px\"> <td style=\"height: 24px;width: 21.0156px\">9.<\/td> <td style=\"height: 24px;width: 859.969px\">Remport, L., S\u00f3s-Koroknai, V., Hoitsy, M. &amp; <u>S\u00f3s, E.<\/u> (2021): Occurence of jaw fractures in captive giraffes in European zoos. <em>Journal of Zoo and Wildlife Medicine.<\/em> (<em>In press<\/em>)<\/td> <\/tr> <tr style=\"height: 24px\"> <td style=\"height: 24px;width: 21.0156px\">10.<\/td> <td style=\"height: 24px;width: 859.969px\">\u00a0 S\u00f3s-Koroknai, V., Solymosi, N., Krik\u00f3, E., T\u00f3th, T., Maros\u00e1n, M. &amp; <u style=\"font-family: inherit;font-size: inherit\">S\u00f3s, E.<\/u><span style=\"font-family: inherit;font-size: inherit\"> (2020): Examination of morbidity and the incidence of electrocution in Common Kestrels (<\/span><em style=\"font-family: inherit;font-size: inherit\">Falco tinnunculus<\/em><span style=\"font-family: inherit;font-size: inherit\">) admitted to the Wildlife Rescue Center at the Budapest Zoo and Botanical Garden between 2014-2016. <\/span><em style=\"font-family: inherit;font-size: inherit\">Magyar \u00c1llatorvosok Lapja. 142. 429-438.<\/em><\/td> <\/tr> <\/tbody> <\/table> <p>&nbsp;<\/p> <p>&nbsp;<\/p>","protected":false},"excerpt":{"rendered":"<p>\u00a0Bemutatkoz\u00e1s 1995-ben szereztem \u00e1llatorvos-doktori c\u00edmet Budapesten, az \u00c1llatorvos-tudom\u00e1nyi Egyetemen. 1995 decembere \u00f3ta dolgozom a F\u0151v\u00e1rosi \u00c1llat- \u00e9s N\u00f6v\u00e9nykertben \u00e1llatorvosk\u00e9nt, 2003 \u00f3ta vezet\u0151 \u00e1llatorvosk\u00e9nt, az \u00c1llateg\u00e9szs\u00e9g\u00fcgyi- \u00e9s Term\u00e9szetv\u00e9delmi Oszt\u00e1ly vezet\u0151jek\u00e9nt. 2017 \u00f3ta Term\u00e9szetv\u00e9delmi \u00e9s \u00c1llateg\u00e9szs\u00e9g\u00fcgyi Igazgat\u00f3 vagyok. Az int\u00e9zm\u00e9nyben v\u00e9gzett tev\u00e9kenys\u00e9gem mellett a Budakeszi Vadaspark egyik ell\u00e1t\u00f3 \u00e1llatorvosak\u00e9nt is tev\u00e9kenykedem, illetve konzult\u00e1nsk\u00e9nt dolgozom t\u00f6bb hazai \u00e1llatkertben<\/p>\n","protected":false},"author":5824,"featured_media":0,"parent":858,"menu_order":0,"comment_status":"closed","ping_status":"closed","template":"","meta":{"_acf_changed":false,"footnotes":""},"categories":[],"tags":[],"class_list":["post-72448","page","type-page","status-publish","hentry"],"acf":[],"_links":{"self":[{"href":"https:\/\/univet.hu\/hu\/wp-json\/wp\/v2\/pages\/72448","targetHints":{"allow":["GET"]}}],"collection":[{"href":"https:\/\/univet.hu\/hu\/wp-json\/wp\/v2\/pages"}],"about":[{"href":"https:\/\/univet.hu\/hu\/wp-json\/wp\/v2\/types\/page"}],"author":[{"embeddable":true,"href":"https:\/\/univet.hu\/hu\/wp-json\/wp\/v2\/users\/5824"}],"replies":[{"embeddable":true,"href":"https:\/\/univet.hu\/hu\/wp-json\/wp\/v2\/comments?post=72448"}],"version-history":[{"count":1,"href":"https:\/\/univet.hu\/hu\/wp-json\/wp\/v2\/pages\/72448\/revisions"}],"predecessor-version":[{"id":181675,"href":"https:\/\/univet.hu\/hu\/wp-json\/wp\/v2\/pages\/72448\/revisions\/181675"}],"up":[{"embeddable":true,"href":"https:\/\/univet.hu\/hu\/wp-json\/wp\/v2\/pages\/858"}],"wp:attachment":[{"href":"https:\/\/univet.hu\/hu\/wp-json\/wp\/v2\/media?parent=72448"}],"wp:term":[{"taxonomy":"category","embeddable":true,"href":"https:\/\/univet.hu\/hu\/wp-json\/wp\/v2\/categories?post=72448"},{"taxonomy":"post_tag","embeddable":true,"href":"https:\/\/univet.hu\/hu\/wp-json\/wp\/v2\/tags?post=72448"}],"curies":[{"name":"wp","href":"https:\/\/api.w.org\/{rel}","templated":true}]}}