{"id":72452,"date":"2022-03-28T12:17:18","date_gmt":"2022-03-28T10:17:18","guid":{"rendered":"https:\/\/univet.hu\/?page_id=72452"},"modified":"2026-02-10T03:56:12","modified_gmt":"2026-02-10T02:56:12","slug":"persanyi-miklos","status":"publish","type":"page","link":"https:\/\/univet.hu\/hu\/egyetem\/munkatarsak\/persanyi-miklos\/","title":{"rendered":"Pers\u00e1nyi Mikl\u00f3s"},"content":{"rendered":"<p style=\"text-align: center\"><span style=\"font-size: 14pt\"><strong>Bemutatkoz\u00e1s\u00a0 <\/strong><\/span><\/p> <p>Magyar \u00e9s amerikai egyetemeken tanult, az ELT\u00c9-n, a GAT\u00c9-n, \u00e9s a Cornell Egyetemen. A k\u00f6rnyezetv\u00e9d\u0151 t\u00e1rsadalmi aktivit\u00e1sr\u00f3l \u00edrott \u00e9rtekez\u00e9s\u00e9vel tudom\u00e1nyok kandid\u00e1tusa fokozatot szerzett. Volt tan\u00e1r, tr\u00e9ner, tudom\u00e1nyos kutat\u00f3, k\u00f6ztisztvisel\u0151, nemzetk\u00f6zi bank k\u00f6rnyezetv\u00e9delmi f\u0151szak\u00e9rt\u0151je, 22 \u00e9vig a F\u0151v\u00e1rosi \u00c1llat- \u00e9s N\u00f6v\u00e9nykert f\u0151igazgat\u00f3ja. Ezalatt n\u00f6vekedett annak ter\u00fclete, gy\u0171jtem\u00e9ny\u00e9nek \u00e9rt\u00e9ke, fejl\u0151dtek l\u00e9tes\u00edtm\u00e9nyei, kib\u0151v\u00fcltek oktat\u00f3 \u00e9s term\u00e9szetv\u00e9d\u0151 programjai, er\u0151s\u00f6d\u00f6tt nemzetk\u00f6zi tekint\u00e9lye.<\/p> <p>2003 \u00e9s 2007 k\u00f6z\u00f6tt k\u00f6rnyezetv\u00e9delmi \u00e9s v\u00edz\u00fcgyi miniszter volt. Ir\u00e1ny\u00edt\u00e1s\u00e1val fogtak integr\u00e1lt \u00e1rv\u00edzv\u00e9delmi programba, kialak\u00edtott\u00e1k a Natura 2000 ter\u00fcleteket az orsz\u00e1g 21 sz\u00e1zal\u00e9k\u00e1n, megszervezt\u00e9k az \u00f6koiskol\u00e1k h\u00e1l\u00f3zat\u00e1t. 2006-2008 k\u00f6z\u00f6tt miniszteri biztosk\u00e9nt ir\u00e1ny\u00edtotta a V\u00e1rosliget parktervez\u00e9s\u00e9t, kezdem\u00e9nyez\u00e9s\u00e9re t\u00edzezer \u00faj f\u00e1t \u00fcltettek el Budapesten. Jelenleg a Balatoni Limnol\u00f3giai Kutat\u00f3 Int\u00e9zetben dolgozik.<\/p> <p>Eln\u00f6k\u00f6lt hazai \u00e9s nemzetk\u00f6zi szervezeteket, elismer\u00e9sei k\u00f6z\u00f6tt van EAZA \u00c9letm\u0171 D\u00edj, Magyar K\u00f6zt\u00e1rsas\u00e1gi \u00c9rdemrend, k\u00e9t ker\u00fclet d\u00edszpolg\u00e1rs\u00e1ga, Humphrey\/Fulbright Alumnus, Ashoka Fellow, k\u00e9t magyar egyetem c\u00edmzetes egyetemi tan\u00e1ra, az \u00c1llatkerti Vil\u00e1gsz\u00f6vets\u00e9g (WAZA) \u00e9s az Eur\u00f3pai \u00c1llatkertek \u00e9s Akv\u00e1riumok Sz\u00f6vets\u00e9ge (EAZA) tiszteletbeli tagja.<\/p> <p><strong>F\u0151bb kutat\u00e1si ter\u00fcletek: <\/strong><\/p> <ul> <li>k\u00f6rnyezettudom\u00e1ny,<\/li> <li>fenntarthat\u00f3s\u00e1g biodiverzit\u00e1ssal \u00f6sszef\u00fcgg\u0151 k\u00e9rd\u00e9sei<\/li> <li>vad\u00e1llatok emberi gondoskod\u00e1sban tart\u00e1sa<\/li> <li>\u00e1llatkert\u00e9szet<\/li> <\/ul> <p><strong>El\u0151rehalad\u00e1s: <\/strong>az ut\u00f3bbi k\u00e9t \u00e9vben k\u00e9t tant\u00e1rgy (\u201eVad\u00e1llatok emberi gondoskod\u00e1sban\u201d \u00e9s \u201eVad\u00e1llatokat tart\u00f3 int\u00e9zm\u00e9nyek menedzsmentje\u201d) tematik\u00e1j\u00e1nak, magyar \u00e9s angol tanulm\u00e1nyi csoportok sz\u00e1m\u00e1ra el\u0151ad\u00e1sainak, prezent\u00e1ci\u00f3inak kidolgoz\u00e1sa. A tant\u00e1rgy oktat\u00e1sa a 2020\/21 \u00e9s a 2021\/22 tan\u00e9vekben.<\/p> <p>&#8222;Vad\u00e1llattart\u00e1s \u00e9s \u00e1llatkert\u00e9szet&#8221; szakir\u00e1ny\u00fa tov\u00e1bbk\u00e9pz\u00e9si szak k\u00e9pz\u00e9si \u00e9s kimeneti k\u00f6vetelm\u00e9nyeinek kidolgoz\u00e1sa, tematika elk\u00e9sz\u00edt\u00e9se, a tansz\u00e9k vezet\u0151j\u00e9vel egy\u00fctt a tant\u00e1rgyak el\u0151ad\u00f3inak felk\u00e9r\u00e9se, az akkredit\u00e1ci\u00f3s dokumentumok el\u0151k\u00e9sz\u00edt\u00e9se. A szak akkredit\u00e1ci\u00f3ja megt\u00f6rt\u00e9nt, meghirdet\u00e9se a 2022\/23 tan\u00e9vre tervezett.<\/p> <p><strong>Szakmai szervezeti tags\u00e1g<\/strong><\/p> <table style=\"height: 257px\" width=\"858\"> <tbody> <tr style=\"height: 32px\"> <td style=\"width: 458.531px;height: 32px;text-align: center\"><strong>Bizotts\u00e1g neve<\/strong><\/td> <td style=\"width: 119.141px;height: 32px;text-align: center\"><strong>Id\u0151<\/strong><\/td> <td style=\"width: 258.328px;height: 32px;text-align: center\"><strong>Tiszts\u00e9g<\/strong><\/td> <\/tr> <tr style=\"height: 30px\"> <td style=\"width: 458.531px;height: 30px;text-align: center\">Balaton Csoport (International Network of Resource Information Centres)<\/td> <td style=\"width: 119.141px;height: 30px;text-align: center\">1988-t\u00f3l<\/td> <td style=\"width: 258.328px;height: 30px;text-align: center\">Member of the Executive Committee (2016-t\u00f3l)<\/td> <\/tr> <tr style=\"height: 10px\"> <td style=\"width: 458.531px;height: 10px;text-align: center\">UN Framework Convention for Climate Change, COP 9 (ENSZ \u00c9ghajlatv\u00e1ltoz\u00e1si Keretegyezm\u00e9ny R\u00e9szes Felek 9. Konferenci\u00e1ja)<\/td> <td style=\"width: 119.141px;height: 10px;text-align: center\">2003-2004<\/td> <td style=\"width: 258.328px;height: 10px;text-align: center\">President<\/td> <\/tr> <tr style=\"height: 10px\"> <td style=\"width: 458.531px;height: 10px;text-align: center\">Magyar \u00c1llatkertek Sz\u00f6vets\u00e9ge Eln\u00f6ks\u00e9g<\/td> <td style=\"width: 119.141px;height: 10px;text-align: center\">2001-2003 \u00e9s 2007-2012<\/td> <td style=\"width: 258.328px;height: 10px;text-align: center\">eln\u00f6k<\/td> <\/tr> <tr style=\"height: 100px\"> <td style=\"width: 458.531px;height: 100px;text-align: center\">EAZA European Association of Zoos and Aquaria Eur\u00f3pai \u00c1llatkertek \u00e9s Akv\u00e1riumok Sz\u00f6vets\u00e9ge<\/td> <td style=\"width: 119.141px;height: 100px;text-align: center\">1997-2003 \u00e9s 2007-2011<\/td> <td style=\"width: 258.328px;height: 100px;text-align: center\">Chair of the Commmittee for Technical Assistance, Member of the Executive Committee, Vice Chairman, Secretary, Chairman<\/td> <\/tr> <tr style=\"height: 42px\"> <td style=\"width: 458.531px;height: 42px;text-align: center\">MTA K\u00f6rnyezettudom\u00e1nyi Eln\u00f6ki Bizotts\u00e1g<\/td> <td style=\"width: 119.141px;height: 42px;text-align: center\">2009-2019<\/td> <td style=\"width: 258.328px;height: 42px;text-align: center\">a Bizotts\u00e1g tagja<\/td> <\/tr> <tr style=\"height: 10px\"> <td style=\"width: 458.531px;height: 10px;text-align: center\">EU Miniszteri Tan\u00e1cs<\/td> <td style=\"width: 119.141px;height: 10px;text-align: center\">2003-2007<\/td> <td style=\"width: 258.328px;height: 10px;text-align: center\">a Tan\u00e1cs tagja<\/td> <\/tr> <tr style=\"height: 23px\"> <td style=\"width: 458.531px;height: 23px;text-align: center\">UNEP Korm\u00e1nyz\u00f3tan\u00e1cs<\/td> <td style=\"width: 119.141px;height: 23px;text-align: center\">2003-2007<\/td> <td style=\"width: 258.328px;height: 23px;text-align: center\">a Korm\u00e1nyz\u00f3tan\u00e1cs tagja<\/td> <\/tr> <\/tbody> <\/table> <p><strong>PhD-hallgat\u00f3k: nem volt<\/strong><\/p> <p><strong>Eddigi szakdolgozat\/TDK hallgat\u00f3k sz\u00e1ma<\/strong><\/p> <p>5<\/p> <p><strong>Publik\u00e1ci\u00f3s lista:<\/strong><\/p> <table style=\"height: 411px\"> <tbody> <tr style=\"height: 48px\"> <td style=\"height: 48px;width: 13.8594px\">1.<\/td> <td style=\"height: 48px;width: 867.141px\"><strong>Rehabilitation of heritage zoo areas following modern zoo standards + The largest recent european zoo development, Pannonia Park, <\/strong>PPTs, Abstracts, Zoo Design Conference, Wroclaw, 2019<\/td> <\/tr> <tr style=\"height: 51px\"> <td style=\"height: 51px;width: 13.8594px\">2.<\/td> <td style=\"height: 51px;width: 867.141px\"><strong>Place zoo objectives in the forefront of national priorities for sustainability education, <\/strong>73<sup>rd<\/sup>\u00a0WAZA Annual Conference in Bangkok with the theme, \u201cWild at Heart\u201d, 2018<\/td> <\/tr> <tr style=\"height: 72px\"> <td style=\"height: 72px;width: 13.8594px\">3.<\/td> <td style=\"height: 72px;width: 867.141px\"><strong>Make you zoo an indispensible partner in the conservation and animal welfare community, a 20 year experiment in Budapest Zoo<\/strong><strong> and Botanical Garden, <\/strong>PPP, Annual Conference of the World Association of Zoos and Aquaria, El Ain, United Arab Emirates, 2016<\/td> <\/tr> <tr style=\"height: 48px\"> <td style=\"height: 48px;width: 13.8594px\">4.<\/td> <td style=\"height: 48px;width: 867.141px\"><strong>\u00c1llatkert \u2013 150 \u00e9v, 150 t\u00f6rt\u00e9net <\/strong>(szerkeszt\u00e9s, k\u00e9t fejezet szerz\u0151je, szerkeszt\u0151, t\u00e1rsszerkeszt\u0151k: Hanga Zolt\u00e1n \u00e9s Kov\u00e1cs Zsolt), F\u0151v\u00e1rosi \u00c1llat- \u00e9s N\u00f6v\u00e9nykert, 2016<\/td> <\/tr> <tr style=\"height: 48px\"> <td style=\"height: 48px;width: 13.8594px\">5.<\/td> <td style=\"height: 48px;width: 867.141px\"><strong>Az egzotikus \u00e1llatok magyar neveir\u0151l, <\/strong>in: K\u00f6r\u00fat az \u00c1llatkertekben, k\u00e9sz\u00edtette G.L.K. (Gr\u00f3f L\u00e1z\u00e1r K\u00e1lm\u00e1n) reprint kiad\u00e1s f\u00fcggel\u00e9keiben, F\u0151v\u00e1rosi \u00c1llat- \u00e9s N\u00f6v\u00e9nykert \u00e9s Orsz\u00e1gos Sz\u00e9ch\u00e9nyi K\u00f6nyvt\u00e1r, 2014<\/td> <\/tr> <tr style=\"height: 48px\"> <td style=\"height: 48px;width: 13.8594px\">6.<\/td> <td style=\"height: 48px;width: 867.141px\"><strong>Urbaniz\u00e1lt vadvil\u00e1g a petkorszakban. <\/strong>In:<strong> Egym\u00e1sra n\u00e9zve<\/strong>. T\u00e1rsaink a tengerimalacokt\u00f3l a csimp\u00e1nzokig. p. 91-158. A k\u00f6tet t\u00e1rsszerz\u0151i: Cs\u00e1nyi Vilmos \u00e9s Popper P\u00e9ter, Saxum Kiad\u00f3, 2010<\/td> <\/tr> <tr style=\"height: 48px\"> <td style=\"height: 48px;width: 13.8594px\">7.<\/td> <td style=\"height: 48px;width: 867.141px\"><strong>Innovation in zoo-history: Magic Mountain in Budapest, <\/strong>WAZA Magazine, of the World Association of Zoos and Aquaria, Gland, 2014\/3<\/td> <\/tr> <tr style=\"height: 24px\"> <td style=\"height: 24px;width: 13.8594px\">8.<\/td> <td style=\"height: 24px;width: 867.141px\"><strong>Az \u00c1llatkert \u00fajj\u00e1sz\u00fclet\u00e9se, <\/strong>In: \u00c1llatkerti m\u0171eml\u00e9kek (Hanga Zolt\u00e1n-Rito\u00f3k P\u00e1l), F\u0151v\u00e1rosi \u00c1llat- \u00e9s N\u00f6v\u00e9nykert, 2012<\/td> <\/tr> <tr style=\"height: 24px\"> <td style=\"height: 24px;width: 13.8594px\">9.<\/td> <td style=\"height: 24px;width: 867.141px\">\u00a0 \u00a0<strong>Arts, plants, animals: The living zoo history in Budapest. <\/strong>Paper for the Symposium \u2019From Royal Gifts to Biodiversity Conservation: The History and Development of Menageries, Zoos and Aquariums\u20192011, Chester, UK<\/td> <\/tr> <\/tbody> <\/table> <p>&nbsp;<\/p> <p><strong>\u00a0<\/strong><\/p>","protected":false},"excerpt":{"rendered":"<p>Bemutatkoz\u00e1s\u00a0 Magyar \u00e9s amerikai egyetemeken tanult, az ELT\u00c9-n, a GAT\u00c9-n, \u00e9s a Cornell Egyetemen. A k\u00f6rnyezetv\u00e9d\u0151 t\u00e1rsadalmi aktivit\u00e1sr\u00f3l \u00edrott \u00e9rtekez\u00e9s\u00e9vel tudom\u00e1nyok kandid\u00e1tusa fokozatot szerzett. Volt tan\u00e1r, tr\u00e9ner, tudom\u00e1nyos kutat\u00f3, k\u00f6ztisztvisel\u0151, nemzetk\u00f6zi bank k\u00f6rnyezetv\u00e9delmi f\u0151szak\u00e9rt\u0151je, 22 \u00e9vig a F\u0151v\u00e1rosi \u00c1llat- \u00e9s N\u00f6v\u00e9nykert f\u0151igazgat\u00f3ja. Ezalatt n\u00f6vekedett annak ter\u00fclete, gy\u0171jtem\u00e9ny\u00e9nek \u00e9rt\u00e9ke, fejl\u0151dtek l\u00e9tes\u00edtm\u00e9nyei, kib\u0151v\u00fcltek oktat\u00f3 \u00e9s term\u00e9szetv\u00e9d\u0151 programjai,<\/p>\n","protected":false},"author":5824,"featured_media":0,"parent":858,"menu_order":0,"comment_status":"closed","ping_status":"closed","template":"","meta":{"_acf_changed":false,"footnotes":""},"categories":[],"tags":[],"class_list":["post-72452","page","type-page","status-publish","hentry"],"acf":[],"_links":{"self":[{"href":"https:\/\/univet.hu\/hu\/wp-json\/wp\/v2\/pages\/72452","targetHints":{"allow":["GET"]}}],"collection":[{"href":"https:\/\/univet.hu\/hu\/wp-json\/wp\/v2\/pages"}],"about":[{"href":"https:\/\/univet.hu\/hu\/wp-json\/wp\/v2\/types\/page"}],"author":[{"embeddable":true,"href":"https:\/\/univet.hu\/hu\/wp-json\/wp\/v2\/users\/5824"}],"replies":[{"embeddable":true,"href":"https:\/\/univet.hu\/hu\/wp-json\/wp\/v2\/comments?post=72452"}],"version-history":[{"count":1,"href":"https:\/\/univet.hu\/hu\/wp-json\/wp\/v2\/pages\/72452\/revisions"}],"predecessor-version":[{"id":181666,"href":"https:\/\/univet.hu\/hu\/wp-json\/wp\/v2\/pages\/72452\/revisions\/181666"}],"up":[{"embeddable":true,"href":"https:\/\/univet.hu\/hu\/wp-json\/wp\/v2\/pages\/858"}],"wp:attachment":[{"href":"https:\/\/univet.hu\/hu\/wp-json\/wp\/v2\/media?parent=72452"}],"wp:term":[{"taxonomy":"category","embeddable":true,"href":"https:\/\/univet.hu\/hu\/wp-json\/wp\/v2\/categories?post=72452"},{"taxonomy":"post_tag","embeddable":true,"href":"https:\/\/univet.hu\/hu\/wp-json\/wp\/v2\/tags?post=72452"}],"curies":[{"name":"wp","href":"https:\/\/api.w.org\/{rel}","templated":true}]}}