{"id":72573,"date":"2022-03-30T13:45:33","date_gmt":"2022-03-30T11:45:33","guid":{"rendered":"https:\/\/univet.hu\/hu\/egyetem\/palyazati-projektek\/eu-projektek\/cirkularis-modellek-precizios-rendszer-tamogatasa-tejtermelo-gazdasagokban-vp3\/title\/name\/"},"modified":"2022-10-18T16:53:13","modified_gmt":"2022-10-18T14:53:13","slug":"projekt-zarasa-eredmenyek-bemutatasa","status":"publish","type":"page","link":"https:\/\/univet.hu\/hu\/egyetem\/palyazati-projektek\/eu-projektek\/cirkularis-modellek-precizios-rendszer-tamogatasa-tejtermelo-gazdasagokban-vp3\/title\/projekt-zarasa-eredmenyek-bemutatasa\/","title":{"rendered":"Projekt z\u00e1r\u00e1sa, eredm\u00e9nyeinek bemutat\u00e1sa"},"content":{"rendered":"<p><span style=\"font-size: 14pt;\"><strong><u>\u201eCirkul\u00e1ris modellek prec\u00edzi\u00f3s rendszer-t\u00e1mogat\u00e1sa tejtermel\u0151 gazdas\u00e1gokban\u201d c\u00edm\u0171 projekt z\u00e1r\u00e1sa, eredm\u00e9nyeinek megjelen\u00e9se, el\u00e9rhet\u0151s\u00e9ge<\/u><\/strong><\/span><\/p> <p>2022. m\u00e1rcius 31-\u00e9n z\u00e1rul a Sz\u00e9chenyi 2020 program, az Eur\u00f3pai Mez\u0151gazdas\u00e1gi Vid\u00e9kfejleszt\u00e9si Alap keret\u00e9ben megval\u00f3sul\u00f3, \u201eCirkul\u00e1ris modellek prec\u00edzi\u00f3s rendszer-t\u00e1mogat\u00e1sa tejtermel\u0151 gazdas\u00e1gokban\u201d c\u00edm\u0171, t\u00f6bb, mint 100 milli\u00f3 forint k\u00f6lts\u00e9gvet\u00e9s\u0171 projekt, amelynek c\u00e9lja a k\u00f6rk\u00f6r\u00f6s gazd\u00e1lkod\u00e1s megk\u00f6zel\u00edt\u00e9s\u00e9nek megfelel\u0151 menedzsment rendszer kialak\u00edt\u00e1sa volt \u00e1rutejtermel\u0151 telepeken.<\/p> <p style=\"text-align: left;\">Az \u00c1llatorvostudom\u00e1nyi Egyetem a Markus Tejlabor Kft., V\u00f6r\u00f6sb\u00e1r\u00f3 Kft., Vir\u00e1g SZKT Kft. mellett konzorciumi partnerk\u00e9nt vett r\u00e9szt a projekt megval\u00f3s\u00edt\u00e1s\u00e1ban, melynek vezet\u0151je a Hunland Farm Kft. volt.<\/p> <p style=\"text-align: left;\">Az egyetem r\u00e9sz\u00e9r\u0151l, a projektben a T\u00f6rv\u00e9nysz\u00e9ki \u00c1llatorvostani \u00e9s Gazdas\u00e1gtudom\u00e1nyi Tansz\u00e9k munkat\u00e1rsai vettek r\u00e9szt, a projekt szakmai vezet\u0151je,\u00a0Dr. \u00d3zsv\u00e1ri L\u00e1szl\u00f3, oktat\u00e1si rektorhelyettes, tansz\u00e9kvezet\u0151, egyetemi docens volt.<\/p> <p><strong>A projekt c\u00e9lkit\u0171z\u00e9sei, tartalma, eredm\u00e9nyei a k\u00f6vetkez\u0151 kommunik\u00e1ci\u00f3s csatorn\u00e1kon jutottak el a c\u00e9lk\u00f6z\u00f6ns\u00e9ghez.<\/strong><\/p> <p><strong>I.A projekt legfontosabbb eredm\u00e9nyei:<\/strong><\/p> <p><strong><span style=\"text-decoration: underline;\">\u00a0-online \u00e9s nyomtatott szakcikkek, magyar, angol \u00e9s olasz nyelven:<\/span><\/strong><\/p> <p><a href=\"https:\/\/univet.hu\/en\/egyetem\/palyazati-projektek\/eu-projektek\/cirkularis-modellek-precizios-rendszer-tamogatasa-tejtermelo-gazdasagokban-vp3\/title\/projekt-zarasa-eredmenyek-bemutatasa\/06-ivanyosozsvari_mal_2021_08_515-528-2\/\" rel=\"attachment wp-att-72590\">06 Ivanyos&amp;Ozsvari_MAL_2021_(08)_515-528<\/a><\/p> <p><a href=\"https:\/\/univet.hu\/en\/egyetem\/palyazati-projektek\/eu-projektek\/cirkularis-modellek-precizios-rendszer-tamogatasa-tejtermelo-gazdasagokban-vp3\/title\/projekt-zarasa-eredmenyek-bemutatasa\/03-ivanyos_et_al_-mal_2020_12_707-716-5\/\" rel=\"attachment wp-att-72594\">03 Ivanyos_et_al_ MAL_2020_(12)_707-716<\/a><\/p> <p><a href=\"https:\/\/univet.hu\/en\/egyetem\/palyazati-projektek\/eu-projektek\/cirkularis-modellek-precizios-rendszer-tamogatasa-tejtermelo-gazdasagokban-vp3\/title\/projekt-zarasa-eredmenyek-bemutatasa\/01-fogarassy_et_al_value-creating-processes_hae-2\/\" rel=\"attachment wp-att-72598\">01 Fogarassy_et_al_Value-creating-processes_HAE<\/a><\/p> <p><a href=\"https:\/\/univet.hu\/en\/egyetem\/palyazati-projektek\/eu-projektek\/cirkularis-modellek-precizios-rendszer-tamogatasa-tejtermelo-gazdasagokban-vp3\/title\/projekt-zarasa-eredmenyek-bemutatasa\/02-czikkely_et_al_digitalization_bigdata_hae-2\/\" rel=\"attachment wp-att-72599\">02 Czikkely_et_al_Digitalization_bigdata_HAE<\/a><\/p> <p><strong><span style=\"text-decoration: underline;\">-tv interj\u00fa, a projekt z\u00e1r\u00f3szakasz\u00e1ban:<\/span><\/strong><\/p> <p><iframe loading=\"lazy\" title=\"Cirkul\u00e1ris modellek prec\u00edzi\u00f3s rendszer-t\u00e1mogat\u00e1sa tejtermel\u0151 gazdas\u00e1gokban - Hunland\" width=\"1280\" height=\"720\" src=\"https:\/\/www.youtube.com\/embed\/ZBhRvvAM9CY?feature=oembed\" frameborder=\"0\" allow=\"accelerometer; autoplay; clipboard-write; encrypted-media; gyroscope; picture-in-picture; web-share\" referrerpolicy=\"strict-origin-when-cross-origin\" allowfullscreen><\/iframe><\/p> <p><strong><span style=\"text-decoration: underline;\">\u00a0-t\u00e1j\u00e9koztat\u00f3 kiadv\u00e1nyok magyar \u00e9s angol nyelven:<\/span><\/strong><\/p> <p><a href=\"https:\/\/univet.hu\/en\/egyetem\/palyazati-projektek\/eu-projektek\/cirkularis-modellek-precizios-rendszer-tamogatasa-tejtermelo-gazdasagokban-vp3\/title\/projekt-zarasa-eredmenyek-bemutatasa\/cirkularis-modellek-b5-220214\/\" rel=\"attachment wp-att-72600\">Magyar nyelv\u0171 kiadv\u00e1ny<\/a><\/p> <p><a href=\"https:\/\/univet.hu\/en\/egyetem\/palyazati-projektek\/eu-projektek\/cirkularis-modellek-precizios-rendszer-tamogatasa-tejtermelo-gazdasagokban-vp3\/title\/projekt-zarasa-eredmenyek-bemutatasa\/cirkularis-modellek-eng-b5-220303_corrected\/\" rel=\"attachment wp-att-72601\">Angol nyelv\u0171 kiadv\u00e1ny<\/a><\/p> <p>A p\u00e1ly\u00e1zat z\u00e1r\u00f3 konferenci\u00e1r\u00f3l <strong>cikk<\/strong> jelent meg az <strong>Univet c\u00edm\u0171 online \u00e9s nyomtatott \u00fajs\u00e1g, 27.oldal\u00e1n<\/strong>:<\/p> <p>https:\/\/univet.hu\/hu\/2022\/07\/18\/univet-22\/<\/p> <p>&nbsp;<\/p> <p><strong>II.A projekt futamideje sor\u00e1n tud\u00e1s\u00e1tad\u00e1s c\u00e9lj\u00e1b\u00f3l teljes\u00fclt:<\/strong><\/p> <p>&#8211; <strong>bemutat\u00f3 \u00fczemi program<\/strong>ra ker\u00fclt sor a <strong>Hunland-Farm Kft. saj\u00e1t \u00fczemi ter\u00fclet\u00e9n<\/strong>, aminek az id\u0151pontja 2021.04.21-\u00e9n volt egyetemi hallgat\u00f3k, \u00e9s a projektben r\u00e9sztvev\u0151 koll\u00e9g\u00e1k bevon\u00e1s\u00e1val:<\/p> <p>&nbsp;<\/p> <p><img loading=\"lazy\" decoding=\"async\" class=\"size-medium wp-image-72575 alignleft\" src=\"https:\/\/univet.hu\/wp-content\/uploads\/2022\/03\/WhatsApp-Image-2022-01-12-at-16.45.16-240x320.jpeg\" alt=\"\" width=\"240\" height=\"320\" srcset=\"https:\/\/univet.hu\/wp-content\/uploads\/2022\/03\/WhatsApp-Image-2022-01-12-at-16.45.16-240x320.jpeg 240w, https:\/\/univet.hu\/wp-content\/uploads\/2022\/03\/WhatsApp-Image-2022-01-12-at-16.45.16.jpeg 768w, https:\/\/univet.hu\/wp-content\/uploads\/2022\/03\/WhatsApp-Image-2022-01-12-at-16.45.16-720x960.jpeg 720w\" sizes=\"auto, (max-width: 240px) 100vw, 240px\" \/><a href=\"https:\/\/univet.hu\/en\/egyetem\/palyazati-projektek\/eu-projektek\/cirkularis-modellek-precizios-rendszer-tamogatasa-tejtermelo-gazdasagokban-vp3\/title\/projekt-zarasa-eredmenyek-bemutatasa\/277358393_716276132700646_5807450537064938476_n\/\" rel=\"attachment wp-att-72640\"><img loading=\"lazy\" decoding=\"async\" class=\"size-medium wp-image-72640 alignright\" src=\"https:\/\/univet.hu\/wp-content\/uploads\/2022\/03\/277358393_716276132700646_5807450537064938476_n-236x320.jpg\" alt=\"\" width=\"236\" height=\"320\" srcset=\"https:\/\/univet.hu\/wp-content\/uploads\/2022\/03\/277358393_716276132700646_5807450537064938476_n-236x320.jpg 236w, https:\/\/univet.hu\/wp-content\/uploads\/2022\/03\/277358393_716276132700646_5807450537064938476_n.jpg 640w\" sizes=\"auto, (max-width: 236px) 100vw, 236px\" \/><\/a>\u00a0\u00a0<a href=\"https:\/\/univet.hu\/en\/egyetem\/palyazati-projektek\/eu-projektek\/cirkularis-modellek-precizios-rendszer-tamogatasa-tejtermelo-gazdasagokban-vp3\/title\/projekt-zarasa-eredmenyek-bemutatasa\/277457411_419912209810297_2843390948086623370_n-1\/\" rel=\"attachment wp-att-72639\"><img loading=\"lazy\" decoding=\"async\" class=\"size-medium wp-image-72639 aligncenter\" src=\"https:\/\/univet.hu\/wp-content\/uploads\/2022\/03\/277457411_419912209810297_2843390948086623370_n-1-320x240.jpg\" alt=\"\" width=\"320\" height=\"240\" srcset=\"https:\/\/univet.hu\/wp-content\/uploads\/2022\/03\/277457411_419912209810297_2843390948086623370_n-1-320x240.jpg 320w, https:\/\/univet.hu\/wp-content\/uploads\/2022\/03\/277457411_419912209810297_2843390948086623370_n-1-768x576.jpg 768w, https:\/\/univet.hu\/wp-content\/uploads\/2022\/03\/277457411_419912209810297_2843390948086623370_n-1-960x720.jpg 960w, https:\/\/univet.hu\/wp-content\/uploads\/2022\/03\/277457411_419912209810297_2843390948086623370_n-1.jpg 1734w\" sizes=\"auto, (max-width: 320px) 100vw, 320px\" \/><\/a><\/p> <p>&nbsp;<\/p> <p>&nbsp;<\/p> <p>-tov\u00e1bb\u00e1 \u00f6sszesen <strong>3 szakmai konferenci\u00e1t<\/strong> tartottunk az egyetemen:<\/p> <p>A p\u00e1ly\u00e1zat el\u00e9rt eredm\u00e9nyeit 3 konferenci\u00e1n\/kerekasztal-besz\u00e9lget\u00e9sen mutattuk be a r\u00e9sztvev\u0151k sz\u00e1m\u00e1ra.<\/p> <p style=\"padding-left: 30px;\"><strong>1.konferencia\/kerekasztal-besz\u00e9lget\u00e9s id\u0151pontja: 2020.11.20, helysz\u00edne: \u00c1llatorvostudom\u00e1nyi Egyetem<\/strong><\/p> <p><strong>\u00a0 \u00a0 \u00a0 \u00a0 Konferencia c\u00edme: Digit\u00e1lis innov\u00e1ci\u00f3k \u00e9s szolg\u00e1ltat\u00e1sok az agr\u00e1rszektorban \u2013 A tejtermel\u00e9s k\u00f6rk\u00f6r\u00f6s input \u00e9s outout rendszere a fenntarthat\u00f3 termel\u00e9sben<\/strong><\/p> <p style=\"padding-left: 60px;\"><a href=\"https:\/\/www.facebook.com\/TKKvet\/photos\/a.142514499503545\/1051777205243932\/\">https:\/\/www.facebook.com\/TKKvet\/photos\/a.142514499503545\/1051777205243932\/<\/a><\/p> <p>&nbsp;<\/p> <p><a href=\"https:\/\/univet.hu\/en\/egyetem\/palyazati-projektek\/eu-projektek\/cirkularis-modellek-precizios-rendszer-tamogatasa-tejtermelo-gazdasagokban-vp3\/title\/projekt-zarasa-eredmenyek-bemutatasa\/i-konferencia_1-kep_2020-11-20-2\/\" rel=\"attachment wp-att-72576\"><img loading=\"lazy\" decoding=\"async\" class=\"wp-image-72576 alignnone\" src=\"https:\/\/univet.hu\/wp-content\/uploads\/2022\/03\/I.-konferencia_1.-k\u00e9p_2020.11.20.-1-320x180.jpg\" alt=\"\" width=\"294\" height=\"165\" srcset=\"https:\/\/univet.hu\/wp-content\/uploads\/2022\/03\/I.-konferencia_1.-k\u00e9p_2020.11.20.-1-320x180.jpg 320w, https:\/\/univet.hu\/wp-content\/uploads\/2022\/03\/I.-konferencia_1.-k\u00e9p_2020.11.20.-1-768x432.jpg 768w, https:\/\/univet.hu\/wp-content\/uploads\/2022\/03\/I.-konferencia_1.-k\u00e9p_2020.11.20.-1-960x540.jpg 960w\" sizes=\"auto, (max-width: 294px) 100vw, 294px\" \/><\/a> <a href=\"https:\/\/univet.hu\/en\/egyetem\/palyazati-projektek\/eu-projektek\/cirkularis-modellek-precizios-rendszer-tamogatasa-tejtermelo-gazdasagokban-vp3\/title\/projekt-zarasa-eredmenyek-bemutatasa\/i-konferencia_2-kep_2020-11-20-2\/\" rel=\"attachment wp-att-72577\"><img loading=\"lazy\" decoding=\"async\" class=\"wp-image-72577 alignnone\" src=\"https:\/\/univet.hu\/wp-content\/uploads\/2022\/03\/I.-konferencia_2.-k\u00e9p_2020.11.20.-1-320x180.jpg\" alt=\"\" width=\"302\" height=\"170\" srcset=\"https:\/\/univet.hu\/wp-content\/uploads\/2022\/03\/I.-konferencia_2.-k\u00e9p_2020.11.20.-1-320x180.jpg 320w, https:\/\/univet.hu\/wp-content\/uploads\/2022\/03\/I.-konferencia_2.-k\u00e9p_2020.11.20.-1-768x432.jpg 768w, https:\/\/univet.hu\/wp-content\/uploads\/2022\/03\/I.-konferencia_2.-k\u00e9p_2020.11.20.-1-960x540.jpg 960w\" sizes=\"auto, (max-width: 302px) 100vw, 302px\" \/><\/a> <a href=\"https:\/\/univet.hu\/en\/egyetem\/palyazati-projektek\/eu-projektek\/cirkularis-modellek-precizios-rendszer-tamogatasa-tejtermelo-gazdasagokban-vp3\/title\/projekt-zarasa-eredmenyek-bemutatasa\/i-konferencia_4-kep_2020-11-20-2\/\" rel=\"attachment wp-att-72579\"><img loading=\"lazy\" decoding=\"async\" class=\"wp-image-72579 alignnone\" src=\"https:\/\/univet.hu\/wp-content\/uploads\/2022\/03\/I.-konferencia_4.-k\u00e9p_2020.11.20.-1-320x180.jpg\" alt=\"\" width=\"299\" height=\"168\" srcset=\"https:\/\/univet.hu\/wp-content\/uploads\/2022\/03\/I.-konferencia_4.-k\u00e9p_2020.11.20.-1-320x180.jpg 320w, https:\/\/univet.hu\/wp-content\/uploads\/2022\/03\/I.-konferencia_4.-k\u00e9p_2020.11.20.-1-768x432.jpg 768w, https:\/\/univet.hu\/wp-content\/uploads\/2022\/03\/I.-konferencia_4.-k\u00e9p_2020.11.20.-1-960x540.jpg 960w\" sizes=\"auto, (max-width: 299px) 100vw, 299px\" \/><\/a><\/p> <p>&nbsp;<\/p> <p style=\"padding-left: 30px;\"><strong>2. konferencia\/kerekasztal-besz\u00e9lget\u00e9s id\u0151pontja: 2021.05.12., helysz\u00edne: \u00c1llatorvostudom\u00e1nyi Egyetem<\/strong><\/p> <p style=\"padding-left: 30px;\"><strong>Konferencia c\u00edme: Fenntarthat\u00f3 \u00e1rutejtermel\u00e9s \u2013 \u00dajdons\u00e1gok a t\u0151gyeg\u00e9szs\u00e9g\u00fcgyi menedzsmentben \u00a0<\/strong><\/p> <p><strong>\u00a0<\/strong>\u00a0\u00a0\u00a0\u00a0\u00a0\u00a0\u00a0\u00a0\u00a0\u00a0\u00a0 <a href=\"https:\/\/www.facebook.com\/TKKvet\/photos\/a.142514499503545\/1181260682295583\/\">https:\/\/www.facebook.com\/TKKvet\/photos\/a.142514499503545\/1181260682295583\/<\/a><\/p> <p>&nbsp;<\/p> <p><a href=\"https:\/\/univet.hu\/en\/egyetem\/palyazati-projektek\/eu-projektek\/cirkularis-modellek-precizios-rendszer-tamogatasa-tejtermelo-gazdasagokban-vp3\/title\/projekt-zarasa-eredmenyek-bemutatasa\/kep1-4\/\" rel=\"attachment wp-att-72580\"><img loading=\"lazy\" decoding=\"async\" class=\"size-medium wp-image-72580 alignnone\" src=\"https:\/\/univet.hu\/wp-content\/uploads\/2022\/03\/K\u00e9p1-320x213.jpg\" alt=\"\" width=\"320\" height=\"213\" srcset=\"https:\/\/univet.hu\/wp-content\/uploads\/2022\/03\/K\u00e9p1-320x213.jpg 320w, https:\/\/univet.hu\/wp-content\/uploads\/2022\/03\/K\u00e9p1-768x512.jpg 768w, https:\/\/univet.hu\/wp-content\/uploads\/2022\/03\/K\u00e9p1-960x640.jpg 960w, https:\/\/univet.hu\/wp-content\/uploads\/2022\/03\/K\u00e9p1.jpg 1386w\" sizes=\"auto, (max-width: 320px) 100vw, 320px\" \/><\/a> <a href=\"https:\/\/univet.hu\/en\/egyetem\/palyazati-projektek\/eu-projektek\/cirkularis-modellek-precizios-rendszer-tamogatasa-tejtermelo-gazdasagokban-vp3\/title\/projekt-zarasa-eredmenyek-bemutatasa\/kep2-3\/\" rel=\"attachment wp-att-72581\"><img loading=\"lazy\" decoding=\"async\" class=\"size-medium wp-image-72581 alignnone\" src=\"https:\/\/univet.hu\/wp-content\/uploads\/2022\/03\/K\u00e9p2-320x213.jpg\" alt=\"\" width=\"320\" height=\"213\" srcset=\"https:\/\/univet.hu\/wp-content\/uploads\/2022\/03\/K\u00e9p2-320x213.jpg 320w, https:\/\/univet.hu\/wp-content\/uploads\/2022\/03\/K\u00e9p2-768x512.jpg 768w, https:\/\/univet.hu\/wp-content\/uploads\/2022\/03\/K\u00e9p2-960x640.jpg 960w, https:\/\/univet.hu\/wp-content\/uploads\/2022\/03\/K\u00e9p2.jpg 1386w\" sizes=\"auto, (max-width: 320px) 100vw, 320px\" \/><\/a><\/p> <p>&nbsp;<\/p> <p style=\"padding-left: 30px;\"><strong>3.konferencia\/kerekasztal-besz\u00e9lget\u00e9s id\u0151pontja: 2022.03.03., helysz\u00edne: \u00c1llatorvostudom\u00e1nyi Egyetem<\/strong><\/p> <p style=\"padding-left: 30px;\"><strong>A konferencia c\u00edme: Prec\u00edzi\u00f3s rendszerek a k\u00f6rk\u00f6r\u00f6s gazd\u00e1lkod\u00e1s t\u00e1mogat\u00e1s\u00e1ra tejtermel\u0151 gazdas\u00e1gokban <\/strong><\/p> <p style=\"padding-left: 30px;\">\u00a0\u00a0\u00a0\u00a0\u00a0 <a href=\"https:\/\/www.facebook.com\/TKKvet\/photos\/a.142514499503545\/1368485120239804\/\">https:\/\/www.facebook.com\/TKKvet\/photos\/a.142514499503545\/1368485120239804\/<\/a><\/p> <p>&nbsp;<\/p> <p><a href=\"https:\/\/univet.hu\/en\/egyetem\/palyazati-projektek\/eu-projektek\/cirkularis-modellek-precizios-rendszer-tamogatasa-tejtermelo-gazdasagokban-vp3\/title\/projekt-zarasa-eredmenyek-bemutatasa\/a14-2\/\" rel=\"attachment wp-att-72586\"><img loading=\"lazy\" decoding=\"async\" class=\"size-medium wp-image-72586 alignnone\" src=\"https:\/\/univet.hu\/wp-content\/uploads\/2022\/03\/a14-1-213x320.jpg\" alt=\"\" width=\"213\" height=\"320\" srcset=\"https:\/\/univet.hu\/wp-content\/uploads\/2022\/03\/a14-1-213x320.jpg 213w, https:\/\/univet.hu\/wp-content\/uploads\/2022\/03\/a14-1-768x1152.jpg 768w, https:\/\/univet.hu\/wp-content\/uploads\/2022\/03\/a14-1-640x960.jpg 640w\" sizes=\"auto, (max-width: 213px) 100vw, 213px\" \/><\/a>\u00a0\u00a0<a href=\"https:\/\/univet.hu\/en\/egyetem\/palyazati-projektek\/eu-projektek\/cirkularis-modellek-precizios-rendszer-tamogatasa-tejtermelo-gazdasagokban-vp3\/title\/projekt-zarasa-eredmenyek-bemutatasa\/a041-2\/\" rel=\"attachment wp-att-72587\"><img loading=\"lazy\" decoding=\"async\" class=\"size-medium wp-image-72587 alignleft\" src=\"https:\/\/univet.hu\/wp-content\/uploads\/2022\/03\/a041-1-265x320.jpg\" alt=\"\" width=\"265\" height=\"320\" srcset=\"https:\/\/univet.hu\/wp-content\/uploads\/2022\/03\/a041-1-265x320.jpg 265w, https:\/\/univet.hu\/wp-content\/uploads\/2022\/03\/a041-1-768x928.jpg 768w, https:\/\/univet.hu\/wp-content\/uploads\/2022\/03\/a041-1-794x960.jpg 794w\" sizes=\"auto, (max-width: 265px) 100vw, 265px\" \/><\/a> <a href=\"https:\/\/univet.hu\/en\/egyetem\/palyazati-projektek\/eu-projektek\/cirkularis-modellek-precizios-rendszer-tamogatasa-tejtermelo-gazdasagokban-vp3\/title\/projekt-zarasa-eredmenyek-bemutatasa\/c04-3\/\" rel=\"attachment wp-att-72589\"><img loading=\"lazy\" decoding=\"async\" class=\"size-medium wp-image-72589 alignnone\" src=\"https:\/\/univet.hu\/wp-content\/uploads\/2022\/03\/c04-1-320x213.jpg\" alt=\"\" width=\"320\" height=\"213\" srcset=\"https:\/\/univet.hu\/wp-content\/uploads\/2022\/03\/c04-1-320x213.jpg 320w, https:\/\/univet.hu\/wp-content\/uploads\/2022\/03\/c04-1-768x512.jpg 768w, https:\/\/univet.hu\/wp-content\/uploads\/2022\/03\/c04-1-960x640.jpg 960w\" sizes=\"auto, (max-width: 320px) 100vw, 320px\" \/><\/a><a href=\"https:\/\/univet.hu\/en\/egyetem\/palyazati-projektek\/eu-projektek\/cirkularis-modellek-precizios-rendszer-tamogatasa-tejtermelo-gazdasagokban-vp3\/title\/projekt-zarasa-eredmenyek-bemutatasa\/b01-2\/\" rel=\"attachment wp-att-72588\"><img loading=\"lazy\" decoding=\"async\" class=\"alignleft size-medium wp-image-72588\" src=\"https:\/\/univet.hu\/wp-content\/uploads\/2022\/03\/b01-1-320x213.jpg\" alt=\"\" width=\"320\" height=\"213\" srcset=\"https:\/\/univet.hu\/wp-content\/uploads\/2022\/03\/b01-1-320x213.jpg 320w, https:\/\/univet.hu\/wp-content\/uploads\/2022\/03\/b01-1-768x512.jpg 768w, https:\/\/univet.hu\/wp-content\/uploads\/2022\/03\/b01-1-960x640.jpg 960w\" sizes=\"auto, (max-width: 320px) 100vw, 320px\" \/><\/a><\/p> <p>&nbsp;<\/p> <p>&nbsp;<\/p> <p>&nbsp;<\/p> <p>&nbsp;<\/p> <p>&nbsp;<\/p> <p>&nbsp;<\/p> <p><strong>III.A p\u00e1ly\u00e1zat f\u0151 c\u00e9lkit\u0171z\u00e9se,<\/strong> <strong>eredm\u00e9nye:<\/strong><\/p> <p>A tejgazdas\u00e1gok cirkularit\u00e1shoz k\u00f6zel\u00edt\u0151 menedzsment d\u00f6nt\u00e9seit t\u00e1mogat\u00f3 szoftver (Circularcow) fejleszt\u00e9se \u00e9s m\u0171k\u00f6dtet\u00e9se volt, ami az al\u00e1bbi linken \u00e9rhet\u0151 el:<\/p> <p><a href=\"http:\/\/circularcow.univet.hu\/REPORT\/Charts\/Files\/index-hu-.html\">http:\/\/circularcow.univet.hu\/REPORT\/Charts\/Files\/index-hu-.html<\/a><\/p> <p>&nbsp;<\/p> <p><strong>IV.Projekt aloldal:<\/strong><\/p> <p>A projekttel kapcsolatos legfontosabb inform\u00e1ci\u00f3kat az univet.hu weboldal\u00e1n l\u00e9trehozott k\u00fcl\u00f6n <strong>projekt aloldal<\/strong> tartalmazza:<\/p> <p><a href=\"https:\/\/univet.hu\/hu\/egyetem\/palyazati-projektek\/eu-projektek\/cirkularis-modellek-precizios-rendszer-tamogatasa-tejtermelo-gazdasagokban-vp3\/\">https:\/\/univet.hu\/hu\/egyetem\/palyazati-projektek\/eu-projektek\/cirkularis-modellek-precizios-rendszer-tamogatasa-tejtermelo-gazdasagokban-vp3\/<\/a><\/p> <p>&nbsp;<\/p> <p><a href=\"https:\/\/univet.hu\/en\/egyetem\/palyazati-projektek\/eu-projektek\/cirkularis-modellek-precizios-rendszer-tamogatasa-tejtermelo-gazdasagokban-vp3\/title\/emva-logo-2\/\" rel=\"attachment wp-att-72653\"><img loading=\"lazy\" decoding=\"async\" class=\"alignleft size-medium wp-image-72653\" src=\"https:\/\/univet.hu\/wp-content\/uploads\/2022\/03\/EMVA-LOG\u00d3-320x133.jpg\" alt=\"\" width=\"320\" height=\"133\" srcset=\"https:\/\/univet.hu\/wp-content\/uploads\/2022\/03\/EMVA-LOG\u00d3-320x133.jpg 320w, https:\/\/univet.hu\/wp-content\/uploads\/2022\/03\/EMVA-LOG\u00d3-768x320.jpg 768w, https:\/\/univet.hu\/wp-content\/uploads\/2022\/03\/EMVA-LOG\u00d3-960x400.jpg 960w, https:\/\/univet.hu\/wp-content\/uploads\/2022\/03\/EMVA-LOG\u00d3.jpg 1417w\" sizes=\"auto, (max-width: 320px) 100vw, 320px\" \/><\/a><a href=\"https:\/\/univet.hu\/en\/egyetem\/palyazati-projektek\/eu-projektek\/cirkularis-modellek-precizios-rendszer-tamogatasa-tejtermelo-gazdasagokban-vp3\/title\/szechenyi_2020_logo_fekvo_color-320x124\/\" rel=\"attachment wp-att-72652\"><img loading=\"lazy\" decoding=\"async\" class=\"size-medium wp-image-72652 alignright\" src=\"https:\/\/univet.hu\/wp-content\/uploads\/2022\/03\/szechenyi_2020_logo_fekvo_color-320x124-320x124.jpg\" alt=\"\" width=\"320\" height=\"124\" \/><\/a><\/p> <p>&nbsp;<\/p> <p>&nbsp;<\/p>","protected":false},"excerpt":{"rendered":"<p>\u201eCirkul\u00e1ris modellek prec\u00edzi\u00f3s rendszer-t\u00e1mogat\u00e1sa tejtermel\u0151 gazdas\u00e1gokban\u201d c\u00edm\u0171 projekt z\u00e1r\u00e1sa, eredm\u00e9nyeinek megjelen\u00e9se, el\u00e9rhet\u0151s\u00e9ge 2022. m\u00e1rcius 31-\u00e9n z\u00e1rul a Sz\u00e9chenyi 2020 program, az Eur\u00f3pai Mez\u0151gazdas\u00e1gi Vid\u00e9kfejleszt\u00e9si Alap keret\u00e9ben megval\u00f3sul\u00f3, \u201eCirkul\u00e1ris modellek prec\u00edzi\u00f3s rendszer-t\u00e1mogat\u00e1sa tejtermel\u0151 gazdas\u00e1gokban\u201d c\u00edm\u0171, t\u00f6bb, mint 100 milli\u00f3 forint k\u00f6lts\u00e9gvet\u00e9s\u0171 projekt, amelynek c\u00e9lja a k\u00f6rk\u00f6r\u00f6s gazd\u00e1lkod\u00e1s megk\u00f6zel\u00edt\u00e9s\u00e9nek megfelel\u0151 menedzsment rendszer kialak\u00edt\u00e1sa volt \u00e1rutejtermel\u0151 telepeken. Az<\/p>\n","protected":false},"author":2560,"featured_media":0,"parent":70670,"menu_order":0,"comment_status":"open","ping_status":"open","template":"","meta":{"_acf_changed":false,"footnotes":""},"categories":[],"tags":[],"class_list":["post-72573","page","type-page","status-publish","hentry"],"acf":[],"_links":{"self":[{"href":"https:\/\/univet.hu\/hu\/wp-json\/wp\/v2\/pages\/72573","targetHints":{"allow":["GET"]}}],"collection":[{"href":"https:\/\/univet.hu\/hu\/wp-json\/wp\/v2\/pages"}],"about":[{"href":"https:\/\/univet.hu\/hu\/wp-json\/wp\/v2\/types\/page"}],"author":[{"embeddable":true,"href":"https:\/\/univet.hu\/hu\/wp-json\/wp\/v2\/users\/2560"}],"replies":[{"embeddable":true,"href":"https:\/\/univet.hu\/hu\/wp-json\/wp\/v2\/comments?post=72573"}],"version-history":[{"count":0,"href":"https:\/\/univet.hu\/hu\/wp-json\/wp\/v2\/pages\/72573\/revisions"}],"up":[{"embeddable":true,"href":"https:\/\/univet.hu\/hu\/wp-json\/wp\/v2\/pages\/70670"}],"wp:attachment":[{"href":"https:\/\/univet.hu\/hu\/wp-json\/wp\/v2\/media?parent=72573"}],"wp:term":[{"taxonomy":"category","embeddable":true,"href":"https:\/\/univet.hu\/hu\/wp-json\/wp\/v2\/categories?post=72573"},{"taxonomy":"post_tag","embeddable":true,"href":"https:\/\/univet.hu\/hu\/wp-json\/wp\/v2\/tags?post=72573"}],"curies":[{"name":"wp","href":"https:\/\/api.w.org\/{rel}","templated":true}]}}