{"id":73273,"date":"2022-04-07T10:00:43","date_gmt":"2022-04-07T08:00:43","guid":{"rendered":"https:\/\/univet.hu\/?page_id=73273"},"modified":"2023-05-11T13:14:41","modified_gmt":"2023-05-11T11:14:41","slug":"2022-23","status":"publish","type":"page","link":"https:\/\/univet.hu\/hu\/oktatas\/tanulmanyi-osztaly\/a-tanev-idobeosztasa\/2022-23\/","title":{"rendered":"2022\/23"},"content":{"rendered":"<p><a href=\"https:\/\/univet.hu\/wp-content\/uploads\/2022\/04\/2022-2023.-tan\u00e9v-id\u0151beoszt\u00e1sa.pdf\">2022\/23. tan\u00e9v id\u0151beoszt\u00e1sa<\/a><\/p>","protected":false},"excerpt":{"rendered":"<p>2022\/23. tan\u00e9v id\u0151beoszt\u00e1sa<\/p>\n","protected":false},"author":2961,"featured_media":0,"parent":635,"menu_order":112,"comment_status":"closed","ping_status":"closed","template":"","meta":{"_acf_changed":false,"footnotes":""},"categories":[],"tags":[],"class_list":["post-73273","page","type-page","status-publish","hentry"],"acf":[],"_links":{"self":[{"href":"https:\/\/univet.hu\/hu\/wp-json\/wp\/v2\/pages\/73273","targetHints":{"allow":["GET"]}}],"collection":[{"href":"https:\/\/univet.hu\/hu\/wp-json\/wp\/v2\/pages"}],"about":[{"href":"https:\/\/univet.hu\/hu\/wp-json\/wp\/v2\/types\/page"}],"author":[{"embeddable":true,"href":"https:\/\/univet.hu\/hu\/wp-json\/wp\/v2\/users\/2961"}],"replies":[{"embeddable":true,"href":"https:\/\/univet.hu\/hu\/wp-json\/wp\/v2\/comments?post=73273"}],"version-history":[{"count":0,"href":"https:\/\/univet.hu\/hu\/wp-json\/wp\/v2\/pages\/73273\/revisions"}],"up":[{"embeddable":true,"href":"https:\/\/univet.hu\/hu\/wp-json\/wp\/v2\/pages\/635"}],"wp:attachment":[{"href":"https:\/\/univet.hu\/hu\/wp-json\/wp\/v2\/media?parent=73273"}],"wp:term":[{"taxonomy":"category","embeddable":true,"href":"https:\/\/univet.hu\/hu\/wp-json\/wp\/v2\/categories?post=73273"},{"taxonomy":"post_tag","embeddable":true,"href":"https:\/\/univet.hu\/hu\/wp-json\/wp\/v2\/tags?post=73273"}],"curies":[{"name":"wp","href":"https:\/\/api.w.org\/{rel}","templated":true}]}}