{"id":735,"date":"2017-10-10T09:19:00","date_gmt":"2017-10-10T07:19:00","guid":{"rendered":"http:\/\/univet.hu\/oktatas\/doktori-iskola\/"},"modified":"2026-04-15T16:20:57","modified_gmt":"2026-04-15T14:20:57","slug":"doktori-iskola","status":"publish","type":"page","link":"https:\/\/univet.hu\/hu\/oktatas\/doktori-iskola\/","title":{"rendered":"Doktori Iskola"},"content":{"rendered":"<p><strong>\u00dcgyf\u00e9lfogad\u00e1s:<\/strong><\/p> <p><strong>Kedd: 09:00 &#8211; 12:00<\/strong><br \/> <strong>Cs\u00fct\u00f6rt\u00f6k: 13:00 &#8211; 16:00<\/strong><\/p> <p>A Doktori Iskola Titk\u00e1rs\u00e1ga a Hut\u00ffra Ferenc K\u00f6nyvt\u00e1r, Lev\u00e9lt\u00e1r \u00e9s M\u00fazeum \u00e9p\u00fclet\u00e9ben (&#8222;D&#8221; \u00e9p\u00fclet) tal\u00e1lhat\u00f3, a Fsz. 5-\u00f6s irod\u00e1ban.<\/p> <p>Doktori Iskola referensei: <strong>Bariz Evelin \u00e9s Jand\u00e1s-T\u00f3th Vikt\u00f3ria<\/strong><\/p> <p><strong>\u00dcgyf\u00e9lfogad\u00e1si id\u0151n k\u00edv\u00fcl e-mailen kereszt\u00fcl vagyunk el\u00e9rhet\u0151k a <a class=\"decrypt\" rel=\"qieAvojwfu\/iv\" href=\"javascript:void(0);\">[Kattintson az emailc\u00edmhez]<\/a> email c\u00edmen.<\/strong><\/p> <p>(Az \u00fcgyf\u00e9lfogad\u00e1s m\u00f3dosulhat habilit\u00e1ci\u00f3, PhD v\u00e9d\u00e9s, PhD szigorlat, DIT \u00e9s DHT \u00fcl\u00e9sek miatt.)<\/p> <p><span style=\"font-size: 14pt\"><strong>MEGH\u00cdV\u00d3K:<\/strong><\/span><\/p> <p><strong>2025\/2026. tan\u00e9v:<\/strong><\/p> <ul> <li>2026. 05. 07. <a href=\"https:\/\/univet.hu\/wp-content\/uploads\/2026\/04\/Wagenhoffer_Zsombor_HABIL_meghivo-1.pdf\">Dr. Wagenhoffer Zsombor (habilit\u00e1ci\u00f3s el\u0151ad\u00e1s)<\/a><\/li> <li>2026. 05. 04. <a href=\"https:\/\/univet.hu\/wp-content\/uploads\/2026\/04\/Sos_Endre_HABIL_meghivo-1.pdf\">Dr. S\u00f3s Endre (habilit\u00e1ci\u00f3s el\u0151ad\u00e1s)<\/a><\/li> <li>2026. 04. 22. <a href=\"https:\/\/univet.hu\/wp-content\/uploads\/2026\/04\/Nogradi_Anna_HABIL_meghivo-1.pdf\">Dr. N\u00f3gr\u00e1di Anna Linda (habilit\u00e1ci\u00f3s el\u0151ad\u00e1s)<\/a><\/li> <li>2026. 04. 15. <a href=\"https:\/\/univet.hu\/wp-content\/uploads\/2026\/03\/MEGHIVO_vedes-ZsB.pdf\">Zsinka Bernadett<\/a><\/li> <li>2026. 03. 18. <a href=\"https:\/\/univet.hu\/wp-content\/uploads\/2026\/03\/Gyurcso-Adrienn-MEGHIVO-vedes.pdf\">dr. Gyurcs\u00f3 Adrienn\u00a0<\/a><\/li> <li>2026. 01. 30. <a href=\"https:\/\/univet.hu\/wp-content\/uploads\/2026\/01\/MEGHIVO_vedes-Zorkoczy_Orsolya.pdf\">Zork\u00f3czy Orsolya Krisztina<\/a><\/li> <li>2026. 01. 21. <a href=\"https:\/\/univet.hu\/wp-content\/uploads\/2026\/01\/Traj-Patrik_meghivo_vedesre.pdf\">dr. Tr\u00e1j Patrik<\/a><\/li> <li>2026. 01. 15. <a href=\"https:\/\/univet.hu\/wp-content\/uploads\/2025\/12\/MEGHIVO_vedes_Varhidi-Zsoka.pdf\">dr. V\u00e1rhidi Zs\u00f3ka<\/a><\/li> <li>2025. 12. 15. <a href=\"https:\/\/univet.hu\/wp-content\/uploads\/2025\/12\/02_MEGHIVO_vedes-VK_jav2.pdf\">Veres Katalin<\/a><\/li> <li>2025. 11. 28. <a href=\"https:\/\/univet.hu\/wp-content\/uploads\/2025\/11\/Petnehazy_HABIL_meghivo.pdf\">Dr. Petneh\u00e1zy \u00d6rs (habilit\u00e1ci\u00f3s el\u0151ad\u00e1s)<\/a><\/li> <li>2025. 11. 26. <a href=\"https:\/\/univet.hu\/wp-content\/uploads\/2025\/11\/Kovacs-Aron-Botond_meghivo_vedes.pdf\">Kov\u00e1cs \u00c1ron Botond<\/a><\/li> <li>2025. 11. 24. <a href=\"https:\/\/univet.hu\/wp-content\/uploads\/2025\/11\/02_MEGHIVO_vedes_PP.pdf\">Dr. Paz\u00e1r P\u00e9ter\u00a0<\/a><\/li> <li>2025. 11. 06. <a href=\"https:\/\/univet.hu\/wp-content\/uploads\/2025\/10\/Toth_Adrienn_meghivo_vedes.pdf\">dr. T\u00f3th Adrienn Gr\u00e9ta<\/a><\/li> <li>2025. 09. 10. <a href=\"https:\/\/univet.hu\/wp-content\/uploads\/2025\/08\/meghivo_vedes_Horvath_David_Geza.pdf\">dr. Horv\u00e1th D\u00e1vid G\u00e9za<\/a><\/li> <\/ul> <p><strong>2024\/2025. tan\u00e9v:<\/strong><\/p> <ul> <li>2025. 09. 01. <a href=\"https:\/\/univet.hu\/wp-content\/uploads\/2025\/08\/dr_Papp-Sebok_Csilla_meghivo_vedes.pdf\">dr. Papp-Seb\u0151k Csilla<\/a><\/li> <li>2025. 08. 28. <a href=\"https:\/\/univet.hu\/wp-content\/uploads\/2025\/08\/MEGHIVO_vedes_Keve_Gergo.pdf\">dr. Keve Gerg\u0151<\/a><\/li> <li>2025. 08. 27. <a href=\"https:\/\/univet.hu\/wp-content\/uploads\/2025\/08\/02_MEGHIVO_vedes_GalBence.pdf\">dr. G\u00e1l Bence<\/a><\/li> <li>2025. 07. 14. <a href=\"https:\/\/univet.hu\/wp-content\/uploads\/2025\/07\/Meghivo_vedes_dr.-Kovacs-Laszlo-1.pdf\">dr. Kov\u00e1cs L\u00e1szl\u00f3<\/a><\/li> <li>2025. 07. 04. <a href=\"https:\/\/univet.hu\/wp-content\/uploads\/2025\/06\/meghivo_Igriczi-Barbara_doktori-vedes.pdf\">Igriczi Barbara<\/a><\/li> <li>2025. 06. 30. <a href=\"https:\/\/univet.hu\/wp-content\/uploads\/2025\/06\/dr.-Tuska-Szalay_Barbara_meghivo_vedes.pdf\">dr. Tuska-Szalay Barbara\u00a0<\/a><\/li> <li>2025. 04. 23. <a href=\"https:\/\/univet.hu\/wp-content\/uploads\/2025\/04\/Gor_Adam_meghivo.pdf\">G\u00f3r \u00c1d\u00e1m Krist\u00f3f<\/a><\/li> <li>2025. 02. 05. <a href=\"https:\/\/univet.hu\/wp-content\/uploads\/2025\/01\/Dr.Jozwiak-Akos_meghivo_HABIL.pdf\">Dr. J\u00f3\u017awiak \u00c1kos Bernard (habilit\u00e1ci\u00f3s el\u0151ad\u00e1s)<\/a><\/li> <li>2025. 01. 15. <a href=\"https:\/\/univet.hu\/wp-content\/uploads\/2025\/01\/Bona-Marta_meghivo_vedes.pdf\">Dr. B\u00f3na M\u00e1rta<\/a><\/li> <li>2024. 12. 11.\u00a0 <a href=\"https:\/\/univet.hu\/wp-content\/uploads\/2024\/11\/Sz\u00fccs-Somly\u00f3-\u00c9va_megh\u00edv\u00f3.pdf\">Dr. Sz\u00fccs-Somly\u00f3 \u00c9va<\/a><\/li> <li>2024. 11. 21. <a href=\"https:\/\/univet.hu\/wp-content\/uploads\/2024\/11\/Szeredi_Levente_HABIL_meghivo.pdf\">Dr. Szeredi Levente (habilit\u00e1ci\u00f3s el\u0151ad\u00e1s)<\/a><\/li> <li>2024. 11. 04. <a href=\"https:\/\/univet.hu\/wp-content\/uploads\/2024\/10\/Guly\u00e1s-Dominik-\u00c1d\u00e1m_megh\u00edv\u00f3_v\u00e9d\u00e9s.pdf\">Guly\u00e1s Dominik \u00c1d\u00e1m<\/a><\/li> <li>2024. 09. 16. <a href=\"https:\/\/univet.hu\/wp-content\/uploads\/2024\/09\/Reinitz_L\u00e1szl\u00f3_HABIL_meghivo-1.pdf\">Dr. Reinitz L\u00e1szl\u00f3 Zolt\u00e1n (habilit\u00e1ci\u00f3s el\u0151ad\u00e1s)<\/a><\/li> <\/ul> <p><strong>2023\/2024. tan\u00e9v:<\/strong><\/p> <ul> <li>2024.09.03. <a href=\"https:\/\/univet.hu\/wp-content\/uploads\/2024\/09\/dr.-Kerek_\u00c1d\u00e1m_megh\u00edv\u00f3_v\u00e9d\u00e9s_jav..pdf\">Dr. Kerek \u00c1d\u00e1m<\/a><\/li> <li>2024.08.27. <a href=\"https:\/\/univet.hu\/wp-content\/uploads\/2024\/08\/Falusi_Fruzsi_megh\u00edv\u00f3_v\u00e9d\u00e9s.pdf\">Dr. Falus Fruzsina Anna<\/a><\/li> <li>2024.08.22.\u00a0<a href=\"https:\/\/univet.hu\/wp-content\/uploads\/2024\/08\/Kov\u00e1cs_Szilvia_megh\u00edv\u00f3_v\u00e9d\u00e9s-1.pdf\">Dr. Kov\u00e1cs Szilvia<\/a><\/li> <li>2024.07.29.\u00a0<a href=\"https:\/\/univet.hu\/wp-content\/uploads\/2024\/07\/Jakab_Szilvia_megh\u00edv\u00f3_v\u00e9d\u00e9s.pdf\">Dr. Jakab Szilvia<\/a><\/li> <li>2024.07.09. <a href=\"https:\/\/univet.hu\/wp-content\/uploads\/2024\/06\/Safar_Janos_megh\u00edv\u00f3_v\u00e9d\u00e9s.pdf\">Dr. S\u00e1f\u00e1r J\u00e1nos<\/a><\/li> <li>2024. 06. 17. <a href=\"https:\/\/univet.hu\/wp-content\/uploads\/2024\/06\/T\u00f6r\u00f6k_D\u00f3ra_megh\u00edv\u00f3_v\u00e9d\u00e9s_jav_2-1.pdf\">Dr. T\u00f6r\u00f6k D\u00f3ra<\/a><\/li> <li>2024.05.13. <a href=\"https:\/\/univet.hu\/wp-content\/uploads\/2024\/05\/Dr.-Kissn\u00e9-dr.-Hatala-Patr\u00edcia-megh\u00edv\u00f3_v\u00e9d\u00e9s.pdf\">Dr. Kissn\u00e9 dr. Hatala Patr\u00edcia<\/a><\/li> <li>2024.03.11.<a href=\"https:\/\/univet.hu\/wp-content\/uploads\/2024\/04\/Veres-Ny\u00e9ki-Kata_HABIL_meghivo.pdf\"> Dr. Veres-Ny\u00e9ki Kata (habilit\u00e1ci\u00f3s el\u0151ad\u00e1s)<\/a><\/li> <li>2024.02.21. <a href=\"\/\/univet.hu\/wp-content\/uploads\/2024\/04\/Tam\u00e1s-Vivien_megh\u00edv\u00f3_v\u00e9d\u00e9s.pdf\">Dr. Tam\u00e1s Vivien<\/a><\/li> <li>2023.12.07. <a href=\"https:\/\/univet.hu\/wp-content\/uploads\/2024\/04\/dr-Szab\u00f3-Erika_megh\u00edv\u00f3_v\u00e9d\u00e9s.pdf\">Dr. Szab\u00f3 Erika<\/a><\/li> <li>2023.12.01. <a href=\"https:\/\/univet.hu\/wp-content\/uploads\/2024\/04\/dr-Karancsi-Zita_megh\u00edv\u00f3_v\u00e9d\u00e9s.pdf\">Dr. Karancsi Zita<\/a><\/li> <li>2023.11.15.\u00a0 <a href=\"https:\/\/univet.hu\/wp-content\/uploads\/2024\/04\/Nagy_S\u00e1ra_megh\u00edv\u00f3_v\u00e9d\u00e9s-.pdf\">Dr. Nagy S\u00e1ra<\/a><\/li> <li>2023.11.08. <a href=\"https:\/\/univet.hu\/wp-content\/uploads\/2024\/04\/H\u00e1zi_Judit_HABIL_meghivo.doc\">Dr. H\u00e1zi Judit (habilit\u00e1ci\u00f3s el\u0151ad\u00e1s)<\/a><\/li> <li>2023.10.27. <a href=\"https:\/\/univet.hu\/wp-content\/uploads\/2024\/04\/D\u00e9nes_Lilla_megh\u00edv\u00f3_v\u00e9d\u00e9s-.pdf\">Dr. D\u00e9nes Lilla<\/a><\/li> <li>2023.10.26. <a href=\"https:\/\/univet.hu\/wp-content\/uploads\/2024\/04\/dr-Lor\u00e1szk\u00f3-G\u00e1bor_megh\u00edv\u00f3_v\u00e9d\u00e9s.pdf\">Dr. Lor\u00e1szk\u00f3 G\u00e1bor<\/a><\/li> <li>2023.10.19. <a href=\"https:\/\/univet.hu\/wp-content\/uploads\/2024\/04\/Fornyos_Kinga_megh\u00edv\u00f3_v\u00e9d\u00e9s.docx\">Dr. Fornyos Kinga<\/a><\/li> <li>2023.10.05. <a href=\"https:\/\/univet.hu\/wp-content\/uploads\/2024\/04\/Somogyi_Zolt\u00e1n_megh\u00edv\u00f3_v\u00e9d\u00e9s.pdf\">Dr. Somogyi Zolt\u00e1n<\/a><\/li> <li>2023.09.29. <a href=\"https:\/\/univet.hu\/wp-content\/uploads\/2023\/09\/Dr.-Grant_McDonald_HABIL_meghivo.pdf\">Dr. Grant C. McDonald (habilit\u00e1ci\u00f3s el\u0151ad\u00e1s)<\/a><\/li> <li>2023.09.28. <a href=\"https:\/\/univet.hu\/wp-content\/uploads\/2023\/09\/dr-Vass-Bogn\u00e1r-Barbara_megh\u00edv\u00f3_v\u00e9d\u00e9s.pdf\">Dr. Vass-Bogn\u00e1r Barbara<\/a><\/li> <li>2023.09.14. <a href=\"https:\/\/univet.hu\/wp-content\/uploads\/2023\/09\/dr.-Kors\u00f3s-Gabriella_megh\u00edv\u00f3_v\u00e9d\u00e9s.pdf\">Dr. Kors\u00f3s Gabriella<\/a><\/li> <\/ul> <p><strong>2022\/2023. tan\u00e9v:<\/strong><\/p> <p>2023.06.29. <a href=\"https:\/\/univet.hu\/wp-content\/uploads\/2023\/06\/Albert_Ervin_megh\u00edv\u00f3_v\u00e9d\u00e9s.pdf\">Dr. Albert Ervin<\/a><br \/> 2023.06.22. <a href=\"https:\/\/univet.hu\/wp-content\/uploads\/2023\/06\/dr.-Hoitsyn\u00e9-Bali-Krisztina_megh\u00edv\u00f3_v\u00e9d\u00e9s.pdf\">Dr. Hoitsyn\u00e9 Dr. Bali Krisztina<\/a><br \/> 2023.06.21. <a href=\"https:\/\/univet.hu\/wp-content\/uploads\/2023\/06\/dr-D\u00e9kay-Val\u00e9ria_megh\u00edv\u00f3_v\u00e9d\u00e9s.pdf\">Dr. D\u00e9kay Val\u00e9ria<\/a><br \/> 2023.06.19. <a href=\"https:\/\/univet.hu\/wp-content\/uploads\/2023\/06\/F\u00f6ldi-Dorottya_megh\u00edv\u00f3_v\u00e9d\u00e9s.pdf\">Dr. F\u00f6ldi Dorottya<\/a><br \/> 2023.05.23. <a href=\"https:\/\/univet.hu\/wp-content\/uploads\/2023\/06\/Palkovicsn\u00e9_P\u00e9zsa_Nikolett_megh\u00edv\u00f3_v\u00e9d\u00e9s.docx\">Palkovicsn\u00e9 Dr. P\u00e9zsa Nikolett<\/a><br \/> 2023.05.18.<a href=\"https:\/\/univet.hu\/wp-content\/uploads\/2023\/06\/Dr.-Elek-Zolt\u00e1n_HABIL_meghivo.pdf\"> Dr. Elek Zolt\u00e1n (habilit\u00e1ci\u00f3s el\u0151ad\u00e1s)<\/a><br \/> 2023.05.12. <a href=\"https:\/\/univet.hu\/wp-content\/uploads\/2023\/04\/dr.-Ivanyos-Dorottya_megh\u00edv\u00f3_v\u00e9d\u00e9s.pdf\">Dr. Ivanyos Dorottya<\/a><br \/> 2023.03.13. <a href=\"https:\/\/univet.hu\/wp-content\/uploads\/2023\/04\/dr.-Becker-Zsolt_megh\u00edv\u00f3_v\u00e9d\u00e9s.pdf\">Dr. Becker Zsolt<\/a><br \/> 2023.02.17. <a href=\"https:\/\/univet.hu\/wp-content\/uploads\/2023\/02\/dr.-Balogh-M\u00e1rton_megh\u00edv\u00f3_v\u00e9d\u00e9s.pdf\">Dr. Balogh M\u00e1rton<\/a><br \/> 2023.02.06. <a href=\"https:\/\/univet.hu\/wp-content\/uploads\/2023\/02\/dr.-Z\u00f3lyomi-Dorottya_megh\u00edv\u00f3_v\u00e9d\u00e9s.pdf\">Dr. Z\u00f3lyomi Dorottya<\/a><br \/> 2022.12.09. <a href=\"https:\/\/univet.hu\/wp-content\/uploads\/2022\/12\/Dr.-Somosk\u0151i_Bence_HABIL_meghivo.pdf\">Dr. Somosk\u0151i Bence (habilit\u00e1ci\u00f3s el\u0151ad\u00e1s)<\/a><br \/> 2022.11.29. <a href=\"https:\/\/univet.hu\/wp-content\/uploads\/2022\/11\/dr.-Adorj%C3%A1n-Andr%C3%A1s_megh%C3%ADv%C3%B3_v%C3%A9d%C3%A9s.pdf\">Dr. Adorj\u00e1n Andr\u00e1s<\/a><br \/> 2022.11.17. <a href=\"https:\/\/univet.hu\/wp-content\/uploads\/2022\/10\/Dr.-Makra-Zita_HABIL_meghivo.pdf\">Dr. Makra Zita (habilit\u00e1ci\u00f3s el\u0151ad\u00e1s)<\/a><br \/> 2022.10.14. <a href=\"https:\/\/univet.hu\/wp-content\/uploads\/2022\/09\/Kulcs\u00e1rn\u00e9-dr.-Petrilla-Janka_megh\u00edv\u00f3_v\u00e9d\u00e9s.pdf\">Kulcs\u00e1rn\u00e9 Dr. Petrilla Janka<\/a><br \/> 2022.10.13. <a href=\"https:\/\/univet.hu\/wp-content\/uploads\/2022\/09\/dr.-Cs\u00f6ndes-Judit_megh\u00edv\u00f3_v\u00e9d\u00e9s.pdf\">Dr. Cs\u00f6ndes Judit<\/a><br \/> 2022.09.08.\u00a0<a href=\"https:\/\/univet.hu\/wp-content\/uploads\/2022\/08\/Dr.-Berlinger-Bal\u00e1zs_habilit\u00e1ci\u00f3_megh\u00edv\u00f3.pdf\">Dr. Berlinger Bal\u00e1zs (habilit\u00e1ci\u00f3s el\u0151ad\u00e1s)<\/a><!--more--><\/p> <p><strong>2021\/2022. tan\u00e9v:<\/strong><\/p> <p>2022.09.01. <a href=\"https:\/\/univet.hu\/wp-content\/uploads\/2022\/08\/Dr.-L\u0151rincz-M\u00e1rta__habilit\u00e1ci\u00f3_megh\u00edv\u00f3.pdf\">Dr. L\u0151rincz M\u00e1rta\u00a0(habilit\u00e1ci\u00f3s el\u0151ad\u00e1s)<\/a><br \/> 2022.08.31. <a href=\"https:\/\/univet.hu\/wp-content\/uploads\/2023\/01\/dr.-Dobos-Attila_V\u00e9d\u00e9s_megh\u00edv\u00f3.pdf\">Dr. Dobos Attila<\/a><br \/> 2022.08.24. <a href=\"https:\/\/univet.hu\/wp-content\/uploads\/2023\/01\/Kocsis_R\u00f3bert_megh\u00edv\u00f3_v\u00e9d\u00e9s.pdf\">Kocsis R\u00f3bert<\/a><br \/> 2022.06.23. <a href=\"https:\/\/univet.hu\/wp-content\/uploads\/2022\/08\/2022.06.23_Szakos-D\u00e1vid.pdf\">Szakos D\u00e1vid<\/a><br \/> 2022.06.20. <a href=\"https:\/\/univet.hu\/wp-content\/uploads\/2022\/08\/2022.06.20_B\u00fas-Pomothy-Judit-Merc\u00e9desz.pdf\">B\u00fas-Pomothy Judit Merc\u00e9desz<\/a><br \/> 2022.06.20. <a href=\"https:\/\/univet.hu\/wp-content\/uploads\/2022\/08\/2022.06.20.-Kocsis-R\u00f3bert.pdf\">Kocsis R\u00f3bert<\/a><br \/> 2022.06.15. <a href=\"https:\/\/univet.hu\/wp-content\/uploads\/2022\/08\/2022.06.15_Dr.-Kov\u00e1cs-D\u00f3ra.pdf\">Dr. Kov\u00e1cs D\u00f3ra<\/a><br \/> 2022.05.23. <a href=\"https:\/\/univet.hu\/wp-content\/uploads\/2022\/08\/2022.05.23.-Vajna-Fl\u00f3ra.pdf\">Vajna Fl\u00f3ra<\/a><br \/> 2022.05.12. <a href=\"https:\/\/univet.hu\/wp-content\/uploads\/2022\/08\/2022.05.12_Dr.-Forg\u00e1ch-Petra_HABIL_meghivo.pdf\">Dr. Forg\u00e1ch Petra (habilit\u00e1ci\u00f3s el\u0151ad\u00e1s)<\/a><br \/> 2022.05.10. <a href=\"https:\/\/univet.hu\/wp-content\/uploads\/2022\/08\/2022.05.10_Dr.-S\u00fcth-Mikl\u00f3s_HABIL_meghivo.pdf\">Dr. S\u00fcth Mikl\u00f3s (habilit\u00e1ci\u00f3s el\u0151ad\u00e1s)<\/a><br \/> 2022.05.03. <a href=\"https:\/\/univet.hu\/wp-content\/uploads\/2022\/08\/2022.05.03.-Dr.-Barna-R\u00e9ka.pdf\">Dr. Barna R\u00e9ka<\/a><br \/> 2022.03.11. <a href=\"https:\/\/univet.hu\/wp-content\/uploads\/2022\/08\/2022.03.11.-Dr.-Vincze-Bogl\u00e1rka_HABIL_meghivo.pdf\">Dr. Vincze Bogl\u00e1rka (habilit\u00e1ci\u00f3s el\u0151ad\u00e1s)<\/a><br \/> 2022.02.01. <a href=\"https:\/\/univet.hu\/wp-content\/uploads\/2022\/08\/2022.02.01.-Tarj\u00e1n-Zolt\u00e1n-L\u00e1szl\u00f3.pdf\">Tarj\u00e1n Zolt\u00e1n L\u00e1szl\u00f3<\/a><br \/> 2022.01.12. <a href=\"https:\/\/univet.hu\/wp-content\/uploads\/2022\/08\/2022.01.12.-Czikkelyn\u00e9-\u00c1gh-N\u00f3ra.pdf\">Czikkelyn\u00e9 \u00c1gh N\u00f3ra<\/a><br \/> 2021.12.10. <a href=\"https:\/\/univet.hu\/wp-content\/uploads\/2022\/08\/2021.12.10.-Dr.-Mackei-M\u00e1t\u00e9.pdf\">Dr. Mackei M\u00e1t\u00e9<\/a><br \/> 2021.11.02. <a href=\"https:\/\/univet.hu\/wp-content\/uploads\/2022\/08\/2021.11.02.-Dr.-B\u00e1nyai-Kriszti\u00e1n_HABIL_meghivo.pdf\">Dr. B\u00e1nyai Kriszti\u00e1n\u00a0(habilit\u00e1ci\u00f3s el\u0151ad\u00e1s)<\/a><br \/> 2021.10.26. <a href=\"https:\/\/univet.hu\/wp-content\/uploads\/2022\/08\/2021.10.26.-Dr.-Szilasi-Anna.pdf\">Dr. Szilasi Anna\u00a0<\/a><\/p> <p><strong>2020\/2021. tan\u00e9v:<\/strong><\/p> <p>2021.08.26. <a href=\"https:\/\/univet.hu\/wp-content\/uploads\/2022\/08\/2021.08.26_Dr.-Bakony-Mikolt.pdf\">Dr. Bakony Mikolt<\/a><br \/> 2021.08.04. <a href=\"https:\/\/univet.hu\/wp-content\/uploads\/2022\/08\/2021.08.04_Dr.-Choukeir-Ali-Ismail.pdf\">Dr. Choukeir Ali Ismail<\/a><br \/> 2021.07.08. <a href=\"https:\/\/univet.hu\/wp-content\/uploads\/2022\/08\/2021.07.08_Dr.-B\u00e1r\u00e1ny-Zolt\u00e1n.pdf\">Dr. B\u00e1r\u00e1ny Zolt\u00e1n<\/a><br \/> 2021.07.08. <a href=\"https:\/\/univet.hu\/wp-content\/uploads\/2022\/08\/2021.07.08.-Pal\u00f3cz-Orsolya.pdf\">Pal\u00f3cz Orsolya<\/a><br \/> 2021.07.01. <a href=\"https:\/\/univet.hu\/wp-content\/uploads\/2022\/08\/2021.07.01.-Szab\u00f3n\u00e9-Kaszab-Eszter.pdf\">Szab\u00f3n\u00e9 Kaszab Eszter<\/a><br \/> 2021.06.30. <a href=\"https:\/\/univet.hu\/wp-content\/uploads\/2022\/08\/2021.06.30.-Hejel-P\u00e9ter.pdf\">Hejel P\u00e9ter<\/a><br \/> 2021.06.29. <a href=\"https:\/\/univet.hu\/wp-content\/uploads\/2022\/08\/2021.06.29.-Dr.-T\u00f3th-Istv\u00e1n_HABIL_meghivo.pdf\">Dr. T\u00f3th Istv\u00e1n (habilit\u00e1ci\u00f3s el\u0151ad\u00e1s)<\/a><br \/> 2021.06.14. <a href=\"https:\/\/univet.hu\/wp-content\/uploads\/2022\/08\/2021.06.14_Szab\u00e1ra-\u00c1gnes.pdf\">Szab\u00e1ra \u00c1gnes<\/a><br \/> 2021.06.02. <a href=\"https:\/\/univet.hu\/wp-content\/uploads\/2022\/08\/2021.06.02_Varga-Kugler-Ren\u00e1ta.pdf\">Varga-Kugler Ren\u00e1ta<\/a><br \/> 2021.04.30. <a href=\"https:\/\/univet.hu\/wp-content\/uploads\/2022\/08\/2021.04.30.-Ujvari-Barbara.pdf\">Ujvari Barbara<\/a><br \/> 2021.04.22. <a href=\"https:\/\/univet.hu\/wp-content\/uploads\/2022\/08\/2021.04.22_Dr.-Tenk-Mikl\u00f3s_HABIL_meghivo.pdf\">Dr. Tenk Mikl\u00f3s (habilit\u00e1ci\u00f3s el\u0151ad\u00e1s)<\/a><br \/> 2021.04.09. <a href=\"https:\/\/univet.hu\/wp-content\/uploads\/2022\/08\/2021.04.09_Gr\u00f3zner-D\u00e9nes.pdf\">Gr\u00f3zner D\u00e9nes<\/a><br \/> 2021.03.31. <a href=\"https:\/\/univet.hu\/wp-content\/uploads\/2022\/08\/2021.03.31_Dr.-Bek\u0151-Katinka.pdf\">Dr. Bek\u0151 Katinka<\/a><br \/> 2021.03.23. <a href=\"https:\/\/univet.hu\/wp-content\/uploads\/2022\/08\/2021.03.23_Dr.-Horvath-Andras_HABIL_meghivo.pdf\">Dr. Horvath Andr\u00e1s (habilit\u00e1ci\u00f3s el\u0151ad\u00e1s)<\/a><br \/> 2021.02.02. <a href=\"https:\/\/univet.hu\/wp-content\/uploads\/2022\/08\/2021.02.02_Dr.-Pleva-D\u00e1niel.pdf\">Dr. Pleva D\u00e1niel<\/a><br \/> 2020.12.01. <a href=\"https:\/\/univet.hu\/wp-content\/uploads\/2022\/08\/2020.12.01_Dr.-Marosi-Andras.pdf\">Dr. Marosi Andr\u00e1s<\/a><br \/> 2020.11.05. <a href=\"https:\/\/univet.hu\/wp-content\/uploads\/2022\/08\/2020.11.05_Karai-Edina.pdf\">Karai Edina<\/a><\/p> <p><strong>2019\/2020. tan\u00e9v:<\/strong><\/p> <p>2020.07.13. <a href=\"https:\/\/univet.hu\/wp-content\/uploads\/2022\/08\/2020.07.13_Dr.-Arany-Toth-Attila_HABIL_meghivo.pdf\">Dr. Arany-Toth Attila (habilit\u00e1ci\u00f3s el\u0151ad\u00e1s)<\/a><br \/> 2020.06.18. <a href=\"https:\/\/univet.hu\/wp-content\/uploads\/2022\/08\/2020.06.18.-Dr.-Ps\u00e1der-Roland_HABIL_meghivo.pdf\">Dr. Ps\u00e1der Roland (habilit\u00e1ci\u00f3s el\u0151ad\u00e1s)<\/a><br \/> 2020.04.14. <a href=\"https:\/\/univet.hu\/wp-content\/uploads\/2022\/08\/2020.04.14.-Dr.-Nagy-Annamaria_HABIL_meghivo.pdf\">Dr. Nagy Annamaria\u00a0(habilit\u00e1ci\u00f3s el\u0151ad\u00e1s)<\/a><\/p>","protected":false},"excerpt":{"rendered":"<p>\u00dcgyf\u00e9lfogad\u00e1s: Kedd: 09:00 &#8211; 12:00 Cs\u00fct\u00f6rt\u00f6k: 13:00 &#8211; 16:00 A Doktori Iskola Titk\u00e1rs\u00e1ga a Hut\u00ffra Ferenc K\u00f6nyvt\u00e1r, Lev\u00e9lt\u00e1r \u00e9s M\u00fazeum \u00e9p\u00fclet\u00e9ben (&#8222;D&#8221; \u00e9p\u00fclet) tal\u00e1lhat\u00f3, a Fsz. 5-\u00f6s irod\u00e1ban. Doktori Iskola referensei: Bariz Evelin \u00e9s Jand\u00e1s-T\u00f3th Vikt\u00f3ria \u00dcgyf\u00e9lfogad\u00e1si id\u0151n k\u00edv\u00fcl e-mailen kereszt\u00fcl vagyunk el\u00e9rhet\u0151k a [Kattintson az emailc\u00edmhez] email c\u00edmen. (Az \u00fcgyf\u00e9lfogad\u00e1s m\u00f3dosulhat habilit\u00e1ci\u00f3, PhD v\u00e9d\u00e9s,<\/p>\n","protected":false},"author":1,"featured_media":0,"parent":350,"menu_order":26,"comment_status":"closed","ping_status":"closed","template":"","meta":{"_acf_changed":false,"footnotes":""},"categories":[],"tags":[],"class_list":["post-735","page","type-page","status-publish","hentry"],"acf":[],"_links":{"self":[{"href":"https:\/\/univet.hu\/hu\/wp-json\/wp\/v2\/pages\/735","targetHints":{"allow":["GET"]}}],"collection":[{"href":"https:\/\/univet.hu\/hu\/wp-json\/wp\/v2\/pages"}],"about":[{"href":"https:\/\/univet.hu\/hu\/wp-json\/wp\/v2\/types\/page"}],"author":[{"embeddable":true,"href":"https:\/\/univet.hu\/hu\/wp-json\/wp\/v2\/users\/1"}],"replies":[{"embeddable":true,"href":"https:\/\/univet.hu\/hu\/wp-json\/wp\/v2\/comments?post=735"}],"version-history":[{"count":30,"href":"https:\/\/univet.hu\/hu\/wp-json\/wp\/v2\/pages\/735\/revisions"}],"predecessor-version":[{"id":205386,"href":"https:\/\/univet.hu\/hu\/wp-json\/wp\/v2\/pages\/735\/revisions\/205386"}],"up":[{"embeddable":true,"href":"https:\/\/univet.hu\/hu\/wp-json\/wp\/v2\/pages\/350"}],"wp:attachment":[{"href":"https:\/\/univet.hu\/hu\/wp-json\/wp\/v2\/media?parent=735"}],"wp:term":[{"taxonomy":"category","embeddable":true,"href":"https:\/\/univet.hu\/hu\/wp-json\/wp\/v2\/categories?post=735"},{"taxonomy":"post_tag","embeddable":true,"href":"https:\/\/univet.hu\/hu\/wp-json\/wp\/v2\/tags?post=735"}],"curies":[{"name":"wp","href":"https:\/\/api.w.org\/{rel}","templated":true}]}}