{"id":73570,"date":"2022-04-27T14:36:12","date_gmt":"2022-04-27T12:36:12","guid":{"rendered":"https:\/\/univet.hu\/hu\/egyetem\/szervezeti-egysegek\/allatvedelmi-jogi-elemzo-es-modszertani-kozpont\/ev-allatvedo-ovodaja-altalanos-iskolaja\/"},"modified":"2025-08-29T10:33:23","modified_gmt":"2025-08-29T08:33:23","slug":"ev-allatvedo-ovodaja-es-altalanos-iskolaja-palyazat","status":"publish","type":"page","link":"https:\/\/univet.hu\/hu\/egyetem\/szervezeti-egysegek\/allatvedelmi-jogi-elemzo-es-modszertani-kozpont\/ev-allatvedo-ovodaja-es-altalanos-iskolaja-palyazat\/","title":{"rendered":"\u201e\u00c1llatv\u00e9d\u0151 \u00e9s \u00e1llatbar\u00e1t oktat\u00e1si int\u00e9zm\u00e9nyek\u201d p\u00e1ly\u00e1zat"},"content":{"rendered":"<p data-start=\"351\" data-end=\"598\">Az \u00c1llatorvostudom\u00e1nyi Egyetem \u00c1llatv\u00e9delmi K\u00f6zpontja, valamint hallgat\u00f3i t\u00e1rsszervezete, az <em data-start=\"444\" data-end=\"472\">\u201e\u00c1llatv\u00e9delem gyerekeknek\u201d<\/em> szerkeszt\u0151bizotts\u00e1ga 2021-ben hirdette meg el\u0151sz\u00f6r az \u00e1llatv\u00e9delmi nevel\u00e9sre f\u00f3kusz\u00e1l\u00f3 <strong data-start=\"560\" data-end=\"586\">\u201e\u00c9v \u00c1llatv\u00e9d\u0151 \u00d3vod\u00e1ja\u201d<\/strong> p\u00e1ly\u00e1zatot.<\/p> <p data-start=\"600\" data-end=\"927\">A kezdem\u00e9nyez\u00e9s az\u00f3ta minden \u00e9vben tov\u00e1bb b\u0151v\u00fclt: \u00faj kateg\u00f3ri\u00e1kkal, egyre t\u00f6bb p\u00e1ly\u00e1z\u00f3val \u00e9s n\u00f6vekv\u0151 szakmai \u00e9rdekl\u0151d\u00e9ssel. A p\u00e1ly\u00e1zat c\u00e9lja, hogy elismerje azokat az oktat\u00e1si \u00e9s gyermekv\u00e9delmi int\u00e9zm\u00e9nyeket, amelyek <strong data-start=\"817\" data-end=\"926\">a felel\u0151s \u00e1llattart\u00e1st \u00e9s az \u00e1llatv\u00e9delmi szeml\u00e9letform\u00e1l\u00e1st be\u00e9p\u00edtik a mindennapi nevel\u00e9si gyakorlatukba<\/strong>.<\/p> <p data-start=\"929\" data-end=\"1174\">2025-ben <strong data-start=\"938\" data-end=\"968\">rekordsz\u00e1m\u00fa, 553 int\u00e9zm\u00e9ny<\/strong> p\u00e1ly\u00e1zott sikeresen, \u00e9s ezzel elnyerte az <em data-start=\"1011\" data-end=\"1035\">\u201e\u00e1llatbar\u00e1t int\u00e9zm\u00e9ny\u201d<\/em> c\u00edmet. Emellett minden kateg\u00f3ri\u00e1ban h\u00e1rom dobog\u00f3s helyezettet hirdettek, \u00edgy \u00f6sszesen <strong data-start=\"1122\" data-end=\"1146\">18 nyertes int\u00e9zm\u00e9ny<\/strong> r\u00e9szes\u00fclt k\u00fcl\u00f6n d\u00edjaz\u00e1sban.<\/p> <p data-start=\"1176\" data-end=\"1207\">A p\u00e1ly\u00e1zatban elnyerhet\u0151 c\u00edmek:<\/p> <ul data-start=\"1209\" data-end=\"1438\"> <li data-start=\"1209\" data-end=\"1242\"> <p data-start=\"1211\" data-end=\"1242\"><strong data-start=\"1211\" data-end=\"1240\">\u201e\u00c9v \u00c1llatv\u00e9d\u0151 B\u00f6lcs\u0151d\u00e9je\u201d<\/strong><\/p> <\/li> <li data-start=\"1243\" data-end=\"1273\"> <p data-start=\"1245\" data-end=\"1273\"><strong data-start=\"1245\" data-end=\"1271\">\u201e\u00c9v \u00c1llatv\u00e9d\u0151 \u00d3vod\u00e1ja\u201d<\/strong><\/p> <\/li> <li data-start=\"1274\" data-end=\"1315\"> <p data-start=\"1276\" data-end=\"1315\"><strong data-start=\"1276\" data-end=\"1313\">\u201e\u00c9v \u00c1llatv\u00e9d\u0151 \u00c1ltal\u00e1nos Iskol\u00e1ja\u201d<\/strong><\/p> <\/li> <li data-start=\"1316\" data-end=\"1352\"> <p data-start=\"1318\" data-end=\"1352\"><strong data-start=\"1318\" data-end=\"1350\">\u201e\u00c9v \u00c1llatv\u00e9d\u0151 K\u00f6z\u00e9piskol\u00e1ja\u201d<\/strong><\/p> <\/li> <li data-start=\"1353\" data-end=\"1402\"> <p data-start=\"1355\" data-end=\"1402\"><strong data-start=\"1355\" data-end=\"1400\">\u201e\u00c9v \u00c1llatv\u00e9d\u0151 Gy\u00f3gypedag\u00f3giai Int\u00e9zm\u00e9nye\u201d<\/strong><\/p> <\/li> <li data-start=\"1403\" data-end=\"1438\"> <p data-start=\"1405\" data-end=\"1438\"><strong data-start=\"1405\" data-end=\"1438\">\u201e\u00c9v \u00c1llatv\u00e9d\u0151 Gyermekotthona\u201d<\/strong><\/p> <\/li> <\/ul> <p data-start=\"1440\" data-end=\"1501\">\u00dajdons\u00e1gk\u00e9nt 2025-ben k\u00e9t \u00faj elismer\u00e9s is bevezet\u00e9sre ker\u00fclt:<\/p> <ul data-start=\"1503\" data-end=\"1866\"> <li data-start=\"1503\" data-end=\"1633\"> <p data-start=\"1505\" data-end=\"1633\"><strong data-start=\"1505\" data-end=\"1538\">\u201e\u00d6r\u00f6k\u00f6s \u00e1llatbar\u00e1t int\u00e9zm\u00e9ny\u201d<\/strong> \u2013 azon \u00f3vod\u00e1k \u00e9s iskol\u00e1k sz\u00e1m\u00e1ra, akik kiemelked\u0151, hossz\u00fa t\u00e1v\u00fa \u00e1llatv\u00e9delmi munk\u00e1t v\u00e9geznek.<\/p> <\/li> <li data-start=\"1634\" data-end=\"1866\"> <p data-start=\"1636\" data-end=\"1866\"><strong data-start=\"1636\" data-end=\"1667\">\u201e\u00c1llatbar\u00e1t b\u00e1zisint\u00e9zm\u00e9ny\u201d<\/strong> \u2013 azoknak az int\u00e9zm\u00e9nyeknek, amelyek rendszeres tan\u00f3r\u00e1t, szakk\u00f6rt vagy m\u00e1s struktur\u00e1lt programot tartanak az \u00e1llatv\u00e9delem t\u00e9m\u00e1j\u00e1ban, \u00e9s akt\u00edvan k\u00f6zrem\u0171k\u00f6dnek az oktat\u00e1si tartalmak fejleszt\u00e9s\u00e9ben is.<\/p> <\/li> <\/ul> <p data-start=\"1868\" data-end=\"2147\">A be\u00e9rkezett p\u00e1lyam\u0171veket minden \u00e9vben <strong data-start=\"1907\" data-end=\"1960\">\u00e1llatv\u00e9delmi \u00e9s pedag\u00f3gus szak\u00e9rt\u0151kb\u0151l \u00e1ll\u00f3 zs\u0171ri<\/strong> b\u00edr\u00e1lja el. A legjobban teljes\u00edt\u0151 int\u00e9zm\u00e9nyek az <strong data-start=\"2010\" data-end=\"2076\">\u00c1llatorvostudom\u00e1nyi Egyetemen megrendezett d\u00edj\u00e1tad\u00f3 \u00fcnneps\u00e9gen<\/strong> vehetik \u00e1t az elismer\u00e9seket, okleveleket \u00e9s \u00e9rt\u00e9kes \u00e9lm\u00e9nyaj\u00e1nd\u00e9kokat.<\/p>","protected":false},"excerpt":{"rendered":"<p>Az \u00c1llatorvostudom\u00e1nyi Egyetem \u00c1llatv\u00e9delmi K\u00f6zpontja, valamint hallgat\u00f3i t\u00e1rsszervezete, az \u201e\u00c1llatv\u00e9delem gyerekeknek\u201d szerkeszt\u0151bizotts\u00e1ga 2021-ben hirdette meg el\u0151sz\u00f6r az \u00e1llatv\u00e9delmi nevel\u00e9sre f\u00f3kusz\u00e1l\u00f3 \u201e\u00c9v \u00c1llatv\u00e9d\u0151 \u00d3vod\u00e1ja\u201d p\u00e1ly\u00e1zatot. A kezdem\u00e9nyez\u00e9s az\u00f3ta minden \u00e9vben tov\u00e1bb b\u0151v\u00fclt: \u00faj kateg\u00f3ri\u00e1kkal, egyre t\u00f6bb p\u00e1ly\u00e1z\u00f3val \u00e9s n\u00f6vekv\u0151 szakmai \u00e9rdekl\u0151d\u00e9ssel. A p\u00e1ly\u00e1zat c\u00e9lja, hogy elismerje azokat az oktat\u00e1si \u00e9s gyermekv\u00e9delmi int\u00e9zm\u00e9nyeket, amelyek a felel\u0151s \u00e1llattart\u00e1st<\/p>\n","protected":false},"author":3837,"featured_media":0,"parent":61160,"menu_order":3,"comment_status":"open","ping_status":"open","template":"","meta":{"_acf_changed":false,"footnotes":""},"categories":[],"tags":[],"class_list":["post-73570","page","type-page","status-publish","hentry"],"acf":[],"_links":{"self":[{"href":"https:\/\/univet.hu\/hu\/wp-json\/wp\/v2\/pages\/73570","targetHints":{"allow":["GET"]}}],"collection":[{"href":"https:\/\/univet.hu\/hu\/wp-json\/wp\/v2\/pages"}],"about":[{"href":"https:\/\/univet.hu\/hu\/wp-json\/wp\/v2\/types\/page"}],"author":[{"embeddable":true,"href":"https:\/\/univet.hu\/hu\/wp-json\/wp\/v2\/users\/3837"}],"replies":[{"embeddable":true,"href":"https:\/\/univet.hu\/hu\/wp-json\/wp\/v2\/comments?post=73570"}],"version-history":[{"count":2,"href":"https:\/\/univet.hu\/hu\/wp-json\/wp\/v2\/pages\/73570\/revisions"}],"predecessor-version":[{"id":188318,"href":"https:\/\/univet.hu\/hu\/wp-json\/wp\/v2\/pages\/73570\/revisions\/188318"}],"up":[{"embeddable":true,"href":"https:\/\/univet.hu\/hu\/wp-json\/wp\/v2\/pages\/61160"}],"wp:attachment":[{"href":"https:\/\/univet.hu\/hu\/wp-json\/wp\/v2\/media?parent=73570"}],"wp:term":[{"taxonomy":"category","embeddable":true,"href":"https:\/\/univet.hu\/hu\/wp-json\/wp\/v2\/categories?post=73570"},{"taxonomy":"post_tag","embeddable":true,"href":"https:\/\/univet.hu\/hu\/wp-json\/wp\/v2\/tags?post=73570"}],"curies":[{"name":"wp","href":"https:\/\/api.w.org\/{rel}","templated":true}]}}