{"id":73573,"date":"2022-04-27T14:41:20","date_gmt":"2022-04-27T12:41:20","guid":{"rendered":"https:\/\/univet.hu\/hu\/egyetem\/szervezeti-egysegek\/allatvedelmi-jogi-elemzo-es-modszertani-kozpont\/ev-allatvedo-ovodaja-es-altalanos-iskolaja-palyazat\/name\/"},"modified":"2025-08-29T10:41:20","modified_gmt":"2025-08-29T08:41:20","slug":"a-2021-evi-palyazat-nyertesek-zsuritagok-dijak","status":"publish","type":"page","link":"https:\/\/univet.hu\/hu\/egyetem\/szervezeti-egysegek\/allatvedelmi-jogi-elemzo-es-modszertani-kozpont\/ev-allatvedo-ovodaja-es-altalanos-iskolaja-palyazat\/a-2021-evi-palyazat-nyertesek-zsuritagok-dijak\/","title":{"rendered":"A 2021. \u00e9vi p\u00e1ly\u00e1zat (nyertesek, zs\u0171ritagok, d\u00edjak, \u00e1llatbar\u00e1t \u00f3vod\u00e1k)"},"content":{"rendered":"<p>Az els\u0151 \u00edzben ind\u00edtott \u00f3vodai felh\u00edv\u00e1sra 81 magas sz\u00ednvonal\u00fa p\u00e1ly\u00e1zat \u00e9rkezett az orsz\u00e1g minden r\u00e9sz\u00e9b\u0151l, \u00e9s valamennyi p\u00e1ly\u00e1z\u00f3 jogosultt\u00e1 v\u00e1lt egy \u00e9ven kereszt\u00fcl az \u201e\u00c1llatbar\u00e1t \u00d3voda\u201d c\u00edm haszn\u00e1lat\u00e1ra. Az <a href=\"https:\/\/www.google.com\/maps\/d\/u\/0\/viewer?mid=1trAHu4DCyaH7OFrUPNBWIyvwebIkb78S&amp;ll=47.22252063297519%2C19.131581197811467&amp;z=9\">itt el\u00e9rhet\u0151 t\u00e9rk\u00e9pen<\/a> a tappancsnyomok jel\u00f6lik a p\u00e1ly\u00e1z\u00f3 \u00f3vod\u00e1kat.<\/p> <p>&nbsp;<\/p> <p><strong>Az \u201e\u00c9v \u00c1llatv\u00e9d\u0151 \u00d3vod\u00e1ja 2021\u201d p\u00e1ly\u00e1zat nyertesei<\/strong>:<\/p> <p style=\"padding-left: 30px\">&#8211; Az \u201e\u00c9v \u00c1llatv\u00e9d\u0151 \u00d3vod\u00e1ja 2021\u201d: Veszpr\u00e9mi Egry \u00fati K\u00f6rzeti \u00d3voda, Veszpr\u00e9m<\/p> <p style=\"padding-left: 30px\">&#8211; II. Helyezett: H\u00f3dmez\u0151v\u00e1s\u00e1rhelyi Egyes\u00edtett \u00d3voda Szabads\u00e1g t\u00e9ri \u00d3voda, H\u00f3dmez\u0151v\u00e1s\u00e1rhely<\/p> <p style=\"padding-left: 30px\">&#8211; III. Helyezett: T\u00f6rpe-Ovi Alap\u00edtv\u00e1ny \u00d3vod\u00e1ja, Bodajk<\/p> <p style=\"padding-left: 30px\">&#8211; K\u00fcl\u00f6nd\u00edj: K\u00f6lcsey Utcai \u00e9s Ligeti Sori \u00d3voda, B\u00e9k\u00e9scsaba<\/p> <p>&nbsp;<\/p> <p><strong>Az \u201e\u00c9v \u00c1llatv\u00e9d\u0151 \u00d3vod\u00e1ja 2021\u201d p\u00e1ly\u00e1zat zs\u0171ritagjai (ABC sorrendben):<\/strong><\/p> <p style=\"padding-left: 30px\">\u00b7 Gyurcs\u00f3 Gyul\u00e1n\u00e9, az \u00dajbuda GAMESZ \u00dajbudai Pedag\u00f3giai Iroda Tagint\u00e9zm\u00e9ny vezet\u0151je, Comenius-d\u00edjas \u00f3voda- \u00e9s iskolapedag\u00f3gus;<\/p> <p style=\"padding-left: 30px\">\u00b7 Koska Hedvig, az \u00c1llatv\u00e9delem gyerekeknek f\u0151szerkeszt\u0151je, \u00e1llatorvostan-hallgat\u00f3;<\/p> <p style=\"padding-left: 30px\">\u00b7 Lizanecz Edina, EMMI, K\u00f6znevel\u00e9s\u00e9rt Felel\u0151s Helyettes \u00c1llamtitk\u00e1rs\u00e1g K\u00f6znevel\u00e9si Strat\u00e9giai F\u0151oszt\u00e1ly kisgyermekkori-\u00f3vodai szakreferens;<\/p> <p style=\"padding-left: 30px\">\u00b7 Neukunft Ad\u00e9l, Agr\u00e1rminiszt\u00e9rium, a Nemzeti \u00c1llatv\u00e9delmi Program meg\u00faj\u00edt\u00e1s\u00e1\u00e9rt \u00e9s v\u00e9grehajt\u00e1s\u00e9rt felel\u0151s miniszteri biztos munkat\u00e1rsa;<\/p> <p style=\"padding-left: 30px\">\u00b7 Dr. T\u00f3th Szabina, az \u00c1llatorvostudom\u00e1nyi Egyetem \u00c1llatv\u00e9delmi K\u00f6zpont munkat\u00e1rsa, egzotikus szak\u00e1llatorvos, vad\u00e1llatment\u0151;<\/p> <p style=\"padding-left: 30px\">\u00b7 Dr. Vetter Szilvia PhD., az \u00c1llatorvostudom\u00e1nyi Egyetem \u00c1llatv\u00e9delmi K\u00f6zpont vezet\u0151je, \u00e1llatv\u00e9delmi jog\u00e1sz, oktat\u00f3, mesek\u00f6nyv\u00edr\u00f3.<\/p> <p>&nbsp;<\/p> <p><strong>Az \u201e\u00c9v \u00c1llatv\u00e9d\u0151 \u00d3vod\u00e1ja 2021\u201d p\u00e1ly\u00e1zat d\u00edjai:<\/strong><\/p> <p style=\"padding-left: 30px\"><strong>1. helyezett:<\/strong><\/p> <p style=\"padding-left: 30px\">&#8211; Solym\u00e1szbemutat\u00f3 az \u00f3vod\u00e1ban (Kisteleki Gergely)<\/p> <p style=\"padding-left: 30px\">&#8211; Kuty\u00e1s \u00e9rz\u00e9keny\u00edt\u0151 foglalkoz\u00e1s az \u00f3vod\u00e1ban (Bar\u00e1thegyi Vakvezet\u0151 \u00e9s Seg\u00edt\u0151 Kutya Iskola Alap\u00edtv\u00e1ny)<\/p> <p style=\"padding-left: 30px\">&#8211; L\u00e1togat\u00e1s egy vad\u00e1llatment\u0151 \u00e1llatorvosi rendel\u0151ben (T\u00fcskev\u00e1r \u00c1llatorvosi Rendel\u0151)<\/p> <p style=\"padding-left: 30px\">&#8211; Pusztai fogatoz\u00e1s Hortob\u00e1gyon (Hortob\u00e1gyi Nonprofit Kft.)<\/p> <p style=\"padding-left: 30px\">&#8211; Falra akaszthat\u00f3 oklev\u00e9l<\/p> <p style=\"padding-left: 30px\">&#8211; 3 db \u201eAnya! Ugye, megtarthatom?\u201d mesek\u00f6nyv (Vetter Szilvia)<\/p> <p style=\"padding-left: 30px\">&#8211; \u00d3vodai foglalkoztat\u00f3 nyomtatva (\u00c1llatv\u00e9delem gyerekeknek)<\/p> <p style=\"padding-left: 30px\"><strong>2. helyezett:<\/strong><\/p> <p style=\"padding-left: 30px\">&#8211; Kuty\u00e1s \u00e9rz\u00e9keny\u00edt\u0151 foglalkoz\u00e1s az \u00f3vod\u00e1ban (Bar\u00e1thegyi Vakvezet\u0151 \u00e9s Seg\u00edt\u0151 Kutya Iskola Alap\u00edtv\u00e1ny)<\/p> <p style=\"padding-left: 30px\">&#8211; L\u00e1togat\u00e1s egy vad\u00e1llatment\u0151 \u00e1llatorvosi rendel\u0151ben (T\u00fcskev\u00e1r \u00c1llatorvosi Rendel\u0151)<\/p> <p style=\"padding-left: 30px\">&#8211; Falra akaszthat\u00f3 oklev\u00e9l<\/p> <p style=\"padding-left: 30px\">&#8211; 2 db \u201eAnya! Ugye, megtarthatom?\u201d mesek\u00f6nyv (Vetter Szilvia)<\/p> <p style=\"padding-left: 30px\">&#8211; \u00d3vodai foglalkoztat\u00f3 nyomtatva (\u00c1llatv\u00e9delem gyerekeknek)<\/p> <p style=\"padding-left: 30px\"><strong>3. helyezett:<\/strong><\/p> <p style=\"padding-left: 30px\">&#8211; Kuty\u00e1s \u00e9rz\u00e9keny\u00edt\u0151 foglalkoz\u00e1s az \u00f3vod\u00e1ban (Bar\u00e1thegyi Vakvezet\u0151 \u00e9s Seg\u00edt\u0151 Kutya Iskola Alap\u00edtv\u00e1ny)<\/p> <p style=\"padding-left: 30px\">&#8211; L\u00e1togat\u00e1s egy vad\u00e1llatment\u0151 \u00e1llatorvosi rendel\u0151ben (T\u00fcskev\u00e1r \u00c1llatorvosi Rendel\u0151)<\/p> <p style=\"padding-left: 30px\">&#8211; Falra akaszthat\u00f3 oklev\u00e9l<\/p> <p style=\"padding-left: 30px\">&#8211; 2 db \u201eAnya! Ugye, megtarthatom?\u201d mesek\u00f6nyv (Vetter Szilvia)<\/p> <p style=\"padding-left: 30px\">&#8211; \u00d3vodai foglalkoztat\u00f3 nyomtatva (\u00c1llatv\u00e9delem gyerekeknek)<\/p> <p><em>K\u00fcl\u00f6nd\u00edj<\/em>: 5 db \u201eEgy kutya \u00fatmutat\u00f3ja kis gazdiknak\u201d mesek\u00f6nyv (Balatonyi Lilla)<\/p> <p>Minden \u00e9rv\u00e9nyes p\u00e1ly\u00e1zatot lead\u00f3 \u00f3voda r\u00e9szt vehetett egy p\u00e1r \u00f3r\u00e1s \u00e1llatv\u00e9delmi k\u00e9pz\u00e9sen az \u00c1llatorvostudom\u00e1nyi Egyetem \u00c1llatv\u00e9delmi K\u00f6zpontj\u00e1nak szervez\u00e9s\u00e9ben, illetve megkapta az \u201e\u00c1llatv\u00e9delem gyerekeknek\u201d szerkeszt\u0151i \u00e1ltal k\u00e9sz\u00edtett \u00f3vodai foglalkoztat\u00f3 digit\u00e1lis v\u00e1ltozat\u00e1t.<\/p> <p><strong>Az &#8222;\u00c1llatbar\u00e1t \u00d3vod\u00e1k&#8221; c\u00edmet elnyert\u00e9k 2021-ben:<\/strong><\/p> <p>1. Angyalkert G\u00f6r\u00f6gkatolikus \u00d3voda<br \/> 2. Babarc \u00d3voda<br \/> 3. B\u00e1rczay Anna V\u00e1rosi \u00d3voda &#8211; T\u00e9gl\u00e1s<br \/> 4. B\u00e9k\u00e9si Kist\u00e9rs\u00e9gi \u00d3voda \u00e9s B\u00f6lcs\u0151de &#8211; F\u00fcrk\u00e9sz K\u00f6zponti \u00d3voda<br \/> 5. Bernecebar\u00e1ti Bar\u00e1tcinege \u00d3voda<br \/> 6. Bilimbo Naphegy Montessori \u00d3voda<br \/> 7. Bodajki Zeng\u0151 \u00d3voda-Mini B\u00f6lcs\u0151de<br \/> 8. Budakeszi Sziv\u00e1rv\u00e1ny \u00d3voda<br \/> 9. Cs\u00f6m\u00f6ri R\u00f3zsakert Evang\u00e9likus \u00d3voda<br \/> 10. Debreceni Mosolykert \u00d3voda<br \/> 11. Dunaf\u00f6ldv\u00e1ri Eszterl\u00e1nc \u00d3voda, B\u00f6lcs\u0151de \u00e9s Konyha J\u00f3zsef t\u00e9ri telephelye<br \/> 12. Egersz\u00f3l\u00e1ti B\u00f3bita \u00d3voda<br \/> 13. Ercsi H\u00e9tsz\u00ednvir\u00e1g \u00d3voda<br \/> 14. \u00c9rdi Kincses \u00d3voda Kutyav\u00e1ri Tag\u00f3vod\u00e1ja<br \/> 15. Erzs\u00e9betv\u00e1rosi Magonc \u00d3voda<br \/> 16. \u00c9szak-Kelenf\u00f6ldi \u00d3voda \u00dajbudai Pal\u00e1nt\u00e1k \u00d3voda telephely<br \/> 17. Esztergomi Z\u00f6ld \u00d3voda<br \/> 18. Fert\u0151sz\u00e9plaki Margar\u00e9ta \u00d3voda<br \/> 19. F\u00fczesabonyi P\u00f6tt\u00f6mke \u00d3voda<br \/> 20. Geszteny\u00e9s \u00d3voda &#8211; Szigetszentm\u00e1rton<br \/> 21. Gy\u00e1li T\u00e1tika \u00d3voda Bart\u00f3k B\u00e9la Tag\u00f3voda<br \/> 22. Gy\u00e1li Tulip\u00e1n \u00d3voda<br \/> 23. Gyermeksziget Montessori \u00d3voda<br \/> 24. Gyomaendr\u0151d-Cs\u00e1rdasz\u00e1ll\u00e1s-Hunya Kist\u00e9rs\u00e9gi \u00d3voda<br \/> 25. Hajd\u00faszov\u00e1ti \u00d3voda \u00e9s Mini B\u00f6lcs\u0151de<br \/> 26. Hatvani Geszteny\u00e9skert \u00d3voda<br \/> 27. HE\u00d3 N\u00e1dor u. Tag\u00f3voda Klauz\u00e1l utcai telephelye<br \/> 28. H\u00e9tm\u00e9rf\u00f6ldes \u00d3voda &#8211; Jen\u0151<br \/> 29. H\u00f3dmez\u0151v\u00e1s\u00e1rhelyi Egyes\u00edtett \u00d3voda Szabads\u00e1g t\u00e9ri \u00d3voda \u2013 Kl\u00edman\u00f3csk\u00e1k \u2013 2. helyezett<br \/> 30. Hortob\u00e1gyi Nyitnik\u00e9k \u00d3voda<br \/> 31. Ides\u00fcss \u00d3voda \u2013 S\u00fct\u00f6de<br \/> 32. J\u00e1szf\u00e9nyszarui Napf\u00e9ny \u00d3voda<br \/> 33. Karinthy Frigyes \u00d3voda \u2013 Budapest<br \/> 34. Kisari B\u00f3bita \u00d3voda \u00e9s Konyha<br \/> 35. Kisharty\u00e1ni Micimack\u00f3 \u00d3voda<br \/> 36. K\u0151b\u00e1nyai Csodap\u00f3k \u00d3voda<br \/> 37. K\u00f6lcsey Utcai \u00e9s Ligeti Sori \u00d3voda &#8211; K\u00fcl\u00f6nd\u00edjas<br \/> 38. K\u00f6r\u00f6smenti \u00d3voda Magyarhomorogi \u00d3voda<br \/> 39. Lakiteleki Sziv\u00e1rv\u00e1ny \u00d3voda \u00e9s B\u00f6lcs\u0151de<br \/> 40. Magyarsz\u00e9ki \u00d3voda \u2013 Ligeti Mikrot\u00e9rs\u00e9g \u00d3vod\u00e1i \u00e9s Mini B\u00f6lcs\u0151d\u00e9i<br \/> 41. Mandulafa \u00d3voda \u2013 G\u00f6d\u00f6ll\u0151<br \/> 42. MATE Kaposv\u00e1ri Campus Gyakorl\u00f3 \u00d3voda<br \/> 43. Mesev\u00e1r \u00d3voda, B\u00f6lcs\u0151de \u2013 Mende<br \/> 44. Miroslav Krleza Horv\u00e1t \u00d3voda \u2013 P\u00e9cs<br \/> 45. Napk\u00f6zi Otthonos \u00d3voda \u2013 Sopronhorp\u00e1cs<br \/> 46. \u00d3budai Alm\u00e1skert \u00d3voda Csicserg\u0151 Tag\u00f3vod\u00e1ja<br \/> 47. P\u00e9csv\u00e1radi Sziv\u00e1rv\u00e1ny N\u00e9met Nemzetis\u00e9gi \u00d3voda \u00e9s B\u00f6lcs\u0151de<br \/> 48. Pesterzs\u00e9beti Gyermekmosoly \u00d3voda M\u00e1kvir\u00e1g Tag\u00f3voda<br \/> 49. Pesterzs\u00e9beti Nyitnik\u00e9k \u00d3voda<br \/> 50. Pillang\u00f3 \u00d3voda &#8211; Mosonmagyar\u00f3v\u00e1r<br \/> 51. Poldermann J\u00falia \u00d3voda<br \/> 52. Porcsalmai Mesekert \u00d3voda \u00e9s Mini B\u00f6lcs\u0151de<br \/> 53. P\u00fcsp\u00f6kmoln\u00e1ri Mesefalva \u00d3voda<br \/> 54. Ribizli B\u00f6lcs\u0151de \u00e9s \u00d3voda \/ Csillag Pagony \u00d3voda<br \/> 55. S\u00e1rkeresztesi Fic\u00e1nkol\u00f3 \u00d3voda<br \/> 56. Szabolcsveresmarti \u00d3voda<br \/> 57. Sz\u00e1zhalombattai Napsug\u00e1r \u00d3voda<br \/> 58. Sz\u00e1zszorsz\u00e9p \u00d3voda \u2013 Debrecen<br \/> 59. Szegedi \u00d3VI B\u00f6lcs Utcai \u00d3vod\u00e1ja<br \/> 60. Szent Gell\u00e9rt R\u00f3mai Katolikus \u00c1ltal\u00e1nos Iskola \u00e9s \u00d3voda \u2013 Tab<br \/> 61. Szent Imre \u00c1ltal\u00e1nos Iskola \u00e9s \u00d3voda Szent Anna Tag\u00f3vod\u00e1ja \u2013 Miskolc<br \/> 62. Szent Kinga Katolikus \u00d3voda &#8211; K\u0151telek<br \/> 63. Szentendre V\u00e1rosi \u00d3vod\u00e1k, Izb\u00e9gi Tag\u00f3vod\u00e1ja<br \/> 64. Szentp\u00e9terszeg Mesevil\u00e1g \u00d3voda<br \/> 65. Szolnok V\u00e1rosi \u00d3vod\u00e1k Kertv\u00e1rosi Tagint\u00e9zm\u00e9nye<br \/> 66. Szombathelyi We\u00f6res S\u00e1ndor \u00d3voda<br \/> 67. T\u00e1pi\u00f3s\u00e1gi G\u00e9zeng\u00faz \u00d3voda<br \/> 68. T\u00e1pi\u00f3szelei Csicserke \u00d3voda<br \/> 69. Tasz\u00e1ri Napsug\u00e1r \u00d3voda \u00e9s B\u00f6lcs\u0151de<br \/> 70. Tiszaf\u00fcredi \u00d3vod\u00e1k<br \/> 71. T\u00f6rpe-Ovi Alap\u00edtv\u00e1ny \u00d3vod\u00e1ja \u2013 Bodajk \u2013 3. helyezett<br \/> 72. \u00dajpetrei \u00d3voda<br \/> 73. \u00dajv\u00e1rosi \u00d3voda &#8211; Baja<br \/> 74. V\u00e1ci Kisv\u00e1c-K\u00f6z\u00e9pv\u00e1rosi \u00d3voda Cs\u00e1nyi krt-i tag\u00f3voda<br \/> 75. Vass Jen\u0151 \u00d3voda \u00e9s B\u00f6lcs\u0151de &#8211; R\u00e1k\u00f3czi Tag\u00f3voda &#8211; Beretty\u00f3\u00fajfalu<br \/> 76. Vass Jen\u0151 \u00d3voda \u00e9s B\u00f6lcs\u0151de Gyermekkert Tag\u00f3voda &#8211; Beretty\u00f3\u00fajfalu<br \/> 77. Veszpr\u00e9mi Egry \u00dati K\u00f6rzeti \u00d3voda \u2013 1. helyezett<br \/> 78. Vill\u00e1nyi Kikerics \u00d3voda, Mini B\u00f6lcs\u0151de \u00e9s F\u0151z\u0151konyha<br \/> 79. XXII. ker\u00fcleti Egyes\u00edtett \u00d3voda Fic\u00e1nka Tag\u00f3voda<br \/> 80. XXII. ker\u00fcleti Egyes\u00edtett \u00d3voda Napocska Napk\u00f6zi Tag\u00f3voda &#8211; Budapest<br \/> 81. Zalaegerszegi Belv\u00e1rosi I. sz. \u00d3voda<\/p> <p>Tov\u00e1bbi inform\u00e1ci\u00f3: <a href=\"https:\/\/allatvedelemgyerekeknek.hu\/projektek\/\">https:\/\/allatvedelemgyerekeknek.hu\/projektek\/<\/a><\/p>","protected":false},"excerpt":{"rendered":"<p>Az els\u0151 \u00edzben ind\u00edtott \u00f3vodai felh\u00edv\u00e1sra 81 magas sz\u00ednvonal\u00fa p\u00e1ly\u00e1zat \u00e9rkezett az orsz\u00e1g minden r\u00e9sz\u00e9b\u0151l, \u00e9s valamennyi p\u00e1ly\u00e1z\u00f3 jogosultt\u00e1 v\u00e1lt egy \u00e9ven kereszt\u00fcl az \u201e\u00c1llatbar\u00e1t \u00d3voda\u201d c\u00edm haszn\u00e1lat\u00e1ra. Az itt el\u00e9rhet\u0151 t\u00e9rk\u00e9pen a tappancsnyomok jel\u00f6lik a p\u00e1ly\u00e1z\u00f3 \u00f3vod\u00e1kat. &nbsp; Az \u201e\u00c9v \u00c1llatv\u00e9d\u0151 \u00d3vod\u00e1ja 2021\u201d p\u00e1ly\u00e1zat nyertesei: &#8211; Az \u201e\u00c9v \u00c1llatv\u00e9d\u0151 \u00d3vod\u00e1ja 2021\u201d: Veszpr\u00e9mi Egry \u00fati<\/p>\n","protected":false},"author":3837,"featured_media":0,"parent":73570,"menu_order":50,"comment_status":"open","ping_status":"open","template":"","meta":{"_acf_changed":false,"footnotes":""},"categories":[],"tags":[],"class_list":["post-73573","page","type-page","status-publish","hentry"],"acf":[],"_links":{"self":[{"href":"https:\/\/univet.hu\/hu\/wp-json\/wp\/v2\/pages\/73573","targetHints":{"allow":["GET"]}}],"collection":[{"href":"https:\/\/univet.hu\/hu\/wp-json\/wp\/v2\/pages"}],"about":[{"href":"https:\/\/univet.hu\/hu\/wp-json\/wp\/v2\/types\/page"}],"author":[{"embeddable":true,"href":"https:\/\/univet.hu\/hu\/wp-json\/wp\/v2\/users\/3837"}],"replies":[{"embeddable":true,"href":"https:\/\/univet.hu\/hu\/wp-json\/wp\/v2\/comments?post=73573"}],"version-history":[{"count":1,"href":"https:\/\/univet.hu\/hu\/wp-json\/wp\/v2\/pages\/73573\/revisions"}],"predecessor-version":[{"id":189685,"href":"https:\/\/univet.hu\/hu\/wp-json\/wp\/v2\/pages\/73573\/revisions\/189685"}],"up":[{"embeddable":true,"href":"https:\/\/univet.hu\/hu\/wp-json\/wp\/v2\/pages\/73570"}],"wp:attachment":[{"href":"https:\/\/univet.hu\/hu\/wp-json\/wp\/v2\/media?parent=73573"}],"wp:term":[{"taxonomy":"category","embeddable":true,"href":"https:\/\/univet.hu\/hu\/wp-json\/wp\/v2\/categories?post=73573"},{"taxonomy":"post_tag","embeddable":true,"href":"https:\/\/univet.hu\/hu\/wp-json\/wp\/v2\/tags?post=73573"}],"curies":[{"name":"wp","href":"https:\/\/api.w.org\/{rel}","templated":true}]}}