{"id":73576,"date":"2022-04-27T14:46:33","date_gmt":"2022-04-27T12:46:33","guid":{"rendered":"https:\/\/univet.hu\/hu\/egyetem\/szervezeti-egysegek\/allatvedelmi-jogi-elemzo-es-modszertani-kozpont\/ev-allatvedo-ovodaja-es-altalanos-iskolaja-palyazat\/name\/"},"modified":"2025-08-29T10:40:00","modified_gmt":"2025-08-29T08:40:00","slug":"a-2022-evi-palyazat-nyertesek-zsuritagok-dijak","status":"publish","type":"page","link":"https:\/\/univet.hu\/hu\/egyetem\/szervezeti-egysegek\/allatvedelmi-jogi-elemzo-es-modszertani-kozpont\/ev-allatvedo-ovodaja-es-altalanos-iskolaja-palyazat\/a-2022-evi-palyazat-nyertesek-zsuritagok-dijak\/","title":{"rendered":"A 2022. \u00e9vi p\u00e1ly\u00e1zat (nyertesek, zs\u0171ritagok, d\u00edjak)"},"content":{"rendered":"<p>Az \u00c1llatorvostudom\u00e1nyi Egyetem \u00c1llatv\u00e9delmi K\u00f6zpontja \u00e9s az \u201e\u00c1llatv\u00e9delem gyerekeknek\u201d FB oldal szerkeszt\u0151bizotts\u00e1ga 2022-ben m\u00e1sodik alkalommal hirdette meg az \u00e1llatv\u00e9delmi oktat\u00e1si tev\u00e9kenys\u00e9get k\u00f6z\u00e9ppontba helyez\u0151 p\u00e1ly\u00e1zatot. A 2021-es nagy sikerre val\u00f3 tekintettel 2022-ben is d\u00edjazz\u00e1k a legjobb \u00e1llatv\u00e9d\u0151 oktat\u00e1si int\u00e9zm\u00e9nyeket: imm\u00e1r nem csak az \u201e\u00c9v \u00c1llatv\u00e9d\u0151 \u00d3vod\u00e1ja\u201d, hanem az \u201e\u00c9v \u00c1llatv\u00e9d\u0151 \u00c1ltal\u00e1nos Iskol\u00e1ja\u201d c\u00edmre is lehet p\u00e1ly\u00e1zni, valamint az \u201e\u00c1llatbar\u00e1t \u00d3voda\u201d \u00e9s \u201e\u00c1llatbar\u00e1t \u00c1ltal\u00e1nos Iskola\u201d c\u00edmek is elnyerhet\u0151k. Az \u00e1prilis 18-i hat\u00e1rid\u0151ig \u00f6sszesen 170 egy\u00e9ni p\u00e1ly\u00e1zat \u00e9rkezett (50 \u00e1ltal\u00e1nos iskola, 120 \u00f3voda), ami a 2021-es sz\u00e1m t\u00f6bb mint k\u00e9tszerese.<\/p> <p>A p\u00e1ly\u00e1zatra olyan \u00f3vod\u00e1k \u00e9s \u00e1ltal\u00e1nos iskol\u00e1k jelentkez\u00e9s\u00e9t v\u00e1rt\u00e1k, amelyek kiemelked\u0151en sokat tesznek az \u00e1llatv\u00e9delem\u00e9rt, \u00e9s t\u00f6rekednek arra, hogy be\u00e9p\u00edts\u00e9k a felel\u0151s \u00e1llattart\u00e1st a nevel\u00e9sbe, v\u00e1ltozatos \u00e9s kreat\u00edv programok seg\u00edts\u00e9g\u00e9vel. A p\u00e1ly\u00e1zatra minden magyarorsz\u00e1gi \u00e9s hat\u00e1ron t\u00fali magyar int\u00e9zm\u00e9ny jelentkezhetett.<\/p> <p>Az \u00e1llatv\u00e9delmi tov\u00e1bbk\u00e9pz\u00e9ssel kieg\u00e9sz\u00edtett \u00fcnnep\u00e9lyes d\u00edj\u00e1tad\u00f3ra 2022. j\u00fanius 29-\u00e9n ker\u00fclt sor az \u00c1llatorvostudom\u00e1nyi Egyetemen. A d\u00edjakat ez\u00fattal is Prof. Dr. S\u00f3tonyi P\u00e9ter rektor adta \u00e1t az \u00f3vod\u00e1k \u00e9s iskol\u00e1k k\u00e9pvisel\u0151inek.\u00a0A rektor az \u00fcnneps\u00e9gen elmondott k\u00f6sz\u00f6nt\u0151j\u00e9ben kiemelte: <strong>50 \u00e1ltal\u00e1nos iskola \u00e9s 120 \u00f3voda v\u00e1lt jogosultt\u00e1 az \u201e\u00c1llatbar\u00e1t \u00c1ltal\u00e1nos Iskola\u201d \u00e9s az \u201e\u00c1llatbar\u00e1t \u00d3voda\u201d c\u00edm haszn\u00e1lat\u00e1ra egy \u00e9ven kereszt\u00fcl, szemben a tavalyi 81 jelentkez\u0151 int\u00e9zm\u00e9nnyel<\/strong>.\u00a0 Az \u00e1llatv\u00e9delemmel kapcsolatos d\u00edjak \u00e1tad\u00e1sa mellett, az \u00c1llatorvostudom\u00e1nyi Egyetem \u00c1llatv\u00e9delmi K\u00f6zpontja \u2013 hasonl\u00f3an a tavalyi p\u00e9ld\u00e1hoz \u2013 id\u00e9n is tart egy online \u00e1llatv\u00e9delmi k\u00e9pz\u00e9st valamennyi \u00e1llatbar\u00e1t oktat\u00e1si int\u00e9zm\u00e9ny sz\u00e1m\u00e1ra, az \u00f6sszegy\u0171jt\u00f6tt j\u00f3 gyakorlatokra alapozva.<\/p> <p><strong>\u201e\u00c9v \u00c1llatv\u00e9d\u0151 \u00d3vod\u00e1ja 2022\u201d p\u00e1ly\u00e1zat nyertesei:<\/strong><\/p> <p>&#8211; Az \u201e\u00c9v \u00c1llatv\u00e9d\u0151 \u00d3vod\u00e1ja 2022\u201d: Veszpr\u00e9mi Egry \u00dati K\u00f6rzeti \u00d3voda<br \/> &#8211; II. Helyezett: H\u00f3dmez\u0151v\u00e1s\u00e1rhelyi Egyes\u00edtett \u00d3voda Szabads\u00e1g t\u00e9ri telephelye<br \/> &#8211; III. Helyezett: Sz\u00e1zszorsz\u00e9p \u00d3voda Debrecen<\/p> <p><strong>\u201e\u00c9v \u00c1llatv\u00e9d\u0151 \u00c1ltal\u00e1nos Iskol\u00e1ja 2022\u201d p\u00e1ly\u00e1zat nyertesei:<\/strong><\/p> <p>Megosztott els\u0151 hely:<br \/> &#8211; Az \u201e\u00c9v \u00c1llatv\u00e9d\u0151 \u00c1ltal\u00e1nos Iskol\u00e1ja 2022\u201d: Gy\u00f6mr\u0151i Fekete Istv\u00e1n \u00c1ltal\u00e1nos Iskola<br \/> &#8211; Az \u201e\u00c9v \u00c1llatv\u00e9d\u0151 \u00c1ltal\u00e1nos Iskol\u00e1ja 2022\u201d:\u00a0Veszpr\u00e9mi B\u00e1thory Istv\u00e1n Sportiskolai \u00c1ltal\u00e1nos Iskola<br \/> &#8211; II. Helyezett: Ny\u00edregyh\u00e1zi Arany J\u00e1nos Gimn\u00e1zium, \u00c1ltal\u00e1nos Iskola \u00e9s Koll\u00e9gium, Szab\u00f3 L\u0151rinc Tagint\u00e9zm\u00e9ny<\/p> <p><strong>Az \u201e\u00c9v \u00c1llatv\u00e9d\u0151 \u00d3vod\u00e1ja 2022\u201d \u00e9s \u201e\u00c9v \u00c1llatv\u00e9d\u0151 \u00c1ltal\u00e1nos Iskol\u00e1ja 2022\u201d p\u00e1ly\u00e1zat szakmai zs\u0171rij\u00e9nek tagjai (ABC sorrendben):<\/strong><\/p> <p style=\"padding-left: 30px\"><strong>\u00c1d\u00e1m Andrea<\/strong>, Bel\u00fcgyminiszt\u00e9rium, K\u00f6znevel\u00e9si Int\u00e9zm\u00e9nyir\u00e1ny\u00edt\u00e1si \u00e9s Finansz\u00edroz\u00e1si F\u0151oszt\u00e1ly, k\u00f6znevel\u00e9si finansz\u00edroz\u00e1si referens;<\/p> <p style=\"padding-left: 30px\"><strong>Gyurcs\u00f3 Gyul\u00e1n\u00e9<\/strong>, \u00dajbuda GAMESZ \u00dajbudai Pedag\u00f3giai Iroda, Tagint\u00e9zm\u00e9ny vezet\u0151je, Comenius-d\u00edjas \u00f3voda- \u00e9s iskolapedag\u00f3gus;<\/p> <p style=\"padding-left: 30px\"><strong>Kenyeres Erika<\/strong>, a Mancs a sz\u00edvre ifj\u00fas\u00e1gi centrum alap\u00edtv\u00e1ny kur\u00e1tora;<\/p> <p style=\"padding-left: 30px\"><strong>Koska Hedvig<\/strong>, az \u00c1llatv\u00e9delem gyerekeknek f\u0151szerkeszt\u0151je, Ov\u00e1di P\u00e9ter \u00e1llatv\u00e9delem\u00e9rt felel\u0151s korm\u00e1nybiztos szakmai tan\u00e1csad\u00f3ja;<\/p> <p style=\"padding-left: 30px\"><strong>Lizanecz Edina<\/strong>, Bel\u00fcgyminiszt\u00e9rium, K\u00f6znevel\u00e9si Strat\u00e9giai F\u0151oszt\u00e1ly, kisgyermekkori-\u00f3vodai szakreferens;<\/p> <p style=\"padding-left: 30px\"><strong>Dr. T\u00f3th Szabina<\/strong>, az \u00c1llatorvostudom\u00e1nyi Egyetem \u00c1llatv\u00e9delmi K\u00f6zpont tansz\u00e9ki \u00e1llatorvosa, egzotikus szak\u00e1llatorvos, vad\u00e1llatment\u0151;<\/p> <p style=\"padding-left: 30px\"><strong>Dr. Vetter Szilvia PhD.<\/strong>, az \u00c1llatorvostudom\u00e1nyi Egyetem \u00c1llatv\u00e9delmi Jogi, Elemz\u0151- \u00e9s M\u00f3dszertani K\u00f6zpont vezet\u0151je, \u00e1llatv\u00e9delmi jog\u00e1sz, oktat\u00f3, mesek\u00f6nyv\u00edr\u00f3.<\/p> <p><strong>Az \u201e\u00c9v \u00c1llatv\u00e9d\u0151 \u00d3vod\u00e1ja 2022\u201d \u00e9s \u201e\u00c9v \u00c1llatv\u00e9d\u0151 \u00c1ltal\u00e1nos Iskol\u00e1ja 2022\u201d p\u00e1ly\u00e1zat d\u00edjai:<\/strong><\/p> <p><strong>1. helyezettek:<\/strong><br \/> &#8211; Falra akaszthat\u00f3 oklev\u00e9l<br \/> &#8211; Veszpr\u00e9mi \u00c1llatkert: \u201eVIP \u00e9lm\u00e9nyt\u00fara a kulissz\u00e1k m\u00f6g\u00f6tt\u201d<br \/> &#8211; Kuty\u00e1s \u00e9rz\u00e9keny\u00edt\u0151 foglalkoz\u00e1s az \u00f3vod\u00e1ban \u00e9s az iskol\u00e1ban (Bar\u00e1thegyi Vakvezet\u0151 \u00e9s Seg\u00edt\u0151 Kutya Iskola Alap\u00edtv\u00e1ny)<br \/> &#8211; Magyar Macskav\u00e9d\u0151 Alap\u00edtv\u00e1ny: \u201eCica agility\u201d foglalkoz\u00e1s<br \/> &#8211; Rend\u0151rkuty\u00e1s bemutat\u00f3 (Rend\u0151rs\u00e9gi Oktat\u00e1si \u00e9s Kik\u00e9pz\u0151 K\u00f6zpont)<br \/> &#8211; L\u00e1togat\u00e1s egy vad\u00e1llatment\u0151 \u00e1llatorvosi rendel\u0151ben (T\u00fcskev\u00e1r \u00c1llatorvosi Rendel\u0151)<br \/> &#8211; \u201eAnya! Ugye, megtarthatom?\u201d mesek\u00f6nyv (Vetter Szilvia)<br \/> &#8211; Gy\u00f6ngycsib\u00e9k \u00e9s bar\u00e1taik c. k\u00f6nyv (Hollenczern\u00e9 Balogh Ilona)<br \/> &#8211; \u00c1llatos foglalkoztat\u00f3 f\u00fczetek nyomtatva (\u00c1llatv\u00e9delem gyerekeknek)<br \/> &#8211; Media Markt utalv\u00e1ny<\/p> <p><strong>2. helyezettek:<\/strong><br \/> &#8211; Falra akaszthat\u00f3 oklev\u00e9l<br \/> &#8211; Rend\u0151rkuty\u00e1s bemutat\u00f3<br \/> &#8211; L\u00e1togat\u00e1s egy vad\u00e1llatment\u0151 \u00e1llatorvosi rendel\u0151ben (T\u00fcskev\u00e1r \u00c1llatorvosi Rendel\u0151)<br \/> &#8211; \u201eAnya! Ugye, megtarthatom?\u201d mesek\u00f6nyv (Vetter Szilvia)<br \/> &#8211; Gy\u00f6ngycsib\u00e9k \u00e9s bar\u00e1taik c. k\u00f6nyv (Hollenczern\u00e9 Balogh Ilona)<br \/> &#8211; \u00c1llatos foglalkoztat\u00f3 f\u00fczetek nyomtatva (\u00c1llatv\u00e9delem gyerekeknek)<br \/> &#8211; Media Markt utalv\u00e1ny<\/p> <p><strong>3. helyezettek:<\/strong><br \/> &#8211; Falra akaszthat\u00f3 oklev\u00e9l<br \/> &#8211; Rend\u0151rkuty\u00e1s bemutat\u00f3<br \/> &#8211; L\u00e1togat\u00e1s egy vad\u00e1llatment\u0151 \u00e1llatorvosi rendel\u0151ben (T\u00fcskev\u00e1r \u00c1llatorvosi Rendel\u0151)<br \/> &#8211; \u201eAnya! Ugye, megtarthatom?\u201d mesek\u00f6nyv (Vetter Szilvia)<br \/> &#8211; Gy\u00f6ngycsib\u00e9k \u00e9s bar\u00e1taik c. k\u00f6nyv (Hollenczern\u00e9 Balogh Ilona)<br \/> &#8211; \u00c1llatos foglalkoztat\u00f3 f\u00fczetek nyomtatva (\u00c1llatv\u00e9delem gyerekeknek)<br \/> &#8211; Media Markt utalv\u00e1ny<\/p> <p><strong>Az \u00e1llatbar\u00e1t \u00f3vod\u00e1k list\u00e1ja az al\u00e1bbi linkre kattintva \u00e9rhet\u0151 el:<\/strong><\/p> <p><a href=\"https:\/\/allatvedelemgyerekeknek.hu\/bejegyzesek\/hirek\/120-ovoda-kapta-meg-az-allatbarat-cimet\/\">120 \u00d3voda kapta meg az \u00c1llatbar\u00e1t c\u00edmet \u2013 \u00c1llatv\u00e9delem gyerekeknek (allatvedelemgyerekeknek.hu)<\/a><\/p> <p><strong>Az \u00e1llatbar\u00e1t \u00e1ltal\u00e1nos iskol\u00e1k list\u00e1ja el\u00e9rhet\u0151 itt:<\/strong><\/p> <p><a href=\"https:\/\/allatvedelemgyerekeknek.hu\/bejegyzesek\/hirek\/50-altalanos-iskola-kapta-meg-az-allatbarat-cimet\/\">50 \u00c1ltal\u00e1nos Iskola kapta meg az \u00c1llatbar\u00e1t c\u00edmet \u2013 \u00c1llatv\u00e9delem gyerekeknek (allatvedelemgyerekeknek.hu)<\/a><\/p> <p>Tov\u00e1bbi inform\u00e1ci\u00f3:\u00a0https:\/\/allatvedelemgyerekeknek.hu\/hirek\/<\/p> <p>&nbsp;<\/p>","protected":false},"excerpt":{"rendered":"<p>Az \u00c1llatorvostudom\u00e1nyi Egyetem \u00c1llatv\u00e9delmi K\u00f6zpontja \u00e9s az \u201e\u00c1llatv\u00e9delem gyerekeknek\u201d FB oldal szerkeszt\u0151bizotts\u00e1ga 2022-ben m\u00e1sodik alkalommal hirdette meg az \u00e1llatv\u00e9delmi oktat\u00e1si tev\u00e9kenys\u00e9get k\u00f6z\u00e9ppontba helyez\u0151 p\u00e1ly\u00e1zatot. A 2021-es nagy sikerre val\u00f3 tekintettel 2022-ben is d\u00edjazz\u00e1k a legjobb \u00e1llatv\u00e9d\u0151 oktat\u00e1si int\u00e9zm\u00e9nyeket: imm\u00e1r nem csak az \u201e\u00c9v \u00c1llatv\u00e9d\u0151 \u00d3vod\u00e1ja\u201d, hanem az \u201e\u00c9v \u00c1llatv\u00e9d\u0151 \u00c1ltal\u00e1nos Iskol\u00e1ja\u201d c\u00edmre is lehet p\u00e1ly\u00e1zni,<\/p>\n","protected":false},"author":3837,"featured_media":0,"parent":73570,"menu_order":40,"comment_status":"open","ping_status":"open","template":"","meta":{"_acf_changed":false,"footnotes":""},"categories":[],"tags":[],"class_list":["post-73576","page","type-page","status-publish","hentry"],"acf":[],"_links":{"self":[{"href":"https:\/\/univet.hu\/hu\/wp-json\/wp\/v2\/pages\/73576","targetHints":{"allow":["GET"]}}],"collection":[{"href":"https:\/\/univet.hu\/hu\/wp-json\/wp\/v2\/pages"}],"about":[{"href":"https:\/\/univet.hu\/hu\/wp-json\/wp\/v2\/types\/page"}],"author":[{"embeddable":true,"href":"https:\/\/univet.hu\/hu\/wp-json\/wp\/v2\/users\/3837"}],"replies":[{"embeddable":true,"href":"https:\/\/univet.hu\/hu\/wp-json\/wp\/v2\/comments?post=73576"}],"version-history":[{"count":1,"href":"https:\/\/univet.hu\/hu\/wp-json\/wp\/v2\/pages\/73576\/revisions"}],"predecessor-version":[{"id":189683,"href":"https:\/\/univet.hu\/hu\/wp-json\/wp\/v2\/pages\/73576\/revisions\/189683"}],"up":[{"embeddable":true,"href":"https:\/\/univet.hu\/hu\/wp-json\/wp\/v2\/pages\/73570"}],"wp:attachment":[{"href":"https:\/\/univet.hu\/hu\/wp-json\/wp\/v2\/media?parent=73576"}],"wp:term":[{"taxonomy":"category","embeddable":true,"href":"https:\/\/univet.hu\/hu\/wp-json\/wp\/v2\/categories?post=73576"},{"taxonomy":"post_tag","embeddable":true,"href":"https:\/\/univet.hu\/hu\/wp-json\/wp\/v2\/tags?post=73576"}],"curies":[{"name":"wp","href":"https:\/\/api.w.org\/{rel}","templated":true}]}}