{"id":73717,"date":"2022-05-09T14:46:44","date_gmt":"2022-05-09T12:46:44","guid":{"rendered":"https:\/\/univet.hu\/hu\/egyetem\/palyazati-projektek\/nkfih-palyazatok\/uj-nemzeti-kivalosag-program\/title\/name\/"},"modified":"2022-05-12T12:57:36","modified_gmt":"2022-05-12T10:57:36","slug":"5-tudomannyal-fel-felsooktatasi-doktorvaromanyosi-es-posztdoktori-kutatoi-osztondij","status":"publish","type":"page","link":"https:\/\/univet.hu\/hu\/egyetem\/palyazati-projektek\/nkfih-palyazatok\/uj-nemzeti-kivalosag-program\/unkp-2022-2023\/5-tudomannyal-fel-felsooktatasi-doktorvaromanyosi-es-posztdoktori-kutatoi-osztondij\/","title":{"rendered":"5. \u201eTudom\u00e1nnyal fel!\u201d Fels\u0151oktat\u00e1si Doktorv\u00e1rom\u00e1nyosi \u00e9s Posztdoktori Kutat\u00f3i \u00d6szt\u00f6nd\u00edj"},"content":{"rendered":"<p>P\u00e1ly\u00e1z\u00e1shoz sz\u00fcks\u00e9ges dokumentumok:<\/p> <p><a href=\"https:\/\/univet.hu\/en\/egyetem\/palyazati-projektek\/nkfih-palyazatok\/uj-nemzeti-kivalosag-program\/unkp-2022-2023\/5-tudomannyal-fel-felsooktatasi-doktorvaromanyosi-es-posztdoktori-kutatoi-osztondij\/1-4_unkp_palyazati_kiiras_tudomannyal_fel_doktorvaromanyos_posztdoktor_2022-2\/\" rel=\"attachment wp-att-75385\">P\u00e1ly\u00e1zati ki\u00edr\u00e1s 2022-2023<\/a><\/p> <p><a href=\"https:\/\/univet.hu\/en\/egyetem\/palyazati-projektek\/nkfih-palyazatok\/uj-nemzeti-kivalosag-program\/unkp-2022-2023\/1-tehetseggel-fel-felsooktatast-megkezdo-kutatoi-osztondij\/2-1-1_unkp_palyazati_kiiras_1_melleklet_palyazati_adatlap_2022\/\" rel=\"attachment wp-att-73699\">P\u00e1ly\u00e1zati adatlap<\/a><\/p> <p><a href=\"https:\/\/univet.hu\/en\/egyetem\/palyazati-projektek\/nkfih-palyazatok\/uj-nemzeti-kivalosag-program\/unkp-2022-2023\/2-alapkepzes-hallgatoi-kutatoi-osztondij\/2-1-1-2_unkp_pk_felsos_alap_osztatl_felsos_mester_osztott_mester_dokt_kutatasi_terv_2022\/\" rel=\"attachment wp-att-73706\">Kutat\u00e1si terv <\/a><\/p> <p><a href=\"https:\/\/univet.hu\/en\/egyetem\/palyazati-projektek\/nkfih-palyazatok\/uj-nemzeti-kivalosag-program\/unkp-2022-2023\/1-tehetseggel-fel-felsooktatast-megkezdo-kutatoi-osztondij\/2-1-2_unkp_palyazati_adatlap_2_melleklet_a_felsooktatasi_intezmeny_szandeknyil_unkp_2022\/\" rel=\"attachment wp-att-73701\">\u00c1TE befogad\u00f3i sz\u00e1nd\u00e9knyilatkozat<\/a>(rektori al\u00e1\u00edr\u00e1s n\u00e9lk\u00fcl beny\u00fajtand\u00f3)<\/p> <p><a href=\"https:\/\/univet.hu\/en\/egyetem\/palyazati-projektek\/nkfih-palyazatok\/uj-nemzeti-kivalosag-program\/unkp-2022-2023\/1-tehetseggel-fel-felsooktatast-megkezdo-kutatoi-osztondij\/2-1-3_unkp_palyazati_adatlap_3_melleklet_palyazoi_nyilatkozat_unkp_2022\/\" rel=\"attachment wp-att-73700\">P\u00e1ly\u00e1z\u00f3i nyilatkozat<\/a><\/p> <p><a href=\"https:\/\/univet.hu\/en\/egyetem\/palyazati-projektek\/nkfih-palyazatok\/uj-nemzeti-kivalosag-program\/title\/1-tehetseggel-fel-felsooktatast-megkezdo-kutatoi-osztondij\/2-1-1_unkp_palyazati_kiiras_1_melleklet_palyazati_adatlap_2022\/\" rel=\"attachment wp-att-73699\">\u00a0<\/a><\/p> <p>A p\u00e1ly\u00e1zatokat az <a class=\"decrypt\" rel=\"volq\/uvepnboozbmgfmAvojwfu\/iv\" href=\"javascript:void(0);\">[Kattintson az emailc\u00edmhez]<\/a>\u00a0 e-mail c\u00edmre v\u00e1rjuk\u00a0<strong>2022. j\u00fanius 2-ig<\/strong>.<\/p>","protected":false},"excerpt":{"rendered":"<p>P\u00e1ly\u00e1z\u00e1shoz sz\u00fcks\u00e9ges dokumentumok: P\u00e1ly\u00e1zati ki\u00edr\u00e1s 2022-2023 P\u00e1ly\u00e1zati adatlap Kutat\u00e1si terv \u00c1TE befogad\u00f3i sz\u00e1nd\u00e9knyilatkozat(rektori al\u00e1\u00edr\u00e1s n\u00e9lk\u00fcl beny\u00fajtand\u00f3) P\u00e1ly\u00e1z\u00f3i nyilatkozat \u00a0 A p\u00e1ly\u00e1zatokat az [Kattintson az emailc\u00edmhez]\u00a0 e-mail c\u00edmre v\u00e1rjuk\u00a02022. j\u00fanius 2-ig.<\/p>\n","protected":false},"author":2572,"featured_media":0,"parent":73678,"menu_order":0,"comment_status":"open","ping_status":"open","template":"","meta":{"_acf_changed":false,"footnotes":""},"categories":[],"tags":[],"class_list":["post-73717","page","type-page","status-publish","hentry"],"acf":[],"_links":{"self":[{"href":"https:\/\/univet.hu\/hu\/wp-json\/wp\/v2\/pages\/73717","targetHints":{"allow":["GET"]}}],"collection":[{"href":"https:\/\/univet.hu\/hu\/wp-json\/wp\/v2\/pages"}],"about":[{"href":"https:\/\/univet.hu\/hu\/wp-json\/wp\/v2\/types\/page"}],"author":[{"embeddable":true,"href":"https:\/\/univet.hu\/hu\/wp-json\/wp\/v2\/users\/2572"}],"replies":[{"embeddable":true,"href":"https:\/\/univet.hu\/hu\/wp-json\/wp\/v2\/comments?post=73717"}],"version-history":[{"count":0,"href":"https:\/\/univet.hu\/hu\/wp-json\/wp\/v2\/pages\/73717\/revisions"}],"up":[{"embeddable":true,"href":"https:\/\/univet.hu\/hu\/wp-json\/wp\/v2\/pages\/73678"}],"wp:attachment":[{"href":"https:\/\/univet.hu\/hu\/wp-json\/wp\/v2\/media?parent=73717"}],"wp:term":[{"taxonomy":"category","embeddable":true,"href":"https:\/\/univet.hu\/hu\/wp-json\/wp\/v2\/categories?post=73717"},{"taxonomy":"post_tag","embeddable":true,"href":"https:\/\/univet.hu\/hu\/wp-json\/wp\/v2\/tags?post=73717"}],"curies":[{"name":"wp","href":"https:\/\/api.w.org\/{rel}","templated":true}]}}