{"id":73734,"date":"2022-05-09T14:53:42","date_gmt":"2022-05-09T12:53:42","guid":{"rendered":"https:\/\/univet.hu\/hu\/egyetem\/palyazati-projektek\/nkfih-palyazatok\/uj-nemzeti-kivalosag-program\/title\/name\/"},"modified":"2022-05-12T13:02:35","modified_gmt":"2022-05-12T11:02:35","slug":"6-bolyai-felsooktatasi-fiatal-oktatoi-kutatoi-osztondij","status":"publish","type":"page","link":"https:\/\/univet.hu\/hu\/egyetem\/palyazati-projektek\/nkfih-palyazatok\/uj-nemzeti-kivalosag-program\/unkp-2022-2023\/6-bolyai-felsooktatasi-fiatal-oktatoi-kutatoi-osztondij\/","title":{"rendered":"6. Bolyai+ Fels\u0151oktat\u00e1si Fiatal Oktat\u00f3i, Kutat\u00f3i \u00d6szt\u00f6nd\u00edj"},"content":{"rendered":"<p>P\u00e1ly\u00e1z\u00e1shoz sz\u00fcks\u00e9ges dokumentumok:<\/p> <p><a href=\"https:\/\/univet.hu\/en\/egyetem\/palyazati-projektek\/nkfih-palyazatok\/uj-nemzeti-kivalosag-program\/unkp-2022-2023\/6-bolyai-felsooktatasi-fiatal-oktatoi-kutatoi-osztondij\/1-5_unkp_palyazati_kiiras_bolyaiplusz_2022\/\" rel=\"attachment wp-att-73738\">P\u00e1ly\u00e1zati felh\u00edv\u00e1s 2022-2023<\/a><\/p> <p><a href=\"https:\/\/univet.hu\/en\/egyetem\/palyazati-projektek\/nkfih-palyazatok\/uj-nemzeti-kivalosag-program\/unkp-2022-2023\/6-bolyai-felsooktatasi-fiatal-oktatoi-kutatoi-osztondij\/2-1-1_unkp_palyazati_kiiras_1_melleklet_palyazati_adatlap_2022-2\/\" rel=\"attachment wp-att-75388\">P\u00e1ly\u00e1zati adatlap<\/a><\/p> <p><a href=\"https:\/\/univet.hu\/en\/egyetem\/palyazati-projektek\/nkfih-palyazatok\/uj-nemzeti-kivalosag-program\/unkp-2022-2023\/6-bolyai-felsooktatasi-fiatal-oktatoi-kutatoi-osztondij\/2-1-1-3_unkp_palyazati_adatlap_1_mellekelt_bolyaiplusz_kutatasi_terv_2022\/\" rel=\"attachment wp-att-73769\">Kutat\u00e1si terv<\/a><\/p> <p><a href=\"https:\/\/univet.hu\/en\/egyetem\/palyazati-projektek\/nkfih-palyazatok\/uj-nemzeti-kivalosag-program\/unkp-2022-2023\/1-tehetseggel-fel-felsooktatast-megkezdo-kutatoi-osztondij\/2-1-2_unkp_palyazati_adatlap_2_melleklet_a_felsooktatasi_intezmeny_szandeknyil_unkp_2022\/\" rel=\"attachment wp-att-73701\">\u00c1TE befogad\u00f3i sz\u00e1nd\u00e9knyilatkozat<\/a>(rektori al\u00e1\u00edr\u00e1s n\u00e9lk\u00fcl beny\u00fajtand\u00f3)<\/p> <p><a href=\"https:\/\/univet.hu\/en\/egyetem\/palyazati-projektek\/nkfih-palyazatok\/uj-nemzeti-kivalosag-program\/unkp-2022-2023\/1-tehetseggel-fel-felsooktatast-megkezdo-kutatoi-osztondij\/2-1-3_unkp_palyazati_adatlap_3_melleklet_palyazoi_nyilatkozat_unkp_2022\/\" rel=\"attachment wp-att-73700\">P\u00e1ly\u00e1z\u00f3i nyilatkozat<\/a><\/p> <p>A p\u00e1ly\u00e1zatokat az <a class=\"decrypt\" rel=\"volq\/cpmzbjqmvt{Avojwfu\/iv\" href=\"javascript:void(0);\">[Kattintson az emailc\u00edmhez]<\/a>\u00a0e-mail c\u00edmre v\u00e1rjuk\u00a0<strong>2022. j\u00fanius 30-ig<\/strong>.<\/p>","protected":false},"excerpt":{"rendered":"<p>P\u00e1ly\u00e1z\u00e1shoz sz\u00fcks\u00e9ges dokumentumok: P\u00e1ly\u00e1zati felh\u00edv\u00e1s 2022-2023 P\u00e1ly\u00e1zati adatlap Kutat\u00e1si terv \u00c1TE befogad\u00f3i sz\u00e1nd\u00e9knyilatkozat(rektori al\u00e1\u00edr\u00e1s n\u00e9lk\u00fcl beny\u00fajtand\u00f3) P\u00e1ly\u00e1z\u00f3i nyilatkozat A p\u00e1ly\u00e1zatokat az [Kattintson az emailc\u00edmhez]\u00a0e-mail c\u00edmre v\u00e1rjuk\u00a02022. j\u00fanius 30-ig.<\/p>\n","protected":false},"author":2572,"featured_media":0,"parent":73678,"menu_order":0,"comment_status":"open","ping_status":"open","template":"","meta":{"_acf_changed":false,"footnotes":""},"categories":[],"tags":[],"class_list":["post-73734","page","type-page","status-publish","hentry"],"acf":[],"_links":{"self":[{"href":"https:\/\/univet.hu\/hu\/wp-json\/wp\/v2\/pages\/73734","targetHints":{"allow":["GET"]}}],"collection":[{"href":"https:\/\/univet.hu\/hu\/wp-json\/wp\/v2\/pages"}],"about":[{"href":"https:\/\/univet.hu\/hu\/wp-json\/wp\/v2\/types\/page"}],"author":[{"embeddable":true,"href":"https:\/\/univet.hu\/hu\/wp-json\/wp\/v2\/users\/2572"}],"replies":[{"embeddable":true,"href":"https:\/\/univet.hu\/hu\/wp-json\/wp\/v2\/comments?post=73734"}],"version-history":[{"count":0,"href":"https:\/\/univet.hu\/hu\/wp-json\/wp\/v2\/pages\/73734\/revisions"}],"up":[{"embeddable":true,"href":"https:\/\/univet.hu\/hu\/wp-json\/wp\/v2\/pages\/73678"}],"wp:attachment":[{"href":"https:\/\/univet.hu\/hu\/wp-json\/wp\/v2\/media?parent=73734"}],"wp:term":[{"taxonomy":"category","embeddable":true,"href":"https:\/\/univet.hu\/hu\/wp-json\/wp\/v2\/categories?post=73734"},{"taxonomy":"post_tag","embeddable":true,"href":"https:\/\/univet.hu\/hu\/wp-json\/wp\/v2\/tags?post=73734"}],"curies":[{"name":"wp","href":"https:\/\/api.w.org\/{rel}","templated":true}]}}