{"id":741,"date":"2018-07-18T12:50:00","date_gmt":"2017-10-04T07:28:00","guid":{"rendered":"http:\/\/univet.hu\/oktatas\/doktori-iskola\/elerhetoseg\/"},"modified":"2025-10-20T14:46:09","modified_gmt":"2025-10-20T12:46:09","slug":"elerhetoseg","status":"publish","type":"page","link":"https:\/\/univet.hu\/hu\/oktatas\/doktori-iskola\/elerhetoseg\/","title":{"rendered":"El\u00e9rhet\u0151s\u00e9gek, Kapcsolat"},"content":{"rendered":"<p><span style=\"font-size: 14pt;font-family: georgia, palatino, serif\"><strong><span style=\"font-size: 18pt\">Doktori Iskola\u00a0<\/span><\/strong><\/span><\/p> <p><span style=\"font-family: georgia, palatino, serif\"><span style=\"font-size: 12pt\"><strong>Levelez\u00e9si c\u00edm: 1078\u00a0Budapest, \u00a0Istv\u00e1n u 2.<\/strong><\/span><span style=\"font-size: 12pt\"><strong><br \/> <\/strong><\/span><span style=\"font-size: 12pt\"><strong>Telefon: +36-1-478-4100 \/ 8083<br \/> <\/strong><\/span><span style=\"font-size: 12pt\"><strong>E-mail: <a class=\"decrypt\" rel=\"qieAvojwfu\/iv\" href=\"javascript:void(0);\">[Kattintson az emailc\u00edmhez]<\/a><\/strong><\/span><\/span><\/p> <p><span style=\"font-size: 14pt;font-family: georgia, palatino, serif\"><strong>\u00dcgyf\u00e9lfogad\u00e1s a Titk\u00e1rs\u00e1gon:<\/p> <p><\/strong><\/span><span style=\"font-size: 14pt;font-family: georgia, palatino, serif\"><strong>\u201cD\u201d \u00e9p\u00fclet (Hut\u00ffra Ferenc K\u00f6nyvt\u00e1r, Lev\u00e9lt\u00e1r \u00e9s M\u00fazeum), Fsz. 5. iroda\u00a0<\/strong><\/span><\/p> <ul> <li><span style=\"font-family: georgia, palatino, serif\">Kedd: 09:00 \u2013 12:00<\/span><\/li> <li><span style=\"font-family: georgia, palatino, serif\">Cs\u00fct\u00f6rt\u00f6k: 13:00 \u2013 16:00<\/span><\/li> <\/ul> <p><span style=\"font-family: georgia, palatino, serif\">A Doktori Iskola referensei:<\/span><\/p> <p><span style=\"font-family: georgia, palatino, serif\"><strong>Bariz Evelin<\/p> <p><\/strong><\/span><\/p> <p><span style=\"font-family: georgia, palatino, serif\"><strong>\u00dcgyf\u00e9lfogad\u00e1si id\u0151n k\u00edv\u00fcl e-mailen kereszt\u00fcl vagyunk el\u00e9rhet\u0151k a <a class=\"decrypt\" rel=\"qieAvojwfu\/iv\" href=\"javascript:void(0);\">[Kattintson az emailc\u00edmhez]<\/a>email c\u00edmen<\/strong><\/span><\/p> <p><span style=\"font-family: georgia, palatino, serif\">(Az \u00fcgyf\u00e9lfogad\u00e1s m\u00f3dosulhat habilit\u00e1ci\u00f3, PhD v\u00e9d\u00e9s, PhD szigorlat, DIT \u00e9s DHT \u00fcl\u00e9sek miatt.)<\/span><\/p> <p><span style=\"font-size: 14pt;font-family: georgia, palatino, serif\"><strong>\u00a0<\/strong><\/span><\/p> <p><span style=\"font-size: 14pt;font-family: georgia, palatino, serif\"><strong>Iskolavezet\u0151:<\/strong><\/span><\/p> <p><span style=\"font-family: georgia, palatino, serif\"><strong>Prof. Dr.\u00a0 R\u00e1cz Bence<br \/> <\/strong>Anat\u00f3miai \u00e9s Sz\u00f6vettani Tansz\u00e9k, E\/1 \u00e9p\u00fclet<\/span><br \/> <span style=\"font-size: 12pt;font-family: georgia, palatino, serif\"> Levelez\u00e9si c\u00edm: 1078\u00a0Budapest, \u00a0Istv\u00e1n u 2. <\/span><br \/> <span style=\"font-family: georgia, palatino, serif\"> <span style=\"text-align: left;color: #1a1a1a;text-transform: none;line-height: 1.1;text-indent: 0px;letter-spacing: normal;font-size: 12pt;font-style: normal;font-variant: normal;text-decoration: none;float: none;background-color: #ffffff\">06-1-478-4100\/8400<\/span><\/span><\/p> <p>&nbsp;<\/p> <p><span style=\"font-size: 14pt;font-family: georgia, palatino, serif\"><strong>Programvezet\u0151k:<\/strong><\/span><\/p> <p><span style=\"font-family: georgia, palatino, serif\"><strong>Aujeszky Alad\u00e1r Elm\u00e9leti \u00c1llatorvostudom\u00e1nyok Doktori Program:<\/strong><\/span><\/p> <ul> <li><span style=\"font-family: georgia, palatino, serif\"><strong>Prof. Dr. Farkas R\u00f3bert (Parazitol\u00f3giai \u00e9s \u00c1llattani Tansz\u00e9k)<br \/> <\/strong>\u201eA\u201d \u00e9p\u00fclet<\/span><br \/> <span style=\"font-family: georgia, palatino, serif\"> 06-1-478-4188 \/ 8300 mell\u00e9k<\/span><\/li> <\/ul> <p><span style=\"font-family: georgia, palatino, serif\"><strong>Marek J\u00f3zsef Klinikai \u00e9s \u00c9lelmiszerl\u00e1nc-biztons\u00e1gi\u00a0\u00c1llatorvostudom\u00e1nyok Doktori Program:<\/strong><\/span><\/p> <ul> <li><span style=\"font-family: georgia, palatino, serif\"><strong>Prof. Dr. \u00a0N\u00e9meth Tibor (Seb\u00e9szeti Tansz\u00e9k)<br \/> <\/strong>\u201eB\u201d \u00e9p\u00fclet<\/span><br \/> <span style=\"font-family: georgia, palatino, serif\"> 06-1-478-4132 \/ 8251 mell\u00e9k<\/span><\/li> <\/ul> <p>&nbsp;<\/p>","protected":false},"excerpt":{"rendered":"<p>Doktori Iskola\u00a0 Levelez\u00e9si c\u00edm: 1078\u00a0Budapest, \u00a0Istv\u00e1n u 2. Telefon: +36-1-478-4100 \/ 8083 E-mail: [Kattintson az emailc\u00edmhez] \u00dcgyf\u00e9lfogad\u00e1s a Titk\u00e1rs\u00e1gon: \u201cD\u201d \u00e9p\u00fclet (Hut\u00ffra Ferenc K\u00f6nyvt\u00e1r, Lev\u00e9lt\u00e1r \u00e9s M\u00fazeum), Fsz. 5. iroda\u00a0 Kedd: 09:00 \u2013 12:00 Cs\u00fct\u00f6rt\u00f6k: 13:00 \u2013 16:00 A Doktori Iskola referensei: Bariz Evelin \u00dcgyf\u00e9lfogad\u00e1si id\u0151n k\u00edv\u00fcl e-mailen kereszt\u00fcl vagyunk el\u00e9rhet\u0151k a [Kattintson az emailc\u00edmhez]email<\/p>\n","protected":false},"author":1,"featured_media":0,"parent":735,"menu_order":228,"comment_status":"closed","ping_status":"closed","template":"","meta":{"_acf_changed":false,"footnotes":""},"categories":[],"tags":[],"class_list":["post-741","page","type-page","status-publish","hentry"],"acf":[],"_links":{"self":[{"href":"https:\/\/univet.hu\/hu\/wp-json\/wp\/v2\/pages\/741","targetHints":{"allow":["GET"]}}],"collection":[{"href":"https:\/\/univet.hu\/hu\/wp-json\/wp\/v2\/pages"}],"about":[{"href":"https:\/\/univet.hu\/hu\/wp-json\/wp\/v2\/types\/page"}],"author":[{"embeddable":true,"href":"https:\/\/univet.hu\/hu\/wp-json\/wp\/v2\/users\/1"}],"replies":[{"embeddable":true,"href":"https:\/\/univet.hu\/hu\/wp-json\/wp\/v2\/comments?post=741"}],"version-history":[{"count":2,"href":"https:\/\/univet.hu\/hu\/wp-json\/wp\/v2\/pages\/741\/revisions"}],"predecessor-version":[{"id":193089,"href":"https:\/\/univet.hu\/hu\/wp-json\/wp\/v2\/pages\/741\/revisions\/193089"}],"up":[{"embeddable":true,"href":"https:\/\/univet.hu\/hu\/wp-json\/wp\/v2\/pages\/735"}],"wp:attachment":[{"href":"https:\/\/univet.hu\/hu\/wp-json\/wp\/v2\/media?parent=741"}],"wp:term":[{"taxonomy":"category","embeddable":true,"href":"https:\/\/univet.hu\/hu\/wp-json\/wp\/v2\/categories?post=741"},{"taxonomy":"post_tag","embeddable":true,"href":"https:\/\/univet.hu\/hu\/wp-json\/wp\/v2\/tags?post=741"}],"curies":[{"name":"wp","href":"https:\/\/api.w.org\/{rel}","templated":true}]}}