{"id":749,"date":"2018-07-02T13:50:00","date_gmt":"2017-10-16T08:42:00","guid":{"rendered":"http:\/\/univet.hu\/oktatas\/doktori-iskola\/szabalyzatok\/"},"modified":"2026-02-19T15:34:35","modified_gmt":"2026-02-19T14:34:35","slug":"szabalyzatok","status":"publish","type":"page","link":"https:\/\/univet.hu\/hu\/oktatas\/doktori-iskola\/szabalyzatok\/","title":{"rendered":"Szab\u00e1lyzatok"},"content":{"rendered":"<p><strong><br \/> A Doktori Iskola\u00a0hat\u00e1lyos szab\u00e1lyzatai:<\/strong><\/p> <p><strong>2025. 09. 24-t\u0151l\u00a0<\/strong><\/p> <ul> <li><a href=\"https:\/\/univet.hu\/wp-content\/uploads\/2025\/10\/Doktori-Iskola_Doktori-Szabalyzat.pdf\">Doktori Szab\u00e1lyzat<\/a><\/li> <\/ul> <p><strong>2024. 09. 05-t\u0151l<\/strong><\/p> <ul> <li><a href=\"https:\/\/univet.hu\/wp-content\/uploads\/2025\/09\/Kepzesi-Terv.pdf\">K\u00e9pz\u00e9si Terv &#8211; 2024. 09. 05-t\u0151l<\/a><\/li> <li><a href=\"https:\/\/univet.hu\/wp-content\/uploads\/2025\/03\/Doktori-Szabalyzat_honlapra.pdf\">Doktori Szab\u00e1lyzat &#8211; 2024. 09. 05-t\u0151l<\/a><\/li> <li><a href=\"https:\/\/univet.hu\/wp-content\/uploads\/2025\/10\/ATE_DI_Mukodesi_Szabalyzat.pdf\">M\u0171k\u00f6d\u00e9si Szab\u00e1lyzat 2024. 09. 05-t\u0151l<\/a><\/li> <li><a href=\"https:\/\/univet.hu\/wp-content\/uploads\/2024\/09\/Kutat\u00e1si-keret_Doktoranduszok-t\u00e1j\u00e9koztat\u00e1sa-2024.-szeptember.pdf\">Kutat\u00e1si keret_Doktoranduszok t\u00e1j\u00e9koztat\u00e1sa 2024. szeptember<\/a><\/li> <li><a href=\"https:\/\/univet.hu\/wp-content\/uploads\/2022\/08\/03_ATE_Habilit\u00e1ci\u00f3s_Szab\u00e1lyzat_20220629.pdf\">Habilit\u00e1ci\u00f3s Szab\u00e1lyzat<\/a><\/li> <li><a href=\"https:\/\/univet.hu\/wp-content\/uploads\/2023\/01\/\u00c1ODI-min\u0151s\u00e9gbiztos\u00edt\u00e1si-terve.pdf\">Min\u0151s\u00e9gbiztos\u00edt\u00e1si terv<\/a> <ul> <li style=\"list-style-type: none\"> <ul style=\"list-style-type: circle\"> <li><a href=\"https:\/\/univet.hu\/wp-content\/uploads\/2023\/01\/\u00c1ODI-folyamat\u00e1bra.docx\">Folyamat\u00e1bra<\/a><\/li> <li><a href=\"https:\/\/univet.hu\/wp-content\/uploads\/2025\/03\/ATE-DI-Minosegcelok-1.pdf\">Min\u0151s\u00e9gc\u00e9lok<\/a><\/li> <li><a href=\"https:\/\/univet.hu\/wp-content\/uploads\/2026\/02\/ATE-DI-Minosegcelok-2025_26.pdf\">Min\u0151s\u00e9gc\u00e9lok 2025\/2026. tan\u00e9vre<\/a><\/li> <li><a href=\"https:\/\/univet.hu\/wp-content\/uploads\/2025\/03\/Minosegpolitika.pdf\">Min\u0151s\u00e9gpolitika<\/a> <ul style=\"list-style-type: circle\"> <li>Feedback: <ul style=\"list-style-type: circle\"> <li><a href=\"https:\/\/univet.hu\/wp-content\/uploads\/2025\/08\/Kerdoivek_eredmenyek.pdf\">2024\/25\/1<\/a><\/li> <\/ul> <\/li> <\/ul> <\/li> <\/ul> <\/li> <\/ul> <\/li> <\/ul> <p><strong>2022. 06. 30-t\u00f3l 2024. 09. 05-ig<\/strong><\/p> <ul style=\"list-style-type: disc\"> <li><a href=\"https:\/\/univet.hu\/wp-content\/uploads\/2024\/09\/\u00c1TE_DI_K\u00e9pz\u00e9si-terv_2022.pdf\">K\u00e9pz\u00e9si Terv &#8211; 2022. 06. 30-t\u00f3l 2024. 09. 05-ig<\/a><\/li> <li><a href=\"https:\/\/univet.hu\/wp-content\/uploads\/2022\/08\/03_ATE_Doktori_Szab\u00e1lyzata_20220629.pdf\">Doktori Szab\u00e1lyzat<\/a><\/li> <li><a href=\"https:\/\/univet.hu\/wp-content\/uploads\/2022\/08\/ATE_DI_M\u0171k\u00f6d\u00e9si_Szab\u00e1lyzat_pdf.pdf\">M\u0171k\u00f6d\u00e9si Szab\u00e1lyzat<\/a><\/li> <\/ul> <p><strong> 2016. 09. 01-t\u0151l 2022. 06. 30-ig<\/strong><\/p> <ul style=\"list-style-type: disc\"> <li><a href=\"https:\/\/univet.hu\/wp-content\/uploads\/2020\/03\/ATE_DHSZ_es_DIT_ugyrendje_20191217-1.pdf\">Az Egyetem Doktori \u00e9s Habilit\u00e1ci\u00f3s Szab\u00e1lyzata\u00a0egys\u00e9ges szerkezetben a Doktori Iskola M\u0171k\u00f6d\u00e9si \u00e9s \u00dcgyrendi Szab\u00e1lyzat\u00e1val\u00a0<\/a>\u00a0(Utolj\u00e1ra m\u00f3dos\u00edtva: 2019. december 17-t\u0151l)<\/li> <li><a href=\"https:\/\/univet.hu\/files\/subpages\/308\/files\/Az%20%C3%81TE%20%C3%81llatorvostudom%C3%A1nyi%20Doktori%20Iskola%20min%C5%91s%C3%A9gbiztos%C3%ADt%C3%A1si%20terve%202017.pdf\" target=\"_blank\" rel=\"noopener\" data-replaced=\"true\">A DI min\u0151s\u00e9gbiztos\u00edt\u00e1sa<\/a><\/li> <li><a href=\"https:\/\/univet.hu\/files\/subpages\/308\/files\/Az%20%C3%81TE%20%C3%81llatorvostudom%C3%A1nyi%20Doktori%20Iskol%C3%A1j%C3%A1nak%20k%C3%A9pz%C3%A9si%20programja%20a%202017.pdf\" target=\"_blank\" rel=\"noopener\" data-replaced=\"true\">K\u00e9pz\u00e9si Terv &#8211; 2016. 09. 01-t\u0151l 2022. 06. 30-ig<\/a><\/li> <\/ul> <p><strong>2016. 09. 01-ig<\/strong><\/p> <ul style=\"list-style-type: disc\"> <li><a href=\"https:\/\/univet.hu\/files\/subpages\/308\/files\/DISz_20151126%281%29.pdf\" target=\"_blank\" rel=\"noopener\" data-replaced=\"true\">M\u0171k\u00f6d\u00e9si szab\u00e1lyzat (DISz)<\/a><\/li> <li><a href=\"https:\/\/univet.hu\/files\/subpages\/308\/files\/minoseg_234.pdf\" data-replaced=\"true\">A DI min\u0151s\u00e9gbiztos\u00edt\u00e1sa<\/a><\/li> <li><a href=\"https:\/\/univet.hu\/files\/subpages\/308\/files\/terv_234.pdf\" data-replaced=\"true\">K\u00e9pz\u00e9si Terv &#8211; 2016. 09. 01-ig<\/a><\/li> <li><a href=\"https:\/\/univet.hu\/files\/subpages\/308\/files\/EDSZ-egyetemi%20dokt%20szab%20erv%202014%20szie%20honlap15-05-07.pdf\" target=\"_blank\" rel=\"noopener\" data-replaced=\"true\">SZIE Doktori Szab\u00e1lyzat<\/a><\/li> <\/ul> <p>&nbsp;<\/p> <p><a href=\"https:\/\/univet.hu\/wp-content\/uploads\/2026\/02\/eves-ertekelo-jelentes_2024_25.pdf\">\u00c9ves \u00e9rt\u00e9kel\u0151 jelent\u00e9s (2024\/2025)<\/a><\/p> <p><a href=\"https:\/\/univet.hu\/wp-content\/uploads\/2025\/03\/Eves-ertekelo-jelentes_2023_24.pdf\">\u00c9ves \u00e9rt\u00e9kel\u0151 jelent\u00e9s (2023\/2024)<\/a><\/p> <p><a href=\"https:\/\/univet.hu\/wp-content\/uploads\/2024\/04\/Eves-ertekelo-jelentes-2023.docx\">\u00c9ves \u00e9rt\u00e9kel\u0151 jelent\u00e9s (2022\/2023)<\/a><\/p> <p><a href=\"https:\/\/univet.hu\/wp-content\/uploads\/2023\/01\/Doktori-Iskola_\u00e9ves-\u00e9rt\u00e9kel\u0151-jelent\u00e9s2021-2022.pdf\">\u00c9ves \u00e9rt\u00e9kel\u0151 jelent\u00e9s (2021\/2022)<\/a><\/p> <p><a href=\"https:\/\/univet.hu\/wp-content\/uploads\/2023\/01\/Doktori-Iskola_\u00e9ves-\u00e9rt\u00e9kel\u0151-jelent\u00e9s2020-2021.pdf\">\u00c9ves \u00e9rt\u00e9kel\u0151 jelent\u00e9s (2020\/2021<\/a><a href=\"https:\/\/univet.hu\/wp-content\/uploads\/2023\/01\/2021_2022-\u00e9vi-\u00e9rt\u00e9kel\u0151-jelent\u00e9s.docx\">)<\/a><\/p> <p>&nbsp;<\/p> <div><\/div>","protected":false},"excerpt":{"rendered":"<p>A Doktori Iskola\u00a0hat\u00e1lyos szab\u00e1lyzatai: 2025. 09. 24-t\u0151l\u00a0 Doktori Szab\u00e1lyzat 2024. 09. 05-t\u0151l K\u00e9pz\u00e9si Terv &#8211; 2024. 09. 05-t\u0151l Doktori Szab\u00e1lyzat &#8211; 2024. 09. 05-t\u0151l M\u0171k\u00f6d\u00e9si Szab\u00e1lyzat 2024. 09. 05-t\u0151l Kutat\u00e1si keret_Doktoranduszok t\u00e1j\u00e9koztat\u00e1sa 2024. szeptember Habilit\u00e1ci\u00f3s Szab\u00e1lyzat Min\u0151s\u00e9gbiztos\u00edt\u00e1si terv Folyamat\u00e1bra Min\u0151s\u00e9gc\u00e9lok Min\u0151s\u00e9gc\u00e9lok 2025\/2026. tan\u00e9vre Min\u0151s\u00e9gpolitika Feedback: 2024\/25\/1 2022. 06. 30-t\u00f3l 2024. 09. 05-ig K\u00e9pz\u00e9si Terv &#8211;<\/p>\n","protected":false},"author":1,"featured_media":0,"parent":735,"menu_order":228,"comment_status":"closed","ping_status":"closed","template":"","meta":{"_acf_changed":false,"footnotes":""},"categories":[],"tags":[],"class_list":["post-749","page","type-page","status-publish","hentry"],"acf":[],"_links":{"self":[{"href":"https:\/\/univet.hu\/hu\/wp-json\/wp\/v2\/pages\/749","targetHints":{"allow":["GET"]}}],"collection":[{"href":"https:\/\/univet.hu\/hu\/wp-json\/wp\/v2\/pages"}],"about":[{"href":"https:\/\/univet.hu\/hu\/wp-json\/wp\/v2\/types\/page"}],"author":[{"embeddable":true,"href":"https:\/\/univet.hu\/hu\/wp-json\/wp\/v2\/users\/1"}],"replies":[{"embeddable":true,"href":"https:\/\/univet.hu\/hu\/wp-json\/wp\/v2\/comments?post=749"}],"version-history":[{"count":5,"href":"https:\/\/univet.hu\/hu\/wp-json\/wp\/v2\/pages\/749\/revisions"}],"predecessor-version":[{"id":201202,"href":"https:\/\/univet.hu\/hu\/wp-json\/wp\/v2\/pages\/749\/revisions\/201202"}],"up":[{"embeddable":true,"href":"https:\/\/univet.hu\/hu\/wp-json\/wp\/v2\/pages\/735"}],"wp:attachment":[{"href":"https:\/\/univet.hu\/hu\/wp-json\/wp\/v2\/media?parent=749"}],"wp:term":[{"taxonomy":"category","embeddable":true,"href":"https:\/\/univet.hu\/hu\/wp-json\/wp\/v2\/categories?post=749"},{"taxonomy":"post_tag","embeddable":true,"href":"https:\/\/univet.hu\/hu\/wp-json\/wp\/v2\/tags?post=749"}],"curies":[{"name":"wp","href":"https:\/\/api.w.org\/{rel}","templated":true}]}}