{"id":75768,"date":"2022-06-01T08:46:53","date_gmt":"2022-06-01T06:46:53","guid":{"rendered":"https:\/\/univet.hu\/hu\/egyetem\/kozerdeku-adatok\/gazdalkodasi-adatok\/name\/"},"modified":"2022-06-01T08:46:54","modified_gmt":"2022-06-01T06:46:54","slug":"2021-evi-beszamolo","status":"publish","type":"page","link":"https:\/\/univet.hu\/hu\/egyetem\/kozerdeku-adatok\/gazdalkodasi-adatok\/2021-evi-beszamolo\/","title":{"rendered":"2021. \u00e9vi besz\u00e1mol\u00f3"},"content":{"rendered":"<p><a href=\"https:\/\/univet.hu\/en\/egyetem\/kozerdeku-adatok\/gazdalkodasi-adatok\/2021-evi-beszamolo\/2021-evi-eves-beszamolo\/\" rel=\"attachment wp-att-75769\">2021. \u00e9vi \u00e9ves besz\u00e1mol\u00f3<\/a><\/p> <p><a href=\"https:\/\/univet.hu\/en\/egyetem\/kozerdeku-adatok\/gazdalkodasi-adatok\/2021-evi-beszamolo\/2021-evi-fuggetlen-konyvvizsgaloi-jelentes\/\" rel=\"attachment wp-att-75770\">2021. \u00e9vi f\u00fcggetlen k\u00f6nyvvizsg\u00e1l\u00f3i jelent\u00e9s<\/a><\/p> <p><a href=\"https:\/\/univet.hu\/en\/egyetem\/kozerdeku-adatok\/gazdalkodasi-adatok\/2021-evi-beszamolo\/2021-evi-kiegeszito-melleklet\/\" rel=\"attachment wp-att-75771\">2021. \u00e9vi kieg\u00e9sz\u00edt\u0151 mell\u00e9klet<\/a><\/p> <p><a href=\"https:\/\/univet.hu\/en\/egyetem\/kozerdeku-adatok\/gazdalkodasi-adatok\/2021-evi-beszamolo\/2021-evi-kozhasznu-beszamolo\/\" rel=\"attachment wp-att-75772\">2021. \u00e9vi k\u00f6zhaszn\u00fa besz\u00e1mol\u00f3<\/a><\/p> <p><a href=\"https:\/\/univet.hu\/en\/egyetem\/kozerdeku-adatok\/gazdalkodasi-adatok\/2021-evi-beszamolo\/2021-evi-kozhasznu-szakmai-beszamolo\/\" rel=\"attachment wp-att-75773\">2021. \u00e9vi k\u00f6zhaszn\u00fa szakmai besz\u00e1mol\u00f3<\/a><\/p> <p><a href=\"https:\/\/univet.hu\/en\/egyetem\/kozerdeku-adatok\/gazdalkodasi-adatok\/2021-evi-beszamolo\/2021-evi-kozhasznusagi-melleklet\/\" rel=\"attachment wp-att-75774\">2021. \u00e9vi k\u00f6zhaszn\u00fas\u00e1gi mell\u00e9klet<\/a><\/p>","protected":false},"excerpt":{"rendered":"<p>2021. \u00e9vi \u00e9ves besz\u00e1mol\u00f3 2021. \u00e9vi f\u00fcggetlen k\u00f6nyvvizsg\u00e1l\u00f3i jelent\u00e9s 2021. \u00e9vi kieg\u00e9sz\u00edt\u0151 mell\u00e9klet 2021. \u00e9vi k\u00f6zhaszn\u00fa besz\u00e1mol\u00f3 2021. \u00e9vi k\u00f6zhaszn\u00fa szakmai besz\u00e1mol\u00f3 2021. \u00e9vi k\u00f6zhaszn\u00fas\u00e1gi mell\u00e9klet<\/p>\n","protected":false},"author":2518,"featured_media":0,"parent":64693,"menu_order":30,"comment_status":"open","ping_status":"open","template":"","meta":{"_acf_changed":false,"footnotes":""},"categories":[],"tags":[],"class_list":["post-75768","page","type-page","status-publish","hentry"],"acf":[],"_links":{"self":[{"href":"https:\/\/univet.hu\/hu\/wp-json\/wp\/v2\/pages\/75768","targetHints":{"allow":["GET"]}}],"collection":[{"href":"https:\/\/univet.hu\/hu\/wp-json\/wp\/v2\/pages"}],"about":[{"href":"https:\/\/univet.hu\/hu\/wp-json\/wp\/v2\/types\/page"}],"author":[{"embeddable":true,"href":"https:\/\/univet.hu\/hu\/wp-json\/wp\/v2\/users\/2518"}],"replies":[{"embeddable":true,"href":"https:\/\/univet.hu\/hu\/wp-json\/wp\/v2\/comments?post=75768"}],"version-history":[{"count":0,"href":"https:\/\/univet.hu\/hu\/wp-json\/wp\/v2\/pages\/75768\/revisions"}],"up":[{"embeddable":true,"href":"https:\/\/univet.hu\/hu\/wp-json\/wp\/v2\/pages\/64693"}],"wp:attachment":[{"href":"https:\/\/univet.hu\/hu\/wp-json\/wp\/v2\/media?parent=75768"}],"wp:term":[{"taxonomy":"category","embeddable":true,"href":"https:\/\/univet.hu\/hu\/wp-json\/wp\/v2\/categories?post=75768"},{"taxonomy":"post_tag","embeddable":true,"href":"https:\/\/univet.hu\/hu\/wp-json\/wp\/v2\/tags?post=75768"}],"curies":[{"name":"wp","href":"https:\/\/api.w.org\/{rel}","templated":true}]}}