{"id":759,"date":"2017-10-04T10:39:00","date_gmt":"2017-10-04T08:39:00","guid":{"rendered":"http:\/\/univet.hu\/oktatas\/doktori-iskola\/hallgatok\/"},"modified":"2024-10-07T14:06:46","modified_gmt":"2024-10-07T12:06:46","slug":"hallgatok","status":"publish","type":"page","link":"https:\/\/univet.hu\/hu\/oktatas\/doktori-iskola\/hallgatok\/","title":{"rendered":"Hallgat\u00f3k"},"content":{"rendered":"<p><strong><a href=\"https:\/\/doktori.hu\/index.php?menuid=635&amp;lang=HU&amp;diID=220\">Az \u00c1llatorvostudom\u00e1nyi Egyetem Doktori Iskol\u00e1j\u00e1nak hallgat\u00f3i ide kattintva l\u00e1that\u00f3ak (doktori.hu)<\/a><\/strong><\/p> <p>&nbsp;<\/p>","protected":false},"excerpt":{"rendered":"<p>Az \u00c1llatorvostudom\u00e1nyi Egyetem Doktori Iskol\u00e1j\u00e1nak hallgat\u00f3i ide kattintva l\u00e1that\u00f3ak (doktori.hu) &nbsp;<\/p>\n","protected":false},"author":1,"featured_media":0,"parent":735,"menu_order":228,"comment_status":"closed","ping_status":"closed","template":"","meta":{"_acf_changed":false,"footnotes":""},"categories":[],"tags":[],"class_list":["post-759","page","type-page","status-publish","hentry"],"acf":[],"_links":{"self":[{"href":"https:\/\/univet.hu\/hu\/wp-json\/wp\/v2\/pages\/759","targetHints":{"allow":["GET"]}}],"collection":[{"href":"https:\/\/univet.hu\/hu\/wp-json\/wp\/v2\/pages"}],"about":[{"href":"https:\/\/univet.hu\/hu\/wp-json\/wp\/v2\/types\/page"}],"author":[{"embeddable":true,"href":"https:\/\/univet.hu\/hu\/wp-json\/wp\/v2\/users\/1"}],"replies":[{"embeddable":true,"href":"https:\/\/univet.hu\/hu\/wp-json\/wp\/v2\/comments?post=759"}],"version-history":[{"count":0,"href":"https:\/\/univet.hu\/hu\/wp-json\/wp\/v2\/pages\/759\/revisions"}],"up":[{"embeddable":true,"href":"https:\/\/univet.hu\/hu\/wp-json\/wp\/v2\/pages\/735"}],"wp:attachment":[{"href":"https:\/\/univet.hu\/hu\/wp-json\/wp\/v2\/media?parent=759"}],"wp:term":[{"taxonomy":"category","embeddable":true,"href":"https:\/\/univet.hu\/hu\/wp-json\/wp\/v2\/categories?post=759"},{"taxonomy":"post_tag","embeddable":true,"href":"https:\/\/univet.hu\/hu\/wp-json\/wp\/v2\/tags?post=759"}],"curies":[{"name":"wp","href":"https:\/\/api.w.org\/{rel}","templated":true}]}}