{"id":761,"date":"2018-05-22T13:09:00","date_gmt":"2018-01-18T10:16:00","guid":{"rendered":"http:\/\/univet.hu\/oktatas\/doktori-iskola\/letoltheto-dokumentumok\/"},"modified":"2026-03-20T10:50:49","modified_gmt":"2026-03-20T09:50:49","slug":"letoltheto-dokumentumok","status":"publish","type":"page","link":"https:\/\/univet.hu\/hu\/oktatas\/doktori-iskola\/letoltheto-dokumentumok\/","title":{"rendered":"Let\u00f6lthet\u0151 dokumentumok"},"content":{"rendered":"<div> <p style=\"text-align: left\"><strong>Komplex vizsga:<\/strong><\/p> <ul style=\"text-align: left\"> <li><a href=\"https:\/\/univet.hu\/wp-content\/uploads\/2025\/10\/Regisztracios-lap-komplex-vizsgara-2.docx\">Regisztr\u00e1ci\u00f3s lap komplex vizsg\u00e1ra<\/a><\/li> <li><a href=\"https:\/\/univet.hu\/wp-content\/uploads\/2025\/10\/A-komplex-vizsga-jegyzokonyve-1.docx\">Komplex vizsga jegyz\u0151k\u00f6nyve<\/a><\/li> <li><a href=\"https:\/\/univet.hu\/wp-content\/uploads\/2025\/10\/F23-DI-JELENLETIx_uj.docx\">F23 Jelenl\u00e9ti \u00edv (m\u0171helyvita, szigorlat, v\u00e9d\u00e9s, komplex vizsga)<\/a><\/li> <\/ul> <\/div> <p style=\"text-align: left\"><strong>T\u00e1j\u00e9koztat\u00f3k:<\/strong><\/p> <div style=\"text-align: left\"> <ul> <li><a href=\"https:\/\/univet.hu\/wp-content\/uploads\/2024\/08\/A-doktori-elj\u00e1r\u00e1s-menete-_-2016.-szeptember-1.-ut\u00e1n-kezd\u0151knek.pdf\">Doktori V\u00c9D\u00c9SI \u00fcgymenet (2016. 09. 01. UT\u00c1N beiratkoz\u00f3k)<\/a><\/li> <li><a href=\"https:\/\/univet.hu\/wp-content\/uploads\/2020\/04\/Doktori_eljaras_ugymenet.pdf\">Fokozatszerz\u00e9s \u00fcgymenete ( csak a tanulm\u00e1nyaikat 2016. 09. 01. EL\u0150TT megkezd\u0151k eset\u00e9ben)<\/a><\/li> <\/ul> <\/div> <p style=\"text-align: left\"><strong>\u00c9rtekez\u00e9s, t\u00e9zisek:<\/strong><\/p> <ul style=\"text-align: left\"> <li><a href=\"https:\/\/univet.hu\/wp-content\/uploads\/2026\/03\/A-doktori-ertekezes-es-a-tezisek-tartalmi-es-formai-kovetelmenyei.docx\">A doktori \u00e9rtekez\u00e9s \u00e9s a t\u00e9zisek tartalmi \u00e9s formai k\u00f6vetelm\u00e9nyei<\/a><\/li> <li><a href=\"https:\/\/univet.hu\/wp-content\/uploads\/2026\/03\/Tezisek.docx\">T\u00e9zisek<\/a><\/li> <\/ul> <p style=\"text-align: left\"><strong>Checklist:<\/strong><\/p> <ul> <li style=\"text-align: left\"><a href=\"https:\/\/univet.hu\/wp-content\/uploads\/2020\/04\/F22-DI-CHECKLISTx.doc\">F22_Ellen\u0151rz\u0151 lista\u00a0(a k\u00e9pz\u00e9st 2016. szeptember 1. el\u0151tt kezd\u0151knek)<\/a><\/li> <li style=\"text-align: left\"><a href=\"https:\/\/univet.hu\/wp-content\/uploads\/2026\/03\/Checklist_2016_09_01_UTAN_UJ_x-1.pdf\">F22 Ellen\u0151rz\u0151 lista (a k\u00e9pz\u00e9st 2016. szeptember 1. ut\u00e1n kezd\u0151knek)<\/a><\/li> <\/ul> <p style=\"text-align: left\"><strong>DOKTORI V\u00c9D\u00c9SI ELJ\u00c1R\u00c1S DOKUMENTUMAI (2016. 09.01. ut\u00e1n beiratkoz\u00f3k)<\/strong><\/p> <p style=\"padding-left: 40px\"><strong>M\u0171helyvita:<\/strong><\/p> <ul> <li style=\"list-style-type: none\"> <ul> <li><a href=\"https:\/\/univet.hu\/wp-content\/uploads\/2025\/10\/F14-OPPmhelyx_uj.docx\">F14 B\u00edr\u00e1lat doktori \u00e9rtekez\u00e9s m\u0171helyvit\u00e1j\u00e1hoz<\/a><\/li> <li><a href=\"https:\/\/univet.hu\/wp-content\/uploads\/2025\/10\/A-muhelyvita-jegyzokonyve.docx\">F15 Doktori \u00e9rtekez\u00e9s m\u0171helyvit\u00e1j\u00e1nak jegyz\u0151k\u00f6nyve<\/a><\/li> <li><a href=\"https:\/\/univet.hu\/wp-content\/uploads\/2025\/10\/F23-DI-JELENLETIx_uj.docx\">F23 Jelenl\u00e9ti \u00edv (m\u0171helyvita, szigorlat, v\u00e9d\u00e9s, komplex vizsga)<\/a><\/li> <\/ul> <\/li> <\/ul> <p style=\"padding-left: 40px\"><strong>A doktori disszert\u00e1ci\u00f3:<\/strong><\/p> <ul> <li style=\"list-style-type: none\"> <ul> <li><a href=\"https:\/\/univet.hu\/wp-content\/uploads\/2026\/03\/A-doktori-ertekezes-es-a-tezisek-tartalmi-es-formai-kovetelmenyei.docx\">A doktori \u00e9rtekez\u00e9s \u00e9s a t\u00e9zisek tartalmi \u00e9s formai k\u00f6vetelm\u00e9nyei<\/a><\/li> <li><a href=\"https:\/\/univet.hu\/wp-content\/uploads\/2026\/03\/Tezisek.docx\">T\u00e9zisek<\/a><\/li> <\/ul> <\/li> <\/ul> <p style=\"padding-left: 40px\"><strong>Jelentkez\u00e9s doktori (PhD-) v\u00e9d\u00e9sre\u00a0<\/strong><\/p> <ul> <li style=\"list-style-type: none\"> <ul> <li><a href=\"https:\/\/univet.hu\/wp-content\/uploads\/2026\/03\/F11_reglap_doktori_vedesre.docx\">F11 regisztr\u00e1ci\u00f3s lap doktori (PhD-) v\u00e9d\u00e9sre<\/a><\/li> <li><a href=\"https:\/\/univet.hu\/wp-content\/uploads\/2025\/10\/F12-DI-PUBJEGY_ujx.doc\">F12 Publik\u00e1ci\u00f3s jegyz\u00e9k<\/a><\/li> <li><a href=\"https:\/\/univet.hu\/wp-content\/uploads\/2026\/03\/F18-A-doktori-ertekezes-hivatalos-biralata.docx\">F18 A doktori \u00e9rtekez\u00e9s hivatalos b\u00edr\u00e1lata<\/a><\/li> <li><a href=\"https:\/\/univet.hu\/wp-content\/uploads\/2020\/04\/F19-DI-VEDESBEx.doc\">F19 Doktori \u00e9rtekez\u00e9s nyilv\u00e1nos vit\u00e1j\u00e1nak bejelent\u00e9se<\/a><\/li> <li><a href=\"https:\/\/univet.hu\/wp-content\/uploads\/2024\/08\/D07-DI-FORGATOKONYV.docx\">D07 Nyilv\u00e1nos vita forgat\u00f3k\u00f6nyve<\/a><\/li> <li><a href=\"https:\/\/univet.hu\/wp-content\/uploads\/2024\/09\/03_F20-DI-JZKVEDES-1.docx\">F20 Doktori \u00e9rtekez\u00e9s nyilv\u00e1nos vit\u00e1j\u00e1nak jegyz\u0151k\u00f6nyve<\/a><\/li> <li><a href=\"https:\/\/univet.hu\/wp-content\/uploads\/2025\/10\/F23-DI-JELENLETIx_uj.docx\">F23 Jelenl\u00e9ti \u00edv (m\u0171helyvita, szigorlat, v\u00e9d\u00e9s, komplex vizsga)<\/a><\/li> <li><a href=\"https:\/\/univet.hu\/wp-content\/uploads\/2025\/06\/Temavezetoi-nyilatkozat_F50_plagiumvizsgalat.docx\">F50 T\u00e9mavezet\u0151i nyilatkozat doktori \u00e9rtekez\u00e9shez<\/a><\/li> <\/ul> <\/li> <\/ul> <p><strong>A FOKOZATSZERZ\u00c9SI ELJ\u00c1R\u00c1S DOKUMENTUMAI (kiz\u00e1r\u00f3lag a 2016. 09.01. el\u0151tt beiratkoz\u00f3k eset\u00e9ben )<\/strong><\/p> <p style=\"padding-left: 40px\"><strong>Szigorlat (r\u00e9gi k\u00e9pz\u00e9s):<\/strong><\/p> <ul> <li style=\"list-style-type: none\"> <ul> <li><a href=\"https:\/\/univet.hu\/wp-content\/uploads\/2020\/04\/F16.1-DI-SzIGBE.doc\">F16 Szigorlati id\u0151pont bejelent\u00e9se<\/a><\/li> <li><a href=\"https:\/\/univet.hu\/wp-content\/uploads\/2024\/09\/F17-DI-JZKSZIGx.doc\">F17 Doktori Szigorlat jegyz\u0151k\u00f6nyve<\/a><\/li> <li><a href=\"https:\/\/univet.hu\/wp-content\/uploads\/2024\/09\/F23-DI-JELENLETIx_\u00faj.docx\">F23 Jelenl\u00e9ti \u00edv (m\u0171helyvita, szigorlat, v\u00e9d\u00e9s, komplex vizsga)<\/a><\/li> <\/ul> <\/li> <\/ul> <p style=\"padding-left: 40px\"><strong>A doktori disszert\u00e1ci\u00f3:\u00a0<\/strong><\/p> <ul> <li style=\"list-style-type: none\"> <ul> <li><a href=\"https:\/\/univet.hu\/wp-content\/uploads\/2023\/01\/A-doktori-\u00e9rtekez\u00e9s-\u00e9s-a-t\u00e9zisek-tartalmi-\u00e9s-formai-k\u00f6vetelm\u00e9nyei.docx\">A doktori \u00e9rtekez\u00e9s \u00e9s a t\u00e9zisek tartalmi \u00e9s formai k\u00f6vetelm\u00e9nyei<\/a><\/li> <li><a href=\"https:\/\/univet.hu\/wp-content\/uploads\/2023\/01\/Irodalomjegyz\u00e9k-\u00f6ssze\u00e1ll\u00edt\u00e1sa-\u00e9s-a-hivatkoz\u00e1s.docx\">Irodalomjegyz\u00e9k \u00f6ssze\u00e1ll\u00edt\u00e1sa \u00e9s a hivatkoz\u00e1s<\/a><\/li> <li><a href=\"https:\/\/univet.hu\/wp-content\/uploads\/2023\/01\/T\u00e9zisek.docx\">T\u00e9zisek<\/a><\/li> <\/ul> <\/li> <\/ul> <p style=\"padding-left: 40px\"><strong>Jelentkez\u00e9s fokozatszerz\u00e9sre (kiz\u00e1r\u00f3lag a 2016. 09.01. el\u0151tt beiratkoz\u00f3k eset\u00e9ben)<\/strong><\/p> <ul> <li style=\"list-style-type: none\"> <ul> <li><a href=\"https:\/\/univet.hu\/wp-content\/uploads\/2024\/08\/F11_R\u00c9GI_K\u00c9PZ\u00c9S-DI-Jelentkez\u00e9s_Szig\u00e9sB\u00edr\u00e1l\u00f3Bizotts\u00e1gx.doc\">F11 Jelentkez\u00e9s fokozatszerz\u00e9sre<\/a><\/li> <li><a href=\"https:\/\/univet.hu\/wp-content\/uploads\/2023\/01\/Doktori-\u00e9rtekez\u00e9s-hivatalos-b\u00edr\u00e1lata.docx\">F18 A doktori \u00e9rtekez\u00e9s hivatalos b\u00edr\u00e1lata<\/a><\/li> <li><a href=\"https:\/\/univet.hu\/wp-content\/uploads\/2020\/04\/F19-DI-VEDESBEx.doc\">F19 Doktori \u00e9rtekez\u00e9s nyilv\u00e1nos vit\u00e1j\u00e1nak bejelent\u00e9se<\/a><\/li> <li><a href=\"https:\/\/univet.hu\/wp-content\/uploads\/2024\/08\/D07-DI-FORGATOKONYV.docx\">D07 Nyilv\u00e1nos vita forgat\u00f3k\u00f6nyve<\/a><\/li> <li><a href=\"https:\/\/univet.hu\/wp-content\/uploads\/2024\/09\/03_F20-DI-JZKVEDES-1.docx\">F20 Doktori \u00e9rtekez\u00e9s nyilv\u00e1nos vit\u00e1j\u00e1nak jegyz\u0151k\u00f6nyve<\/a><\/li> <li><a href=\"https:\/\/univet.hu\/wp-content\/uploads\/2025\/10\/F23-DI-JELENLETIx_uj.docx\">F23 Jelenl\u00e9ti \u00edv (m\u0171helyvita, szigorlat, v\u00e9d\u00e9s, komplex vizsga)<\/a><\/li> <li><a href=\"https:\/\/univet.hu\/wp-content\/uploads\/2025\/06\/Temavezetoi-nyilatkozat_F50_plagiumvizsgalat.docx\">F50 T\u00e9mavezet\u0151i nyilatkozat doktori \u00e9rtekez\u00e9shez<\/a><\/li> <\/ul> <\/li> <\/ul> <p><strong>Publik\u00e1ci\u00f3k:<\/strong><\/p> <ul> <li><a href=\"https:\/\/univet.hu\/wp-content\/uploads\/2023\/01\/Publik\u00e1ci\u00f3s-k\u00f6telezetts\u00e9gek-a-DI-doktoranduszai-r\u00e9sz\u00e9re.docx\">Publik\u00e1ci\u00f3s k\u00f6telezetts\u00e9gek a DI doktoranduszai r\u00e9sz\u00e9re<\/a><\/li> <li><a href=\"https:\/\/univet.hu\/wp-content\/uploads\/2023\/01\/T\u00e1rsszerz\u0151i-nyilatkozat.docx\">F27 T\u00e1rsszerz\u0151i nyilatkozat<\/a><\/li> <li><a href=\"https:\/\/univet.hu\/files\/subpages\/57\/files\/tmutat%C3%B3%20publik%C3%A1ci%C3%B3k%20%C3%A1temel%C3%A9s%C3%A9hez%20az%20ODT%20adatb%C3%A1zisba.pdf\" target=\"_blank\" rel=\"noopener\" data-replaced=\"true\">\u00datmutat\u00f3 publik\u00e1ci\u00f3k \u00e1temel\u00e9s\u00e9hez az MTMT-b\u0151l az ODT adatb\u00e1zisba<\/a><\/li> <\/ul> <p><strong>K\u00e9relmek:<\/strong><\/p> <ul> <li><a href=\"https:\/\/univet.hu\/wp-content\/uploads\/2024\/08\/F08-DI-Kerelem_\u00faj.docx\">F08 K\u00e9relem (halaszt\u00e1s, r\u00e9szk\u00e9pz\u00e9s, t\u00e9ma-, t\u00e9mabizotts\u00e1g m\u00f3dos\u00edt\u00e1s stb.)<\/a><\/li> <\/ul> <p><strong>T\u00c1J\u00c9KOZTAT\u00d3 DOKUMENTUMOK:<\/strong><\/p> <p>Mi-mennyi? \u00d6sszefoglal\u00f3 seg\u00e9dlet a kredit sz\u00e1m\u00edt\u00e1shoz, a TVJ elk\u00e9sz\u00edt\u00e9shez<\/p> <ul> <li><a href=\"https:\/\/univet.hu\/files\/subpages\/57\/files\/D05.1-DI-TV_seged.doc\" data-replaced=\"true\">2016. szeptember 1. el\u0151tt kezd\u0151knek<\/a><\/li> <li><a href=\"https:\/\/univet.hu\/files\/subpages\/57\/files\/D05-DI-TV_seged_UJ-4eves.doc\" data-replaced=\"true\">2016. szeptember 1. ut\u00e1n kezd\u0151knek<\/a><\/li> <\/ul> <p><a href=\"https:\/\/univet.hu\/files\/subpages\/57\/files\/D03-Egyeni_felk.pdf\" target=\"_blank\" rel=\"noopener\" data-replaced=\"true\">Jelentkez\u00e9s egy\u00e9ni felk\u00e9sz\u00fcl\u00e9st k\u00f6vet\u0151en<\/a><\/p> <p><strong>Honos\u00edt\u00e1s:<\/strong><\/p> <ul> <li><a href=\"https:\/\/univet.hu\/files\/subpages\/408\/files\/DHSZ%2011.%20sz.%20melleklet%20kerelem%20a%20dokt.%20fokozat%20megitel%20honosit_201609-.docx\" data-replaced=\"true\">K\u00e9relem doktori (PhD) fokozat meg\u00edt\u00e9l\u00e9s\u00e9re honos\u00edt\u00e1s alapj\u00e1n<\/a><\/li> <\/ul> <p><strong>EGY\u00c9B:<\/strong><\/p> <ul> <li><a href=\"https:\/\/univet.hu\/wp-content\/uploads\/2026\/02\/F40-DI-okt-palyazatx_uj.doc\">F40-DI-oktat\u00f3ja &#8211; p\u00e1ly\u00e1zat<\/a><\/li> <li><a href=\"https:\/\/univet.hu\/wp-content\/uploads\/2026\/02\/DI_Te\u0301mabejelento\u030b-lap_F21_uj.doc\">F21-DI_Te\u0301mabejelent\u0151 lap<\/a><\/li> <li><a href=\"https:\/\/univet.hu\/wp-content\/uploads\/2026\/02\/F41-DITtag-nyilatkozat_uj.doc\">F41-DI oktat\u00f3ja &#8211; nyilatkozat<\/a><\/li> <\/ul> <p><strong>\u00c1ll\u00e1sfoglal\u00e1sok, rendelkez\u00e9sek:\u00a0<\/strong><\/p> <ul> <li><span style=\"color: #ff0000\"><a style=\"color: #ff0000\" href=\"https:\/\/univet.hu\/wp-content\/uploads\/2020\/04\/MK_20_071-1.pdf\">Az Orsz\u00e1gos Doktori Tan\u00e1cst\u00f3l \u00e9rkezett ir\u00e1nymutat\u00e1s a PhD v\u00e9d\u00e9sek;\u00a0a szigorlatok; a komplex vizsg\u00e1k megtart\u00e1s\u00e1val kapcsolatban (Magyar K\u00f6zl\u00f6ny 1928-1930. oldal)<\/a><\/span><\/li> <li><span style=\"color: #ff0000\"><a style=\"color: #ff0000\" href=\"https:\/\/univet.hu\/wp-content\/uploads\/2020\/04\/allasfoglalas_2.docx\">Az Orsz\u00e1gos Doktori Tan\u00e1cs \u00e1ll\u00e1sfoglal\u00e1sa a doktori \u00e9rtekez\u00e9sek vesz\u00e9lyhelyzet idej\u00e9n tartott nyilv\u00e1nos vit\u00e1j\u00e1r\u00f3l<\/a><\/span><\/li> <li><span style=\"color: #ff0000\"><a style=\"color: #ff0000\" href=\"https:\/\/univet.hu\/wp-content\/uploads\/2020\/04\/DIT-DHT-allasfoglalas-20200428.docx\">DIT \u00e9s DHT \u00e1ll\u00e1sfoglal\u00e1sa\u00a0a doktori \u00e9rtekez\u00e9sek vesz\u00e9lyhelyzet idej\u00e9n tartott nyilv\u00e1nos vit\u00e1j\u00e1r\u00f3l<\/a><\/span><\/li> <li><span style=\"color: #ff0000\"><a style=\"color: #ff0000\" href=\"https:\/\/univet.hu\/wp-content\/uploads\/2020\/04\/utmutato_nyelvvizsga_nelkul_kiadhato_oklevelek_2020.pdf\">Nyelvvizsga elfogad\u00e1s\u00e1ra \u00e9s oklevelek kiad\u00e1s\u00e1ra vonatkoz\u00f3 rendelkez\u00e9s<\/a><\/span><\/li> <\/ul>","protected":false},"excerpt":{"rendered":"<p>Komplex vizsga: Regisztr\u00e1ci\u00f3s lap komplex vizsg\u00e1ra Komplex vizsga jegyz\u0151k\u00f6nyve F23 Jelenl\u00e9ti \u00edv (m\u0171helyvita, szigorlat, v\u00e9d\u00e9s, komplex vizsga) T\u00e1j\u00e9koztat\u00f3k: Doktori V\u00c9D\u00c9SI \u00fcgymenet (2016. 09. 01. UT\u00c1N beiratkoz\u00f3k) Fokozatszerz\u00e9s \u00fcgymenete ( csak a tanulm\u00e1nyaikat 2016. 09. 01. EL\u0150TT megkezd\u0151k eset\u00e9ben) \u00c9rtekez\u00e9s, t\u00e9zisek: A doktori \u00e9rtekez\u00e9s \u00e9s a t\u00e9zisek tartalmi \u00e9s formai k\u00f6vetelm\u00e9nyei T\u00e9zisek Checklist: F22_Ellen\u0151rz\u0151 lista\u00a0(a k\u00e9pz\u00e9st<\/p>\n","protected":false},"author":1,"featured_media":0,"parent":735,"menu_order":228,"comment_status":"closed","ping_status":"closed","template":"","meta":{"_acf_changed":false,"footnotes":""},"categories":[],"tags":[],"class_list":["post-761","page","type-page","status-publish","hentry"],"acf":[],"_links":{"self":[{"href":"https:\/\/univet.hu\/hu\/wp-json\/wp\/v2\/pages\/761","targetHints":{"allow":["GET"]}}],"collection":[{"href":"https:\/\/univet.hu\/hu\/wp-json\/wp\/v2\/pages"}],"about":[{"href":"https:\/\/univet.hu\/hu\/wp-json\/wp\/v2\/types\/page"}],"author":[{"embeddable":true,"href":"https:\/\/univet.hu\/hu\/wp-json\/wp\/v2\/users\/1"}],"replies":[{"embeddable":true,"href":"https:\/\/univet.hu\/hu\/wp-json\/wp\/v2\/comments?post=761"}],"version-history":[{"count":5,"href":"https:\/\/univet.hu\/hu\/wp-json\/wp\/v2\/pages\/761\/revisions"}],"predecessor-version":[{"id":203421,"href":"https:\/\/univet.hu\/hu\/wp-json\/wp\/v2\/pages\/761\/revisions\/203421"}],"up":[{"embeddable":true,"href":"https:\/\/univet.hu\/hu\/wp-json\/wp\/v2\/pages\/735"}],"wp:attachment":[{"href":"https:\/\/univet.hu\/hu\/wp-json\/wp\/v2\/media?parent=761"}],"wp:term":[{"taxonomy":"category","embeddable":true,"href":"https:\/\/univet.hu\/hu\/wp-json\/wp\/v2\/categories?post=761"},{"taxonomy":"post_tag","embeddable":true,"href":"https:\/\/univet.hu\/hu\/wp-json\/wp\/v2\/tags?post=761"}],"curies":[{"name":"wp","href":"https:\/\/api.w.org\/{rel}","templated":true}]}}