{"id":76335,"date":"2022-06-29T13:59:28","date_gmt":"2022-06-29T11:59:28","guid":{"rendered":"https:\/\/univet.hu\/?page_id=76335"},"modified":"2025-10-07T12:30:13","modified_gmt":"2025-10-07T10:30:13","slug":"marek-jozsef-alapitvany","status":"publish","type":"page","link":"https:\/\/univet.hu\/hu\/marek-jozsef-alapitvany\/","title":{"rendered":"Marek J\u00f3zsef Alap\u00edtv\u00e1ny"},"content":{"rendered":"<h1>Bemutatkoz\u00e1s<\/h1> <div id=\"bannerR\"> <p>A Marek J\u00f3zsef Alap\u00edtv\u00e1ny feladata az \u00c1llatorvostudom\u00e1nyi Egyetem alap\u00edt\u00f3i, tulajdonosi, fenntart\u00f3i jogainak gyakorl\u00e1sa, az Egyetem m\u0171k\u00f6d\u00e9si felt\u00e9telei, int\u00e9zm\u00e9nyfejleszt\u00e9si c\u00e9ljai megval\u00f3s\u00edt\u00e1s\u00e1nak biztos\u00edt\u00e1sa.<\/p> <p>Az Alap\u00edtv\u00e1ny a magyar fels\u0151oktat\u00e1s gazdas\u00e1gi, t\u00e1rsadalmi \u00e9s nemzetk\u00f6zi kapcsolatainak fejleszt\u00e9se \u00e9rdek\u00e9ben oktat\u00e1si, tudom\u00e1nyos kutat\u00e1si, hallgat\u00f3i, tanul\u00f3i, oktat\u00f3i, kutat\u00f3i, tan\u00e1ri t\u00e1mogat\u00e1si programot m\u0171k\u00f6dtet, r\u00e1szorults\u00e1gi alap\u00fa t\u00e1mogat\u00e1st biztos\u00edt, illetve tehets\u00e9ggondoz\u00f3 programok m\u0171k\u00f6d\u00e9s\u00e9t t\u00e1mogatja.<\/p> <p>Az Alap\u00edtv\u00e1ny c\u00e9lja a vil\u00e1gsz\u00ednvonal\u00fa egyetemi \u00e9s egyetemen k\u00edv\u00fcli k\u00e9pz\u00e9s, kutat\u00e1s el\u0151seg\u00edt\u00e9se, az ehhez sz\u00fcks\u00e9ges oktat\u00e1si, k\u00e9pz\u00e9si \u00e9s \u00f6szt\u00f6nd\u00edj felt\u00e9telek biztos\u00edt\u00e1sa.<\/p> <p><img loading=\"lazy\" decoding=\"async\" class=\"alignnone size-full wp-image-76465\" src=\"https:\/\/univet.hu\/wp-content\/uploads\/2022\/07\/marek_jozsef_final0.jpg\" alt=\"\" width=\"1024\" height=\"767\" srcset=\"https:\/\/univet.hu\/wp-content\/uploads\/2022\/07\/marek_jozsef_final0.jpg 1024w, https:\/\/univet.hu\/wp-content\/uploads\/2022\/07\/marek_jozsef_final0-320x240.jpg 320w, https:\/\/univet.hu\/wp-content\/uploads\/2022\/07\/marek_jozsef_final0-768x575.jpg 768w, https:\/\/univet.hu\/wp-content\/uploads\/2022\/07\/marek_jozsef_final0-960x719.jpg 960w\" sizes=\"auto, (max-width: 1024px) 100vw, 1024px\" \/><\/p> <div data-google-query-id=\"CJDD4pyA0PgCFQaW_QcdPkEDSg\"><\/div> <\/div>","protected":false},"excerpt":{"rendered":"<p>Bemutatkoz\u00e1s A Marek J\u00f3zsef Alap\u00edtv\u00e1ny feladata az \u00c1llatorvostudom\u00e1nyi Egyetem alap\u00edt\u00f3i, tulajdonosi, fenntart\u00f3i jogainak gyakorl\u00e1sa, az Egyetem m\u0171k\u00f6d\u00e9si felt\u00e9telei, int\u00e9zm\u00e9nyfejleszt\u00e9si c\u00e9ljai megval\u00f3s\u00edt\u00e1s\u00e1nak biztos\u00edt\u00e1sa. Az Alap\u00edtv\u00e1ny a magyar fels\u0151oktat\u00e1s gazdas\u00e1gi, t\u00e1rsadalmi \u00e9s nemzetk\u00f6zi kapcsolatainak fejleszt\u00e9se \u00e9rdek\u00e9ben oktat\u00e1si, tudom\u00e1nyos kutat\u00e1si, hallgat\u00f3i, tanul\u00f3i, oktat\u00f3i, kutat\u00f3i, tan\u00e1ri t\u00e1mogat\u00e1si programot m\u0171k\u00f6dtet, r\u00e1szorults\u00e1gi alap\u00fa t\u00e1mogat\u00e1st biztos\u00edt, illetve tehets\u00e9ggondoz\u00f3 programok m\u0171k\u00f6d\u00e9s\u00e9t t\u00e1mogatja. Az<\/p>\n","protected":false},"author":3837,"featured_media":0,"parent":0,"menu_order":0,"comment_status":"closed","ping_status":"closed","template":"","meta":{"_acf_changed":false,"footnotes":""},"categories":[],"tags":[],"class_list":["post-76335","page","type-page","status-publish","hentry"],"acf":[],"_links":{"self":[{"href":"https:\/\/univet.hu\/hu\/wp-json\/wp\/v2\/pages\/76335","targetHints":{"allow":["GET"]}}],"collection":[{"href":"https:\/\/univet.hu\/hu\/wp-json\/wp\/v2\/pages"}],"about":[{"href":"https:\/\/univet.hu\/hu\/wp-json\/wp\/v2\/types\/page"}],"author":[{"embeddable":true,"href":"https:\/\/univet.hu\/hu\/wp-json\/wp\/v2\/users\/3837"}],"replies":[{"embeddable":true,"href":"https:\/\/univet.hu\/hu\/wp-json\/wp\/v2\/comments?post=76335"}],"version-history":[{"count":0,"href":"https:\/\/univet.hu\/hu\/wp-json\/wp\/v2\/pages\/76335\/revisions"}],"wp:attachment":[{"href":"https:\/\/univet.hu\/hu\/wp-json\/wp\/v2\/media?parent=76335"}],"wp:term":[{"taxonomy":"category","embeddable":true,"href":"https:\/\/univet.hu\/hu\/wp-json\/wp\/v2\/categories?post=76335"},{"taxonomy":"post_tag","embeddable":true,"href":"https:\/\/univet.hu\/hu\/wp-json\/wp\/v2\/tags?post=76335"}],"curies":[{"name":"wp","href":"https:\/\/api.w.org\/{rel}","templated":true}]}}