{"id":76392,"date":"2022-06-29T14:34:47","date_gmt":"2022-06-29T12:34:47","guid":{"rendered":"https:\/\/univet.hu\/hu\/marek-jozsef-alapitvany\/name\/"},"modified":"2025-10-07T12:45:01","modified_gmt":"2025-10-07T10:45:01","slug":"szervezeti-szemelyzeti-adatok","status":"publish","type":"page","link":"https:\/\/univet.hu\/hu\/marek-jozsef-alapitvany\/kozerdeku-adatok\/szervezeti-szemelyzeti-adatok\/","title":{"rendered":"I. Szervezeti, szem\u00e9lyzeti adatok"},"content":{"rendered":"<p>I.1. <strong>A k\u00f6zfeladatot ell\u00e1t\u00f3 szerv hivatalos neve, sz\u00e9khelye, postai c\u00edme, telefon- \u00e9s telefaxsz\u00e1ma, elektronikus lev\u00e9lc\u00edme, honlapja, \u00fcgyf\u00e9lszolg\u00e1lat\u00e1nak el\u00e9rhet\u0151s\u00e9gei<\/strong><\/p> <table style=\"width: 42.2446%; height: 106px;\"> <tbody> <tr style=\"height: 24px;\"> <td style=\"height: 24px;\">N\u00e9v:<\/td> <td style=\"height: 24px;\">Marek J\u00f3zsef Alap\u00edtv\u00e1ny<\/td> <\/tr> <tr style=\"height: 24px;\"> <td style=\"height: 24px;\">Sz\u00e9khely:<\/td> <td style=\"height: 24px;\">1078 Budapest, Istv\u00e1n utca 2.<\/td> <\/tr> <tr style=\"height: 10px;\"> <td style=\"height: 10px;\">Postai c\u00edm:<\/td> <td style=\"height: 10px;\">1078 Budapest, Istv\u00e1n utca 2.<\/td> <\/tr> <tr style=\"height: 24px;\"> <td style=\"height: 24px;\">Telefonsz\u00e1m:<\/td> <td style=\"height: 24px;\">1\/478-4104<\/td> <\/tr> <tr style=\"height: 24px;\"> <td style=\"height: 24px;\">\u00a0E-mail c\u00edm:<\/td> <td style=\"height: 24px;\"><a class=\"decrypt\" rel=\"nbsfl\/bmbqjuwbozAvojwfu\/iv\" href=\"javascript:void(0);\">[Kattintson az emailc\u00edmhez]<\/a><\/td> <\/tr> <\/tbody> <\/table> <p>Az alap\u00edtv\u00e1ny \u00fcgyf\u00e9lszolg\u00e1lattal nem rendelkezik, a fenti el\u00e9rhet\u0151s\u00e9geken kereshet\u0151.<\/p> <p>I.2. <strong>A k\u00f6zfeladatot ell\u00e1t\u00f3 szerv szervezeti fel\u00e9p\u00edt\u00e9se szervezeti egys\u00e9gek megjel\u00f6l\u00e9s\u00e9vel, az egyes szervezeti egys\u00e9gek feladatai<\/strong><\/p> <p>Az alap\u00edtv\u00e1ny \u00fcgyvezet\u0151 szerve az \u00f6t tag\u00fa Kurat\u00f3rium, amely gyakorolja mindazon jogk\u00f6r\u00f6ket, amelyek nem tartoznak az alap\u00edt\u00f3, vagy az alap\u00edtv\u00e1ny m\u00e1s szerv\u00e9nek hat\u00e1sk\u00f6r\u00e9be, \u00edgy k\u00fcl\u00f6n\u00f6sen az alap\u00edtv\u00e1nyi c\u00e9lok megval\u00f3s\u00edt\u00e1s\u00e1hoz sz\u00fcks\u00e9ges d\u00f6nt\u00e9sek \u00e9s int\u00e9zked\u00e9sek, gazd\u00e1lkod\u00e1s az alap\u00edtv\u00e1ny vagyon\u00e1val, az alap\u00edtv\u00e1nyi napi \u00fcgyek vitele.<\/p> <p>Az alap\u00edtv\u00e1ny fel\u00fcgyel\u0151bizotts\u00e1ga v\u00e9lem\u00e9nyezi a besz\u00e1mol\u00f3t \u00e9s a k\u00f6lts\u00e9gvet\u00e9st, az alap\u00edtv\u00e1nyi m\u0171k\u00f6d\u00e9sre vonatkoz\u00f3 szab\u00e1lyzatokat, a hat\u00e1sk\u00f6r\u00e9be tartoz\u00f3 \u00fcgyekben v\u00e9lem\u00e9nyez\u00e9si, javaslatt\u00e9teli jogk\u00f6rrel rendelkezik, valamint ell\u00e1tja jogszab\u00e1ly, vagy az alap\u00edt\u00f3 okirat \u00e1ltal a hat\u00e1sk\u00f6r\u00e9be utalt egy\u00e9b \u00fcgyeket.<\/p> <p>Az alap\u00edtv\u00e1ny vagyonellen\u0151re a fel\u00fcgyel\u0151bizotts\u00e1gt\u00f3l f\u00fcggetlen\u00fcl k\u00eds\u00e9ri figyelemmel az alap\u00edtv\u00e1ny c\u00e9lj\u00e1nak \u00e9s feladat\u00e1nak megval\u00f3s\u00edt\u00e1s\u00e1t, vagyonkezel\u00e9si tev\u00e9kenys\u00e9g\u00e9nek jogszer\u0171s\u00e9g\u00e9t.<\/p> <p>I.3. <strong><span style=\"font-family: inherit; font-size: inherit;\">A k<\/span><\/strong><strong><span style=\"font-family: inherit; font-size: inherit;\">\u00f6zfeladatot ell\u00e1t\u00f3 szerv vezet\u0151inek \u00e9s az egyes szervezeti egys\u00e9gek vezet\u0151inek, test\u00fcleti tagjainak neve, beoszt\u00e1sa<\/span><\/strong><\/p> <p>Az Alap\u00edtv\u00e1ny kurat\u00f3rium\u00e1nak l\u00e9tsz\u00e1m\u00e1ra, \u00f6sszet\u00e9tel\u00e9re, tagjainak nev\u00e9re, beoszt\u00e1s\u00e1ra, vonatkoz\u00f3 adatokat az I.5. k\u00f6zz\u00e9t\u00e9teli egys\u00e9g az el\u00e9rhet\u0151s\u00e9gre vonatokz\u00f3kat az I.1. tartalmazza.<\/p> <p>A Kurat\u00f3rium titk\u00e1ra Dr. Battay M\u00e1rton Bal\u00e1zs<\/p> <p>I.4. <strong>A szervezeten bel\u00fcl illet\u00e9kes \u00fcgyf\u00e9lkapcsolati vezet\u0151 neve, el\u00e9rhet\u0151s\u00e9ge (telefon- \u00e9s telefaxsz\u00e1ma, elektronikus lev\u00e9lc\u00edme) \u00e9s az \u00fcgyf\u00e9lfogad\u00e1si rend<\/strong><\/p> <p>Az alap\u00edtv\u00e1ny \u00fcgyf\u00e9lszolg\u00e1lattal nem rendelkezik, az I.1 szerinti el\u00e9rhet\u0151s\u00e9geken kereshet\u0151.<\/p> <p>I.5. <strong>Test\u00fcleti szerv eset\u00e9n a test\u00fclet l\u00e9tsz\u00e1ma, \u00f6sszet\u00e9tele, tagjainak neve, beoszt\u00e1sa, el\u00e9rhet\u0151s\u00e9ge<\/strong><\/p> <p>A Kurat\u00f3rium 5 f\u0151<\/p> <table> <tbody> <tr> <td><\/td> <td><strong>Dr. N\u00e1ray-Szab\u00f3 G\u00e1bor<\/strong><br \/> (a kurat\u00f3rium eln\u00f6ke)<\/td> <\/tr> <tr> <td><\/td> <td><strong>Dr. Janza Frigyes<\/strong><br \/> (a kurat\u00f3rium tagja)<\/td> <\/tr> <tr> <td><\/td> <td><strong>Dr. Fazekas S\u00e1ndor<\/strong><br \/> (a kurat\u00f3rium tagja)<\/td> <\/tr> <tr> <td><\/td> <td><strong>Dr. G\u00f6nczi G\u00e1bor M\u00e1rton<\/strong><br \/> (a kurat\u00f3rium tagja)<\/td> <\/tr> <tr> <td><\/td> <td><strong>Dr. S\u00f3tonyi P\u00e9ter Tam\u00e1s<\/strong><br \/> (a kurat\u00f3rium tagja)<\/td> <\/tr> <\/tbody> <\/table> <p>Fel\u00fcgyel\u0151bizotts\u00e1g: 3 f\u0151<\/p> <table> <tbody> <tr> <td><\/td> <td><strong>Dr. Aladics Bal\u00e1zs S\u00e1ndor<\/strong><br \/> (a fel\u00fcgyel\u0151bizotts\u00e1g eln\u00f6ke)<\/td> <\/tr> <tr> <td><\/td> <td><strong>L\u00e1z\u00e1r Vilmos<\/strong><br \/> (a fel\u00fcgyel\u0151bizotts\u00e1g tagja)<\/td> <\/tr> <tr> <td><\/td> <td><strong>Dr. Sziebert Gergely Elek<\/strong><br \/> (a fel\u00fcgyel\u0151bizotts\u00e1g tagja)<\/td> <\/tr> <\/tbody> <\/table> <p>Vagyonellen\u0151r<\/p> <table> <tbody> <tr> <td><\/td> <td><strong>Dr. Gerencs\u00e9r Ferenc \u00fcgyv\u00e9d<\/strong><br \/> (kijel\u00f6lt vagyonellen\u0151r)<\/td> <\/tr> <\/tbody> <\/table> <p>A tiszts\u00e9gvisel\u0151k az I.1. pontban megjel\u00f6lt c\u00edmen \u00e9rhet\u0151ek el.<\/p> <p><strong>I.6. A k\u00f6zfeladatot ell\u00e1t\u00f3 szerv ir\u00e1ny\u00edt\u00e1sa, fel\u00fcgyelete vagy ellen\u0151rz\u00e9se alatt \u00e1ll\u00f3, vagy al\u00e1rendelts\u00e9g\u00e9ben m\u0171k\u00f6d\u0151 m\u00e1s k\u00f6zfeladatot ell\u00e1t\u00f3 szervek megnevez\u00e9se, \u00e9s 1. pontban meghat\u00e1rozott adatai<\/strong><\/p> <table> <tbody> <tr> <td>N\u00e9v:<\/td> <td>\u00c1llatorvostudom\u00e1nyi Egyetem<\/td> <\/tr> <tr> <td>Sz\u00e9khely:<\/td> <td>1078 Budapest, Istv\u00e1n utca 2.<\/td> <\/tr> <tr> <td>Postai c\u00edm:<\/td> <td>1400 Budapest, Pf 2.<\/td> <\/tr> <tr> <td>Telefonsz\u00e1m:<\/td> <td>1\/478-4100<\/td> <\/tr> <tr> <td>E-mail c\u00edm:<\/td> <td><a class=\"decrypt\" rel=\"jogpAvojwfu\/iv\" href=\"javascript:void(0);\">[Kattintson az emailc\u00edmhez]<\/a><\/td> <\/tr> <\/tbody> <\/table> <p>I.7.<strong> A k\u00f6zfeladatot ell\u00e1t\u00f3 szerv t\u00f6bbs\u00e9gi tulajdon\u00e1ban \u00e1ll\u00f3, illetve r\u00e9szv\u00e9tel\u00e9vel m\u0171k\u00f6d\u0151 gazd\u00e1lkod\u00f3 szervezet neve, sz\u00e9khelye, el\u00e9rhet\u0151s\u00e9ge , f\u0151tev\u00e9kenys\u00e9ge, k\u00e9pvisel\u0151j\u00e9nek neve, a k\u00f6zfeladatot ell\u00e1t\u00f3 szerv r\u00e9szesed\u00e9s\u00e9nek m\u00e9rt\u00e9ke:<\/strong><\/p> <p><span id=\"cegnev\">\u00c1TE Innov\u00e1ci\u00f3s Korl\u00e1tolt Felel\u0151ss\u00e9g\u0171 T\u00e1rsas\u00e1g<\/span> <span id=\"szekhely\">1078 Budapest, Istv\u00e1n utca 2.<\/span>; ad\u00f3sz\u00e1m:\u00a026092601-2-42; elektronikus el\u00e9rhet\u0151s\u00e9ge: 26092601#cegkapu; \u00fczletviteli, egy\u00e9b \u00fczletvezet\u00e9si tan\u00e1csad\u00e1s; Dr. Lor\u00e1szk\u00f3 G\u00e1bor \u00fcgyvezet\u0151 (MJA r\u00e9szesed\u00e9s: k\u00f6zvetett 100%)<\/p> <p><span id=\"cegnev\">BOS-GENETIC Szarvasmarha Teny\u00e9szt\u00e9si \u00e9s Genetikai Nemzetk\u00f6zi Korl\u00e1tolt Felel\u0151ss\u00e9g\u0171 T\u00e1rsas\u00e1g<\/span>\u00a0<span id=\"szekhely\">2465 R\u00e1ckereszt\u00far, hrsz 1267.<\/span>; ad\u00f3sz\u00e1m:\u00a0<span id=\"adoszam\">10188462-2-07, elektronikus el\u00e9rhet\u0151s\u00e9ge: 10188462#cegkapu; tejhaszn\u00fa szarvasmarha teny\u00e9szt\u00e9se; Bendik Bernadett M\u00f3nika \u00fcgyvezet\u0151 (MJA r\u00e9szesed\u00e9s: k\u00f6zvetett 100%)<\/span><\/p> <p><span id=\"cegnev\">VET-INNO TTC Korl\u00e1tolt Felel\u0151ss\u00e9g\u0171 T\u00e1rsas\u00e1g<\/span> <span id=\"szekhely\">1078 Budapest, Istv\u00e1n utca 2.<\/span>; ad\u00f3sz\u00e1m:\u00a0<span id=\"adoszam\">32763232-2-42 ; elektronikus el\u00e9rhet\u0151s\u00e9ge: 32763232#cegkapu; Immateri\u00e1lis javak k\u00f6lcs\u00f6nz\u00e9se, kiv\u00e9ve a szerz\u0151i jogd\u00edjban r\u00e9szes\u00fcl\u0151 javakat; Dr. Battay M\u00e1rton Bal\u00e1zs \u00fcgyvezet\u0151 (MJA r\u00e9szesed\u00e9s: k\u00f6zvetett, 100%)<\/span><\/p> <p><strong>I.8. A k\u00f6zfeladatot ell\u00e1t\u00f3 szerv \u00e1ltal alap\u00edtott k\u00f6zalap\u00edtv\u00e1nyok neve, sz\u00e9khelye, el\u00e9rhet\u0151s\u00e9ge (postai c\u00edme, telefon- \u00e9s telefaxsz\u00e1ma, elektronikus lev\u00e9lc\u00edme), alap\u00edt\u00f3 okirata, kezel\u0151 szerv\u00e9nek tagjai<\/strong><\/p> <p>Nem relev\u00e1ns.<\/p> <p>I.9. <strong>A k\u00f6zfeladatot ell\u00e1t\u00f3 szerv \u00e1ltal alap\u00edtott k\u00f6lts\u00e9gvet\u00e9si szerv neve, sz\u00e9khelye, a k\u00f6lts\u00e9gvet\u00e9si szervet alap\u00edt\u00f3 jogszab\u00e1ly megjel\u00f6l\u00e9se, illetve az azt alap\u00edt\u00f3 hat\u00e1rozat, a k\u00f6lts\u00e9gvet\u00e9si szerv alap\u00edt\u00f3 okirata, vezet\u0151je, honlapj\u00e1nak el\u00e9rhet\u0151s\u00e9ge, m\u0171k\u00f6d\u00e9si enged\u00e9lye<\/strong><\/p> <p>Nem relev\u00e1ns.<\/p> <p>I.10. <strong>A k\u00f6zfeladatot ell\u00e1t\u00f3 szerv \u00e1ltal alap\u00edtott lapok neve, a szerkeszt\u0151s\u00e9g \u00e9s kiad\u00f3 neve \u00e9s c\u00edme, valamint a f\u0151szerkeszt\u0151 neve<\/strong><\/p> <p>Az \u00c1llatorvostudom\u00e1nyi Egyetem lapja az al\u00e1bbi linken \u00e9rhet\u0151 el, az alap\u00edtv\u00e1ny nem alap\u00edtott lapot.<\/p> <p><a href=\"https:\/\/univet.hu\/hu\/2025\/07\/univet-34\/\">Univet \u00fajs\u00e1g<\/a><\/p> <p>I.11.<strong> A k\u00f6zfeladatot ell\u00e1t\u00f3 szerv felettes, illetve fel\u00fcgyeleti szerv\u00e9nek, hat\u00f3s\u00e1gi d\u00f6nt\u00e9sei tekintet\u00e9ben a fellebbez\u00e9s elb\u00edr\u00e1l\u00e1s\u00e1ra jogosult szervnek, ennek hi\u00e1ny\u00e1ban a k\u00f6zfeladatot ell\u00e1t\u00f3 szerv felett t\u00f6rv\u00e9nyess\u00e9gi ellen\u0151rz\u00e9st gyakorl\u00f3 szervnek az 1. pontban meghat\u00e1rozott adatai<\/strong><\/p> <table> <tbody> <tr> <td>Fel\u00fcgyeletet ell\u00e1t\u00f3 b\u00edr\u00f3s\u00e1g:<\/td> <td>F\u0151v\u00e1rosi T\u00f6rv\u00e9nysz\u00e9k<\/td> <\/tr> <tr> <td>C\u00edm:<\/td> <td>1055 Budapest, Mark\u00f3 u. 27.<\/td> <\/tr> <tr> <td>Levelez\u00e9si c\u00edm:<\/td> <td>1363 Bp. Pf. 16<\/td> <\/tr> <tr> <td>K\u00f6zponti telefonsz\u00e1m:<\/td> <td>+36 1 354 6000<\/td> <\/tr> <tr> <td>E-mail c\u00edm:<\/td> <td><a class=\"decrypt\" rel=\"gu\/fmopltfhAcjsptbh\/iv\" href=\"javascript:void(0);\">[Kattintson az emailc\u00edmhez]<\/a><\/td> <\/tr> <\/tbody> <\/table> <h3><\/h3>","protected":false},"excerpt":{"rendered":"<p>I.1. A k\u00f6zfeladatot ell\u00e1t\u00f3 szerv hivatalos neve, sz\u00e9khelye, postai c\u00edme, telefon- \u00e9s telefaxsz\u00e1ma, elektronikus lev\u00e9lc\u00edme, honlapja, \u00fcgyf\u00e9lszolg\u00e1lat\u00e1nak el\u00e9rhet\u0151s\u00e9gei N\u00e9v: Marek J\u00f3zsef Alap\u00edtv\u00e1ny Sz\u00e9khely: 1078 Budapest, Istv\u00e1n utca 2. Postai c\u00edm: 1078 Budapest, Istv\u00e1n utca 2. Telefonsz\u00e1m: 1\/478-4104 \u00a0E-mail c\u00edm: [Kattintson az emailc\u00edmhez] Az alap\u00edtv\u00e1ny \u00fcgyf\u00e9lszolg\u00e1lattal nem rendelkezik, a fenti el\u00e9rhet\u0151s\u00e9geken kereshet\u0151. I.2. A k\u00f6zfeladatot ell\u00e1t\u00f3<\/p>\n","protected":false},"author":3837,"featured_media":0,"parent":191682,"menu_order":1,"comment_status":"open","ping_status":"open","template":"","meta":{"_acf_changed":false,"footnotes":""},"categories":[],"tags":[],"class_list":["post-76392","page","type-page","status-publish","hentry"],"acf":[],"_links":{"self":[{"href":"https:\/\/univet.hu\/hu\/wp-json\/wp\/v2\/pages\/76392","targetHints":{"allow":["GET"]}}],"collection":[{"href":"https:\/\/univet.hu\/hu\/wp-json\/wp\/v2\/pages"}],"about":[{"href":"https:\/\/univet.hu\/hu\/wp-json\/wp\/v2\/types\/page"}],"author":[{"embeddable":true,"href":"https:\/\/univet.hu\/hu\/wp-json\/wp\/v2\/users\/3837"}],"replies":[{"embeddable":true,"href":"https:\/\/univet.hu\/hu\/wp-json\/wp\/v2\/comments?post=76392"}],"version-history":[{"count":5,"href":"https:\/\/univet.hu\/hu\/wp-json\/wp\/v2\/pages\/76392\/revisions"}],"predecessor-version":[{"id":191684,"href":"https:\/\/univet.hu\/hu\/wp-json\/wp\/v2\/pages\/76392\/revisions\/191684"}],"up":[{"embeddable":true,"href":"https:\/\/univet.hu\/hu\/wp-json\/wp\/v2\/pages\/191682"}],"wp:attachment":[{"href":"https:\/\/univet.hu\/hu\/wp-json\/wp\/v2\/media?parent=76392"}],"wp:term":[{"taxonomy":"category","embeddable":true,"href":"https:\/\/univet.hu\/hu\/wp-json\/wp\/v2\/categories?post=76392"},{"taxonomy":"post_tag","embeddable":true,"href":"https:\/\/univet.hu\/hu\/wp-json\/wp\/v2\/tags?post=76392"}],"curies":[{"name":"wp","href":"https:\/\/api.w.org\/{rel}","templated":true}]}}