{"id":764,"date":"2016-01-13T17:02:00","date_gmt":"2016-01-13T16:02:00","guid":{"rendered":"http:\/\/univet.hu\/oktatas\/doktori-iskola\/temavezetoi-jelentes\/"},"modified":"2025-10-20T14:38:55","modified_gmt":"2025-10-20T12:38:55","slug":"temavezetoi-jelentes","status":"publish","type":"page","link":"https:\/\/univet.hu\/hu\/oktatas\/doktori-iskola\/temavezetoi-jelentes\/","title":{"rendered":"T\u00e9mavezet\u0151i jelent\u00e9s"},"content":{"rendered":"<p>&nbsp;<\/p> <p><strong>Online t\u00e9mavezet\u0151i jelent\u00e9sben. A jelent\u00e9st a Doktori Iskola \u00e1ltal a t\u00e9mavezet\u0151knek kik\u00fcld\u00f6tt \u0171rlapon kell &#8211; az azon megadott hat\u00e1rid\u0151re &#8211; a Doktori Iskola r\u00e9sz\u00e9re megk\u00fcldeni, \u00e1ltal\u00e1ban az<\/strong><\/p> <ul> <li><strong>\u0151szi szemeszterben janu\u00e1r 31-ig,<\/strong><\/li> <li><strong>tavaszi szemeszterben j\u00falius 31-ig.<\/strong><\/li> <\/ul> <p>&nbsp;<\/p> <p><strong>A kreditsz\u00e1m\u00edt\u00e1s \u00f6sszefoglal\u00f3 t\u00e1bl\u00e1zata, valamint a doktori (PhD) k\u00e9pz\u00e9s keret\u00e9ben oktatott tant\u00e1rgyak \u00e9s azok kreditsz\u00e1mai az \u00c1llatorvostudom\u00e1nyi Doktori Iskol\u00e1ban (<span style=\"color: #339966\"><em>a 2024 szeptembere el\u0151tt felvett hallgat\u00f3k r\u00e9sz\u00e9re<\/em><\/span>):<\/strong><\/p> <p>&nbsp;<\/p> <table style=\"height: 434px;width: 92.2676%\" width=\"100%\"> <tbody> <tr style=\"height: 10px\"> <td style=\"height: 10px;width: 53.7541%\" colspan=\"3\" width=\"62%\"> <p><strong>A teljes\u00edtend\u0151 minimum \u2013 elsz\u00e1molhat\u00f3 maximum <\/strong><\/p> <p><strong>kreditek<\/strong><\/td> <\/tr> <tr style=\"height: 24px\"> <td style=\"height: 24px;width: 35.0381%\"><strong>\u00a0<\/strong><\/td> <td style=\"height: 24px;text-align: center;width: 8.92274%\"><strong>Min.<\/strong><\/td> <td style=\"height: 24px;text-align: center;width: 9.79325%\"><strong>Max.<\/strong><\/td> <\/tr> <tr style=\"height: 24px\"> <td style=\"height: 24px;width: 53.7541%\" colspan=\"3\" width=\"49%\"><strong>A<\/strong>:\u00a0Tanulm\u00e1nyi tanegys\u00e9g<\/td> <\/tr> <tr style=\"height: 102px\"> <td style=\"height: 102px;width: 35.0381%\" width=\"49%\">A1: K\u00f6telez\u0151en teljes\u00edtend\u0151 t\u00e1rgyak<\/td> <td style=\"height: 102px;width: 8.92274%;text-align: center\" width=\"12%\">30<\/td> <td style=\"width: 9.79325%;height: 102px;text-align: center\">30<\/td> <\/tr> <tr style=\"height: 24px\"> <td style=\"height: 24px;width: 35.0381%\" width=\"49%\">A2: K\u00f6telez\u0151en v\u00e1lasztand\u00f3 (k\u00f6zismereti, kieg\u00e9sz\u00edt\u0151) t\u00e1rgyak<\/td> <td style=\"height: 24px;width: 8.92274%;text-align: center\" width=\"12%\">5<\/td> <td style=\"width: 9.79325%;height: 24px;text-align: center\">6<\/td> <\/tr> <tr style=\"height: 30px\"> <td style=\"height: 30px;width: 35.0381%\" width=\"49%\">A3: Szabadon v\u00e1laszthat\u00f3 (speci\u00e1lis szakmai) t\u00e1rgyak<\/td> <td style=\"height: 30px;width: 8.92274%;text-align: center\" width=\"12%\">12<\/td> <td style=\"width: 9.79325%;height: 30px;text-align: center\">20<\/td> <\/tr> <tr style=\"height: 24px\"> <td style=\"height: 24px;width: 35.0381%\" width=\"49%\"><strong>B<\/strong>:\u00a0Kutat\u00e1si tanegys\u00e9g<\/td> <td style=\"height: 24px;width: 8.92274%;text-align: center\" width=\"12%\">135<\/td> <td style=\"width: 9.79325%;height: 24px;text-align: center\">180<\/td> <\/tr> <tr style=\"height: 24px\"> <td style=\"height: 24px;width: 35.0381%\" width=\"49%\"><strong>C<\/strong>:\u00a0Publik\u00e1ci\u00f3s tev\u00e9kenys\u00e9g tanegys\u00e9g<\/td> <td style=\"height: 24px;width: 8.92274%;text-align: center\" width=\"12%\">12<\/td> <td style=\"width: 9.79325%;height: 24px;text-align: center\">12&lt;<\/td> <\/tr> <tr style=\"height: 56px\"> <td style=\"height: 56px;width: 35.0381%\"><strong>D: <\/strong>Oktat\u00e1si tanegys\u00e9g<\/td> <td style=\"height: 56px;width: 8.92274%;text-align: center\">0<\/td> <td style=\"width: 9.79325%;height: 56px;text-align: center\">15<\/td> <\/tr> <tr style=\"height: 92px\"> <td style=\"height: 92px;width: 35.0381%\" width=\"49%\"><strong>\u00d6sszesen gy\u0171jtend\u0151 &#8211; gy\u0171jthet\u0151<\/strong><\/td> <td style=\"height: 92px;width: 8.92274%\" colspan=\"2\" width=\"50%\">Az els\u0151 4 szemeszterben minimum 120 kredit<\/td> <\/tr> <tr style=\"height: 24px\"> <td style=\"height: 24px;width: 35.0381%\" width=\"49%\"><\/td> <td style=\"height: 24px;width: 8.92274%\" colspan=\"2\" width=\"50%\">48 h\u00f3napos k\u00e9pz\u00e9s alatt: <strong>minimum 240 kredit<\/strong><\/td> <\/tr> <\/tbody> <\/table> <p>&nbsp;<\/p> <p><strong><br \/> B = Kutat\u00e1si tanegys\u00e9g<\/strong><\/p> <p>A 48 h\u00f3napos k\u00e9pz\u00e9s alatt teljes\u00edtend\u0151<strong> minimum: 135 kredit<\/strong><\/p> <p>K\u00e9pz\u00e9si \u00e9s kutat\u00e1si szakasz (1-4. f\u00e9l\u00e9v): minimum 60, maximum 80 kredit (max. 20\/f\u00e9l\u00e9v)<br \/> Kutat\u00e1si \u00e9s disszert\u00e1ci\u00f3s szakasz\u00a0(5-8. f\u00e9l\u00e9v): minimum 75, maximum 100 kredit (max. 25\/f\u00e9l\u00e9v)<\/p> <p>Az adott szemeszterben v\u00e9gzett kutat\u00f3-munka<strong> r\u00f6vid, p\u00e1r mondatos \u00f6sszefoglal\u00e1sa:<\/strong><\/p> <p>Ha a kutat\u00e1s elt\u00e9r\u0151 munka eloszt\u00e1st ig\u00e9nyel, <strong>akkor a t\u00e9mavezet\u0151 indokolja<\/strong> ezt az iskolavezet\u0151 fel\u00e9, aki ezt a DIT d\u00f6nt\u00e9se alapj\u00e1n enged\u00e9lyezheti, k\u00fcl\u00f6n\u00f6sen akkor, ha az \u00e9rtekez\u00e9s beny\u00fajt\u00e1s\u00e1ra a komplex vizsg\u00e1t k\u00f6vet\u0151en, de a nyolcadik f\u00e9l\u00e9v v\u00e9ge el\u0151tt ker\u00fcl sor. Ebben az esetben els\u0151dlegesen az \u00e9rtekez\u00e9s beny\u00fajt\u00e1s\u00e1hoz sz\u00fcks\u00e9ges publik\u00e1ci\u00f3s k\u00f6vetelm\u00e9nyek teljes\u00edt\u00e9s\u00e9re adhat\u00f3 kredit.<\/p> <p>&nbsp;<\/p> <p>&nbsp;<\/p>","protected":false},"excerpt":{"rendered":"<p>&nbsp; Online t\u00e9mavezet\u0151i jelent\u00e9sben. A jelent\u00e9st a Doktori Iskola \u00e1ltal a t\u00e9mavezet\u0151knek kik\u00fcld\u00f6tt \u0171rlapon kell &#8211; az azon megadott hat\u00e1rid\u0151re &#8211; a Doktori Iskola r\u00e9sz\u00e9re megk\u00fcldeni, \u00e1ltal\u00e1ban az \u0151szi szemeszterben janu\u00e1r 31-ig, tavaszi szemeszterben j\u00falius 31-ig. &nbsp; A kreditsz\u00e1m\u00edt\u00e1s \u00f6sszefoglal\u00f3 t\u00e1bl\u00e1zata, valamint a doktori (PhD) k\u00e9pz\u00e9s keret\u00e9ben oktatott tant\u00e1rgyak \u00e9s azok kreditsz\u00e1mai az \u00c1llatorvostudom\u00e1nyi Doktori<\/p>\n","protected":false},"author":1,"featured_media":0,"parent":735,"menu_order":228,"comment_status":"closed","ping_status":"closed","template":"","meta":{"_acf_changed":false,"footnotes":""},"categories":[],"tags":[],"class_list":["post-764","page","type-page","status-publish","hentry"],"acf":[],"_links":{"self":[{"href":"https:\/\/univet.hu\/hu\/wp-json\/wp\/v2\/pages\/764","targetHints":{"allow":["GET"]}}],"collection":[{"href":"https:\/\/univet.hu\/hu\/wp-json\/wp\/v2\/pages"}],"about":[{"href":"https:\/\/univet.hu\/hu\/wp-json\/wp\/v2\/types\/page"}],"author":[{"embeddable":true,"href":"https:\/\/univet.hu\/hu\/wp-json\/wp\/v2\/users\/1"}],"replies":[{"embeddable":true,"href":"https:\/\/univet.hu\/hu\/wp-json\/wp\/v2\/comments?post=764"}],"version-history":[{"count":2,"href":"https:\/\/univet.hu\/hu\/wp-json\/wp\/v2\/pages\/764\/revisions"}],"predecessor-version":[{"id":193087,"href":"https:\/\/univet.hu\/hu\/wp-json\/wp\/v2\/pages\/764\/revisions\/193087"}],"up":[{"embeddable":true,"href":"https:\/\/univet.hu\/hu\/wp-json\/wp\/v2\/pages\/735"}],"wp:attachment":[{"href":"https:\/\/univet.hu\/hu\/wp-json\/wp\/v2\/media?parent=764"}],"wp:term":[{"taxonomy":"category","embeddable":true,"href":"https:\/\/univet.hu\/hu\/wp-json\/wp\/v2\/categories?post=764"},{"taxonomy":"post_tag","embeddable":true,"href":"https:\/\/univet.hu\/hu\/wp-json\/wp\/v2\/tags?post=764"}],"curies":[{"name":"wp","href":"https:\/\/api.w.org\/{rel}","templated":true}]}}