{"id":76457,"date":"2022-07-01T10:14:18","date_gmt":"2022-07-01T08:14:18","guid":{"rendered":"https:\/\/univet.hu\/hu\/marek-jozsef-alapitvany\/name\/"},"modified":"2025-10-08T18:01:48","modified_gmt":"2025-10-08T16:01:48","slug":"tevekenysegre-mukodesre-vonatkozo-adatok","status":"publish","type":"page","link":"https:\/\/univet.hu\/hu\/marek-jozsef-alapitvany\/kozerdeku-adatok\/tevekenysegre-mukodesre-vonatkozo-adatok\/","title":{"rendered":"II. Tev\u00e9kenys\u00e9gre, m\u0171k\u00f6d\u00e9sre vonatkoz\u00f3 adatok"},"content":{"rendered":"<p>II.1. <strong>A k\u00f6zfeladatot ell\u00e1t\u00f3 szerv feladat\u00e1t, hat\u00e1sk\u00f6r\u00e9t \u00e9s alaptev\u00e9kenys\u00e9g\u00e9t meghat\u00e1roz\u00f3, a szervre vonatkoz\u00f3 alapvet\u0151 jogszab\u00e1lyok, k\u00f6zjogi szervezetszab\u00e1lyoz\u00f3 eszk\u00f6z\u00f6k, valamint a szervezeti \u00e9s m\u0171k\u00f6d\u00e9si szab\u00e1lyzat vagy \u00fcgyrend, az adatv\u00e9delmi \u00e9s adatbiztons\u00e1gi szab\u00e1lyzat hat\u00e1lyos \u00e9s teljes sz\u00f6vege<\/strong><\/p> <p>Alapvet\u0151 jogszab\u00e1lyok:<\/p> <p>\u2022 2013. \u00e9vi V. t\u00f6rv\u00e9ny a Polg\u00e1ri T\u00f6rv\u00e9nyk\u00f6nyvr\u0151l<\/p> <p>\u2022 2020. XXXIV. a Marek J\u00f3zsef Alap\u00edtv\u00e1nyr\u00f3l, a Marek J\u00f3zsef Alap\u00edtv\u00e1ny \u00e9s az \u00c1llatorvostudom\u00e1nyi Egyetem r\u00e9sz\u00e9re t\u00f6rt\u00e9n\u0151 vagyonjuttat\u00e1sr\u00f3l<\/p> <p>\u2022 2021. \u00e9vi IX. t\u00f6rv\u00e9ny a k\u00f6zfeladatot ell\u00e1t\u00f3 k\u00f6z\u00e9rdek\u0171 vagyonkezel\u0151 alap\u00edtv\u00e1nyokr\u00f3l<\/p> <p>\u2022 2011. \u00e9vi CCIV. t\u00f6rv\u00e9ny a nemzeti fels\u0151oktat\u00e1sr\u00f3l<\/p> <p>\u2022 2011. \u00e9vi CLXXV. t\u00f6rv\u00e9ny az egyes\u00fcl\u00e9si jogr\u00f3l, a k\u00f6zhaszn\u00fa jog\u00e1ll\u00e1sr\u00f3l, valamint a civil szervezetek m\u0171k\u00f6d\u00e9s\u00e9r\u0151l \u00e9s t\u00e1mogat\u00e1s\u00e1r\u00f3l<\/p> <p><a href=\"https:\/\/univet.hu\/wp-content\/uploads\/2024\/05\/Alap\u00edto_Okirat.pdf\">Az Alap\u00edtv\u00e1ny Alap\u00edt\u00f3 Okirata<\/a> (2023. m\u00e1jus 26.-t\u00f3l hat\u00e1lyos)<\/p> <p><a href=\"https:\/\/univet.hu\/wp-content\/uploads\/2025\/09\/Marek_J_SZMSZ.pdf\">Az Alap\u00edtv\u00e1ny SZMSZ-e<\/a> (2020. j\u00falius 14.-t\u0151l hat\u00e1lyos)<\/p> <p>II.2. <strong>Az orsz\u00e1gos illet\u00e9kess\u00e9g\u0171 szervek, valamint a f\u0151v\u00e1rosi \u00e9s v\u00e1rmegyei korm\u00e1nyhivatal eset\u00e9ben a k\u00f6zfeladatot ell\u00e1t\u00f3 szerv feladat\u00e1r\u00f3l, tev\u00e9kenys\u00e9g\u00e9r\u0151l sz\u00f3l\u00f3 t\u00e1j\u00e9koztat\u00f3 magyar \u00e9s angol nyelven<\/strong><\/p> <p>Nem relev\u00e1ns<\/p> <p>II.3.<strong>A helyi \u00f6nkorm\u00e1nyzat \u00f6nk\u00e9nt v\u00e1llalt feladatai<\/strong><\/p> <p>Nem relev\u00e1ns<\/p> <p>II.4. <strong>\u00c1llamigazgat\u00e1si, \u00f6nkorm\u00e1nyzati, \u00e9s egy\u00e9b hat\u00f3s\u00e1gi \u00fcgyekben \u00fcgyfajt\u00e1nk\u00e9nt \u00e9s elj\u00e1r\u00e1st\u00edpusonk\u00e9nt a hat\u00e1sk\u00f6rrel rendelkez\u0151 szerv megnevez\u00e9se, hat\u00e1sk\u00f6r gyakorl\u00e1s\u00e1nak \u00e1truh\u00e1z\u00e1sa eset\u00e9n a t\u00e9nylegesen elj\u00e1r\u00f3 szerv megnevez\u00e9se, illet\u00e9kess\u00e9gi ter\u00fclete, az \u00fcgyint\u00e9z\u00e9shez sz\u00fcks\u00e9ges dokumentumok, okm\u00e1nyok, elj\u00e1r\u00e1si illet\u00e9kek (igazgat\u00e1si szolg\u00e1ltat\u00e1si d\u00edjak) meghat\u00e1roz\u00e1sa, alapvet\u0151 elj\u00e1r\u00e1si szab\u00e1lyok, az elj\u00e1r\u00e1st megind\u00edt\u00f3 irat beny\u00fajt\u00e1s\u00e1nak m\u00f3dja (helye, ideje), \u00fcgyf\u00e9lfogad\u00e1s ideje, az \u00fcgyint\u00e9z\u00e9s hat\u00e1rideje (elint\u00e9z\u00e9si, fellebbez\u00e9si hat\u00e1rid\u0151), az \u00fcgyek int\u00e9z\u00e9s\u00e9t seg\u00edt\u0151 \u00fatmutat\u00f3k, az \u00fcgymenetre vonatkoz\u00f3 t\u00e1j\u00e9koztat\u00e1s \u00e9s az \u00fcgyint\u00e9z\u00e9shez haszn\u00e1lt let\u00f6lthet\u0151 formanyomtatv\u00e1nyok, az ig\u00e9nybe vehet\u0151 elektronikus programok el\u00e9r\u00e9se, id\u0151pontfoglal\u00e1s, az \u00fcgyt\u00edpusokhoz kapcsol\u00f3d\u00f3 jogszab\u00e1lyok jegyz\u00e9ke, t\u00e1j\u00e9koztat\u00e1s az \u00fcgyfelet megillet\u0151 jogokr\u00f3l \u00e9s az \u00fcgyfelet terhel\u0151 k\u00f6telezetts\u00e9gekr\u0151l<\/strong><\/p> <p>Nem relev\u00e1ns<\/p> <p>II.5. <strong>A k\u00f6zfeladatot ell\u00e1t\u00f3 szerv \u00e1ltal ny\u00fajtott vagy k\u00f6lts\u00e9gvet\u00e9s\u00e9b\u0151l finansz\u00edrozott k\u00f6zszolg\u00e1ltat\u00e1sok megnevez\u00e9se, tartalma, a k\u00f6zszolg\u00e1ltat\u00e1sok ig\u00e9nybev\u00e9tel\u00e9nek rendje, a k\u00f6zszolg\u00e1ltat\u00e1s\u00e9rt fizetend\u0151 d\u00edj m\u00e9rt\u00e9ke, az abb\u00f3l adott kedvezm\u00e9nyek<\/strong><\/p> <p>K\u00f6lts\u00e9gvet\u00e9sb\u0151l finansz\u00edrozott k\u00f6zszolg\u00e1ltat\u00e1s: fels\u0151oktat\u00e1s<\/p> <p>Az ig\u00e9nybev\u00e9tel <a href=\"https:\/\/univet.hu\/hu\/felveteli\/tajekoztato\/\">rendj\u00e9t<\/a>, d\u00edj m\u00e9rt\u00e9k\u00e9t \u00e9s a kedvezm\u00e9nyeket az \u00c1llatorvostudom\u00e1nyi Egyetem <a href=\"https:\/\/univet.hu\/hu\/oktatas\/tanulmanyi-osztaly\/szabalyzatok\/\">Hallgat\u00f3i K\u00f6vetelm\u00e9nyrendszere<\/a> tartalmazza.<\/p> <p>II.6. <strong>A k\u00f6zfeladatot ell\u00e1t\u00f3 szerv \u00e1ltal fenntartott adatb\u00e1zisok, illetve nyilv\u00e1ntart\u00e1sok le\u00edr\u00f3 adatai (n\u00e9v, form\u00e1tum, az adatkezel\u00e9s c\u00e9lja, jogalapja, id\u0151tartama, az \u00e9rintettek k\u00f6re, az adatok forr\u00e1sa, k\u00e9rd\u0151\u00edves adatfelv\u00e9tel eset\u00e9n a kit\u00f6ltend\u0151 k\u00e9rd\u0151\u00edv), az adatv\u00e9delmi nyilv\u00e1ntart\u00e1sba bejelentend\u0151 nyilv\u00e1ntart\u00e1soknak az e t\u00f6rv\u00e9ny szerinti azonos\u00edt\u00f3 adatai; a k\u00f6zfeladatot ell\u00e1t\u00f3 szerv \u00e1ltal &#8211; alaptev\u00e9kenys\u00e9ge keret\u00e9ben &#8211; gy\u0171jt\u00f6tt \u00e9s feldolgozott adatok fajt\u00e1i, a hozz\u00e1f\u00e9r\u00e9s m\u00f3dja, a m\u00e1solatk\u00e9sz\u00edt\u00e9s k\u00f6lts\u00e9gei<\/strong><\/p> <p><a href=\"https:\/\/univet.hu\/wp-content\/uploads\/2025\/10\/II_6.pdf\">link<\/a><\/p> <p>II.7. <strong>A k\u00f6zfeladatot ell\u00e1t\u00f3 szerv nyilv\u00e1nos kiadv\u00e1nyainak c\u00edme, t\u00e9m\u00e1ja, a hozz\u00e1f\u00e9r\u00e9s m\u00f3dja, a kiadv\u00e1ny ingyeness\u00e9ge, illetve a k\u00f6lts\u00e9gt\u00e9r\u00edt\u00e9s m\u00e9rt\u00e9ke<\/strong><\/p> <p>Nem relev\u00e1ns.<\/p> <p>II.8. <strong>A test\u00fcleti szerv d\u00f6nt\u00e9sei el\u0151k\u00e9sz\u00edt\u00e9s\u00e9nek rendje, az \u00e1llampolg\u00e1ri k\u00f6zrem\u0171k\u00f6d\u00e9s (v\u00e9lem\u00e9nyez\u00e9s) m\u00f3dja, elj\u00e1r\u00e1si szab\u00e1lyai, a test\u00fcleti szerv \u00fcl\u00e9seinek helye, ideje, tov\u00e1bb\u00e1 nyilv\u00e1noss\u00e1ga, d\u00f6nt\u00e9sei, \u00fcl\u00e9s\u00e9nek jegyz\u0151k\u00f6nyvei, illetve \u00f6sszefoglal\u00f3i; a test\u00fcleti szerv szavaz\u00e1s\u00e1nak adatai, ha ezt jogszab\u00e1ly nem korl\u00e1tozza<\/strong><\/p> <p>A II.1. ponthoz csatolt Alap\u00edt\u00f3 Okirat X.5.-7. pontjai alapj\u00e1n a Kurat\u00f3rium \u00fcl\u00e9sei \u00e9s hat\u00e1rozatai nem nyilv\u00e1nosak.<\/p> <p>II.9. <strong>A t\u00f6rv\u00e9ny alapj\u00e1n k\u00f6zz\u00e9teend\u0151 jogszab\u00e1lytervezetek \u00e9s kapcsol\u00f3d\u00f3 dokumentumok; a helyi \u00f6nkorm\u00e1nyzat k\u00e9pvisel\u0151-test\u00fclet\u00e9nek nyilv\u00e1nos \u00fcl\u00e9s\u00e9re beny\u00fajtott el\u0151terjeszt\u00e9sek a beny\u00fajt\u00e1s id\u0151pontj\u00e1t\u00f3l<\/strong><\/p> <p>Nem relev\u00e1ns<\/p> <p>II.10. <strong>A k\u00f6zfeladatot ell\u00e1t\u00f3 szerv \u00e1ltal k\u00f6zz\u00e9tett hirdetm\u00e9nyek, k\u00f6zlem\u00e9nyek<\/strong><\/p> <p>A k\u00f6zz\u00e9tett hirdetm\u00e9ny a II.11. pontban ker\u00fclt ismertet\u00e9sre.<\/p> <p>II.11. <strong>A k\u00f6zfeladatot ell\u00e1t\u00f3 szerv \u00e1ltal ki\u00edrt p\u00e1ly\u00e1zatok szakmai le\u00edr\u00e1sa, azok eredm\u00e9nyei \u00e9s indokol\u00e1suk<\/strong><\/p> <p><a href=\"https:\/\/univet.hu\/hu\/2022\/06\/29\/az-allatorvostudomanyi-egyetem-marek-jozsef-osztondijat-hirdet-a-haszonallatok-irant-erdeklodo-allatorvostan-hallgatok-reszere\/\">Marek J\u00f3zsef \u00d6szt\u00f6nd\u00edj<\/a><\/p> <p>II.12. <strong>A k\u00f6zfeladatot ell\u00e1t\u00f3 szervn\u00e9l v\u00e9gzett alaptev\u00e9kenys\u00e9ggel kapcsolatos vizsg\u00e1latok, ellen\u0151rz\u00e9sek nyilv\u00e1nos meg\u00e1llap\u00edt\u00e1sai<\/strong><\/p> <p>Nem relev\u00e1ns.<\/p> <p>II.13.<strong> A k\u00f6z\u00e9rdek\u0171 adatok megismer\u00e9s\u00e9re ir\u00e1nyul\u00f3 ig\u00e9nyek int\u00e9z\u00e9s\u00e9nek rendje, az illet\u00e9kes szervezeti egys\u00e9g neve, el\u00e9rhet\u0151s\u00e9ge, az inform\u00e1ci\u00f3s jogokkal foglalkoz\u00f3 szem\u00e9ly neve<\/strong><\/p> <p>K\u00f6z\u00e9rdek\u0171 vagy k\u00f6z\u00e9rdekb\u0151l nyilv\u00e1nos adat megismer\u00e9se\u00a0 ir\u00e1nt b\u00e1rki sz\u00f3ban, \u00edr\u00e1sban, vagy elektronikus \u00faton ig\u00e9nyt ny\u00fajthat be, amelynek rendj\u00e9t a\u00a0<a href=\"https:\/\/univet.hu\/wp-content\/uploads\/2025\/09\/Marek_Jozsef_Alapitvany_kozerdeku_adatok_megismerese_.pdf\">Szab\u00e1lyzat<\/a> tartalmazza.<\/p> <p>az Alap\u00edtv\u00e1ny el\u00e9rhet\u0151s\u00e9gei:<\/p> <p>Marek J\u00f3zsef Alap\u00edtv\u00e1ny 1078 Budapest, Istv\u00e1n utca 2.<\/p> <p>e-mail: <a class=\"decrypt\" rel=\"Nbsfl\/BmbqjuwbozAvojwfu\/iv\" href=\"javascript:void(0);\">[Kattintson az emailc\u00edmhez]<\/a><\/p> <p>Tel.: 478-4108<\/p> <p>Dr. Battay M\u00e1rton titk\u00e1r<\/p> <p>II.14. <strong>A k\u00f6zfeladatot ell\u00e1t\u00f3 szerv tev\u00e9kenys\u00e9g\u00e9re vonatkoz\u00f3, jogszab\u00e1lyon alapul\u00f3 statisztikai adatgy\u0171jt\u00e9s eredm\u00e9nyei, id\u0151beli v\u00e1ltoz\u00e1suk<\/strong><\/p> <p>Nem relev\u00e1ns.<\/p> <p>II.15. <strong>A k\u00f6z\u00e9rdek\u0171 adatokkal kapcsolatos k\u00f6telez\u0151 statisztikai adatszolg\u00e1ltat\u00e1s adott szervre vonatkoz\u00f3 adatai<\/strong><\/p> <p><a href=\"https:\/\/univet.hu\/wp-content\/uploads\/2025\/10\/II_15.pdf\">link<\/a><\/p> <p>II.16. \u00a0<strong>Azon k\u00f6z\u00e9rdek\u0171 adatok hasznos\u00edt\u00e1s\u00e1ra ir\u00e1nyul\u00f3 szerz\u0151d\u00e9sek list\u00e1ja, amelyekben a k\u00f6zfeladatot ell\u00e1t\u00f3 szerv az egyik szerz\u0151d\u0151 f\u00e9l<\/strong><\/p> <p>Nem relev\u00e1ns.<\/p> <p>II.17. <strong>A k\u00f6zfeladatot ell\u00e1t\u00f3 szerv kezel\u00e9s\u00e9ben l\u00e9v\u0151 k\u00f6z\u00e9rdek\u0171 adatok felhaszn\u00e1l\u00e1s\u00e1ra, hasznos\u00edt\u00e1s\u00e1ra vonatkoz\u00f3 \u00e1ltal\u00e1nos szerz\u0151d\u00e9si felt\u00e9telek<\/strong><\/p> <p>Nem relev\u00e1ns.<\/p> <p>II.18.<strong> A k\u00f6zfeladatot ell\u00e1t\u00f3 szervre vonatkoz\u00f3 k\u00fcl\u00f6n\u00f6s \u00e9s egyedi k\u00f6zz\u00e9t\u00e9teli lista<\/strong><\/p> <p><a href=\"https:\/\/univet.hu\/wp-content\/uploads\/2025\/10\/II_18_.pdf\">link<\/a><\/p> <p>II.19. \u00a0<strong>A k\u00f6zfeladatot ell\u00e1t\u00f3 szerv kezel\u00e9s\u00e9ben lev\u0151, a k\u00f6zadatok \u00fajrahasznos\u00edt\u00e1s\u00e1r\u00f3l sz\u00f3l\u00f3 t\u00f6rv\u00e9ny szerint \u00fajrahasznos\u00edt\u00e1s c\u00e9lj\u00e1ra el\u00e9rhet\u0151 kultur\u00e1lis k\u00f6zadatok list\u00e1ja a rendelkez\u00e9sre \u00e1ll\u00f3 form\u00e1tumok megjel\u00f6l\u00e9s\u00e9vel, valamint a k\u00f6zfeladatot ell\u00e1t\u00f3 szerv kezel\u00e9s\u00e9ben lev\u0151, <\/strong><strong>a k\u00f6zadatok \u00fajrahasznos\u00edt\u00e1s\u00e1r\u00f3l sz\u00f3l\u00f3 t\u00f6rv\u00e9ny szerint \u00fajrahasznos\u00edthat\u00f3 k\u00f6zadat t\u00edpusokr\u00f3l val\u00f3 t\u00e1j\u00e9koztat\u00e1s, a rendelkez\u00e9sre \u00e1ll\u00f3 form\u00e1tumok megjel\u00f6l\u00e9s\u00e9vel<\/strong><\/p> <p>Nem relev\u00e1ns.<\/p> <p>II.20. <strong>A 19. sor szerinti k\u00f6zadatok \u00e9s kultur\u00e1lis k\u00f6zadatok \u00fajrahasznos\u00edt\u00e1s\u00e1ra vonatkoz\u00f3 \u00e1ltal\u00e1nos szerz\u0151d\u00e9si felt\u00e9telek elektronikusan szerkeszthet\u0151 v\u00e1ltozata<\/strong><\/p> <p>Nem relev\u00e1ns<\/p> <p>II.21. <strong>A 19. sor szerinti k\u00f6zadatok \u00e9s kultur\u00e1lis k\u00f6zadatok \u00fajrahasznos\u00edt\u00e1s c\u00e9lj\u00e1b\u00f3l t\u00f6rt\u00e9n\u0151 rendelkez\u00e9sre bocs\u00e1t\u00e1s\u00e1\u00e9rt fizetend\u0151 d\u00edjak \u00e1ltal\u00e1nos jegyz\u00e9ke, a d\u00edjsz\u00e1m\u00edt\u00e1s alapj\u00e1t k\u00e9pez\u0151 t\u00e9nyez\u0151kkel egy\u00fcttesen<\/strong><\/p> <p>Nem relev\u00e1ns.<\/p> <p>&nbsp;<\/p> <p>II.22. <strong>A k\u00f6zadatok \u00fajrahasznos\u00edt\u00e1s\u00e1r\u00f3l sz\u00f3l\u00f3 t\u00f6rv\u00e9ny szerinti jogorvoslati t\u00e1j\u00e9koztat\u00e1s<\/strong><\/p> <p>Nem relev\u00e1ns.<\/p> <p>II.23. <strong>A k\u00f6zfeladatot ell\u00e1t\u00f3 szerv \u00e1ltal megk\u00f6t\u00f6tt, a k\u00f6zadatok \u00fajrahasznos\u00edt\u00e1s\u00e1r\u00f3l sz\u00f3l\u00f3 t\u00f6rv\u00e9ny szerint k\u00f6t\u00f6tt kiz\u00e1r\u00f3lagos jogot biztos\u00edt\u00f3 meg\u00e1llapod\u00e1sok szerz\u0151d\u0151 feleinek megjel\u00f6l\u00e9se, a kiz\u00e1r\u00f3lagoss\u00e1g id\u0151tartam\u00e1nak, t\u00e1rgy\u00e1nak, valamint a meg\u00e1llapod\u00e1s egy\u00e9b l\u00e9nyeges elemeinek megjel\u00f6l\u00e9se<\/strong><\/p> <p>Nem relev\u00e1ns.<\/p> <p>II.24. <strong>A k\u00f6zfeladatot ell\u00e1t\u00f3 szerv \u00e1ltal k\u00f6t\u00f6tt, a k\u00f6zadatok \u00fajrahasznos\u00edt\u00e1s\u00e1r\u00f3l sz\u00f3l\u00f3 t\u00f6rv\u00e9ny szerint<\/strong><br \/> <strong>a kultur\u00e1lis k\u00f6zadatok digitaliz\u00e1l\u00e1s\u00e1ra kiz\u00e1r\u00f3lagos jogot biztos\u00edt\u00f3 meg\u00e1llapod\u00e1sok sz\u00f6vege<\/strong><\/p> <p>Nem relev\u00e1ns.<\/p> <p>II.25. <strong>A k\u00f6zadatok \u00fajrahasznos\u00edt\u00e1s\u00e1r\u00f3l sz\u00f3l\u00f3 t\u00f6rv\u00e9ny szerinti azon jogszab\u00e1ly, k\u00f6zjogi szervezetszab\u00e1lyoz\u00f3 eszk\u00f6z, k\u00f6zszolg\u00e1ltat\u00e1si szerz\u0151d\u00e9s vagy m\u00e1s k\u00f6telez\u0151 er\u0151vel b\u00edr\u00f3 dokumentum (vagy az annak el\u00e9rhet\u0151s\u00e9g\u00e9re mutat\u00f3 hivatkoz\u00e1s), amely az \u00fajrahasznos\u00edt\u00e1s c\u00e9lj\u00e1b\u00f3l rendelkez\u00e9sre bocs\u00e1that\u00f3 k\u00f6zadat gy\u0171jt\u00e9s\u00e9vel, el\u0151\u00e1ll\u00edt\u00e1s\u00e1val, feldolgoz\u00e1s\u00e1val \u00e9s terjeszt\u00e9s\u00e9vel \u00f6sszef\u00fcgg\u0151 k\u00f6lts\u00e9gek jelent\u0151s r\u00e9sz\u00e9nek saj\u00e1t bev\u00e9telb\u0151l val\u00f3 fedez\u00e9s\u00e9t \u00edrja el\u0151 a k\u00f6zfeladatot ell\u00e1t\u00f3 szerv r\u00e9sz\u00e9re<\/strong><\/p> <p>Nem relev\u00e1ns.<\/p> <p>&nbsp;<\/p>","protected":false},"excerpt":{"rendered":"<p>II.1. A k\u00f6zfeladatot ell\u00e1t\u00f3 szerv feladat\u00e1t, hat\u00e1sk\u00f6r\u00e9t \u00e9s alaptev\u00e9kenys\u00e9g\u00e9t meghat\u00e1roz\u00f3, a szervre vonatkoz\u00f3 alapvet\u0151 jogszab\u00e1lyok, k\u00f6zjogi szervezetszab\u00e1lyoz\u00f3 eszk\u00f6z\u00f6k, valamint a szervezeti \u00e9s m\u0171k\u00f6d\u00e9si szab\u00e1lyzat vagy \u00fcgyrend, az adatv\u00e9delmi \u00e9s adatbiztons\u00e1gi szab\u00e1lyzat hat\u00e1lyos \u00e9s teljes sz\u00f6vege Alapvet\u0151 jogszab\u00e1lyok: \u2022 2013. \u00e9vi V. t\u00f6rv\u00e9ny a Polg\u00e1ri T\u00f6rv\u00e9nyk\u00f6nyvr\u0151l \u2022 2020. XXXIV. a Marek J\u00f3zsef Alap\u00edtv\u00e1nyr\u00f3l, a Marek J\u00f3zsef<\/p>\n","protected":false},"author":3837,"featured_media":0,"parent":191682,"menu_order":2,"comment_status":"open","ping_status":"open","template":"","meta":{"_acf_changed":false,"footnotes":""},"categories":[],"tags":[],"class_list":["post-76457","page","type-page","status-publish","hentry"],"acf":[],"_links":{"self":[{"href":"https:\/\/univet.hu\/hu\/wp-json\/wp\/v2\/pages\/76457","targetHints":{"allow":["GET"]}}],"collection":[{"href":"https:\/\/univet.hu\/hu\/wp-json\/wp\/v2\/pages"}],"about":[{"href":"https:\/\/univet.hu\/hu\/wp-json\/wp\/v2\/types\/page"}],"author":[{"embeddable":true,"href":"https:\/\/univet.hu\/hu\/wp-json\/wp\/v2\/users\/3837"}],"replies":[{"embeddable":true,"href":"https:\/\/univet.hu\/hu\/wp-json\/wp\/v2\/comments?post=76457"}],"version-history":[{"count":5,"href":"https:\/\/univet.hu\/hu\/wp-json\/wp\/v2\/pages\/76457\/revisions"}],"predecessor-version":[{"id":191760,"href":"https:\/\/univet.hu\/hu\/wp-json\/wp\/v2\/pages\/76457\/revisions\/191760"}],"up":[{"embeddable":true,"href":"https:\/\/univet.hu\/hu\/wp-json\/wp\/v2\/pages\/191682"}],"wp:attachment":[{"href":"https:\/\/univet.hu\/hu\/wp-json\/wp\/v2\/media?parent=76457"}],"wp:term":[{"taxonomy":"category","embeddable":true,"href":"https:\/\/univet.hu\/hu\/wp-json\/wp\/v2\/categories?post=76457"},{"taxonomy":"post_tag","embeddable":true,"href":"https:\/\/univet.hu\/hu\/wp-json\/wp\/v2\/tags?post=76457"}],"curies":[{"name":"wp","href":"https:\/\/api.w.org\/{rel}","templated":true}]}}