{"id":767,"date":"2018-07-19T10:05:00","date_gmt":"2016-07-08T10:10:00","guid":{"rendered":"http:\/\/univet.hu\/oktatas\/doktori-iskola\/habilitacio\/"},"modified":"2026-02-19T12:49:08","modified_gmt":"2026-02-19T11:49:08","slug":"habilitacio","status":"publish","type":"page","link":"https:\/\/univet.hu\/hu\/oktatas\/doktori-iskola\/habilitacio\/","title":{"rendered":"Habilit\u00e1ci\u00f3"},"content":{"rendered":"<p><strong>Habilit\u00e1ci\u00f3s elj\u00e1r\u00e1s<\/strong><\/p> <p><strong>Az \u00c1llatorvostudom\u00e1nyi Egyetem Szervezeti \u00e9s\u00a0M\u0171k\u00f6d\u00e9si Szab\u00e1lyzat\u00e1nak III. k\u00f6tete, azaz a Doktori \u00e9s Habilit\u00e1ci\u00f3s Szab\u00e1lyzat szerint:\u00a0<\/strong><\/p> <p>Habilit\u00e1ci\u00f3s elj\u00e1r\u00e1s megind\u00edt\u00e1s\u00e1t k\u00e9rheti b\u00e1rki, aki megfelel az al\u00e1bbi felt\u00e9teleknek:<\/p> <ol style=\"list-style-type: lower-alpha\"> <li>doktori fokozattal rendelkezik, \u00e9s a tudom\u00e1nyos fokozat megszerz\u00e9se \u00f3ta \u2013 de legal\u00e1bb \u00f6t \u00e9ve \u2013 magas szint\u0171, \u00f6n\u00e1ll\u00f3 tudom\u00e1nyos tev\u00e9kenys\u00e9get folytat, amelynek eredm\u00e9nyei megfelelnek az FKR \u00e1ltal az egyetemi docensekre meghat\u00e1rozott k\u00f6vetelm\u00e9nyeknek;<\/li> <li>hazai vagy k\u00fclf\u00f6ldi fels\u0151oktat\u00e1si int\u00e9zm\u00e9nyben legal\u00e1bb nyolc f\u00e9l\u00e9ven kereszt\u00fcl l\u00e1tott el oktat\u00f3i feladatot;<\/li> <li>tudom\u00e1nyos alkot\u00e1ssal t\u00f6rt\u00e9n\u0151 habilit\u00e1ci\u00f3 eset\u00e9n rendszeres, magas szint\u0171 szakirodalmi tev\u00e9kenys\u00e9get folytat, amelyet rangos nemzetk\u00f6zi, lektor\u00e1lt, a szakter\u00fcleten m\u00e9rt\u00e9kad\u00f3k\u00e9nt elismert foly\u00f3iratokban megjelent cikkek \u00e9s ugyanilyen helyeken megjelen\u0151 \u2013 az Adatb\u00e1zis alapj\u00e1n vizsg\u00e1lt \u2013 hivatkoz\u00e1sok igazolnak, emellett el\u0151ad\u00e1sokkal, eredm\u00e9nyei ismertet\u00e9s\u00e9vel rendszeresen r\u00e9szt vesz nemzetk\u00f6zi \u00e9s hazai tudom\u00e1nyos rendezv\u00e9nyeken;<\/li> <li>m\u0171szaki alkot\u00e1sra \u00e9p\u00fcl\u0151 habilit\u00e1ci\u00f3 eset\u00e9n rendszeres, magas szint\u0171 alkot\u00f3tev\u00e9kenys\u00e9get folytat, amelyet megval\u00f3sult szabadalmak, tervek, valamint lektor\u00e1lt foly\u00f3iratcikkek \u00e9s ezekre kapott hivatkoz\u00e1sok igazolnak. A habilit\u00e1l\u00f3 el\u0151ad\u00e1sokkal, eredm\u00e9nyei ismertet\u00e9s\u00e9vel rendszeresen r\u00e9szt vesz nemzetk\u00f6zi \u00e9s hazai szakmai rendezv\u00e9nyeken; nemzetk\u00f6zileg is kiemelked\u0151 gyakorlati eredm\u00e9nyeinek pozit\u00edv hazai \u00e9s nemzetk\u00f6zi szakmai visszhangja nyomtatott form\u00e1ban is megjelent.<\/li> <\/ol> <p>A habilit\u00e1ci\u00f3s k\u00e9relemhez mell\u00e9kelni kell a doktori fokozat megszerz\u00e9se \u00f3ta v\u00e9gzett tudom\u00e1nyos, illetve m\u0171szaki tev\u00e9kenys\u00e9g eredm\u00e9nyeinek t\u00e9zisekben t\u00f6rt\u00e9n\u0151 \u00f6sszefoglal\u00e1s\u00e1t. A habilit\u00e1ci\u00f3s bizotts\u00e1g el\u0151\u00edrhatja habilit\u00e1ci\u00f3s \u00e9rtekez\u00e9s beny\u00fajt\u00e1s\u00e1t is. A v\u00e1logatott munk\u00e1k eredm\u00e9nyeit egys\u00e9ges, \u00f6nmag\u00e1ban \u00e9rthet\u0151 rendszerben kell bemutatni. Az \u00faj meg\u00e1llap\u00edt\u00e1sokat t\u00e9telesen a tudom\u00e1nyos t\u00e9zisekn\u00e9l megszokott form\u00e1ban kell r\u00f6gz\u00edteni, a v\u00e1logatott tudom\u00e1nyos publik\u00e1ci\u00f3kat, illetve alkot\u00e1sokat a t\u00e9zispontokhoz rendelve.<\/p> <p>A habilit\u00e1ci\u00f3s elj\u00e1r\u00e1s a k\u00f6vetkez\u0151 r\u00e9szekb\u0151l \u00e1ll:<\/p> <p><em>a)\u00a0\u00a0\u00a0\u00a0\u00a0 <\/em>habitusvizsg\u00e1lat, mely az 1. \u00a7 (4) bekezd\u00e9s\u00e9ben foglalt felt\u00e9telek teljes\u00edt\u00e9s\u00e9t vizsg\u00e1lja,<\/p> <p><em>b)\u00a0\u00a0\u00a0\u00a0\u00a0 <\/em>a habilit\u00e1ci\u00f3s t\u00e9zisek \u00e9rt\u00e9kel\u00e9se,<\/p> <p><em>c)\u00a0\u00a0\u00a0\u00a0\u00a0 <\/em>magyar \u00e9s idegen nyelv\u0171 \u2013 habilit\u00e1ci\u00f3s el\u0151ad\u00e1s \u00e9s annak \u00e9rt\u00e9kel\u00e9se az Nftv. 108. \u00a7 7. pontj\u00e1nak megfelel\u0151en,<\/p> <p><em>d)\u00a0\u00a0\u00a0\u00a0\u00a0 <\/em>nyilv\u00e1nos vita \u00e9s annak \u00e9rt\u00e9kel\u00e9se.<\/p> <table class=\"keretes\" style=\"width: 578px;height: 312px\" border=\"0\" width=\"597\" cellspacing=\"0\" cellpadding=\"0\"> <tbody> <tr style=\"height: 24px\"> <td style=\"width: 574px;height: 24px\"><strong>Az elj\u00e1r\u00e1s sor\u00e1n haszn\u00e1lt dokumentumok \u00e9s \u0171rlapok:<\/strong><\/td> <\/tr> <tr style=\"height: 24px\"> <td style=\"width: 574px;height: 24px\"><a href=\"https:\/\/univet.hu\/wp-content\/uploads\/2022\/08\/DI-Hab-Jelentkez\u00e9si-lap.docx\">Jelentkez\u00e9si lap<\/a><\/td> <\/tr> <tr style=\"height: 24px\"> <td style=\"width: 574px;height: 24px\"><a href=\"https:\/\/univet.hu\/wp-content\/uploads\/2022\/08\/DI-Hab-Szakmai-\u00f6n\u00e9letrajz.docx\">Szakmai \u00f6n\u00e9letrajz<\/a><\/td> <\/tr> <tr style=\"height: 24px\"> <td style=\"width: 574px;height: 24px\"><a href=\"https:\/\/univet.hu\/wp-content\/uploads\/2022\/08\/DI-Habilit\u00e1ci\u00f3s-el\u0151ad\u00e1sok-jegyz\u0151k\u00f6nyve.docx\">Habilit\u00e1ci\u00f3s el\u0151ad\u00e1sok jegyz\u0151k\u00f6nyve<\/a><\/td> <\/tr> <tr style=\"height: 24px\"> <td style=\"width: 574px;height: 24px\"><a href=\"\/\/univet.hu\/wp-content\/uploads\/2022\/09\/DI-Hab-Seg\u00e9dlet-a-Szak\u00e9rt\u0151i-Bizotts\u00e1g-tev\u00e9kenys\u00e9g\u00e9hez-1.docx\">Seg\u00e9dlet a Szak\u00e9rt\u0151i Bizotts\u00e1g tev\u00e9kenys\u00e9g\u00e9hez: \u00e9rt\u00e9kel\u00e9s \u00e9s forgat\u00f3k\u00f6nyv<\/a><\/td> <\/tr> <tr style=\"height: 24px\"> <td style=\"width: 574px;height: 24px\"><a href=\"https:\/\/univet.hu\/wp-content\/uploads\/2022\/08\/DI-Hab-Szavaz\u00f3lap.docx\">Szavaz\u00f3 lap (szempontok az \u00e9rt\u00e9kel\u00e9shez)<\/a><\/td> <\/tr> <tr style=\"height: 24px\"> <td style=\"width: 574px;height: 24px\"><a href=\"https:\/\/univet.hu\/wp-content\/uploads\/2022\/08\/DI-Hab-Ellen\u0151rz\u0151-lista-a-jelentkez\u00e9shez-mell\u00e9kelend\u0151-dokumentumokr\u00f3l.docx\">Ellen\u0151rz\u0151 lista a jelentkez\u00e9shez mell\u00e9kelend\u0151 dokumentumokr\u00f3l<\/a><\/td> <\/tr> <tr style=\"height: 24px\"> <td style=\"width: 574px;height: 24px\"><a href=\"https:\/\/univet.hu\/wp-content\/uploads\/2022\/08\/DI-Hab-Befogad\u00f3-nyilatkozat.doc\">Doktori Habilit\u00e1ci\u00f3s Tan\u00e1cs befogad\u00f3 nyilatkozata<\/a><\/td> <\/tr> <tr style=\"height: 24px\"> <td style=\"width: 574px;height: 24px\"><a href=\"https:\/\/univet.hu\/wp-content\/uploads\/2022\/08\/DI-Hab-Javaslat-Szak\u00e9rt\u0151i-Bizotts\u00e1g-\u00f6sszet\u00e9tel\u00e9re.docx\">Javaslat Szak\u00e9rt\u0151i Bizotts\u00e1g \u00f6sszet\u00e9tel\u00e9re<\/a><\/td> <\/tr> <tr style=\"height: 24px\"> <td style=\"width: 574px;height: 24px\"><a href=\"https:\/\/univet.hu\/wp-content\/uploads\/2022\/08\/DI-Hab-Publik\u00e1ci\u00f3s-tev\u00e9kenys\u00e9g-bemutat\u00e1sa.doc\">Publik\u00e1ci\u00f3s tev\u00e9kenys\u00e9g bemutat\u00e1sa<\/a><\/td> <\/tr> <tr style=\"height: 24px\"> <td style=\"width: 574px;height: 24px\"><a href=\"https:\/\/univet.hu\/wp-content\/uploads\/2022\/08\/DI-Hab-Az-el\u0151ad\u00e1sok-id\u0151pontj\u00e1nak-bejelent\u00e9se.doc\">Az el\u0151ad\u00e1sok id\u0151pontj\u00e1nak bejelent\u00e9se<\/a><\/td> <\/tr> <tr style=\"height: 24px\"> <td style=\"width: 574px;height: 24px\"><a href=\"https:\/\/univet.hu\/wp-content\/uploads\/2022\/09\/DI-Habil-Forgat\u00f3k\u00f6nyv-1.docx\">Habilit\u00e1ci\u00f3 forgat\u00f3k\u00f6nyve<\/a><\/td> <\/tr> <tr style=\"height: 24px\"> <td style=\"width: 574px;height: 24px\"><a href=\"https:\/\/univet.hu\/wp-content\/uploads\/2026\/02\/03_ATE_Habilitacios_Szabalyzat_20220629.pdf\">Habilit\u00e1ci\u00f3s szab\u00e1lyzat<\/a><\/td> <\/tr> <\/tbody> <\/table> <table border=\"0\" cellspacing=\"0\" cellpadding=\"0\"> <tbody> <tr> <td>Jelentkez\u00e9si d\u00edj<\/td> <td>10\u00a0000 Ft<\/td> <\/tr> <tr> <td>Elj\u00e1r\u00e1si d\u00edj\u00a0 &#8211;\u00a0\u00a0egyetemi alkalmazott eset\u00e9n<\/td> <td>30\u00a0000 Ft<\/td> <\/tr> <tr> <td>\u00a0 \u00a0 \u00a0 \u00a0 \u00a0 \u00a0 \u00a0 \u00a0 \u00a0 \u00a0 \u00a0 \u00a0&#8211; nem egyetemi alkalmazott\u00a0\u00a0eset\u00e9n<\/td> <td>60\u00a0000 Ft<\/td> <\/tr> <\/tbody> <\/table> <h3><strong>A habilit\u00e1ci\u00f3s elj\u00e1r\u00e1sra t\u00f6rt\u00e9n\u0151 jelentkez\u00e9seket a Doktori \u00e9s Habilit\u00e1ci\u00f3s Tan\u00e1cs, egy\u00fattal a Doktori Iskola titk\u00e1rs\u00e1g\u00e1ra <\/strong><strong>v\u00e1rjuk<\/strong><strong><br \/> <\/strong><\/h3>","protected":false},"excerpt":{"rendered":"<p>Habilit\u00e1ci\u00f3s elj\u00e1r\u00e1s Az \u00c1llatorvostudom\u00e1nyi Egyetem Szervezeti \u00e9s\u00a0M\u0171k\u00f6d\u00e9si Szab\u00e1lyzat\u00e1nak III. k\u00f6tete, azaz a Doktori \u00e9s Habilit\u00e1ci\u00f3s Szab\u00e1lyzat szerint:\u00a0 Habilit\u00e1ci\u00f3s elj\u00e1r\u00e1s megind\u00edt\u00e1s\u00e1t k\u00e9rheti b\u00e1rki, aki megfelel az al\u00e1bbi felt\u00e9teleknek: doktori fokozattal rendelkezik, \u00e9s a tudom\u00e1nyos fokozat megszerz\u00e9se \u00f3ta \u2013 de legal\u00e1bb \u00f6t \u00e9ve \u2013 magas szint\u0171, \u00f6n\u00e1ll\u00f3 tudom\u00e1nyos tev\u00e9kenys\u00e9get folytat, amelynek eredm\u00e9nyei megfelelnek az FKR \u00e1ltal az<\/p>\n","protected":false},"author":1,"featured_media":0,"parent":735,"menu_order":228,"comment_status":"closed","ping_status":"closed","template":"","meta":{"_acf_changed":false,"footnotes":""},"categories":[],"tags":[],"class_list":["post-767","page","type-page","status-publish","hentry"],"acf":[],"_links":{"self":[{"href":"https:\/\/univet.hu\/hu\/wp-json\/wp\/v2\/pages\/767","targetHints":{"allow":["GET"]}}],"collection":[{"href":"https:\/\/univet.hu\/hu\/wp-json\/wp\/v2\/pages"}],"about":[{"href":"https:\/\/univet.hu\/hu\/wp-json\/wp\/v2\/types\/page"}],"author":[{"embeddable":true,"href":"https:\/\/univet.hu\/hu\/wp-json\/wp\/v2\/users\/1"}],"replies":[{"embeddable":true,"href":"https:\/\/univet.hu\/hu\/wp-json\/wp\/v2\/comments?post=767"}],"version-history":[{"count":1,"href":"https:\/\/univet.hu\/hu\/wp-json\/wp\/v2\/pages\/767\/revisions"}],"predecessor-version":[{"id":201160,"href":"https:\/\/univet.hu\/hu\/wp-json\/wp\/v2\/pages\/767\/revisions\/201160"}],"up":[{"embeddable":true,"href":"https:\/\/univet.hu\/hu\/wp-json\/wp\/v2\/pages\/735"}],"wp:attachment":[{"href":"https:\/\/univet.hu\/hu\/wp-json\/wp\/v2\/media?parent=767"}],"wp:term":[{"taxonomy":"category","embeddable":true,"href":"https:\/\/univet.hu\/hu\/wp-json\/wp\/v2\/categories?post=767"},{"taxonomy":"post_tag","embeddable":true,"href":"https:\/\/univet.hu\/hu\/wp-json\/wp\/v2\/tags?post=767"}],"curies":[{"name":"wp","href":"https:\/\/api.w.org\/{rel}","templated":true}]}}