{"id":768,"date":"2018-06-13T09:24:00","date_gmt":"2018-01-18T10:02:00","guid":{"rendered":"http:\/\/univet.hu\/oktatas\/doktori-iskola\/felveteli-2018\/"},"modified":"2026-02-19T13:18:49","modified_gmt":"2026-02-19T12:18:49","slug":"felveteli","status":"publish","type":"page","link":"https:\/\/univet.hu\/hu\/oktatas\/doktori-iskola\/felveteli\/","title":{"rendered":"Felv\u00e9teli inform\u00e1ci\u00f3k"},"content":{"rendered":"<h3 style=\"text-align: center\">FELV\u00c9TELI<\/h3> <p style=\"text-align: center\"><span style=\"font-family: georgia, palatino, serif;font-size: 14pt\"><strong><span style=\"color: #000000\">Jelentkez\u00e9si hat\u00e1rid\u0151 a 2026. szeptemberben indul\u00f3 k\u00e9pz\u00e9sre:<\/span><span style=\"color: #ff0000\"> 2026. m\u00e1jus 15.<\/span><\/strong><\/span><\/p> <p style=\"text-align: left\"><span style=\"font-family: georgia, palatino, serif;font-size: 14pt\"><strong><span style=\"color: #ff0000\"><br \/> <\/span><\/strong><\/span>A szem\u00e9lyes felv\u00e9teli meghallgat\u00e1s v\u00e1rhat\u00f3 id\u0151pontja: <span style=\"color: #ff0000\"><strong>2026. j\u00fanius\u00a0<\/strong><\/span><br \/> A szem\u00e9lyes felv\u00e9teli meghallgat\u00e1s helye: \u00c1llatorvostudom\u00e1nyi Egyetem (a pontos helysz\u00edn k\u00e9s\u0151bb ker\u00fcl meghat\u00e1roz\u00e1sra)<\/p> <p>A 2026. szeptemberben indul\u00f3 doktori k\u00e9pz\u00e9sben <strong>a bet\u00f6lthet\u0151 \u00e1llami \u00f6szt\u00f6nd\u00edjas helyek sz\u00e1ma: 13-15<\/strong><\/p> <p><strong>A meghirdetett kutat\u00e1si t\u00e9m\u00e1k az Orsz\u00e1gos Doktori Tan\u00e1cs oldal\u00e1n lesznek el\u00e9rhet\u0151ek, v\u00e1rhat\u00f3an 2026. m\u00e1rcius v\u00e9g\u00e9n<\/strong>:<br \/> <a href=\"https:\/\/doktori.hu\/doktori-kepzes\/temakiirasok\/\">\u00c1llatorvostudom\u00e1nyi Egyetem, \u00c1llatorvostudom\u00e1nyi Doktori Iskola aktu\u00e1lis t\u00e9maki\u00edr\u00e1sai<\/a><\/p> <p>Felv\u00e9teli elj\u00e1r\u00e1si d\u00edj: 9.000.-, melyet legk\u00e9s\u0151bb a sz\u00f3beli felv\u00e9teli napj\u00e1ig ki kell egyenl\u00edteni. A sz\u00e1ml\u00e1z\u00e1si adatokat k\u00e9rj\u00fck pontosan megadni a p\u00e1ly\u00e1zati anyag bead\u00e1sakor!<\/p> <h4>A felv\u00e9teli dokumentumokat a k\u00f6vetkez\u0151 m\u00f3don k\u00e9rj\u00fck beadni:<\/h4> <p>Elektronikusan v\u00e1runk minden bek\u00fcldend\u0151 anyagot 2026. m\u00e1jus 15-ig a <a class=\"decrypt\" rel=\"qieAvojwfu\/iv\" href=\"javascript:void(0);\">[Kattintson az emailc\u00edmhez]<\/a> e-mailc\u00edmre:<\/p> <ul> <li>F01 &#8211; jelentkez\u00e9si lap Word form\u00e1tumban!;<\/li> <li>F02 &#8211; \u00f6n\u00e9letrajz;<\/li> <li>F03 &#8211; munkaterv;<\/li> <li>F04 &#8211; munkaterv z\u00e1rad\u00e9k;<\/li> <li>F05 &#8211; nyilatkozat k\u00f6lts\u00e9gvisel\u00e9sr\u0151l;<\/li> <li>F12 &#8211; publik\u00e1ci\u00f3s jegyz\u00e9k;<\/li> <li>diploma egyszer\u0171 m\u00e1solata \u00e9s nyelvvizsga bizony\u00edtv\u00e1ny(ok) egyszer\u0171 m\u00e1solata<\/li> <li style=\"list-style-type: none\"><\/li> <\/ul> <p>Pap\u00edr alapon is legk\u00e9s\u0151bb 2026. 05. 20-ig:<\/p> <ul> <li>F01 &#8211; jelentkez\u00e9si lap;<\/li> <li>F04 &#8211; munkaterv z\u00e1rad\u00e9k;<\/li> <li>F05 &#8211; nyilatkozat k\u00f6lts\u00e9gvisel\u00e9sr\u0151l;<\/li> <li style=\"list-style-type: none\"><\/li> <\/ul> <p>A pap\u00edr alap\u00fa dokumentumokat a Doktori Iskola Titk\u00e1rs\u00e1g\u00e1ra v\u00e1rjuk. Levelez\u00e9si c\u00edm\u00fcnk: \u00c1llatorvostudom\u00e1nyi Egyetem Doktori Iskola Titk\u00e1rs\u00e1ga, 1078 Budapest, Istv\u00e1n utca 2.<\/p> <h3 style=\"text-align: center\"><a href=\"http:\/\/biomat.univet.hu\/moodle\/course\/view.php?id=163\">Felk\u00e9sz\u00edt\u0151 anyag<\/a><\/h3> <p>A felv\u00e9teli \u00edr\u00e1sbeli MS Word \u00e9s MS Excel feladatok megold\u00e1s\u00e1b\u00f3l \u00e1ll. A felk\u00e9sz\u00edt\u0151 anyaghoz val\u00f3 hozz\u00e1f\u00e9r\u00e9shez e-learning fel\u00fcleten, valamint az MS Word \u00e9s MS Excel tesztek kit\u00f6lt\u00e9s\u00e9re online lesz lehet\u0151s\u00e9g\u00fck azoknak, akik a jelentkez\u00e9si hat\u00e1rid\u0151ig beny\u00fajtj\u00e1k a jelentkez\u00e9s\u00fcket. Az e-learning fel\u00fclethez, valamint az online tesztekhez hozz\u00e1f\u00e9r\u00e9st a jelentkez\u00e9si hat\u00e1rid\u0151t k\u00f6vet\u0151 napokban adunk.<\/p> <div>\u00a0__________________________________________________________________<\/div> <p>T\u00e1j\u00e9koztat\u00f3 dokumentumok:<\/p> <p><a href=\"https:\/\/univet.hu\/wp-content\/uploads\/2025\/04\/A-felveteli-eljaras-menete.pdf\">A felv\u00e9teli elj\u00e1r\u00e1s menete<\/a><\/p> <p><a href=\"https:\/\/univet.hu\/wp-content\/uploads\/2025\/05\/PhD-munkaterv_pontozasnal-alkalmazott-szempontok.pdf\">Egyes felv\u00e9teli krit\u00e9riumok pontoz\u00e1si szempontjai<\/a><\/p> <p>Jelentkez\u00e9s egy\u00e9ni felk\u00e9sz\u00fcl\u00e9st k\u00f6vet\u0151en<\/p> <p><a href=\"https:\/\/univet.hu\/wp-content\/uploads\/2024\/11\/T\u00e1j\u00e9koztat\u00f3.pdf\">T\u00e1j\u00e9koztat\u00f3<\/a><\/p> <p>Bek\u00fcldend\u0151 dokumentumok:<\/p> <p><a href=\"https:\/\/univet.hu\/wp-content\/uploads\/2024\/11\/F01-DI-jelentkezesilap.doc\">F01 Jelentkez\u00e9si lap<\/a><\/p> <p><a href=\"https:\/\/univet.hu\/wp-content\/uploads\/2024\/11\/F02-DI-JELCVx.doc\">F02 CV forma<\/a><\/p> <p><a href=\"https:\/\/univet.hu\/wp-content\/uploads\/2024\/11\/F03-DI-JELMTx_m\u00f3d.docx\">F03 Munkaterv-forma<\/a><\/p> <p><a href=\"https:\/\/univet.hu\/wp-content\/uploads\/2024\/11\/F04-DI-MTzaradekx_m\u00f3d.doc\">F04 Munkaterv z\u00e1rad\u00e9k<\/a><\/p> <p><a href=\"https:\/\/univet.hu\/wp-content\/uploads\/2024\/11\/F05-DI-NYKoeLTx.doc\">F05 Nyilatkozat k\u00f6lts\u00e9gvisel\u00e9sr\u0151l<\/a><\/p> <p><a href=\"https:\/\/univet.hu\/wp-content\/uploads\/2024\/11\/F12-DI-PUBJEGY_m\u00f3d.doc\">F12 Publik\u00e1ci\u00f3s jegyz\u00e9k<\/a><\/p> <p><a href=\"https:\/\/univet.hu\/wp-content\/uploads\/2024\/11\/F22_Checklist_2016.-09.-01.-t\u0151l.pdf\">F22 Ellen\u0151rz\u0151 lista<\/a><\/p>","protected":false},"excerpt":{"rendered":"<p>FELV\u00c9TELI Jelentkez\u00e9si hat\u00e1rid\u0151 a 2026. szeptemberben indul\u00f3 k\u00e9pz\u00e9sre: 2026. m\u00e1jus 15. A szem\u00e9lyes felv\u00e9teli meghallgat\u00e1s v\u00e1rhat\u00f3 id\u0151pontja: 2026. j\u00fanius\u00a0 A szem\u00e9lyes felv\u00e9teli meghallgat\u00e1s helye: \u00c1llatorvostudom\u00e1nyi Egyetem (a pontos helysz\u00edn k\u00e9s\u0151bb ker\u00fcl meghat\u00e1roz\u00e1sra) A 2026. szeptemberben indul\u00f3 doktori k\u00e9pz\u00e9sben a bet\u00f6lthet\u0151 \u00e1llami \u00f6szt\u00f6nd\u00edjas helyek sz\u00e1ma: 13-15 A meghirdetett kutat\u00e1si t\u00e9m\u00e1k az Orsz\u00e1gos Doktori Tan\u00e1cs oldal\u00e1n lesznek<\/p>\n","protected":false},"author":1,"featured_media":0,"parent":735,"menu_order":228,"comment_status":"closed","ping_status":"closed","template":"","meta":{"_acf_changed":false,"footnotes":""},"categories":[],"tags":[],"class_list":["post-768","page","type-page","status-publish","hentry"],"acf":[],"_links":{"self":[{"href":"https:\/\/univet.hu\/hu\/wp-json\/wp\/v2\/pages\/768","targetHints":{"allow":["GET"]}}],"collection":[{"href":"https:\/\/univet.hu\/hu\/wp-json\/wp\/v2\/pages"}],"about":[{"href":"https:\/\/univet.hu\/hu\/wp-json\/wp\/v2\/types\/page"}],"author":[{"embeddable":true,"href":"https:\/\/univet.hu\/hu\/wp-json\/wp\/v2\/users\/1"}],"replies":[{"embeddable":true,"href":"https:\/\/univet.hu\/hu\/wp-json\/wp\/v2\/comments?post=768"}],"version-history":[{"count":6,"href":"https:\/\/univet.hu\/hu\/wp-json\/wp\/v2\/pages\/768\/revisions"}],"predecessor-version":[{"id":201162,"href":"https:\/\/univet.hu\/hu\/wp-json\/wp\/v2\/pages\/768\/revisions\/201162"}],"up":[{"embeddable":true,"href":"https:\/\/univet.hu\/hu\/wp-json\/wp\/v2\/pages\/735"}],"wp:attachment":[{"href":"https:\/\/univet.hu\/hu\/wp-json\/wp\/v2\/media?parent=768"}],"wp:term":[{"taxonomy":"category","embeddable":true,"href":"https:\/\/univet.hu\/hu\/wp-json\/wp\/v2\/categories?post=768"},{"taxonomy":"post_tag","embeddable":true,"href":"https:\/\/univet.hu\/hu\/wp-json\/wp\/v2\/tags?post=768"}],"curies":[{"name":"wp","href":"https:\/\/api.w.org\/{rel}","templated":true}]}}