{"id":77077,"date":"2022-07-24T21:44:53","date_gmt":"2022-07-24T19:44:53","guid":{"rendered":"https:\/\/univet.hu\/hu\/egyetem\/munkatarsak\/new-staff-member-page-2\/"},"modified":"2026-02-10T03:55:39","modified_gmt":"2026-02-10T02:55:39","slug":"mag-patrik","status":"publish","type":"page","link":"https:\/\/univet.hu\/hu\/egyetem\/munkatarsak\/mag-patrik\/","title":{"rendered":"Mag Patrik"},"content":{"rendered":"<p style=\"font-family: impact, sans-serif\" align=\"justify\">Bemutatkoz\u00e1s<\/p> <p align=\"justify\">Dr. Mag Patrik Egerben sz\u00fcletett, gimn\u00e1ziumi tanulm\u00e1nyait is ebben a v\u00e1rosban folytatta. 2022-ben v\u00e9gzett az \u00c1llatorvostudom\u00e1nyi Egyetemen, \u00e1llatorvos doktork\u00e9nt, summa cum laude min\u0151s\u00edt\u00e9ssel. M\u00e9g ugyanebben az \u00e9vben kezdte PhD tanulm\u00e1nyait az Egyetem Gy\u00f3gyszertani \u00e9s M\u00e9regtani Tansz\u00e9k\u00e9n, ahol hallgat\u00f3k\u00e9nt a TDK munk\u00e1j\u00e1t is v\u00e9gezte. Ezzel p\u00e1rhuzamosan egy kis\u00e1llat rendel\u0151ben is megkezdte munk\u00e1j\u00e1t, ahol belgy\u00f3gy\u00e1szati ell\u00e1t\u00e1s mellett kisebb l\u00e1gyszervi seb\u00e9szeti beavatkoz\u00e1sokat is v\u00e9gez. Kutat\u00e1si ter\u00fclete az antibiotikumok farmakokinetikai\/farmakodin\u00e1miai (PK\/PD) elemz\u00e9se, k\u00fcl\u00f6n\u00f6s tekintettel a t\u00e1rs\u00e1llatok b\u0151rgy\u00f3gy\u00e1szati vonatkoz\u00e1saira. Ezen fel\u00fcl sz\u00e1mos tansz\u00e9ki kutat\u00e1si projektnek akt\u00edv r\u00e9sztvev\u0151je.<\/p> <hr align=\"center\" size=\"5\" width=\"60%\" \/> <p><span style=\"font-family: impact, sans-serif\">El\u0151rehalad\u00e1s<\/span><\/p> <table style=\"height: 96px;width: 67.1801%\" width=\"609\"> <tbody> <tr style=\"height: 24px\"> <td style=\"width: 16.7616%;height: 24px;text-align: left\">2024.<\/td> <td style=\"width: 93.2483%;height: 24px;text-align: left\">Doktorandusz \u00d6nkorm\u00e1nyzat, eln\u00f6k<\/td> <\/tr> <tr style=\"height: 24px\"> <td style=\"width: 16.7616%;height: 24px;text-align: left\">2023.<\/td> <td style=\"width: 93.2483%;height: 24px;text-align: left\">\u00c1llatorvostudom\u00e1nyi Egyetem, egyetemi tan\u00e1rseg\u00e9d<\/td> <\/tr> <tr style=\"height: 24px\"> <td style=\"width: 16.7616%;height: 24px;text-align: left\">2022.<\/td> <td style=\"width: 93.2483%;height: 24px;text-align: left\"> <p>\u00c1llatorvostudom\u00e1nyi Egyetem, PhD hallgat\u00f3, tansz\u00e9ki \u00e1llatorvos<\/p> <p><span style=\"font-family: inherit;font-size: inherit\">Doktorandusz \u00d6nkorm\u00e1nyzat, k\u00fcld\u00f6ttgy\u0171l\u00e9si tag<\/span><\/td> <\/tr> <tr style=\"height: 24px\"> <td style=\"width: 16.7616%;height: 24px;text-align: left\">2016-2022.<\/td> <td style=\"width: 93.2483%;height: 24px;text-align: left\">\u00c1llatorvostudom\u00e1nyi Egyetem, \u00e1llatorvos doktor<\/td> <\/tr> <\/tbody> <\/table> <p>&nbsp;<\/p> <hr align=\"center\" size=\"5\" width=\"60%\" \/> <p><span style=\"font-family: impact, sans-serif\">Publik\u00e1ci\u00f3s lista (Top10)<\/span><\/p> <p style=\"text-align: center\">MTMT: <a href=\"https:\/\/m2.mtmt.hu\/frontend\/#view\/Publication\/SmartQuery\/1127\/\">https:\/\/m2.mtmt.hu\/frontend\/#view\/Publication\/SmartQuery\/1127\/<\/a><\/p> <p>&nbsp;<\/p> <table style=\"height: 103px;width: 1133px\" width=\"1140\"> <tbody> <tr style=\"height: 86px\"> <td style=\"width: 35.7656px;height: 86px;text-align: center\">1.<\/td> <td style=\"width: 1081.23px;height: 86px\">Mag P, Nemes-Ter\u00e9nyi M, Jerzsele \u00c1, M\u00e1tyus P (2024) Some Aspects and Convergence of Human and Veterinary Drug Repositioning. MOLECULES 29:4475. https:\/\/doi.org\/10.3390\/molecules29184475<\/td> <\/tr> <tr> <td style=\"width: 35.7656px;text-align: center\">2.<\/td> <td style=\"width: 1081.23px\">Mag P, N\u00e9meth K, Somogyi Z, Jerzsele \u00c1 (2023) Farmakokinetikai\/farmakodin\u00e1miai modellekre alapozott antibakteri\u00e1lis ter\u00e1pia a kis\u00e1llatgy\u00f3gy\u00e1szatban \u2013 1. r\u00e9sz. Irodalmi \u00f6sszefoglal\u00f3. MAGY ALLATORVOSOK 145:419\u2013438. https:\/\/doi.org\/10.56385\/magyallorv.2023.07.419-438<\/td> <\/tr> <tr> <td style=\"width: 35.7656px;text-align: center\">3.<\/td> <td style=\"width: 1081.23px\">Somogyi Z, Mag P, Kov\u00e1cs D, Kerek \u00c1, Szab\u00f3 PT, Makrai L, Jerzsele \u00c1 (2022) Synovial and Systemic Pharmacokinetics of Florfenicol and PK\/PD Integration against Streptococcus suis in Pigs. PHARMACEUTICS 14:. https:\/\/doi.org\/10.3390\/pharmaceutics14010109<\/td> <\/tr> <tr> <td style=\"width: 35.7656px;text-align: center\">4.<\/td> <td style=\"width: 1081.23px\">Somogyi Z, Mag P, Simon R, Kerek \u00c1, Szab\u00f3 P, Albert E, Biksi I, Jerzsele \u00c1 (2023) Pharmacokinetics and Pharmacodynamics of Florfenicol in Plasma and Synovial Fluid of Pigs at a Dose of 30 mg\/kgbw Following Intramuscular Administration. ANTIBIOTICS-BASEL 12:. https:\/\/doi.org\/10.3390\/antibiotics12040758<\/td> <\/tr> <tr> <td style=\"width: 35.7656px;text-align: center\">5.<\/td> <td style=\"width: 1081.23px\">Somogyi Z, Mag P, Simon R, Kerek \u00c1, Makrai L, Biksi I, Jerzsele \u00c1 (2023) Susceptibility of Actinobacillus pleuropneumoniae, Pasteurella multocida and Streptococcus suis Isolated from Pigs in Hungary between 2018 and 2021. ANTIBIOTICS-BASEL 12:. https:\/\/doi.org\/10.3390\/antibiotics12081298<\/td> <\/tr> <tr> <td style=\"width: 35.7656px;text-align: center\">6.<\/td> <td style=\"width: 1081.23px\">van Niekerk AA, Maluck S, Mag P, K\u0151v\u00e1g\u00f3 C, Kerek \u00c1, Jerzsele \u00c1, Steinmetzer T, P\u00e1sztin\u00e9 Gere E (2024) Antiviral Drug Candidate Repositioning for Streptococcus suis Infection in Non-Tumorigenic Cell Models. BIOMEDICINES 12:783. <a href=\"https:\/\/doi.org\/10.3390\/biomedicines12040783\">https:\/\/doi.org\/10.3390\/biomedicines12040783<\/a><\/td> <\/tr> <\/tbody> <\/table> <p>&nbsp;<\/p> <p style=\"text-align: center\">Friss\u00edtve: 2025. janu\u00e1r<\/p>","protected":false},"excerpt":{"rendered":"<p>Bemutatkoz\u00e1s Dr. Mag Patrik Egerben sz\u00fcletett, gimn\u00e1ziumi tanulm\u00e1nyait is ebben a v\u00e1rosban folytatta. 2022-ben v\u00e9gzett az \u00c1llatorvostudom\u00e1nyi Egyetemen, \u00e1llatorvos doktork\u00e9nt, summa cum laude min\u0151s\u00edt\u00e9ssel. M\u00e9g ugyanebben az \u00e9vben kezdte PhD tanulm\u00e1nyait az Egyetem Gy\u00f3gyszertani \u00e9s M\u00e9regtani Tansz\u00e9k\u00e9n, ahol hallgat\u00f3k\u00e9nt a TDK munk\u00e1j\u00e1t is v\u00e9gezte. Ezzel p\u00e1rhuzamosan egy kis\u00e1llat rendel\u0151ben is megkezdte munk\u00e1j\u00e1t, ahol belgy\u00f3gy\u00e1szati ell\u00e1t\u00e1s<\/p>\n","protected":false},"author":5824,"featured_media":0,"parent":858,"menu_order":0,"comment_status":"open","ping_status":"open","template":"","meta":{"_acf_changed":false,"footnotes":""},"categories":[],"tags":[],"class_list":["post-77077","page","type-page","status-publish","hentry"],"acf":[],"_links":{"self":[{"href":"https:\/\/univet.hu\/hu\/wp-json\/wp\/v2\/pages\/77077","targetHints":{"allow":["GET"]}}],"collection":[{"href":"https:\/\/univet.hu\/hu\/wp-json\/wp\/v2\/pages"}],"about":[{"href":"https:\/\/univet.hu\/hu\/wp-json\/wp\/v2\/types\/page"}],"author":[{"embeddable":true,"href":"https:\/\/univet.hu\/hu\/wp-json\/wp\/v2\/users\/5824"}],"replies":[{"embeddable":true,"href":"https:\/\/univet.hu\/hu\/wp-json\/wp\/v2\/comments?post=77077"}],"version-history":[{"count":3,"href":"https:\/\/univet.hu\/hu\/wp-json\/wp\/v2\/pages\/77077\/revisions"}],"predecessor-version":[{"id":175612,"href":"https:\/\/univet.hu\/hu\/wp-json\/wp\/v2\/pages\/77077\/revisions\/175612"}],"up":[{"embeddable":true,"href":"https:\/\/univet.hu\/hu\/wp-json\/wp\/v2\/pages\/858"}],"wp:attachment":[{"href":"https:\/\/univet.hu\/hu\/wp-json\/wp\/v2\/media?parent=77077"}],"wp:term":[{"taxonomy":"category","embeddable":true,"href":"https:\/\/univet.hu\/hu\/wp-json\/wp\/v2\/categories?post=77077"},{"taxonomy":"post_tag","embeddable":true,"href":"https:\/\/univet.hu\/hu\/wp-json\/wp\/v2\/tags?post=77077"}],"curies":[{"name":"wp","href":"https:\/\/api.w.org\/{rel}","templated":true}]}}