{"id":77314,"date":"2022-07-29T13:06:18","date_gmt":"2022-07-29T11:06:18","guid":{"rendered":"https:\/\/univet.hu\/hu\/egyetem\/munkatarsak\/new-staff-member-page-2\/"},"modified":"2026-02-10T03:55:51","modified_gmt":"2026-02-10T02:55:51","slug":"moritz-alma","status":"publish","type":"page","link":"https:\/\/univet.hu\/hu\/egyetem\/munkatarsak\/moritz-alma\/","title":{"rendered":"M\u00f3ritz Alma"},"content":{"rendered":"<p style=\"font-family: impact, sans-serif;\" align=\"justify\">Bemutatkoz\u00e1s<\/p> <p align=\"justify\">Dr. M\u00f3ritz Alma Vir\u00e1g v\u00e1ci k\u00f6z\u00e9piskolai tanulm\u00e1nyait befejezve, 2015-ben kezdte meg az egyetemi \u00e9veit az \u00c1llatorvostudom\u00e1nyi Egyetem \u00c1llatorvosi Kar\u00e1n. 2021 tel\u00e9n szerezte meg a diplom\u00e1j\u00e1t majd ezt k\u00f6vet\u0151en a kis\u00e1llatpraxisban helyezkedett el V\u00e1con. Emellett 2021 \u0151sz\u00e9n kezdte meg munk\u00e1j\u00e1t PhD hallgat\u00f3k\u00e9nt az egyetem Gy\u00f3gyszertani \u00e9s M\u00e9regtani Tansz\u00e9k\u00e9n. A tansz\u00e9k antibiotikum alternat\u00edv\u00e1k kutat\u00e1si munk\u00e1j\u00e1val m\u00e1r egyetemi hallgat\u00f3k\u00e9nt megismerkedhetett k\u00e9t TDK munk\u00e1ja sor\u00e1n, \u00e9s PhD hallgat\u00f3k\u00e9nt folytathatja a vizsg\u00e1latait. Kutat\u00e1sa sor\u00e1n kuty\u00e1k kr\u00f3nikus b\u00e9lbetegs\u00e9geinek alternat\u00edv ter\u00e1pi\u00e1s lehet\u0151s\u00e9geit vizsg\u00e1lja kutya b\u00e9lh\u00e1msejt teny\u00e9szeteken \u00e9s feh\u00e9rv\u00e9rsejt ko-kult\u00far\u00e1kon.<\/p> <hr align=\"center\" size=\"5\" width=\"60%\" \/> <p><span style=\"font-family: impact, sans-serif;\">Publik\u00e1ci\u00f3s lista (Top10)<\/span><\/p> <p style=\"text-align: center;\">MTMT:<\/p> <table style=\"height: 20px; width: 1140px;\" width=\"1140\"> <tbody> <tr style=\"height: 86px;\"> <td style=\"width: 36.059px; height: 20px; text-align: center;\">1.<\/td> <td style=\"width: 1089.98px; height: 20px;\">KARANCSI Z., M\u00d3RITZ A. V., LEWIN N., VERES A. M., JERZSELE \u00c1., FARKAS O., 2020: Effect of a Fermented Wheat Germ Extract in Intestinal Epithelial Cells in case of Lipopolysaccharide-Evoked Inflammation. Oxid Med Cell Longev, 2020: 1482482.<\/td> <\/tr> <\/tbody> <\/table> <p>&nbsp;<\/p> <p style=\"text-align: center;\">Friss\u00edtve: 2022. j\u00falius<\/p>","protected":false},"excerpt":{"rendered":"<p>Bemutatkoz\u00e1s Dr. M\u00f3ritz Alma Vir\u00e1g v\u00e1ci k\u00f6z\u00e9piskolai tanulm\u00e1nyait befejezve, 2015-ben kezdte meg az egyetemi \u00e9veit az \u00c1llatorvostudom\u00e1nyi Egyetem \u00c1llatorvosi Kar\u00e1n. 2021 tel\u00e9n szerezte meg a diplom\u00e1j\u00e1t majd ezt k\u00f6vet\u0151en a kis\u00e1llatpraxisban helyezkedett el V\u00e1con. Emellett 2021 \u0151sz\u00e9n kezdte meg munk\u00e1j\u00e1t PhD hallgat\u00f3k\u00e9nt az egyetem Gy\u00f3gyszertani \u00e9s M\u00e9regtani Tansz\u00e9k\u00e9n. A tansz\u00e9k antibiotikum alternat\u00edv\u00e1k kutat\u00e1si munk\u00e1j\u00e1val m\u00e1r<\/p>\n","protected":false},"author":5824,"featured_media":0,"parent":858,"menu_order":0,"comment_status":"open","ping_status":"open","template":"","meta":{"_acf_changed":false,"footnotes":""},"categories":[],"tags":[],"class_list":["post-77314","page","type-page","status-publish","hentry"],"acf":[],"_links":{"self":[{"href":"https:\/\/univet.hu\/hu\/wp-json\/wp\/v2\/pages\/77314","targetHints":{"allow":["GET"]}}],"collection":[{"href":"https:\/\/univet.hu\/hu\/wp-json\/wp\/v2\/pages"}],"about":[{"href":"https:\/\/univet.hu\/hu\/wp-json\/wp\/v2\/types\/page"}],"author":[{"embeddable":true,"href":"https:\/\/univet.hu\/hu\/wp-json\/wp\/v2\/users\/5824"}],"replies":[{"embeddable":true,"href":"https:\/\/univet.hu\/hu\/wp-json\/wp\/v2\/comments?post=77314"}],"version-history":[{"count":1,"href":"https:\/\/univet.hu\/hu\/wp-json\/wp\/v2\/pages\/77314\/revisions"}],"predecessor-version":[{"id":199341,"href":"https:\/\/univet.hu\/hu\/wp-json\/wp\/v2\/pages\/77314\/revisions\/199341"}],"up":[{"embeddable":true,"href":"https:\/\/univet.hu\/hu\/wp-json\/wp\/v2\/pages\/858"}],"wp:attachment":[{"href":"https:\/\/univet.hu\/hu\/wp-json\/wp\/v2\/media?parent=77314"}],"wp:term":[{"taxonomy":"category","embeddable":true,"href":"https:\/\/univet.hu\/hu\/wp-json\/wp\/v2\/categories?post=77314"},{"taxonomy":"post_tag","embeddable":true,"href":"https:\/\/univet.hu\/hu\/wp-json\/wp\/v2\/tags?post=77314"}],"curies":[{"name":"wp","href":"https:\/\/api.w.org\/{rel}","templated":true}]}}