{"id":77325,"date":"2022-07-29T13:48:16","date_gmt":"2022-07-29T11:48:16","guid":{"rendered":"https:\/\/univet.hu\/hu\/egyetem\/palyazati-projektek\/eu-projektek\/name-2\/"},"modified":"2026-04-17T11:30:54","modified_gmt":"2026-04-17T09:30:54","slug":"fertozo-allatbetegsegek-antimikrobialis-rezisztencia-allatorvosi-kozegeszsegugy-es-elelmiszerlanc-biztonsag-nemzeti-laboratoriuma","status":"publish","type":"page","link":"https:\/\/univet.hu\/hu\/egyetem\/palyazati-projektek\/eu-projektek\/fertozo-allatbetegsegek-antimikrobialis-rezisztencia-allatorvosi-kozegeszsegugy-es-elelmiszerlanc-biztonsag-nemzeti-laboratoriuma\/","title":{"rendered":"Fert\u0151z\u0151 \u00e1llatbetegs\u00e9gek, antimikrobi\u00e1lis rezisztencia, \u00e1llatorvosi k\u00f6zeg\u00e9szs\u00e9g\u00fcgy \u00e9s \u00e9lelmiszerl\u00e1nc-biztons\u00e1g Nemzeti Laborat\u00f3riuma"},"content":{"rendered":"<p><img loading=\"lazy\" decoding=\"async\" class=\"wp-image-88272 alignnone\" src=\"https:\/\/univet.hu\/wp-content\/uploads\/2023\/07\/RRF-kedvezm\u00e9nyezetti-inf\u00f3blokk-keretes-320x97.jpg\" alt=\"\" width=\"495\" height=\"150\" srcset=\"https:\/\/univet.hu\/wp-content\/uploads\/2023\/07\/RRF-kedvezm\u00e9nyezetti-inf\u00f3blokk-keretes-320x97.jpg 320w, https:\/\/univet.hu\/wp-content\/uploads\/2023\/07\/RRF-kedvezm\u00e9nyezetti-inf\u00f3blokk-keretes-768x232.jpg 768w, https:\/\/univet.hu\/wp-content\/uploads\/2023\/07\/RRF-kedvezm\u00e9nyezetti-inf\u00f3blokk-keretes-960x290.jpg 960w, https:\/\/univet.hu\/wp-content\/uploads\/2023\/07\/RRF-kedvezm\u00e9nyezetti-inf\u00f3blokk-keretes.jpg 1081w\" sizes=\"auto, (max-width: 495px) 100vw, 495px\" \/><\/p> <p>&nbsp;<\/p> <p><span style=\"font-size: 14pt\"><strong><em>A p\u00e1ly\u00e1zat r\u00e9szletei:<\/em><\/strong><\/span><\/p> <p><strong>Projekt azonos\u00edt\u00f3 sz\u00e1ma:<\/strong>\u00a0RRF-2.3.1-21-2022-00001<\/p> <p><strong>Projekt c\u00edme<\/strong>: \u201eFert\u0151z\u0151 \u00e1llatbetegs\u00e9gek, antimikrobi\u00e1lis rezisztencia, \u00e1llatorvosi k\u00f6zeg\u00e9szs\u00e9g\u00fcgy \u00e9s \u00e9lelmiszerl\u00e1nc-biztons\u00e1g nemzeti laborat\u00f3riuma<\/p> <p><strong>Kedvezm\u00e9nyezett: \u00c1llatorvostudom\u00e1nyi Egyetem (Konzorciumvezet\u0151)<\/strong><\/p> <p>HUN-REN \u00c1llatorvostudom\u00e1nyi Kutat\u00f3int\u00e9zet (Konzorciumi Tag)<\/p> <p>Sz\u00e9chenyi Istv\u00e1n Egyetem (Konzorciumi Tag)<\/p> <p><strong>Elnyert t\u00e1mogat\u00e1si \u00f6sszeg<\/strong>: 3 299 738 062 Ft<\/p> <p>amelyb\u0151l az \u00c1llatorvostudom\u00e1nyi Egyetem t\u00e1mogat\u00e1si \u00f6sszege: 2 499 738 062 Ft<\/p> <p><strong>T\u00e1mogat\u00e1s intenzit\u00e1sa<\/strong>: 100%<\/p> <p><strong>A projekt megval\u00f3s\u00edt\u00e1s\u00e1nak kezdete:\u00a0<\/strong>2022.06.01.<\/p> <p><strong>A projekt fizikai befejez\u00e9s\u00e9nek hat\u00e1rideje:\u00a0<\/strong>2026.02.28.<\/p> <p>&nbsp;<\/p> <p><span style=\"font-size: 14pt\"><strong>A projekt r\u00f6vid, sz\u00f6veges ismertet\u00e9se:<\/strong><\/span><\/p> <p>A Fert\u0151z\u0151 \u00e1llatbetegs\u00e9gek, antimikrobi\u00e1lis rezisztencia, \u00e1llatorvosi k\u00f6zeg\u00e9szs\u00e9g\u00fcgy \u00e9s \u00e9lelmiszerl\u00e1ncbiztons\u00e1g Nemzeti Laborat\u00f3riuma (NL) l\u00e9trehoz\u00e1sa n\u00e9peg\u00e9szs\u00e9g\u00fcgyi \u00e9s nemzetgazdas\u00e1gi szempontb\u00f3l is kiemelt jelent\u0151s\u00e9g\u0171. Haz\u00e1nk nagy haszon\u00e1llatl\u00e9tsz\u00e1ma, valamint az ebb\u0151l sz\u00e1rmaz\u00f3 bev\u00e9telek \u00e9vr\u0151l \u00e9vre t\u00f6rt\u00e9n\u0151 n\u00f6veked\u00e9se a fert\u0151z\u0151 betegs\u00e9gek gyors \u00e9s hat\u00e9kony felismer\u00e9s\u00e9t, megel\u0151z\u00e9s\u00e9t \u00e9s gy\u00f3gykezel\u00e9s\u00e9t fontos priorit\u00e1ss\u00e1 emeli. Az Egy eg\u00e9szs\u00e9g elv jegy\u00e9ben kiemelked\u0151en fontos az \u00e1llati eredet\u0171 term\u00e9keket fogyaszt\u00f3k eg\u00e9szs\u00e9gv\u00e9delme, melynek fejleszt\u00e9s\u00e9ben az NL szint\u00e9n szerepet j\u00e1tszik.<\/p> <p>Haz\u00e1nk egyetlen \u00e1llatorvosk\u00e9pz\u0151 int\u00e9zm\u00e9nyek\u00e9nt az \u00c1TE kulcsszereppel b\u00edr a kutat\u00f3i-oktat\u00f3i ut\u00e1np\u00f3tl\u00e1s biztos\u00edt\u00e1s\u00e1ban. A fert\u0151z\u0151 \u00e1llatbetegs\u00e9gek felismer\u00e9se, megel\u0151z\u00e9se \u00e9s kezel\u00e9se a j\u00f6v\u0151ben az eddigiekn\u00e9l is nagyobb jelent\u0151s\u00e9g\u0171 az \u00e1gazat n\u00f6vekv\u0151 nemzetgazdas\u00e1gi jelent\u0151s\u00e9ge \u00e9s a kiv\u00e1l\u00f3 min\u0151s\u00e9g\u0171 \u00e1llati term\u00e9k ir\u00e1nti ig\u00e9ny n\u00f6veked\u00e9s\u00e9vel. Fenti c\u00e9l el\u00e9r\u00e9s\u00e9hez az NL mind kutat\u00e1s-fejleszt\u00e9si-innov\u00e1ci\u00f3s, mint gyakorlatorient\u00e1lt fels\u0151fok\u00fa k\u00e9pz\u00e9si kapacit\u00e1st biztos\u00edt, \u00edgy maxim\u00e1lisan illeszkedik Magyarorsz\u00e1g Helyre\u00e1ll\u00edt\u00e1si \u00e9s Ellen\u00e1ll\u00f3k\u00e9pess\u00e9gi Terv\u00e9nek B komponens\u00e9hez (magasan k\u00e9pzett, versenyk\u00e9pes munkaer\u0151).<\/p> <p>Mindamellett, hogy az ipari partnerekkel \u00e9s egy\u00e9b t\u00e1rsint\u00e9zm\u00e9nyekkel hossz\u00fa t\u00e1von szorosan egy\u00fcttm\u0171k\u00f6d\u0151 NL fel\u00e1ll\u00edt\u00e1sa a f\u0151 c\u00e9lunk, a projektid\u0151szak v\u00e9g\u00e9re t\u00f6bb, r\u00e9szben egyed\u00fcl\u00e1ll\u00f3 \u00e9s innovat\u00edv, r\u00e9szben hazai viszonylatban hi\u00e1nyp\u00f3tl\u00f3 megold\u00e1st jelent\u0151 term\u00e9k, illetve szolg\u00e1ltat\u00e1s piacos\u00edt\u00e1s\u00e1t tervezz\u00fck. Kutat\u00e1si eredm\u00e9nyeinket azok jelleg\u00e9t\u0151l f\u00fcgg\u0151en oltalom\/szabadalom form\u00e1j\u00e1ban hozzuk nyilv\u00e1noss\u00e1gra, vagy rangos, nemzetk\u00f6zi foly\u00f3iratokban tervezz\u00fck szabadon hozz\u00e1f\u00e9rhet\u0151 form\u00e1tumban publik\u00e1lni, a t\u00e1rsadalom sz\u00e1m\u00e1ra is el\u00e9rhet\u0151v\u00e9 tenni.<\/p> <p>B\u0151vebb inform\u00e1ci\u00f3:<\/p> <p><a href=\"https:\/\/zoonelab.univet.hu\/\">ZoOneLab | Nemzeti Laborat\u00f3rium \u2013 Egy Eg\u00e9szs\u00e9g Megk\u00f6zel\u00edt\u00e9s<\/a><\/p>","protected":false},"excerpt":{"rendered":"<p>&nbsp; A p\u00e1ly\u00e1zat r\u00e9szletei: Projekt azonos\u00edt\u00f3 sz\u00e1ma:\u00a0RRF-2.3.1-21-2022-00001 Projekt c\u00edme: \u201eFert\u0151z\u0151 \u00e1llatbetegs\u00e9gek, antimikrobi\u00e1lis rezisztencia, \u00e1llatorvosi k\u00f6zeg\u00e9szs\u00e9g\u00fcgy \u00e9s \u00e9lelmiszerl\u00e1nc-biztons\u00e1g nemzeti laborat\u00f3riuma Kedvezm\u00e9nyezett: \u00c1llatorvostudom\u00e1nyi Egyetem (Konzorciumvezet\u0151) HUN-REN \u00c1llatorvostudom\u00e1nyi Kutat\u00f3int\u00e9zet (Konzorciumi Tag) Sz\u00e9chenyi Istv\u00e1n Egyetem (Konzorciumi Tag) Elnyert t\u00e1mogat\u00e1si \u00f6sszeg: 3 299 738 062 Ft amelyb\u0151l az \u00c1llatorvostudom\u00e1nyi Egyetem t\u00e1mogat\u00e1si \u00f6sszege: 2 499 738 062 Ft T\u00e1mogat\u00e1s intenzit\u00e1sa: 100%<\/p>\n","protected":false},"author":4313,"featured_media":0,"parent":45566,"menu_order":0,"comment_status":"open","ping_status":"open","template":"","meta":{"_acf_changed":false,"footnotes":""},"categories":[],"tags":[],"class_list":["post-77325","page","type-page","status-publish","hentry"],"acf":[],"_links":{"self":[{"href":"https:\/\/univet.hu\/hu\/wp-json\/wp\/v2\/pages\/77325","targetHints":{"allow":["GET"]}}],"collection":[{"href":"https:\/\/univet.hu\/hu\/wp-json\/wp\/v2\/pages"}],"about":[{"href":"https:\/\/univet.hu\/hu\/wp-json\/wp\/v2\/types\/page"}],"author":[{"embeddable":true,"href":"https:\/\/univet.hu\/hu\/wp-json\/wp\/v2\/users\/4313"}],"replies":[{"embeddable":true,"href":"https:\/\/univet.hu\/hu\/wp-json\/wp\/v2\/comments?post=77325"}],"version-history":[{"count":4,"href":"https:\/\/univet.hu\/hu\/wp-json\/wp\/v2\/pages\/77325\/revisions"}],"predecessor-version":[{"id":205457,"href":"https:\/\/univet.hu\/hu\/wp-json\/wp\/v2\/pages\/77325\/revisions\/205457"}],"up":[{"embeddable":true,"href":"https:\/\/univet.hu\/hu\/wp-json\/wp\/v2\/pages\/45566"}],"wp:attachment":[{"href":"https:\/\/univet.hu\/hu\/wp-json\/wp\/v2\/media?parent=77325"}],"wp:term":[{"taxonomy":"category","embeddable":true,"href":"https:\/\/univet.hu\/hu\/wp-json\/wp\/v2\/categories?post=77325"},{"taxonomy":"post_tag","embeddable":true,"href":"https:\/\/univet.hu\/hu\/wp-json\/wp\/v2\/tags?post=77325"}],"curies":[{"name":"wp","href":"https:\/\/api.w.org\/{rel}","templated":true}]}}