{"id":77388,"date":"2022-08-02T12:12:48","date_gmt":"2022-08-02T10:12:48","guid":{"rendered":"https:\/\/univet.hu\/hu\/oktatas\/kurzusok\/laborallat-tudomany-es-kiserlettervezes\/"},"modified":"2022-08-02T12:25:45","modified_gmt":"2022-08-02T10:25:45","slug":"laborallat-tudomany-es-kiserlettervezes","status":"publish","type":"page","link":"https:\/\/univet.hu\/hu\/oktatas\/kurzusok\/laborallat-tudomany-es-kiserlettervezes\/","title":{"rendered":"Labor\u00e1llat-tudom\u00e1ny \u00e9s K\u00eds\u00e9rlettervez\u00e9s"},"content":{"rendered":"<p>Aj\u00e1nlott irodalom<\/p> <p>K\u00e1llai L.: Labor\u00e1llat k\u00f6nyv.Kall\u00e9-K Kft.Budapest, 2002. Liu, E.-Fan, J.: Fundamentals of Laboratory Animal Science. 1st ed. , 2017.<br \/> Van Zutphen, LFM.-Bauman, V.-Beynen, AC: Priciples of Laboratory Animal Science. Elsevir. Amsterdam, 1993, 2000.; NRC: Nutrient<br \/> requirements of laboratory rodents. Washington, 1986; Svedsen, P.-Hau, J. (eds): Handbook of Laboratory Animal Science. CRS Press.<br \/> Boca Raton, Fla, 1994, 2004; Hau, J.-VanHoosier, G.L.Jr. (ed): Handbook of Laboratory Animal Science. 2nd ed. CRCPress LLC. Boca<br \/> Raton-London-New York-Washington DC, 2003-2005.; Regan, T.: The case of animal rights. Univ. Calif. Press. Berkeley, Los Angeles,<br \/> 1983; Bryan Howard, B.-Nevalainen, T.- Perretta, G.:The COST Manual of Laboratory Animal Care and Use: Refinement, Reduction, and<br \/> Research. CRC Press, 2010. Fekete, SGy: Feeding and Nutrition of the Laboratory Rabbit. In: DeBlas, C-Wiseman, J.: The Nutrition of<br \/> the Rabbit. CABI Publ. Oxon-New York, 2019<\/p>","protected":false},"excerpt":{"rendered":"<p>Aj\u00e1nlott irodalom K\u00e1llai L.: Labor\u00e1llat k\u00f6nyv.Kall\u00e9-K Kft.Budapest, 2002. Liu, E.-Fan, J.: Fundamentals of Laboratory Animal Science. 1st ed. , 2017. Van Zutphen, LFM.-Bauman, V.-Beynen, AC: Priciples of Laboratory Animal Science. Elsevir. Amsterdam, 1993, 2000.; NRC: Nutrient requirements of laboratory rodents. Washington, 1986; Svedsen, P.-Hau, J. (eds): Handbook of Laboratory Animal Science. CRS Press. Boca Raton,<\/p>\n","protected":false},"author":3837,"featured_media":0,"parent":677,"menu_order":0,"comment_status":"open","ping_status":"open","template":"","meta":{"_acf_changed":false,"footnotes":""},"categories":[],"tags":[],"class_list":["post-77388","page","type-page","status-publish","hentry"],"acf":[],"_links":{"self":[{"href":"https:\/\/univet.hu\/hu\/wp-json\/wp\/v2\/pages\/77388","targetHints":{"allow":["GET"]}}],"collection":[{"href":"https:\/\/univet.hu\/hu\/wp-json\/wp\/v2\/pages"}],"about":[{"href":"https:\/\/univet.hu\/hu\/wp-json\/wp\/v2\/types\/page"}],"author":[{"embeddable":true,"href":"https:\/\/univet.hu\/hu\/wp-json\/wp\/v2\/users\/3837"}],"replies":[{"embeddable":true,"href":"https:\/\/univet.hu\/hu\/wp-json\/wp\/v2\/comments?post=77388"}],"version-history":[{"count":0,"href":"https:\/\/univet.hu\/hu\/wp-json\/wp\/v2\/pages\/77388\/revisions"}],"up":[{"embeddable":true,"href":"https:\/\/univet.hu\/hu\/wp-json\/wp\/v2\/pages\/677"}],"wp:attachment":[{"href":"https:\/\/univet.hu\/hu\/wp-json\/wp\/v2\/media?parent=77388"}],"wp:term":[{"taxonomy":"category","embeddable":true,"href":"https:\/\/univet.hu\/hu\/wp-json\/wp\/v2\/categories?post=77388"},{"taxonomy":"post_tag","embeddable":true,"href":"https:\/\/univet.hu\/hu\/wp-json\/wp\/v2\/tags?post=77388"}],"curies":[{"name":"wp","href":"https:\/\/api.w.org\/{rel}","templated":true}]}}