{"id":77419,"date":"2022-08-04T11:22:01","date_gmt":"2022-08-04T09:22:01","guid":{"rendered":"https:\/\/univet.hu\/hu\/egyetem\/szervezeti-egysegek\/allattenyesztesi-takarmanyozastani-es-laborallat-tudomanyi-tanszek\/laborallattudomanyi-es-allatvedelmi-tanszek\/tdk-es-szakdolgozatok\/fekete-sandor-gyorgy\/"},"modified":"2022-08-04T11:22:01","modified_gmt":"2022-08-04T09:22:01","slug":"prof-dr-fekete-sandor-gyorgy","status":"publish","type":"page","link":"https:\/\/univet.hu\/hu\/egyetem\/szervezeti-egysegek\/allattenyesztesi-takarmanyozastani-es-laborallat-tudomanyi-tanszek\/laborallattudomanyi-es-allatvedelmi-tanszek\/tdk-es-szakdolgozatok\/prof-dr-fekete-sandor-gyorgy\/","title":{"rendered":"Prof. Dr. Fekete S\u00e1ndor Gy\u00f6rgy"},"content":{"rendered":"<table style=\"height: 1752px;\" width=\"639\"> <tbody> <tr style=\"height: 48px;\"> <td style=\"text-align: center; height: 48px; width: 170.625px;\"><strong>Szez\u0151<\/strong><\/td> <td style=\"text-align: center; height: 48px; width: 343.484px;\"><strong>C\u00edm<\/strong><\/td> <td style=\"text-align: center; height: 48px; width: 102.891px;\"><strong>Publik\u00e1ci\u00f3 ideje<\/strong><\/td> <\/tr> <tr style=\"height: 48px;\"> <td style=\"height: 48px; width: 170.625px;\">Szab\u00f3, Fanni<\/td> <td style=\"height: 48px; width: 343.484px;\">A hangok, zen\u00e9k menhelyi kuty\u00e1kra gyakorolt hat\u00e1sa<\/td> <td style=\"height: 48px; width: 102.891px; text-align: center;\">2020<\/td> <\/tr> <tr style=\"height: 48px;\"> <td style=\"height: 48px; width: 170.625px;\">Sukikara, Chihiro<\/td> <td style=\"height: 48px; width: 343.484px;\">How the different noise types may influence the open-field behaviour of rats? Szakdolgozat<\/td> <td style=\"height: 48px; width: 102.891px; text-align: center;\">2016<\/td> <\/tr> <tr style=\"height: 48px;\"> <td style=\"height: 48px; width: 170.625px;\">T\u00f3th, Ibolya M\u00e1ria<\/td> <td style=\"height: 48px; width: 343.484px;\">Szaghat\u00e1sok vizsg\u00e1lata n\u00f6vend\u00e9k patk\u00e1nyokon TDK-dolgozat<\/td> <td style=\"height: 48px; width: 102.891px; text-align: center;\">2016<\/td> <\/tr> <tr style=\"height: 48px;\"> <td style=\"height: 48px; width: 170.625px;\">R\u00e1cz, N\u00f3ra<\/td> <td style=\"height: 48px; width: 343.484px;\">A jelent\u0151sen megemelt \u00e9s gyors\u00edtott zene hat\u00e1sa az eg\u00e9r viselked\u00e9s\u00e9re TDK-dolgozat<\/td> <td style=\"height: 48px; width: 102.891px; text-align: center;\">2015<\/td> <\/tr> <tr style=\"height: 72px;\"> <td style=\"height: 72px; width: 170.625px;\">Horv\u00e1th, Krisztina<\/td> <td style=\"height: 72px; width: 343.484px;\">A k\u00e9t okt\u00e1vval megemelt (r\u00e1gcs\u00e1l\u00f3k hall\u00e1s\u00e1hoz igaz\u00edtott) Mozart-szon\u00e1ta hat\u00e1sa a patk\u00e1nyok tanul\u00e1si k\u00e9pess\u00e9g\u00e9re Szakdolg.<\/td> <td style=\"height: 72px; width: 102.891px; text-align: center;\">2015<\/td> <\/tr> <tr style=\"height: 48px;\"> <td style=\"height: 48px; width: 170.625px;\">Sukikara, Chihiro<\/td> <td style=\"height: 48px; width: 343.484px;\">How the Different Noise Types May Influence the Open-field Behavior of Rats? Thesis<\/td> <td style=\"height: 48px; width: 102.891px; text-align: center;\">2014<\/td> <\/tr> <tr style=\"height: 48px;\"> <td style=\"height: 48px; width: 170.625px;\">Sukikara, Chihiro<\/td> <td style=\"height: 48px; width: 343.484px;\">How the Different Noise Types May Influence the Open-field Behavior of Rats? TDK dolg.<\/td> <td style=\"height: 48px; width: 102.891px; text-align: center;\">2013<\/td> <\/tr> <tr style=\"height: 72px;\"> <td style=\"height: 72px; width: 170.625px;\">Brincat, Daniele<\/td> <td style=\"height: 72px; width: 343.484px;\">The Influence of Different Musical Stilmulation on the Growth Rate of Koi Carp (Cyprinus carpio) TDK dolg.<\/td> <td style=\"height: 72px; width: 102.891px; text-align: center;\">2013<\/td> <\/tr> <tr style=\"height: 72px;\"> <td style=\"height: 72px; width: 170.625px;\">Erbsl\u00f6h, Vanessa<\/td> <td style=\"height: 72px; width: 343.484px;\">Methods and technologies to reduce or prevent Salmonella infection using feed additives in poultry and swine production Thesis<\/td> <td style=\"height: 72px; width: 102.891px; text-align: center;\">2013<\/td> <\/tr> <tr style=\"height: 24px;\"> <td style=\"height: 24px; width: 170.625px;\">Bernitsa, Theodora<\/td> <td style=\"height: 24px; width: 343.484px;\">Do rats react on human music? TDK dolg.<\/td> <td style=\"height: 24px; width: 102.891px; text-align: center;\">2012<\/td> <\/tr> <tr style=\"height: 72px;\"> <td style=\"height: 72px; width: 170.625px;\">Dunne, Anthony Karl<\/td> <td style=\"height: 72px; width: 343.484px;\">The role of dietary protein in the predation rate of the domestic cat (Felis domesticus) across urban and rural landscapes Thesis<\/td> <td style=\"height: 72px; width: 102.891px; text-align: center;\">2012<\/td> <\/tr> <tr style=\"height: 72px;\"> <td style=\"height: 72px; width: 170.625px;\">Kors\u00f3s, Gabriella<\/td> <td style=\"height: 72px; width: 343.484px;\">A k\u00fcl\u00f6nb\u00f6z\u0151 emberi k\u00f6rnyezetgazdag\u00edt\u00e1s (szocializ\u00e1ci\u00f3, zene) hat\u00e1sa a patk\u00e1nyok viselked\u00e9s\u00e9re TDK dolg.<\/td> <td style=\"height: 72px; width: 102.891px; text-align: center;\">2011<\/td> <\/tr> <tr style=\"height: 48px;\"> <td style=\"height: 48px; width: 170.625px;\">Singovszky, T\u00fcnde<\/td> <td style=\"height: 48px; width: 343.484px;\">Az \u00e1llatok visszat\u00fckr\u00f6z\u0151d\u00e9se az emberi pszich\u00e9ben TDK dolg.<\/td> <td style=\"height: 48px; width: 102.891px; text-align: center;\">2009<\/td> <\/tr> <tr style=\"height: 48px;\"> <td style=\"height: 48px; width: 170.625px;\">Barrault, Marie-Josephine<\/td> <td style=\"height: 48px; width: 343.484px;\">Feline Diabetes Mellitus Literature review and prevalance study in city Niort (France)<\/td> <td style=\"height: 48px; width: 102.891px; text-align: center;\">2009<\/td> <\/tr> <tr style=\"height: 48px;\"> <td style=\"height: 48px; width: 170.625px;\">Alalouf, Rachel<\/td> <td style=\"height: 48px; width: 343.484px;\">A literature review and study of feline lower urinary tract disorder in cats Thesis<\/td> <td style=\"height: 48px; width: 102.891px; text-align: center;\">2009<\/td> <\/tr> <tr style=\"height: 48px;\"> <td style=\"height: 48px; width: 170.625px;\">Gyuris, \u00c9va<\/td> <td style=\"height: 48px; width: 343.484px;\">R\u00e1gcs\u00e1l\u00f3k napi ritmusa \u00e9s befoly\u00e1sol\u00e1s\u00e1nak lehet\u0151s\u00e9gei Szakdolg.<\/td> <td style=\"height: 48px; width: 102.891px; text-align: center;\">2009<\/td> <\/tr> <tr style=\"height: 48px;\"> <td style=\"height: 48px; width: 170.625px;\">Morrison, Tom<\/td> <td style=\"height: 48px; width: 343.484px;\">The use of vegetarian cat food critical review Thesis<\/td> <td style=\"height: 48px; width: 102.891px; text-align: center;\">2009<\/td> <\/tr> <tr style=\"height: 48px;\"> <td style=\"height: 48px; width: 170.625px;\">P\u00e9terhegyi, Csan\u00e1d<\/td> <td style=\"height: 48px; width: 343.484px;\">Az elh\u00edz\u00e1s korszer\u0171 ter\u00e1pi\u00e1ja esetismertet\u00e9s \u00e9s a szakirodalom \u00e1ttekint\u00e9se<\/td> <td style=\"height: 48px; width: 102.891px; text-align: center;\">2008<\/td> <\/tr> <tr style=\"height: 48px;\"> <td style=\"height: 48px; width: 170.625px;\">Michelet, Simon A<\/td> <td style=\"height: 48px; width: 343.484px;\">Evaluating training progress made by sled dogs, fed on different diets Thesis<\/td> <td style=\"height: 48px; width: 102.891px; text-align: center;\">2008<\/td> <\/tr> <tr style=\"height: 96px;\"> <td style=\"height: 96px; width: 170.625px;\">Szab\u00f3, Levente<\/td> <td style=\"height: 96px; width: 343.484px;\">Az itathat\u00f3 prebiotikumok hat\u00e1sa a brojler csirk\u00e9k temel\u00e9si eredm\u00e9nyeire \u00e9s a vakcin\u00e1z\u00e1sokra adott immunv\u00e1laszokra Szak\u00e1llatorvosi szakdolg.<\/td> <td style=\"height: 96px; width: 102.891px; text-align: center;\">2008<\/td> <\/tr> <tr style=\"height: 48px;\"> <td style=\"height: 48px; width: 170.625px;\">Torske, Toril K<\/td> <td style=\"height: 48px; width: 343.484px;\">Short-term effects of the high dietary protein level in healthy adult dogs Thesis<\/td> <td style=\"height: 48px; width: 102.891px; text-align: center;\">2008<\/td> <\/tr> <tr style=\"height: 48px;\"> <td style=\"height: 48px; width: 170.625px;\">Farstad, Tuva Undersrud<\/td> <td style=\"height: 48px; width: 343.484px;\">Clinical experiences of feeding Beta-1,3-Glucans to dogs and cats Thesis<\/td> <td style=\"height: 48px; width: 102.891px; text-align: center;\">2007<\/td> <\/tr> <tr style=\"height: 48px;\"> <td style=\"height: 48px; width: 170.625px;\">Moe, Aasne<\/td> <td style=\"height: 48px; width: 343.484px;\">The main feed-related digestive troubles in horse Thesis<\/td> <td style=\"height: 48px; width: 102.891px; text-align: center;\">2007<\/td> <\/tr> <tr style=\"height: 48px;\"> <td style=\"height: 48px; width: 170.625px;\">Steinsland, Kristine A. H<\/td> <td style=\"height: 48px; width: 343.484px;\">The effects of supplementation with Ascorbic Acid in Broiler chickens Thesis<\/td> <td style=\"height: 48px; width: 102.891px; text-align: center;\">2006<\/td> <\/tr> <tr style=\"height: 96px;\"> <td style=\"height: 96px; width: 170.625px;\">Berkes, \u00c1gnes<\/td> <td style=\"height: 96px; width: 343.484px;\">Az iv\u00f3v\u00edz savany\u00edt\u00e1s\u00e1nak hat\u00e1sa v\u00e1lasztott malacok em\u00e9szt\u0151szervi betegs\u00e9geinek megel\u0151z\u00e9s\u00e9re, illetve a n\u00f6veked\u00e9si teljes\u00edtm\u00e9ny fokoz\u00e1s\u00e1ra Szak\u00e1llatorvosi szakdolg.<\/td> <td style=\"height: 96px; width: 102.891px; text-align: center;\">2006<\/td> <\/tr> <tr style=\"height: 48px;\"> <td style=\"height: 48px; width: 170.625px;\">Jol\u00e1nkai, Rita<\/td> <td style=\"height: 48px; width: 343.484px;\">Di\u00e4tetische Prophylaxe bei Urolithiasis des Meerschweinchens Diss.<\/td> <td style=\"height: 48px; width: 102.891px; text-align: center;\">2005<\/td> <\/tr> <tr style=\"height: 48px;\"> <td style=\"height: 48px; width: 170.625px;\">Kocsis, Melinda<\/td> <td style=\"height: 48px; width: 343.484px;\">A halot\u00e1n hat\u00e1s\u00e1nak vizsg\u00e1lata id\u0151s macsk\u00e1k m\u00e1jm\u0171k\u00f6d\u00e9s\u00e9re Szakdolg.<\/td> <td style=\"height: 48px; width: 102.891px; text-align: center;\">2005<\/td> <\/tr> <tr style=\"height: 48px;\"> <td style=\"height: 48px; width: 170.625px;\">Kocsis, Melinda<\/td> <td style=\"height: 48px; width: 343.484px;\">A halot\u00e1n hat\u00e1s\u00e1nak vizsg\u00e1lata id\u0151s macsk\u00e1k m\u00e1jm\u0171k\u00f6d\u00e9s\u00e9re TDK dolg.<\/td> <td style=\"height: 48px; width: 102.891px; text-align: center;\">2005<\/td> <\/tr> <tr style=\"height: 72px;\"> <td style=\"height: 72px; width: 170.625px;\">Daughdrill, Rachel Ch<\/td> <td style=\"height: 72px; width: 343.484px;\">Study of dietary protein levels on feed intake, body weight and body composition in histamine deficient mice compared to control mice Thesis<\/td> <td style=\"height: 72px; width: 102.891px; text-align: center;\">2005<\/td> <\/tr> <tr style=\"height: 48px;\"> <td style=\"height: 48px; width: 170.625px;\">Jol\u00e1nkai, Rita<\/td> <td style=\"height: 48px; width: 343.484px;\">A tengerimalacok urolithiasis\u00e1nak dietetikai megel\u0151z\u00e9se TDK dolg.<\/td> <td style=\"height: 48px; width: 102.891px; text-align: center;\">2005<\/td> <\/tr> <tr style=\"height: 48px;\"> <td style=\"height: 48px; width: 170.625px;\">M\u00e9sz\u00e1ros, J\u00e1nos<\/td> <td style=\"height: 48px; width: 343.484px;\">Az ISO szerinti kutyateny\u00e9szt\u00e9s bevezet\u00e9s\u00e9nek felt\u00e9telei Szak\u00e1llatorvosi szakdolg.<\/td> <td style=\"height: 48px; width: 102.891px; text-align: center;\">2002<\/td> <\/tr> <\/tbody> <\/table> <p><\/p>","protected":false},"excerpt":{"rendered":"<p>Szez\u0151 C\u00edm Publik\u00e1ci\u00f3 ideje Szab\u00f3, Fanni A hangok, zen\u00e9k menhelyi kuty\u00e1kra gyakorolt hat\u00e1sa 2020 Sukikara, Chihiro How the different noise types may influence the open-field behaviour of rats? Szakdolgozat 2016 T\u00f3th, Ibolya M\u00e1ria Szaghat\u00e1sok vizsg\u00e1lata n\u00f6vend\u00e9k patk\u00e1nyokon TDK-dolgozat 2016 R\u00e1cz, N\u00f3ra A jelent\u0151sen megemelt \u00e9s gyors\u00edtott zene hat\u00e1sa az eg\u00e9r viselked\u00e9s\u00e9re TDK-dolgozat 2015 Horv\u00e1th, Krisztina<\/p>\n","protected":false},"author":3837,"featured_media":0,"parent":77371,"menu_order":0,"comment_status":"open","ping_status":"open","template":"","meta":{"_acf_changed":false,"footnotes":""},"categories":[],"tags":[],"class_list":["post-77419","page","type-page","status-publish","hentry"],"acf":[],"_links":{"self":[{"href":"https:\/\/univet.hu\/hu\/wp-json\/wp\/v2\/pages\/77419","targetHints":{"allow":["GET"]}}],"collection":[{"href":"https:\/\/univet.hu\/hu\/wp-json\/wp\/v2\/pages"}],"about":[{"href":"https:\/\/univet.hu\/hu\/wp-json\/wp\/v2\/types\/page"}],"author":[{"embeddable":true,"href":"https:\/\/univet.hu\/hu\/wp-json\/wp\/v2\/users\/3837"}],"replies":[{"embeddable":true,"href":"https:\/\/univet.hu\/hu\/wp-json\/wp\/v2\/comments?post=77419"}],"version-history":[{"count":0,"href":"https:\/\/univet.hu\/hu\/wp-json\/wp\/v2\/pages\/77419\/revisions"}],"up":[{"embeddable":true,"href":"https:\/\/univet.hu\/hu\/wp-json\/wp\/v2\/pages\/77371"}],"wp:attachment":[{"href":"https:\/\/univet.hu\/hu\/wp-json\/wp\/v2\/media?parent=77419"}],"wp:term":[{"taxonomy":"category","embeddable":true,"href":"https:\/\/univet.hu\/hu\/wp-json\/wp\/v2\/categories?post=77419"},{"taxonomy":"post_tag","embeddable":true,"href":"https:\/\/univet.hu\/hu\/wp-json\/wp\/v2\/tags?post=77419"}],"curies":[{"name":"wp","href":"https:\/\/api.w.org\/{rel}","templated":true}]}}