{"id":77423,"date":"2022-08-04T11:30:31","date_gmt":"2022-08-04T09:30:31","guid":{"rendered":"https:\/\/univet.hu\/hu\/egyetem\/szervezeti-egysegek\/allattenyesztesi-takarmanyozastani-es-laborallat-tudomanyi-tanszek\/laborallattudomanyi-es-allatvedelmi-tanszek\/tdk-es-szakdolgozatok\/fodor-kinga\/"},"modified":"2026-02-05T10:59:19","modified_gmt":"2026-02-05T09:59:19","slug":"dr-fodor-kinga","status":"publish","type":"page","link":"https:\/\/univet.hu\/hu\/egyetem\/szervezeti-egysegek\/allattenyesztesi-takarmanyozastani-es-laborallat-tudomanyi-tanszek\/laborallattudomanyi-es-allatvedelmi-tanszek\/tdk-es-szakdolgozatok\/dr-fodor-kinga\/","title":{"rendered":"Dr. Fodor Kinga"},"content":{"rendered":"<table width=\"1123\"> <tbody> <tr> <td style=\"text-align: center\" width=\"163\">Szerz\u0151<\/td> <td style=\"text-align: center\" width=\"852\">C\u00edm<\/td> <td style=\"text-align: center\" width=\"108\">Publik\u00e1ci\u00f3 ideje<\/td> <\/tr> <tr> <td width=\"163\">Dr. Marczin \u00c1gnes<\/td> <td width=\"852\">A senior kuty\u00e1k \u00e9s macsk\u00e1k j\u00f3ll\u00e9te a tulajdonosok felel\u0151ss\u00e9ge \u00e9s az \u00e1llatorvosoi tapasztalatok t\u00fckr\u00e9ben (\u00c1llatv\u00e9delmi szak\u00e1llatorvos k\u00e9pz\u00e9s)<\/td> <td width=\"108\">2025<\/td> <\/tr> <tr> <td width=\"163\">Dr. Hargitai Lilla<\/td> <td width=\"852\">A jogalkot\u00e1s \u00e9s a mindennapi \u00e9let valamint a szok\u00e1sjog \u00f6sszevet\u00e9se az \u00e1llatv\u00e9delem ter\u00e9n.<\/td> <td width=\"108\">2025<\/td> <\/tr> <tr> <td width=\"163\">K\u00f6rtv\u00e9lyesi Bogl\u00e1rka<\/td> <td width=\"852\">Magyar \u00e9s k\u00fclf\u00f6ldi \u00e1llatorvostan hallgat\u00f3k ki\u00e9g\u00e9s\u00e9nek \u00f6sszehasonl\u00edt\u00f3 vizsg\u00e1lata<\/td> <td width=\"108\">2025<\/td> <\/tr> <tr> <td width=\"163\">Baranyi D\u00e1vid Tibor<\/td> <td width=\"852\">T\u00e1mogatott ivartalan\u00edt\u00e1si programban val\u00f3 r\u00e9szv\u00e9teli hajland\u00f3s\u00e1g felm\u00e9r\u00e9se Magyarorsz\u00e1gon<\/td> <td width=\"108\">2025<\/td> <\/tr> <tr> <td width=\"163\">Feh\u00e1rpataki Lilla<\/td> <td width=\"852\">Kuty\u00e1k t\u00e1pl\u00e1l\u00e9kallergi\u00e1j\u00e1nak meg\u00edt\u00e9l\u00e9se tulajdonosi \u00e9s \u00e1llatorvosi szemsz\u00f6gb\u0151l<\/td> <td width=\"108\">2025<\/td> <\/tr> <tr> <td width=\"163\">Szab\u00f3 Vir\u00e1g<\/td> <td width=\"852\">\u00c1llat \u00e9s ember kapcsolata az \u0151skort\u00f3l napjainkig<\/td> <td width=\"108\">2025<\/td> <\/tr> <tr> <td>Dr. Androsovits R\u00e9ka<\/td> <td width=\"852\">Betegs\u00e9gek felismer\u00e9se \u00e9s felel\u0151ss\u00e9gteljes d\u00f6nt\u00e9shozatal<br \/> a l\u00f3tart\u00f3k k\u00f6r\u00e9ben. (\u00c1llatv\u00e9delmi szak\u00e1llatorvos k\u00e9pz\u00e9s)<\/td> <td>2025<\/td> <\/tr> <tr> <td>Dr. Bal\u00e1zs Eszter<\/td> <td width=\"852\">Es\u00e9ly az \u00e9letre \u00e9s az eg\u00e9szs\u00e9gre \u2013 Kuty\u00e1k \u00e1llatorvosi ell\u00e1t\u00e1sa a menhelyen \u00e9s gyepmesteri telepeken (\u00c1llatv\u00e9delmi szak\u00e1llatorvos k\u00e9pz\u00e9s)<\/td> <td>2025<\/td> <\/tr> <tr> <td>dr. Bartos R\u00e9ka<\/td> <td width=\"852\">Kritikus \u00e1llatj\u00f3l\u00e9ti esetek meg\u00edt\u00e9l\u00e9se hat\u00f3s\u00e1gi oldalr\u00f3l (\u00c1llatv\u00e9delmi szak\u00e1llatorvos k\u00e9pz\u00e9s)<\/td> <td>2025<\/td> <\/tr> <tr> <td>Dr. Borb\u00e9ly Fanni<\/td> <td width=\"852\">A menhelyre ker\u00fcl\u00e9s okai \u00e9s \u00e1llatv\u00e9delmi \u00f6sszef\u00fcgg\u00e9sei az Alpha Seg\u00edt\u0151 K\u00e9z Alap\u00edtv\u00e1ny tapasztalatai alapj\u00e1n (\u00c1llatv\u00e9delmi szak\u00e1llatorvos k\u00e9pz\u00e9s)<\/td> <td>2025<\/td> <\/tr> <tr> <td>Dr. Borb\u00e9ly Fl\u00f3ra<\/td> <td width=\"852\">A k\u00e9nyszeres \u00e1llatfelhalmoz\u00e1s jelens\u00e9ge &#8211; az Alpha Seg\u00edt\u0151 K\u00e9z Alap\u00edtv\u00e1ny k\u00f6zrem\u0171k\u00f6d\u00e9se az \u00e1llatgy\u0171jt\u00f6get\u00e9s felsz\u00e1mol\u00e1s\u00e1ban. (\u00c1llatv\u00e9delmi szak\u00e1llatorvos k\u00e9pz\u00e9s)<\/td> <td>2025<\/td> <\/tr> <tr> <td>Dr. Marczin \u00c1gnes Eszter<\/td> <td width=\"852\">A senior kuty\u00e1k \u00e9s macsk\u00e1k j\u00f3ll\u00e9te a tulajdonosok felel\u0151ss\u00e9ge \u00e9s az \u00e1llatorvosi tapasztalatok t\u00fckr\u00e9ben. (\u00c1llatv\u00e9delmi szak\u00e1llatorvos k\u00e9pz\u00e9s)<\/td> <td>2025<\/td> <\/tr> <tr> <td>dr. Papp Zita<\/td> <td width=\"852\">Az \u00e9letfunkci\u00f3kat nem befoly\u00e1sol\u00f3, de az \u00e1llatok j\u00f3ll\u00e9t\u00e9re hat\u00e1st gyakorl\u00f3 \u00e1llapotok etikai meg\u00edt\u00e9l\u00e9se. (\u00c1llatv\u00e9delmi szak\u00e1llatorvos k\u00e9pz\u00e9s)<\/td> <td>2025<\/td> <\/tr> <tr> <td>dr. Partali Csilla<\/td> <td width=\"852\">\u00c1llatv\u00e9delem a k\u00f6zigazgat\u00e1sban: elj\u00e1r\u00e1sjogi dilemm\u00e1k \u00e9s gyakorlati kih\u00edv\u00e1sok. (\u00c1llatv\u00e9delmi szak\u00e1llatorvos k\u00e9pz\u00e9s)<\/td> <td>2025<\/td> <\/tr> <tr> <td>dr. Szelva P\u00e9ter Attila<\/td> <td width=\"852\">Galoppversenyek el\u0151vizsg\u00e1latainak \u00f6sszehasonl\u00edt\u00e1sa a hazai \u00e9s a nemzetk\u00f6zi l\u00f3versenyp\u00e1ly\u00e1kon. (\u00c1llatv\u00e9delmi szak\u00e1llatorvos k\u00e9pz\u00e9s)<\/td> <td>2025<\/td> <\/tr> <tr> <td width=\"163\">Gyurman Csenge<\/td> <td width=\"852\">\u00c1llatorvosi hivat\u00e1s az \u00e1llattart\u00f3 szerint<\/td> <td width=\"108\">2024<\/td> <\/tr> <tr> <td width=\"163\">Nagy \u00c9va Borb\u00e1la<\/td> <td width=\"852\">\u00c1llattart\u00f3k t\u00e1j\u00e9kozotts\u00e1ga t\u00e1rs\u00e1llataik betegs\u00e9gmegel\u0151z\u00e9si lehet\u0151s\u00e9geir\u0151l.<\/td> <td width=\"108\">2024<\/td> <\/tr> <tr> <td width=\"163\">Varga Zs\u00f3fia \u00c1gnes<\/td> <td width=\"852\">\u00c1llatorvostan-hallgat\u00f3k ki\u00e9g\u00e9s\u00e9nek vizsg\u00e1lata a motiv\u00e1ci\u00f3val \u00e9s fesz\u00fclts\u00e9gold\u00e1si strat\u00e9gi\u00e1kkal \u00f6sszef\u00fcgg\u00e9sben<\/td> <td width=\"108\">2023<\/td> <\/tr> <tr> <td>dr. Idei Sarolta<\/td> <td width=\"852\">Az alternat\u00edv \u00e9s kieg\u00e9sz\u00edt\u0151 m\u00f3dszerek \u00e1llatgy\u00f3gy\u00e1szatban t\u00f6rt\u00e9n\u0151 alkalmaz\u00e1s\u00e1val kapcsolatos v\u00e9lem\u00e9nyek felm\u00e9r\u00e9se az \u00e1llatorvosok \u00e9s az \u00e1llattart\u00f3k k\u00f6r\u00e9ben. (Kieg\u00e9sz\u00edt\u0151 \u00e9s alternat\u00edv m\u00f3dszerek az \u00e1llatorvosl\u00e1sban k\u00e9pz\u00e9s)<\/td> <td>2023<\/td> <\/tr> <tr> <td>dr. Dorgai Barbara<\/td> <td width=\"852\">Kis\u00e1llatok daganatos megbeteged\u00e9seinek alternat\u00edv m\u00f3dszerekkel val\u00f3 gy\u00f3gy\u00edt\u00e1sa. (Kieg\u00e9sz\u00edt\u0151 \u00e9s alternat\u00edv m\u00f3dszerek az \u00e1llatorvosl\u00e1sban k\u00e9pz\u00e9s)<\/td> <td>2023<\/td> <\/tr> <tr> <td>dr. Bir\u00f3 Zolt\u00e1n<\/td> <td width=\"852\">Esetismertet\u00e9sek els\u0151dlegesen a hagyom\u00e1nyos k\u00ednai orvosl\u00e1s szemsz\u00f6g\u00e9b\u0151l. (Kieg\u00e9sz\u00edt\u0151 \u00e9s alternat\u00edv m\u00f3dszerek az \u00e1llatorvosl\u00e1sban k\u00e9pz\u00e9s)<\/td> <td>2023<\/td> <\/tr> <tr> <td>dr. Zsigmond G\u00e1bor<\/td> <td width=\"852\">V\u00e1s\u00e1rl\u00f3i szok\u00e1sok \u00e9s preferenci\u00e1k elemz\u00e9se a kedvtel\u00e9sb\u0151l tartott kis\u00e1llatok sz\u00e1m\u00e1ra k\u00e9sz\u00fclt fitoterapeutikumok, takarm\u00e1ny-kieg\u00e9sz\u00edt\u0151k \u00e9s<br \/> gy\u00f3gyhat\u00e1s\u00fa k\u00e9sz\u00edtm\u00e9nyek piac\u00e1n. (Kieg\u00e9sz\u00edt\u0151 \u00e9s alternat\u00edv m\u00f3dszerek az \u00e1llatorvosl\u00e1sban k\u00e9pz\u00e9s)<\/td> <td>2023<\/td> <\/tr> <tr> <td>dr. Sproch \u00c1gnes<\/td> <td width=\"852\">Sch\u00fcssler s\u00f3k haszn\u00e1lata az \u00e1llatgy\u00f3gy\u00e1szatban &#8211; Esetismertet\u00e9sek. (Kieg\u00e9sz\u00edt\u0151 \u00e9s alternat\u00edv m\u00f3dszerek az \u00e1llatorvosl\u00e1sban k\u00e9pz\u00e9s)<\/td> <td>2023<\/td> <\/tr> <tr> <td width=\"163\">dr. J\u00e1nosa Tam\u00e1s<\/td> <td width=\"852\">\u00c9l\u0151 \u00e1llatok b\u0171v\u00e9szmutatv\u00e1nyok sor\u00e1n t\u00f6rt\u00e9n\u0151 felhaszn\u00e1l\u00e1s\u00e1nak \u00e1llatv\u00e9delmi vonatkoz\u00e1sai. (\u00c1llatv\u00e9delmi szak\u00e1llatorvos k\u00e9pz\u00e9s)<\/td> <td>2022<\/td> <\/tr> <tr> <td width=\"163\">dr. Katona Beatrix<\/td> <td width=\"852\">R\u00e1gcs\u00e1l\u00f3\u00edrt\u00e1s alakul\u00e1sa a B\u00e1bolna Bio Zrt. adatai alapj\u00e1n, fontoss\u00e1ga, \u00e1llatv\u00e9delmi k\u00e9rd\u00e9sei, jelent\u0151s\u00e9ge. (\u00c1llatv\u00e9delmi szak\u00e1llatorvos k\u00e9pz\u00e9s)<\/td> <td>2022<\/td> <\/tr> <tr> <td width=\"163\">dr. Kov\u00e1cs Szilvia<\/td> <td width=\"852\">A megyei \u00e1llatv\u00e9delmi hat\u00f3s\u00e1g feladatainak bemutat\u00e1sa. (\u00c1llatv\u00e9delmi szak\u00e1llatorvos k\u00e9pz\u00e9s)<\/td> <td>2022<\/td> <\/tr> <tr> <td width=\"163\">Dr. Schneider \u00c9va<\/td> <td width=\"852\">A hagyom\u00e1nyos- \u00e9s a bio sert\u00e9start\u00e1s \u00f6sszehasonl\u00edt\u00e1sa \u00e1llatj\u00f3ll\u00e9ti szempontb\u00f3l. (\u00c1llatv\u00e9delmi szak\u00e1llatorvos k\u00e9pz\u00e9s)<\/td> <td>2022<\/td> <\/tr> <tr> <td width=\"163\">dr. Szab\u00f3-Ari Krisztina<\/td> <td width=\"852\">A sz\u00e9kesfeh\u00e9rv\u00e1ri S\u00f3st\u00f3i Vadv\u00e9delmi K\u00f6zpont munk\u00e1j\u00e1nak bemutat\u00e1sa, a s\u00e9r\u00fcl\u00e9seket, m\u00e9rgez\u00e9seket szenvedett \u00e9s m\u00e1s beteg vadon \u00e9l\u0151 \u00e1llatok adatainak elemz\u00e9se, esetismertet\u00e9sek. (\u00c1llatv\u00e9delmi szak\u00e1llatorvos k\u00e9pz\u00e9s)<\/td> <td>2022<\/td> <\/tr> <tr> <td width=\"163\">Dr. Vigh M\u00e1rta<\/td> <td width=\"852\">K\u00f6rnyezetgazdag\u00edt\u00e1si m\u00f3dszerek \u00e1llatkertben tartott nagymacska fajokn\u00e1l. (\u00c1llatv\u00e9delmi szak\u00e1llatorvos k\u00e9pz\u00e9s)<\/td> <td>2022<\/td> <\/tr> <tr> <td width=\"163\">Waltern\u00e9 dr. Ber\u00e9nyi Evelin<\/td> <td width=\"852\">Magyarorsz\u00e1gi kutya fajtament\u0151 egyes\u00fcletek m\u0171k\u00f6d\u00e9s\u00e9nek, sikereinek, neh\u00e9zs\u00e9geinek vizsg\u00e1lata. (\u00c1llatv\u00e9delmi szak\u00e1llatorvos k\u00e9pz\u00e9s)<\/td> <td>2022<\/td> <\/tr> <tr> <td width=\"163\">Ol\u00e1h, \u00c1d\u00e1m Attila<\/td> <td width=\"852\">S\u00fcrg\u0151ss\u00e9gi \u00e1llatorvosi mobilpraxis megteremt\u00e9s\u00e9nek lehet\u0151s\u00e9ge Magyarorsz\u00e1gon<\/td> <td width=\"108\">2021<\/td> <\/tr> <tr> <td width=\"163\">Paul, R\u00f3bert<\/td> <td width=\"852\">\u00c1llatorvostan hallgat\u00f3k ki\u00e9g\u00e9s mutat\u00f3inak felm\u00e9r\u00e9ses vizsg\u00e1lata a k\u00e9pz\u00e9sben elt\u00f6lt\u00f6tt id\u0151 f\u00fcggv\u00e9ny\u00e9ben<\/td> <td width=\"108\">2020<\/td> <\/tr> <tr> <td width=\"163\">G\u00e9mesi, Anett<\/td> <td width=\"852\">Felm\u00e9r\u00e9s a magyarorsz\u00e1gi \u00e1llatorvosok ment\u00e1lhigi\u00e9n\u00e9s \u00e1llapot\u00e1r\u00f3l k\u00fcl\u00f6n\u00f6s tekintettel a nemek k\u00f6zti k\u00fcl\u00f6nbs\u00e9gekre<\/td> <td width=\"108\">2020<\/td> <\/tr> <tr> <td width=\"163\">Fekete, Rita<\/td> <td width=\"852\">Az \u00e1llatok eutan\u00e1zi\u00e1j\u00e1nak t\u00e9mak\u00f6r\u00e9vel kapcsolatos k\u00e9rd\u00e9sek, n\u00e9z\u0151pontok vizsg\u00e1lata<\/td> <td width=\"108\">2019<\/td> <\/tr> <tr> <td width=\"163\">Bende, Borb\u00e1la<\/td> <td width=\"852\">Fogyaszt\u00f3i jelens\u00e9gek \u00e9s hat\u00e1suk a magyar termel\u0151kre a haszon\u00e1llat-tart\u00e1s \u00e1llatj\u00f3ll\u00e9ti vonatkoz\u00e1saiban [TDK-dolgozat]<\/td> <td width=\"108\">2018<\/td> <\/tr> <tr> <td width=\"163\">Kiss, Annam\u00e1ria<\/td> <td width=\"852\">Az \u00e1llatb\u00e1ntalmaz\u00e1sok felismer\u00e9se \u00e9s m\u00e9rt\u00e9k\u00e9nek meg\u00edt\u00e9l\u00e9se<\/td> <td width=\"108\">2017<\/td> <\/tr> <tr> <td width=\"163\">Ign\u00e1cz, Regina<\/td> <td width=\"852\">\u00c1llatorvosok kommunik\u00e1ci\u00f3s st\u00edlusa \u00e9s szem\u00e9lyis\u00e9ge k\u00f6z\u00f6tti \u00f6sszef\u00fcgg\u00e9sek vizsg\u00e1lata<\/td> <td width=\"108\">2017<\/td> <\/tr> <tr> <td width=\"163\">Sz\u0171cs, \u00c1gota<\/td> <td width=\"852\">Az \u00e1llatorvosi praxis \u00e1rk\u00e9pz\u00e9se \u00e9s hat\u00e1sa a pacient\u00fara alakul\u00e1s\u00e1ra egy debreceni \u00e1llatorvosi rendel\u0151ben [Szak\u00e1llatorvosi szakdolg.]<\/td> <td width=\"108\">2016<\/td> <\/tr> <tr> <td width=\"163\">Barab\u00e1s, L\u00edvia<\/td> <td width=\"852\">Felm\u00e9r\u00e9s a magyar \u00e1llatorvosn\u0151k eg\u00e9szs\u00e9g\u00fcgyi \u00e9s ment\u00e1lhigi\u00e9n\u00e9s \u00e1llapot\u00e1r\u00f3l<\/td> <td width=\"108\">2016<\/td> <\/tr> <tr> <td width=\"163\">Bodoky, Anna<\/td> <td width=\"852\">Kutyabar\u00e1t vend\u00e9gl\u00e1t\u00f3ipari egys\u00e9gek elfogadotts\u00e1ga a magyar t\u00e1rsadalom kutyatart\u00f3i \u00e9s kuty\u00e1t nem tart\u00f3i k\u00f6r\u00e9ben<\/td> <td width=\"108\">2016<\/td> <\/tr> <tr> <td width=\"163\">Liszkai, \u00c9va Fanni<\/td> <td width=\"852\">Az \u00e1llatv\u00e1g\u00e1s etikai k\u00e9rd\u00e9sei.<\/td> <td width=\"108\">2015<\/td> <\/tr> <tr> <td width=\"163\">R\u00e1bai, Val\u00e9ria<\/td> <td width=\"852\">Feh\u00e9r foltok \u00e9s anom\u00e1li\u00e1k a vadbalesetek jogi szab\u00e1lyoz\u00e1s\u00e1ban.<\/td> <td width=\"108\">2015<\/td> <\/tr> <tr> <td width=\"163\">Szil\u00e1gyi, Klaudia<\/td> <td width=\"852\">P\u00e1lyav\u00e1laszt\u00e1s, p\u00e1lyaorient\u00e1ci\u00f3 az \u00e1llatorvosl\u00e1sban. Egy orsz\u00e1gos felm\u00e9r\u00e9s eredm\u00e9nyei.<\/td> <td width=\"108\">2015<\/td> <\/tr> <tr> <td width=\"163\">Brenner, B\u00e1lint<\/td> <td width=\"852\">Az \u00e1llatorvosi hivat\u00e1s anyagi- \u00e9s t\u00e1rsadalmi megbecs\u00fclts\u00e9ge Magyarorsz\u00e1gon egy orsz\u00e1gos felm\u00e9r\u00e9s eredm\u00e9nyei<\/td> <td width=\"108\">2014<\/td> <\/tr> <tr> <td width=\"163\">Brunner, Anita<\/td> <td width=\"852\">A barnamedv\u00e9k tart\u00e1sa \u00e9s ell\u00e1t\u00e1sa K\u00f6z\u00e9p-Eur\u00f3pa legnagyobb medvefarmj\u00e1n.<\/td> <td width=\"108\">2014<\/td> <\/tr> <tr> <td width=\"163\">Szalai, Kata<\/td> <td width=\"852\">A farkasok term\u00e9szetszer\u0171 tart\u00e1sa \u00e9s ell\u00e1t\u00e1sa a veresegyh\u00e1zi Medveotthonban.<\/td> <td width=\"108\">2014<\/td> <\/tr> <tr> <td width=\"163\">N\u00e9meth, Barbara<\/td> <td width=\"852\">Kutyatart\u00f3k jogszab\u00e1lyban foglalt k\u00f6telezetts\u00e9geinek betart\u00e1si fegyelme, illetve a hazai ebtart\u00e1si kult\u00fara k\u00e9rd\u0151\u00edves felm\u00e9r\u00e9se.<\/td> <td width=\"108\">2014<\/td> <\/tr> <tr> <td width=\"163\">Cerghiz\u00e1n, Cynthia Karin<\/td> <td width=\"852\">Az \u00e1llampolg\u00e1rok \u00e1llatv\u00e9delemmel kapcsolatos jogszab\u00e1lyi ismereteinek k\u00e9rd\u0151\u00edves felm\u00e9r\u00e9se..<\/td> <td width=\"108\">2013<\/td> <\/tr> <tr> <td width=\"163\">\u00c9zsi\u00e1s, Anik\u00f3<\/td> <td width=\"852\">Az \u00e1llatk\u00eds\u00e9rletek k\u00fcl\u00f6nb\u00f6z\u0151 n\u00e9z\u0151pont\u00fa meg\u00edt\u00e9l\u00e9s\u00e9nek k\u00e9rd\u0151\u00edves vizsg\u00e1lata.<\/td> <td width=\"108\">2013<\/td> <\/tr> <tr> <td width=\"163\">Morvay, Dorottya<\/td> <td width=\"852\">Az \u00e1llatorvosl\u00e1s, mint hivat\u00e1s elemz\u00e9se a Budapesten dolgoz\u00f3 \u00e1llatorvosok v\u00e9lem\u00e9ny\u00e9nek t\u00fckr\u00e9ben.<\/td> <td width=\"108\">2013<\/td> <\/tr> <tr> <td width=\"163\">Madar\u00e1sz, Bal\u00e1zs Bence<\/td> <td width=\"852\">Az \u00e1llatorvosl\u00e1s, mint hivat\u00e1s elemz\u00e9se a N\u00f3gr\u00e1d megy\u00e9ben dolgoz\u00f3 \u00e1llatorvosok v\u00e9lem\u00e9ny\u00e9nek t\u00fckr\u00e9ben.<\/td> <td width=\"108\">2013<\/td> <\/tr> <tr> <td width=\"163\">B\u00e1rdos, Gy\u00f6ngyi<\/td> <td width=\"852\">Az \u00e1llatorvosl\u00e1s, mint hivat\u00e1s elemz\u00e9se a Tolna megy\u00e9ben dolgoz\u00f3 \u00e1llatorvosok v\u00e9lem\u00e9ny\u00e9nek t\u00fckr\u00e9ben.<\/td> <td width=\"108\">2013<\/td> <\/tr> <tr> <td width=\"163\">Szilv\u00e1si, Laura<\/td> <td width=\"852\">Egzotikus \u00e1llatokat &#8211; kisr\u00e1gcs\u00e1l\u00f3kat, d\u00edszmadarakat, h\u00fcll\u0151ket, k\u00e9t\u00e9lt\u0171eket \u00e9s d\u00edszhalakat &#8211; tart\u00f3k v\u00e9lem\u00e9nye a hazai \u00e1llatorvosi ell\u00e1t\u00e1sr\u00f3l.<\/td> <td width=\"108\">2013<\/td> <\/tr> <tr> <td width=\"163\">N\u00e9meth, Andrea<\/td> <td width=\"852\">Felm\u00e9r\u00e9s a gazd\u00e1tlan \u00e1llatok helyzet\u00e9r\u0151l Magyarorsz\u00e1gon.<\/td> <td width=\"108\">2013<\/td> <\/tr> <tr> <td width=\"163\">Hev\u00e9r, D\u00f3ra<\/td> <td width=\"852\">N\u00e9met juh\u00e1szkuty\u00e1k viselked\u00e9steszttel val\u00f3 \u00f6sszehasonl\u00edt\u00f3 vizsg\u00e1lata TDK dolg.<\/td> <td width=\"108\">2013<\/td> <\/tr> <tr> <td width=\"163\">Jand\u00f3, Tam\u00e1s<\/td> <td width=\"852\">Az \u00e1llat- \u00e9s hum\u00e1ngy\u00f3gy\u00e1szati ipar\u00e1g \u00f6sszehasonl\u00edt\u00f3 vizsg\u00e1lata, k\u00fcl\u00f6n\u00f6s tekintettel a marketingre TDK dolg.<\/td> <td width=\"108\">2012<\/td> <\/tr> <tr> <td width=\"163\">Kanyorszky, Eszter T\u00fcnde<\/td> <td width=\"852\">Felm\u00e9r\u00e9s kuty\u00e1k viselked\u00e9szavarainak el\u0151fordul\u00e1s\u00e1r\u00f3l Szakdolg.<\/td> <td width=\"108\">2012<\/td> <\/tr> <tr> <td width=\"163\">Vojtilla, Zsuzsanna<\/td> <td width=\"852\">Az \u00e1llatorvosl\u00e1s, mint hivat\u00e1s elemz\u00e9se a Borsod-Aba\u00faj-Zempl\u00e9n megy\u00e9ben dolgoz\u00f3 \u00e1llatorvosok v\u00e9lem\u00e9ny\u00e9nek t\u00fckr\u00e9ben.<\/td> <td width=\"108\">2011<\/td> <\/tr> <tr> <td width=\"163\">M\u00e1rton, D\u00f3ra<\/td> <td width=\"852\">Az \u00e1llatorvosl\u00e1s, mint hivat\u00e1s elemz\u00e9se a kereskedelemben dolgoz\u00f3 \u00e1llatorvosok v\u00e9lem\u00e9ny\u00e9nek t\u00fckr\u00e9ben.<\/td> <td width=\"108\">2011<\/td> <\/tr> <tr> <td width=\"163\">Thier, Vera<\/td> <td width=\"852\">Az \u00e1llatorvosl\u00e1s, mint hivat\u00e1s elemz\u00e9se a Kom\u00e1rom-Esztergom megy\u00e9ben dolgoz\u00f3 \u00e1llatorvosok v\u00e9lem\u00e9ny\u00e9nek t\u00fckr\u00e9ben.<\/td> <td width=\"108\">2011<\/td> <\/tr> <tr> <td width=\"163\">Laczk\u00f3, T\u00edmea<\/td> <td width=\"852\">Az \u00e1llatorvosl\u00e1s, mint hivat\u00e1s elemz\u00e9se Hogyan \u00e9rt\u00e9kelik az \u00e1llatorvosok mesters\u00e9g\u00fcket az id\u0151 t\u00fckr\u00e9ben.<\/td> <td width=\"108\">2010<\/td> <\/tr> <tr> <td width=\"163\">Papp, Karina Judit<\/td> <td width=\"852\">Mi a sikeres kis\u00e1llatpraxis titka? Felm\u00e9r\u00e9s az \u00e1llattart\u00f3i ig\u00e9nyekr\u0151l \u00e9s az \u00e1llatorvosi szolg\u00e1ltat\u00e1sokr\u00f3l TDK dolg.<\/td> <td width=\"108\">2008<\/td> <\/tr> <tr> <td width=\"163\">P\u00e1sztor, Edina<\/td> <td width=\"852\">Az Obesitas menedzsmentje, az eg\u00e9szs\u00e9ges \u00e9s a t\u00fals\u00falyos feln\u0151tt kuty\u00e1k takarm\u00e1nyainak beltartalmi \u00f6sszehasonl\u00edt\u00e1sa Szakdolg.<\/td> <td width=\"108\">2008<\/td> <\/tr> <tr> <td width=\"163\">Schneider, \u00c9va<\/td> <td width=\"852\">Elt\u00e9r\u0151 sz\u00e9nhidr\u00e1ttartalm\u00fa t\u00e1pok etet\u00e9s\u00e9nek hat\u00e1sa a v\u00e9rcukorszint alakul\u00e1s\u00e1ra eg\u00e9szs\u00e9ges kuty\u00e1kban TDK dolg.<\/td> <td width=\"108\">2007<\/td> <\/tr> <tr> <td width=\"163\">S\u00e1ndor, Nikoletta<\/td> <td width=\"852\">A labor\u00e1llatk\u00e9nt tartott tengerimalac takarm\u00e1nyoz\u00e1sa.<\/td> <td width=\"108\">2006<\/td> <\/tr> <tr> <td width=\"163\">Ticz, Gabriella<\/td> <td width=\"852\">A macska h\u00fagyk\u00f6vess\u00e9g\u00e9nek megel\u0151z\u00e9se, gy\u00f3gy\u00edt\u00e1sa \u00e9s kieg\u00e9sz\u00edt\u0151 di\u00e9t\u00e1s ter\u00e1pi\u00e1ja Szak\u00e1llatorvosi szakdolg.<\/td> <td width=\"108\">2006<\/td> <\/tr> <tr> <td width=\"163\">Uzsoki, Ang\u00e9la<\/td> <td width=\"852\">A macsk\u00e1k als\u00f3 h\u00fagy\u00fati megbeteged\u00e9sei (FLUTD).<\/td> <td width=\"108\">2006<\/td> <\/tr> <tr> <td width=\"163\">H\u00e1bor, Kriszti\u00e1n<\/td> <td width=\"852\">A tranzitid\u0151 meghat\u00e1roz\u00e1sa vad\u00e1szg\u00f6r\u00e9nyben \u00e9s h\u00e1zimacsk\u00e1ban.<\/td> <td width=\"108\">2005<\/td> <\/tr> <tr> <td width=\"163\">Shani, Mori<\/td> <td width=\"852\">Influence of feeding intensity on growth, body composition and sexual maturity of male New Zealand white rabbits Thesis.<\/td> <td width=\"108\">2003<\/td> <\/tr> <tr> <td width=\"163\">Potocska, Babett<\/td> <td width=\"852\">Macsk\u00e1k \u00e9s vad\u00e1szg\u00f6r\u00e9nyek t\u00e1p- valamint \u00edzv\u00e1logat\u00e1si tulajdons\u00e1gai.<\/td> <td width=\"108\">2003<\/td> <\/tr> <tr> <td width=\"163\">Kiss, Korn\u00e9l<\/td> <td width=\"852\">A takarm\u00e1nyoz\u00e1s hat\u00e1sa a magyar \u00f3ri\u00e1s h\u00e1ziny\u00fal testm\u00e9reteire,test\u00f6sszet\u00e9tel\u00e9re \u00e9s ivar\u00e9r\u00e9s\u00e9re TDK dolg.<\/td> <td width=\"108\">2001<\/td> <\/tr> <\/tbody> <\/table> <p><\/p>","protected":false},"excerpt":{"rendered":"<p>Szerz\u0151 C\u00edm Publik\u00e1ci\u00f3 ideje Dr. Marczin \u00c1gnes A senior kuty\u00e1k \u00e9s macsk\u00e1k j\u00f3ll\u00e9te a tulajdonosok felel\u0151ss\u00e9ge \u00e9s az \u00e1llatorvosoi tapasztalatok t\u00fckr\u00e9ben (\u00c1llatv\u00e9delmi szak\u00e1llatorvos k\u00e9pz\u00e9s) 2025 Dr. Hargitai Lilla A jogalkot\u00e1s \u00e9s a mindennapi \u00e9let valamint a szok\u00e1sjog \u00f6sszevet\u00e9se az \u00e1llatv\u00e9delem ter\u00e9n. 2025 K\u00f6rtv\u00e9lyesi Bogl\u00e1rka Magyar \u00e9s k\u00fclf\u00f6ldi \u00e1llatorvostan hallgat\u00f3k ki\u00e9g\u00e9s\u00e9nek \u00f6sszehasonl\u00edt\u00f3 vizsg\u00e1lata 2025 Baranyi D\u00e1vid<\/p>\n","protected":false},"author":3837,"featured_media":0,"parent":77371,"menu_order":0,"comment_status":"open","ping_status":"open","template":"","meta":{"_acf_changed":false,"footnotes":""},"categories":[],"tags":[],"class_list":["post-77423","page","type-page","status-publish","hentry"],"acf":[],"_links":{"self":[{"href":"https:\/\/univet.hu\/hu\/wp-json\/wp\/v2\/pages\/77423","targetHints":{"allow":["GET"]}}],"collection":[{"href":"https:\/\/univet.hu\/hu\/wp-json\/wp\/v2\/pages"}],"about":[{"href":"https:\/\/univet.hu\/hu\/wp-json\/wp\/v2\/types\/page"}],"author":[{"embeddable":true,"href":"https:\/\/univet.hu\/hu\/wp-json\/wp\/v2\/users\/3837"}],"replies":[{"embeddable":true,"href":"https:\/\/univet.hu\/hu\/wp-json\/wp\/v2\/comments?post=77423"}],"version-history":[{"count":3,"href":"https:\/\/univet.hu\/hu\/wp-json\/wp\/v2\/pages\/77423\/revisions"}],"predecessor-version":[{"id":198502,"href":"https:\/\/univet.hu\/hu\/wp-json\/wp\/v2\/pages\/77423\/revisions\/198502"}],"up":[{"embeddable":true,"href":"https:\/\/univet.hu\/hu\/wp-json\/wp\/v2\/pages\/77371"}],"wp:attachment":[{"href":"https:\/\/univet.hu\/hu\/wp-json\/wp\/v2\/media?parent=77423"}],"wp:term":[{"taxonomy":"category","embeddable":true,"href":"https:\/\/univet.hu\/hu\/wp-json\/wp\/v2\/categories?post=77423"},{"taxonomy":"post_tag","embeddable":true,"href":"https:\/\/univet.hu\/hu\/wp-json\/wp\/v2\/tags?post=77423"}],"curies":[{"name":"wp","href":"https:\/\/api.w.org\/{rel}","templated":true}]}}