{"id":77427,"date":"2022-08-04T11:36:07","date_gmt":"2022-08-04T09:36:07","guid":{"rendered":"https:\/\/univet.hu\/hu\/egyetem\/szervezeti-egysegek\/allattenyesztesi-takarmanyozastani-es-laborallat-tudomanyi-tanszek\/laborallattudomanyi-es-allatvedelmi-tanszek\/tdk-es-szakdolgozatok\/korsos-gabriella\/"},"modified":"2024-03-18T12:58:56","modified_gmt":"2024-03-18T11:58:56","slug":"dr-korsos-gabriella","status":"publish","type":"page","link":"https:\/\/univet.hu\/hu\/egyetem\/szervezeti-egysegek\/allattenyesztesi-takarmanyozastani-es-laborallat-tudomanyi-tanszek\/laborallattudomanyi-es-allatvedelmi-tanszek\/tdk-es-szakdolgozatok\/dr-korsos-gabriella\/","title":{"rendered":"Dr. Kors\u00f3s Gabriella"},"content":{"rendered":"<table style=\"height: 480px;\" width=\"802\"> <tbody> <tr style=\"height: 48px;\"> <td style=\"width: 284.344px; text-align: center; height: 48px;\"><strong>Szerz\u0151<\/strong><\/td> <td style=\"width: 392.5px; text-align: center; height: 48px;\"><strong>C\u00edm<\/strong><\/td> <td style=\"width: 103.156px; text-align: center; height: 48px;\"><strong>Publik\u00e1ci\u00f3 ideje<\/strong><\/td> <\/tr> <tr style=\"height: 24px;\"> <td style=\"width: 284.344px; height: 24px;\"><\/td> <td style=\"width: 392.5px; height: 24px;\"><\/td> <td style=\"width: 103.156px; height: 24px;\"><\/td> <\/tr> <tr style=\"height: 96px;\"> <td style=\"width: 284.344px; height: 96px;\">Wollberg Frida Iren<\/td> <td style=\"width: 392.5px; height: 96px;\"> Comparison of Legislation of Laboratory Animals and Experimentations in China, The United States, and Norway<\/td> <td style=\"width: 103.156px; height: 96px;\">2022<\/td> <\/tr> <tr style=\"height: 48px;\"> <td style=\"width: 284.344px; height: 48px;\">Guis Charlotte<\/td> <td style=\"width: 392.5px; height: 48px;\">Environmental enrichment : How to provide natural behaviours and good animal welfare in captivity<\/td> <td style=\"width: 103.156px; height: 48px;\">2020<\/td> <\/tr> <tr style=\"height: 24px;\"> <td style=\"width: 284.344px; height: 24px;\">Szab\u00f3 Fanni<\/td> <td style=\"width: 392.5px; height: 24px;\">A hangok, zen\u00e9k menhelyi kuty\u00e1kra gyakorolt hat\u00e1sa<\/td> <td style=\"width: 103.156px; height: 24px;\">2020<\/td> <\/tr> <tr style=\"height: 72px;\"> <td style=\"width: 284.344px; height: 72px;\">Cook Sarah<\/td> <td style=\"width: 392.5px; height: 72px;\">Risk factors associated with lameness in dairy cattle and analysis of the efficacy of the scoring systems identifying lameness<\/td> <td style=\"width: 103.156px; height: 72px;\">2020<\/td> <\/tr> <tr style=\"height: 48px;\"> <td style=\"width: 284.344px; height: 48px;\">Montlika Lejla<\/td> <td style=\"width: 392.5px; height: 48px;\">A zene stresszcs\u00f6kkent\u0151 hat\u00e1s\u00e1nak kihaszn\u00e1l\u00e1sa a kis\u00e1llatpraxisban<\/td> <td style=\"width: 103.156px; height: 48px;\">2020<\/td> <\/tr> <tr style=\"height: 24px;\"> <td style=\"width: 284.344px; height: 24px;\">Schwilp Laura Britt<\/td> <td style=\"width: 392.5px; height: 24px;\">The effect of elephant rides and walks on the number of self directed behaviours in African Elephants (Loxodonta africana)<\/td> <td style=\"width: 103.156px; height: 24px;\">2019<\/td> <\/tr> <tr style=\"height: 48px;\"> <td style=\"width: 284.344px; height: 48px;\">Dud\u00e1s Krisztina Dominika<\/td> <td style=\"width: 392.5px; height: 48px;\">K\u00fcl\u00f6nb\u00f6z\u0151 t\u00edpus\u00fa zen\u00e9k akut hat\u00e1sa menhelyi kuty\u00e1k viselked\u00e9s\u00e9re<\/td> <td style=\"width: 103.156px; height: 48px;\">2017<\/td> <\/tr> <tr style=\"height: 24px;\"> <td style=\"width: 284.344px; height: 24px;\">Sebesty\u00e9n \u00c9va<\/td> <td style=\"width: 392.5px; height: 24px;\">A zaj \u00e9s zene hat\u00e1sa az 1-21. napos csirk\u00e9k viselked\u00e9s\u00e9re, stressz\u00e1llapot\u00e1ra \u00e9s kortikoszteron-v\u00e9rszintj\u00e9re<\/td> <td style=\"width: 103.156px; height: 24px;\">2016<\/td> <\/tr> <tr style=\"height: 24px;\"> <td style=\"width: 284.344px; height: 24px;\">Falkenhorst Oliver<\/td> <td style=\"width: 392.5px; height: 24px;\">Is Mice Behavior Influenced by Music? Thesis<\/td> <td style=\"width: 103.156px; height: 24px;\">2013<\/td> <\/tr> <\/tbody> <\/table> <p>&nbsp;<\/p>","protected":false},"excerpt":{"rendered":"<p>Szerz\u0151 C\u00edm Publik\u00e1ci\u00f3 ideje Wollberg Frida Iren Comparison of Legislation of Laboratory Animals and Experimentations in China, The United States, and Norway 2022 Guis Charlotte Environmental enrichment : How to provide natural behaviours and good animal welfare in captivity 2020 Szab\u00f3 Fanni A hangok, zen\u00e9k menhelyi kuty\u00e1kra gyakorolt hat\u00e1sa 2020 Cook Sarah Risk factors associated<\/p>\n","protected":false},"author":3837,"featured_media":0,"parent":77371,"menu_order":0,"comment_status":"open","ping_status":"open","template":"","meta":{"_acf_changed":false,"footnotes":""},"categories":[],"tags":[],"class_list":["post-77427","page","type-page","status-publish","hentry"],"acf":[],"_links":{"self":[{"href":"https:\/\/univet.hu\/hu\/wp-json\/wp\/v2\/pages\/77427","targetHints":{"allow":["GET"]}}],"collection":[{"href":"https:\/\/univet.hu\/hu\/wp-json\/wp\/v2\/pages"}],"about":[{"href":"https:\/\/univet.hu\/hu\/wp-json\/wp\/v2\/types\/page"}],"author":[{"embeddable":true,"href":"https:\/\/univet.hu\/hu\/wp-json\/wp\/v2\/users\/3837"}],"replies":[{"embeddable":true,"href":"https:\/\/univet.hu\/hu\/wp-json\/wp\/v2\/comments?post=77427"}],"version-history":[{"count":0,"href":"https:\/\/univet.hu\/hu\/wp-json\/wp\/v2\/pages\/77427\/revisions"}],"up":[{"embeddable":true,"href":"https:\/\/univet.hu\/hu\/wp-json\/wp\/v2\/pages\/77371"}],"wp:attachment":[{"href":"https:\/\/univet.hu\/hu\/wp-json\/wp\/v2\/media?parent=77427"}],"wp:term":[{"taxonomy":"category","embeddable":true,"href":"https:\/\/univet.hu\/hu\/wp-json\/wp\/v2\/categories?post=77427"},{"taxonomy":"post_tag","embeddable":true,"href":"https:\/\/univet.hu\/hu\/wp-json\/wp\/v2\/tags?post=77427"}],"curies":[{"name":"wp","href":"https:\/\/api.w.org\/{rel}","templated":true}]}}