{"id":77450,"date":"2022-08-05T11:25:04","date_gmt":"2022-08-05T09:25:04","guid":{"rendered":"https:\/\/univet.hu\/hu\/oktatas\/doktori-iskola\/name\/"},"modified":"2024-12-10T13:28:11","modified_gmt":"2024-12-10T12:28:11","slug":"koszonto","status":"publish","type":"page","link":"https:\/\/univet.hu\/hu\/oktatas\/doktori-iskola\/koszonto\/","title":{"rendered":"K\u00f6sz\u00f6nt\u0151"},"content":{"rendered":"<p>Tisztelt L\u00e1togat\u00f3!\u00a0 \u00dcdv\u00f6z\u00f6lj\u00fck az \u00c1llatorvostudom\u00e1nyi Egyetem Doktori Iskol\u00e1j\u00e1nak honlapj\u00e1n!<\/p> <p>A fels\u0151oktat\u00e1sr\u00f3l sz\u00f3l\u00f3 1993. \u00e9vi LXXX. t\u00f6rv\u00e9ny az egyetemek feladat\u00e1v\u00e1 tette a tudom\u00e1nyos munka v\u00e9gz\u00e9s\u00e9re felk\u00e9sz\u00edt\u0151 k\u00e9pz\u00e9st, \u00e9s annak elismer\u00e9s\u00e9t a doktori c\u00edm oda\u00edt\u00e9l\u00e9s\u00e9t. Ez a k\u00e9pz\u00e9s az egyetemi k\u00e9pz\u00e9s h\u00e1rom szintje (BSc\u00a0\u2013MSc\u00a0\u2013 PhD) k\u00f6z\u00fcl a legmagasabb.<\/p> <p>Az \u00c1llatorvostudom\u00e1nyi Egyetem keretei k\u00f6z\u00f6tt 1994-ben indult a k\u00e9pz\u00e9s doktori programok form\u00e1j\u00e1ban. 2000-ben rendelte az oktat\u00e1si korm\u00e1nyzat a doktori iskol\u00e1k megalap\u00edt\u00e1s\u00e1t. Az \u00c1llatorvostudom\u00e1nyi Doktori Iskola a kor\u00e1bban ind\u00edtott programokra alapozva j\u00f6tt l\u00e9tre, nyerte a MAB \u201emegfelel\u201d elismer\u00e9s\u00e9t, \u00e9s kezdte meg m\u0171k\u00f6d\u00e9s\u00e9t\u00a02001.01.01.-\u00e9n. Az\u00f3ta a\u00a0folyamatos\u00a0jav\u00edt\u00e1s, \u201emin\u0151s\u00e9g fejleszt\u00e9s\u201d jegy\u00e9ben t\u00f6reksz\u00fcnk, mind szakmailag, mind szervezetileg egyre jobbat ny\u00fajtani.<\/p> <p>K\u00fcldet\u00e9s\u00fcnk, az\u00a0\u00c1llatorvostudom\u00e1nyi Egyetem t\u00f6rt\u00e9nelmi hagyom\u00e1nyait k\u00f6vetve<\/p> <ul> <li>a\u00a0fenntarthat\u00f3 mez\u0151gazdas\u00e1gi termel\u00e9sben,<\/li> <li>a\u00a0biztons\u00e1gos \u00e9lelmiszer-el\u0151\u00e1ll\u00edt\u00e1sban \u00e9s<\/li> <li>az \u00e1llatorvosi \u00e9s hat\u00e1rter\u00fcleti tudom\u00e1nyok m\u0171vel\u00e9s\u00e9ben<\/li> <li>hazai \u00e9s nemzetk\u00f6zi szinten kiv\u00e1l\u00f3,<\/li> <li>a tud\u00e1salap\u00fa t\u00e1rsadalom \u00e9s a k\u00f6rnyezet v\u00e9delme elv\u00e1r\u00e1sainak megfelelni k\u00e9pes ut\u00e1np\u00f3tl\u00e1s-nevel\u00e9s \u00e9s vezet\u0151\u00a0oktat\u00f3k \u00e9s kutat\u00f3k j\u00f6v\u0151 gener\u00e1ci\u00f3j\u00e1nak k\u00e9pz\u00e9se.<\/li> <\/ul> <p>Az imm\u00e1r csak angol nyelven foly\u00f3 doktori k\u00e9pz\u00e9s a HUN-REN \u00c1llatorvos-tudom\u00e1nyi Kutat\u00f3 Int\u00e9zet\u00e9vel, a Nemzeti \u00c9lelmiszerl\u00e1nc-biztons\u00e1gi Hivatallal\u00a0\u00e9s m\u00e1s nemzeti ill. nemzetk\u00f6zi\u00a0 kutat\u00f3helyekkel szoros egy\u00fcttm\u0171k\u00f6d\u00e9sben val\u00f3sul meg els\u0151dlegesen az al\u00e1bbi ter\u00fcleteken:<\/p> <ul> <li>\u00e1llatorvosi alaptudom\u00e1nyok (sejtbiol\u00f3gia, fejl\u0151d\u00e9stan, anat\u00f3mia \u00e9s sz\u00f6vettan; \u00e9lettan \u00e9s biok\u00e9mia; \u00e1ltal\u00e1nos \u00e1llattan, zool\u00f3gia, \u00f6kol\u00f3gia \u00e9s etol\u00f3gia)<\/li> <li>Preklinikai\u00a0\u00e1llatorvos-tudom\u00e1nyok (mikrobiol\u00f3giai; immunol\u00f3gia; parazitol\u00f3gia; \u00e1ltal\u00e1nos k\u00f3rtan \u00e9s k\u00f3r\u00e9lettan; \u00e1llatteny\u00e9szt\u00e9s- \u00e9s takarm\u00e1nyoz\u00e1stan; labor\u00e1llat-tudom\u00e1ny; szaporod\u00e1sbiol\u00f3gia; gy\u00f3gyszertan \u00e9s toxikol\u00f3gia)<\/li> <li>Klinikai \u00e1llatorvos-tudom\u00e1nyok (labordiagnosztikai \u00e9s m\u0171szeres diagnosztikai elj\u00e1r\u00e1sok; belgy\u00f3gy\u00e1szat; seb\u00e9szet \u00e9s szem\u00e9szet; sz\u00fcl\u00e9szet, t\u0151gyeg\u00e9szs\u00e9gtan, klinikai szaporod\u00e1sbiol\u00f3gia \u00e9s assziszt\u00e1lt reprodukci\u00f3s elj\u00e1r\u00e1sok; \u00e1llom\u00e1ny-eg\u00e9szs\u00e9gtan; bakt\u00e9riumok, v\u00edrusok \u00e9s parazit\u00e1k okozta megbeteged\u00e9sek)<\/li> <li>Paraklinikai\u00a0\u00e1llatorvos-tudom\u00e1nyok (\u00e1llateg\u00e9szs\u00e9g\u00fcgyi igazgat\u00e1s; igazs\u00e1g\u00fcgyi \u00e1llatorvostan; praxismanagement; \u00e1llateg\u00e9szs\u00e9g\u00fcgyi \u00f6kon\u00f3mia \u00e9s szervez\u00e9studom\u00e1ny)<\/li> <li>\u00c9lelmiszerhigi\u00e9niai \u00e9s \u00e9lelmiszerbiztons\u00e1gi tudom\u00e1nyok<\/li> <li>Inter-\u00a0\u00e9s\u00a0multidiszciplin\u00e1lis\u00a0(hat\u00e1rter\u00fcleti) tudom\u00e1nyok<\/li> <\/ul> <p>Budapest, 2024. 06.01.<\/p> <p>Prof. Dr. R\u00e1cz Bence<\/p> <p>Az \u00c1TE-DI vezet\u0151je<\/p>","protected":false},"excerpt":{"rendered":"<p>Tisztelt L\u00e1togat\u00f3!\u00a0 \u00dcdv\u00f6z\u00f6lj\u00fck az \u00c1llatorvostudom\u00e1nyi Egyetem Doktori Iskol\u00e1j\u00e1nak honlapj\u00e1n! A fels\u0151oktat\u00e1sr\u00f3l sz\u00f3l\u00f3 1993. \u00e9vi LXXX. t\u00f6rv\u00e9ny az egyetemek feladat\u00e1v\u00e1 tette a tudom\u00e1nyos munka v\u00e9gz\u00e9s\u00e9re felk\u00e9sz\u00edt\u0151 k\u00e9pz\u00e9st, \u00e9s annak elismer\u00e9s\u00e9t a doktori c\u00edm oda\u00edt\u00e9l\u00e9s\u00e9t. Ez a k\u00e9pz\u00e9s az egyetemi k\u00e9pz\u00e9s h\u00e1rom szintje (BSc\u00a0\u2013MSc\u00a0\u2013 PhD) k\u00f6z\u00fcl a legmagasabb. Az \u00c1llatorvostudom\u00e1nyi Egyetem keretei k\u00f6z\u00f6tt 1994-ben indult a k\u00e9pz\u00e9s<\/p>\n","protected":false},"author":2557,"featured_media":0,"parent":735,"menu_order":0,"comment_status":"open","ping_status":"closed","template":"","meta":{"_acf_changed":false,"footnotes":""},"categories":[],"tags":[],"class_list":["post-77450","page","type-page","status-publish","hentry"],"acf":[],"_links":{"self":[{"href":"https:\/\/univet.hu\/hu\/wp-json\/wp\/v2\/pages\/77450","targetHints":{"allow":["GET"]}}],"collection":[{"href":"https:\/\/univet.hu\/hu\/wp-json\/wp\/v2\/pages"}],"about":[{"href":"https:\/\/univet.hu\/hu\/wp-json\/wp\/v2\/types\/page"}],"author":[{"embeddable":true,"href":"https:\/\/univet.hu\/hu\/wp-json\/wp\/v2\/users\/2557"}],"replies":[{"embeddable":true,"href":"https:\/\/univet.hu\/hu\/wp-json\/wp\/v2\/comments?post=77450"}],"version-history":[{"count":0,"href":"https:\/\/univet.hu\/hu\/wp-json\/wp\/v2\/pages\/77450\/revisions"}],"up":[{"embeddable":true,"href":"https:\/\/univet.hu\/hu\/wp-json\/wp\/v2\/pages\/735"}],"wp:attachment":[{"href":"https:\/\/univet.hu\/hu\/wp-json\/wp\/v2\/media?parent=77450"}],"wp:term":[{"taxonomy":"category","embeddable":true,"href":"https:\/\/univet.hu\/hu\/wp-json\/wp\/v2\/categories?post=77450"},{"taxonomy":"post_tag","embeddable":true,"href":"https:\/\/univet.hu\/hu\/wp-json\/wp\/v2\/tags?post=77450"}],"curies":[{"name":"wp","href":"https:\/\/api.w.org\/{rel}","templated":true}]}}