{"id":77462,"date":"2022-08-05T12:10:54","date_gmt":"2022-08-05T10:10:54","guid":{"rendered":"https:\/\/univet.hu\/hu\/oktatas\/doktori-iskola\/name\/"},"modified":"2024-12-10T13:27:35","modified_gmt":"2024-12-10T12:27:35","slug":"kapcsolodo-szervezetek","status":"publish","type":"page","link":"https:\/\/univet.hu\/hu\/oktatas\/doktori-iskola\/kapcsolodo-szervezetek\/","title":{"rendered":"Kapcsol\u00f3d\u00f3 szervezetek"},"content":{"rendered":"<ul> <li><a href=\"https:\/\/univet.hu\/hu\/oktatas\/doktori-iskola\/kapcsolodo-szervezetek\/torzstagok\/\">T\u00f6rzstagok<\/a><\/li> <li><a href=\"https:\/\/univet.hu\/hu\/oktatas\/doktori-iskola\/kapcsolodo-szervezetek\/doktori-iskola-tanacsa\/\">Doktori Iskola Tan\u00e1csa<\/a><\/li> <li><a href=\"https:\/\/univet.hu\/hu\/oktatas\/doktori-iskola\/kapcsolodo-szervezetek\/doktori-es-habilitacios-tanacs\/\">Doktori \u00e9s Habilit\u00e1ci\u00f3s Tan\u00e1cs<\/a><\/li> <li><a href=\"https:\/\/doktori.hu\/index.php?menuid=351&amp;cid=247&amp;lang=HU\">Orsz\u00e1gos Doktori Tan\u00e1cs<\/a><\/li> <\/ul>","protected":false},"excerpt":{"rendered":"<p>T\u00f6rzstagok Doktori Iskola Tan\u00e1csa Doktori \u00e9s Habilit\u00e1ci\u00f3s Tan\u00e1cs Orsz\u00e1gos Doktori Tan\u00e1cs<\/p>\n","protected":false},"author":2557,"featured_media":0,"parent":735,"menu_order":32,"comment_status":"open","ping_status":"closed","template":"","meta":{"_acf_changed":false,"footnotes":""},"categories":[],"tags":[],"class_list":["post-77462","page","type-page","status-publish","hentry"],"acf":[],"_links":{"self":[{"href":"https:\/\/univet.hu\/hu\/wp-json\/wp\/v2\/pages\/77462","targetHints":{"allow":["GET"]}}],"collection":[{"href":"https:\/\/univet.hu\/hu\/wp-json\/wp\/v2\/pages"}],"about":[{"href":"https:\/\/univet.hu\/hu\/wp-json\/wp\/v2\/types\/page"}],"author":[{"embeddable":true,"href":"https:\/\/univet.hu\/hu\/wp-json\/wp\/v2\/users\/2557"}],"replies":[{"embeddable":true,"href":"https:\/\/univet.hu\/hu\/wp-json\/wp\/v2\/comments?post=77462"}],"version-history":[{"count":0,"href":"https:\/\/univet.hu\/hu\/wp-json\/wp\/v2\/pages\/77462\/revisions"}],"up":[{"embeddable":true,"href":"https:\/\/univet.hu\/hu\/wp-json\/wp\/v2\/pages\/735"}],"wp:attachment":[{"href":"https:\/\/univet.hu\/hu\/wp-json\/wp\/v2\/media?parent=77462"}],"wp:term":[{"taxonomy":"category","embeddable":true,"href":"https:\/\/univet.hu\/hu\/wp-json\/wp\/v2\/categories?post=77462"},{"taxonomy":"post_tag","embeddable":true,"href":"https:\/\/univet.hu\/hu\/wp-json\/wp\/v2\/tags?post=77462"}],"curies":[{"name":"wp","href":"https:\/\/api.w.org\/{rel}","templated":true}]}}