{"id":77467,"date":"2022-08-05T12:14:19","date_gmt":"2022-08-05T10:14:19","guid":{"rendered":"https:\/\/univet.hu\/hu\/oktatas\/doktori-iskola\/kapcsolodo-szervezetek\/name\/"},"modified":"2026-03-27T10:15:34","modified_gmt":"2026-03-27T09:15:34","slug":"doktori-iskola-tanacsa","status":"publish","type":"page","link":"https:\/\/univet.hu\/hu\/oktatas\/doktori-iskola\/kapcsolodo-szervezetek\/doktori-iskola-tanacsa\/","title":{"rendered":"Doktori Iskola Tan\u00e1csa"},"content":{"rendered":"<p><strong>Eln\u00f6k<\/strong>:<br \/> Dr. R\u00e1cz Bence egyetemi tan\u00e1r<\/p> <p><strong>Titk\u00e1r<\/strong>:<br \/> dr. Kerek \u00c1d\u00e1m egyetemi tan\u00e1rseg\u00e9d<\/p> <p><strong>K\u00fcls\u0151 tagok<\/strong>:<\/p> <ul> <li>Dr. Magyar Tibor tudom\u00e1nyos tan\u00e1csad\u00f3<\/li> <li>Dr. T\u00f3th Tam\u00e1s kutat\u00f3professzor<\/li> <\/ul> <p><strong>\u00c1TE (bels\u0151) tagok<\/strong>:<\/p> <ul> <li>Dr. Bakos Zolt\u00e1n egyetemi docens<\/li> <li>Dr. F\u00e9bel Hedvig kutat\u00f3professzor<\/li> <li>Dr. G\u00e1l J\u00e1nos egyetemi tan\u00e1r<\/li> <li>Dr. Hornok S\u00e1ndor egyetemi tan\u00e1r<\/li> <li>Dr. Jerzsele \u00c1kos egyetemi docens<\/li> <li>Dr. M\u00e1tis G\u00e1bor egyetemi docens<\/li> <li>Dr. N\u00e9meth Tibor egyetemi tan\u00e1r<\/li> <li>Dr. \u00d3zsv\u00e1ri L\u00e1szl\u00f3 egyetemi tan\u00e1r<\/li> <li>Dr. Sterczer \u00c1gnes egyetemi docens<\/li> <li>Dr. S\u00f3tonyi P\u00e9ter egyetemi tan\u00e1r<\/li> <li>Dr. S\u00fcth Mikl\u00f3s egyetemi docens<\/li> <\/ul> <p><strong>D\u00d6K k\u00e9pvisel\u0151:<br \/> <\/strong>dr. Mag Patrik PhD hallgat\u00f3<\/p>","protected":false},"excerpt":{"rendered":"<p>Eln\u00f6k: Dr. R\u00e1cz Bence egyetemi tan\u00e1r Titk\u00e1r: dr. Kerek \u00c1d\u00e1m egyetemi tan\u00e1rseg\u00e9d K\u00fcls\u0151 tagok: Dr. Magyar Tibor tudom\u00e1nyos tan\u00e1csad\u00f3 Dr. T\u00f3th Tam\u00e1s kutat\u00f3professzor \u00c1TE (bels\u0151) tagok: Dr. Bakos Zolt\u00e1n egyetemi docens Dr. F\u00e9bel Hedvig kutat\u00f3professzor Dr. G\u00e1l J\u00e1nos egyetemi tan\u00e1r Dr. Hornok S\u00e1ndor egyetemi tan\u00e1r Dr. Jerzsele \u00c1kos egyetemi docens Dr. M\u00e1tis G\u00e1bor egyetemi docens<\/p>\n","protected":false},"author":3087,"featured_media":0,"parent":77462,"menu_order":0,"comment_status":"open","ping_status":"open","template":"","meta":{"_acf_changed":false,"footnotes":""},"categories":[],"tags":[],"class_list":["post-77467","page","type-page","status-publish","hentry"],"acf":[],"_links":{"self":[{"href":"https:\/\/univet.hu\/hu\/wp-json\/wp\/v2\/pages\/77467","targetHints":{"allow":["GET"]}}],"collection":[{"href":"https:\/\/univet.hu\/hu\/wp-json\/wp\/v2\/pages"}],"about":[{"href":"https:\/\/univet.hu\/hu\/wp-json\/wp\/v2\/types\/page"}],"author":[{"embeddable":true,"href":"https:\/\/univet.hu\/hu\/wp-json\/wp\/v2\/users\/3087"}],"replies":[{"embeddable":true,"href":"https:\/\/univet.hu\/hu\/wp-json\/wp\/v2\/comments?post=77467"}],"version-history":[{"count":2,"href":"https:\/\/univet.hu\/hu\/wp-json\/wp\/v2\/pages\/77467\/revisions"}],"predecessor-version":[{"id":204410,"href":"https:\/\/univet.hu\/hu\/wp-json\/wp\/v2\/pages\/77467\/revisions\/204410"}],"up":[{"embeddable":true,"href":"https:\/\/univet.hu\/hu\/wp-json\/wp\/v2\/pages\/77462"}],"wp:attachment":[{"href":"https:\/\/univet.hu\/hu\/wp-json\/wp\/v2\/media?parent=77467"}],"wp:term":[{"taxonomy":"category","embeddable":true,"href":"https:\/\/univet.hu\/hu\/wp-json\/wp\/v2\/categories?post=77467"},{"taxonomy":"post_tag","embeddable":true,"href":"https:\/\/univet.hu\/hu\/wp-json\/wp\/v2\/tags?post=77467"}],"curies":[{"name":"wp","href":"https:\/\/api.w.org\/{rel}","templated":true}]}}