{"id":77469,"date":"2022-08-05T12:17:51","date_gmt":"2022-08-05T10:17:51","guid":{"rendered":"https:\/\/univet.hu\/hu\/oktatas\/doktori-iskola\/kapcsolodo-szervezetek\/name\/"},"modified":"2024-08-29T13:01:38","modified_gmt":"2024-08-29T11:01:38","slug":"doktori-es-habilitacios-tanacs","status":"publish","type":"page","link":"https:\/\/univet.hu\/hu\/oktatas\/doktori-iskola\/kapcsolodo-szervezetek\/doktori-es-habilitacios-tanacs\/","title":{"rendered":"Doktori \u00e9s Habilit\u00e1ci\u00f3s Tan\u00e1cs"},"content":{"rendered":"<p><strong>Eln\u00f6k<\/strong>:<\/p> <ul> <li>Dr. G\u00e1lfi P\u00e9ter egyetemi tan\u00e1r<\/li> <\/ul> <p><strong>K\u00fcls\u0151s tagok<\/strong>:<\/p> <ul> <li>Dr. Kov\u00e1cs Melinda egyetemi tan\u00e1r, akad\u00e9mikus<\/li> <li>Dr. Magyar Tibor tudom\u00e1nyos tan\u00e1csad\u00f3<\/li> <li>Dr. Rig\u00f3 J\u00e1nos egyetemi tan\u00e1r<\/li> <\/ul> <p><strong>\u00c1TE tag<\/strong>:<\/p> <ul> <li>Dr. Bartha Tibor\u00a0tansz\u00e9kvezet\u0151 egyetemi tan\u00e1r, rektorhelyettes (nemzetk\u00f6zi kapcsolatok)<\/li> <li>Dr. Farkas R\u00f3bert doktori programir\u00e1ny-vezet\u0151, professzor emeritus<\/li> <li>Dr. N\u00e9meth Tibor doktori programir\u00e1ny-vezet\u0151,\u00a0 egyetemi tan\u00e1r<\/li> <li>Dr. R\u00e1cz Bence doktori iskolavezet\u0151, egyetemi tan\u00e1r<\/li> <li>Dr. S\u00f3tonyi P\u00e9ter rektor, egyetemi tan\u00e1r<\/li> <li>Dr. V\u00f6r\u00f6s K\u00e1roly professzor emeritus<\/li> <\/ul> <p><strong>D\u00d6K k\u00e9pvisel\u0151:<\/strong><\/p> <ul> <li>dr. Farkas M\u00e1t\u00e9<\/li> <\/ul>","protected":false},"excerpt":{"rendered":"<p>Eln\u00f6k: Dr. G\u00e1lfi P\u00e9ter egyetemi tan\u00e1r K\u00fcls\u0151s tagok: Dr. Kov\u00e1cs Melinda egyetemi tan\u00e1r, akad\u00e9mikus Dr. Magyar Tibor tudom\u00e1nyos tan\u00e1csad\u00f3 Dr. Rig\u00f3 J\u00e1nos egyetemi tan\u00e1r \u00c1TE tag: Dr. Bartha Tibor\u00a0tansz\u00e9kvezet\u0151 egyetemi tan\u00e1r, rektorhelyettes (nemzetk\u00f6zi kapcsolatok) Dr. Farkas R\u00f3bert doktori programir\u00e1ny-vezet\u0151, professzor emeritus Dr. N\u00e9meth Tibor doktori programir\u00e1ny-vezet\u0151,\u00a0 egyetemi tan\u00e1r Dr. R\u00e1cz Bence doktori iskolavezet\u0151, egyetemi tan\u00e1r<\/p>\n","protected":false},"author":2557,"featured_media":0,"parent":77462,"menu_order":0,"comment_status":"open","ping_status":"open","template":"","meta":{"_acf_changed":false,"footnotes":""},"categories":[],"tags":[],"class_list":["post-77469","page","type-page","status-publish","hentry"],"acf":[],"_links":{"self":[{"href":"https:\/\/univet.hu\/hu\/wp-json\/wp\/v2\/pages\/77469","targetHints":{"allow":["GET"]}}],"collection":[{"href":"https:\/\/univet.hu\/hu\/wp-json\/wp\/v2\/pages"}],"about":[{"href":"https:\/\/univet.hu\/hu\/wp-json\/wp\/v2\/types\/page"}],"author":[{"embeddable":true,"href":"https:\/\/univet.hu\/hu\/wp-json\/wp\/v2\/users\/2557"}],"replies":[{"embeddable":true,"href":"https:\/\/univet.hu\/hu\/wp-json\/wp\/v2\/comments?post=77469"}],"version-history":[{"count":0,"href":"https:\/\/univet.hu\/hu\/wp-json\/wp\/v2\/pages\/77469\/revisions"}],"up":[{"embeddable":true,"href":"https:\/\/univet.hu\/hu\/wp-json\/wp\/v2\/pages\/77462"}],"wp:attachment":[{"href":"https:\/\/univet.hu\/hu\/wp-json\/wp\/v2\/media?parent=77469"}],"wp:term":[{"taxonomy":"category","embeddable":true,"href":"https:\/\/univet.hu\/hu\/wp-json\/wp\/v2\/categories?post=77469"},{"taxonomy":"post_tag","embeddable":true,"href":"https:\/\/univet.hu\/hu\/wp-json\/wp\/v2\/tags?post=77469"}],"curies":[{"name":"wp","href":"https:\/\/api.w.org\/{rel}","templated":true}]}}