{"id":77647,"date":"2022-08-16T11:12:59","date_gmt":"2022-08-16T09:12:59","guid":{"rendered":"https:\/\/univet.hu\/hu\/oktatas\/doktori-iskola\/name-2\/"},"modified":"2026-04-22T13:19:29","modified_gmt":"2026-04-22T11:19:29","slug":"palyazatok-es-mobilitasi-lehetosegek","status":"publish","type":"page","link":"https:\/\/univet.hu\/hu\/oktatas\/doktori-iskola\/palyazatok-es-mobilitasi-lehetosegek\/","title":{"rendered":"P\u00e1ly\u00e1zatok \u00e9s Mobilit\u00e1si Lehet\u0151s\u00e9gek"},"content":{"rendered":"<div> <h2 title=\"FVE - Federation of Veterinarians of Europe\">1) Fulbright \u00f6szt\u00f6nd\u00edj az Egyes\u00fclt \u00c1llamokba 2027-2028.\u00a0<b><\/b><\/h2> <p><strong><span class=\"markzc49faxr8 unmark\" data-markjs=\"true\" data-olk-copy-source=\"MessageBody\">V\u00e9gz\u0151s<\/span>\u00a0<span class=\"markzc49faxr8 unmark\" data-markjs=\"true\">hallgat\u00f3k,<\/span>\u00a0<span class=\"markzc49faxr8 unmark\" data-markjs=\"true\">doktoranduszok<\/span>\u00a0sz<span class=\"markzc49faxr8 unmark\" data-markjs=\"true\">\u00e1<\/span>m<span class=\"markzc49faxr8 unmark\" data-markjs=\"true\">\u00e1<\/span>r<span class=\"markzc49faxr8 unmark\" data-markjs=\"true\">a<\/span><\/strong><br \/> <a title=\"https:\/\/fulbright.us9.list-manage.com\/track\/click?u=5e5284e1a2384f07b79f8ee07&amp;id=5869be4848&amp;e=960f814f97\" href=\"https:\/\/fulbright.us9.list-manage.com\/track\/click?u=5e5284e1a2384f07b79f8ee07&amp;id=5869be4848&amp;e=960f814f97\" target=\"_blank\" rel=\"noopener noreferrer\" data-auth=\"NotApplicable\" data-linkindex=\"2\"><strong>Fulbright\u00a0<span class=\"markzc49faxr8 unmark\" data-markjs=\"true\">Posztgradu\u00e1lis<\/span>\u00a0<span class=\"markzc49faxr8 unmark\" data-markjs=\"true\">Hallgat\u00f3i<\/span>\u00a0<span class=\"markzc49faxr8 unmark\" data-markjs=\"true\">\u00d6szt\u00f6nd\u00edj<\/span><span class=\"markzc49faxr8 unmark\" data-markjs=\"true\">a<\/span>k<\/strong><\/a><\/p> <p>&#x25aa;\u00a0Tov<span class=\"markzc49faxr8 unmark\" data-markjs=\"true\">\u00e1<\/span>bbt<span class=\"markzc49faxr8 unmark\" data-markjs=\"true\">a<\/span>nul<span class=\"markzc49faxr8 unmark\" data-markjs=\"true\">\u00e1<\/span>si\u00a0<span class=\"markzc49faxr8 unmark\" data-markjs=\"true\">\/<\/span>\u00a0<span class=\"markzc49faxr8 unmark\" data-markjs=\"true\">kutat\u00e1si<\/span>\u00a0<span class=\"markzc49faxr8 unmark\" data-markjs=\"true\">lehet\u0151s\u00e9g<\/span>\u00a0<span class=\"markzc49faxr8 unmark\" data-markjs=\"true\">a<\/span>\u00a0<span class=\"markzc49faxr8 unmark\" data-markjs=\"true\">2027-2028-as<\/span>\u00a0<span class=\"markzc49faxr8 unmark\" data-markjs=\"true\">tan\u00e9vben<\/span>\u00a0<span class=\"markzc49faxr8 unmark\" data-markjs=\"true\">b\u00e1rmely<\/span>\u00a0<span class=\"markzc49faxr8 nNUco\" data-markjs=\"true\">tudom<span class=\"markzc49faxr8 unmark\" data-markjs=\"true\">\u00e1<\/span>nyter\u00fcleten<\/span>\u00a0<span class=\"markzc49faxr8 unmark\" data-markjs=\"true\">vagy<\/span>\u00a0<span class=\"markzc49faxr8 unmark\" data-markjs=\"true\">m\u0171v\u00e9szeti<\/span>\u00a0<span class=\"markzc49faxr8 unmark\" data-markjs=\"true\">\u00e1<\/span>gb<span class=\"markzc49faxr8 unmark\" data-markjs=\"true\">a<\/span>n.<br \/> &#x25aa;\u00a0<span class=\"markzc49faxr8 unmark\" data-markjs=\"true\">A<\/span>l<span class=\"markzc49faxr8 unmark\" data-markjs=\"true\">a<\/span>pfelt\u00e9tel\u00a0<span class=\"markzc49faxr8 unmark\" data-markjs=\"true\">a<\/span>\u00a0<span class=\"markzc49faxr8 unmark\" data-markjs=\"true\">p\u00e1ly\u00e1zott<\/span>\u00a0<span class=\"markzc49faxr8 unmark\" data-markjs=\"true\">t\u00e9m\u00e1ban<\/span>\u00a0<span class=\"markzc49faxr8 unmark\" data-markjs=\"true\">legk\u00e9s\u0151bb<\/span>\u00a0<span class=\"markzc49faxr8 unmark\" data-markjs=\"true\">2026.<\/span>\u00a0<span class=\"markzc49faxr8 unmark\" data-markjs=\"true\">j\u00falius<\/span>\u00a0<span class=\"markzc49faxr8 unmark\" data-markjs=\"true\">31-ig<\/span>\u00a0<span class=\"markzc49faxr8 unmark\" data-markjs=\"true\">szerzett<\/span>\u00a0<span class=\"markzc49faxr8 unmark\" data-markjs=\"true\">legal\u00e1bb<\/span>\u00a0<span class=\"markzc49faxr8 unmark\" data-markjs=\"true\">BA\/BSc<\/span>\u00a0<span class=\"markzc49faxr8 unmark\" data-markjs=\"true\">szint\u0171<\/span>\u00a0diplom<span class=\"markzc49faxr8 unmark\" data-markjs=\"true\">a<\/span>.<br \/> &#x25aa;\u00a0<span class=\"markzc49faxr8 unmark\" data-markjs=\"true\">A<\/span>\u00a0<span class=\"markzc49faxr8 unmark\" data-markjs=\"true\">p\u00e1ly\u00e1z\u00f3k<\/span>\u00a0<span class=\"markzc49faxr8 unmark\" data-markjs=\"true\">az<\/span>\u00a0<span class=\"markzc49faxr8 unmark\" data-markjs=\"true\">Egyes\u00fclt<\/span>\u00a0<span class=\"markzc49faxr8 unmark\" data-markjs=\"true\">\u00c1llamok<\/span>\u00a0<span class=\"markzc49faxr8 unmark\" data-markjs=\"true\">b\u00e1rmelyik<\/span>\u00a0<span class=\"markzc49faxr8 unmark\" data-markjs=\"true\">egyetem\u00e9t<\/span>\u00a0v<span class=\"markzc49faxr8 unmark\" data-markjs=\"true\">\u00e1<\/span>l<span class=\"markzc49faxr8 unmark\" data-markjs=\"true\">a<\/span>szth<span class=\"markzc49faxr8 unmark\" data-markjs=\"true\">a<\/span>tj<span class=\"markzc49faxr8 unmark\" data-markjs=\"true\">\u00e1<\/span>k.<br \/> &#x25aa;\u00a0<span class=\"markzc49faxr8 unmark\" data-markjs=\"true\">Az<\/span>\u00a0<span class=\"markzc49faxr8 unmark\" data-markjs=\"true\">\u00f6szt\u00f6nd\u00edj<\/span>\u00a0<span class=\"markzc49faxr8 unmark\" data-markjs=\"true\">id\u0151tartama<\/span>\u00a0<span class=\"markzc49faxr8 unmark\" data-markjs=\"true\">5-9<\/span>\u00a0<span class=\"markzc49faxr8 unmark\" data-markjs=\"true\">h\u00f3<\/span>n<span class=\"markzc49faxr8 unmark\" data-markjs=\"true\">a<\/span>p.<br \/> &#x25aa;\u00a0<span class=\"markzc49faxr8 unmark\" data-markjs=\"true\">A<\/span>kt\u00edv\u00a0<span class=\"markzc49faxr8 unmark\" data-markjs=\"true\">hallgat\u00f3i<\/span>\u00a0<span class=\"markzc49faxr8 unmark\" data-markjs=\"true\">jogviszony<\/span>\u00a0<span class=\"markzc49faxr8 unmark\" data-markjs=\"true\">nem<\/span>\u00a0<span class=\"markzc49faxr8 unmark\" data-markjs=\"true\">sz\u00fcks\u00e9ges<\/span>\u00a0<span class=\"markzc49faxr8 unmark\" data-markjs=\"true\">\u00e9s<\/span>\u00a0<span class=\"markzc49faxr8 unmark\" data-markjs=\"true\">a<\/span>\u00a0<span class=\"markzc49faxr8 unmark\" data-markjs=\"true\">jelentkez\u00e9snek<\/span>\u00a0<span class=\"markzc49faxr8 unmark\" data-markjs=\"true\">nincs<\/span>\u00a0<span class=\"markzc49faxr8 unmark\" data-markjs=\"true\">fels\u0151<\/span>\u00a0korh<span class=\"markzc49faxr8 unmark\" data-markjs=\"true\">a<\/span>t<span class=\"markzc49faxr8 unmark\" data-markjs=\"true\">\u00e1<\/span>r<span class=\"markzc49faxr8 unmark\" data-markjs=\"true\">a<\/span>.<\/p> <p><span class=\"markzc49faxr8 unmark\" data-markjs=\"true\">A<\/span>\u00a0<span class=\"markzc49faxr8 unmark\" data-markjs=\"true\">havi<\/span>\u00a0<span class=\"markzc49faxr8 unmark\" data-markjs=\"true\">\u00f6szt\u00f6nd\u00edj<\/span>\u00a0<span class=\"markzc49faxr8 unmark\" data-markjs=\"true\">(sz\u00e1ll\u00e1s,<\/span>\u00a0<span class=\"markzc49faxr8 unmark\" data-markjs=\"true\">meg\u00e9lhet\u00e9s)<\/span>\u00a0<span class=\"markzc49faxr8 unmark\" data-markjs=\"true\">\u00f6sszege<\/span>\u00a0<span class=\"markzc49faxr8 unmark\" data-markjs=\"true\">USD<\/span>\u00a0<span class=\"markzc49faxr8 unmark\" data-markjs=\"true\">2.831<\/span>\u00a0<span class=\"markzc49faxr8 unmark\" data-markjs=\"true\">\u2013<\/span>\u00a0<span class=\"markzc49faxr8 unmark\" data-markjs=\"true\">4.300<\/span>\u00a0<span class=\"markzc49faxr8 unmark\" data-markjs=\"true\">\/<\/span>\u00a0<span class=\"markzc49faxr8 unmark\" data-markjs=\"true\">h\u00f3<\/span>\u00a0<span class=\"markzc49faxr8 unmark\" data-markjs=\"true\">(egyetemt\u0151l<\/span>\u00a0f\u00fcgg\u0151en).<br \/> T<span class=\"markzc49faxr8 unmark\" data-markjs=\"true\">a<\/span>nd\u00edjt<span class=\"markzc49faxr8 unmark\" data-markjs=\"true\">\u00e1<\/span>mog<span class=\"markzc49faxr8 unmark\" data-markjs=\"true\">a<\/span>t<span class=\"markzc49faxr8 unmark\" data-markjs=\"true\">\u00e1<\/span>s\u00a0<span class=\"markzc49faxr8 unmark\" data-markjs=\"true\">max.<\/span>\u00a0<span class=\"markzc49faxr8 unmark\" data-markjs=\"true\">USD<\/span>\u00a0<span class=\"markzc49faxr8 unmark\" data-markjs=\"true\">25.000<\/span>\u00a0<span class=\"markzc49faxr8 unmark\" data-markjs=\"true\">\/<\/span>\u00a0t<span class=\"markzc49faxr8 unmark\" data-markjs=\"true\">a<\/span>n\u00e9v.<br \/> <span class=\"markzc49faxr8 unmark\" data-markjs=\"true\">Az<\/span>\u00a0<span class=\"markzc49faxr8 unmark\" data-markjs=\"true\">\u00fatik\u00f6lts\u00e9get<\/span>\u00a0<span class=\"markzc49faxr8 unmark\" data-markjs=\"true\">\u00e9s<\/span>\u00a0<span class=\"markzc49faxr8 unmark\" data-markjs=\"true\">a<\/span>\u00a0<span class=\"markzc49faxr8 unmark\" data-markjs=\"true\">biztos\u00edt\u00e1st<\/span>\u00a0<span class=\"markzc49faxr8 unmark\" data-markjs=\"true\">is<\/span>\u00a0<span class=\"markzc49faxr8 unmark\" data-markjs=\"true\">fedezi<\/span>\u00a0<span class=\"markzc49faxr8 unmark\" data-markjs=\"true\">a<\/span>\u00a0progr<span class=\"markzc49faxr8 unmark\" data-markjs=\"true\">a<\/span>m.<\/p> <p><a title=\"https:\/\/fulbright.us9.list-manage.com\/track\/click?u=5e5284e1a2384f07b79f8ee07&amp;id=6cecd97c82&amp;e=960f814f97\" href=\"https:\/\/fulbright.us9.list-manage.com\/track\/click?u=5e5284e1a2384f07b79f8ee07&amp;id=6cecd97c82&amp;e=960f814f97\" target=\"_blank\" rel=\"noopener noreferrer\" data-auth=\"NotApplicable\" data-linkindex=\"3\">P<span class=\"markzc49faxr8 unmark\" data-markjs=\"true\">\u00e1<\/span>ly<span class=\"markzc49faxr8 unmark\" data-markjs=\"true\">\u00e1z<\/span><span class=\"markzc49faxr8 unmark\" data-markjs=\"true\">a<\/span>ti\u00a0<span class=\"markzc49faxr8 unmark\" data-markjs=\"true\">anyag<\/span>\u00a0<span class=\"markzc49faxr8 unmark\" data-markjs=\"true\">\u00e9s<\/span>\u00a0<span class=\"markzc49faxr8 unmark\" data-markjs=\"true\">online<\/span>\u00a0jelentkez<span class=\"markzc49faxr8 unmark\" data-markjs=\"true\">\u00e9s<\/span><\/a><br \/> Jelentkez<span class=\"markzc49faxr8 unmark\" data-markjs=\"true\">\u00e9s<\/span>i\u00a0<span class=\"markzc49faxr8 unmark\" data-markjs=\"true\">hat\u00e1rid\u0151:<\/span>\u00a0<strong><span class=\"markzc49faxr8 unmark\" data-markjs=\"true\">2026.<\/span>\u00a0<span class=\"markzc49faxr8 unmark\" data-markjs=\"true\">m\u00e1jus<\/span>\u00a0<span class=\"markzc49faxr8 unmark\" data-markjs=\"true\">15.<\/span><\/strong><\/p> <\/div>","protected":false},"excerpt":{"rendered":"<p>1) Fulbright \u00f6szt\u00f6nd\u00edj az Egyes\u00fclt \u00c1llamokba 2027-2028.\u00a0 V\u00e9gz\u0151s\u00a0hallgat\u00f3k,\u00a0doktoranduszok\u00a0sz\u00e1m\u00e1ra Fulbright\u00a0Posztgradu\u00e1lis\u00a0Hallgat\u00f3i\u00a0\u00d6szt\u00f6nd\u00edjak &#x25aa;\u00a0Tov\u00e1bbtanul\u00e1si\u00a0\/\u00a0kutat\u00e1si\u00a0lehet\u0151s\u00e9g\u00a0a\u00a02027-2028-as\u00a0tan\u00e9vben\u00a0b\u00e1rmely\u00a0tudom\u00e1nyter\u00fcleten\u00a0vagy\u00a0m\u0171v\u00e9szeti\u00a0\u00e1gban. &#x25aa;\u00a0Alapfelt\u00e9tel\u00a0a\u00a0p\u00e1ly\u00e1zott\u00a0t\u00e9m\u00e1ban\u00a0legk\u00e9s\u0151bb\u00a02026.\u00a0j\u00falius\u00a031-ig\u00a0szerzett\u00a0legal\u00e1bb\u00a0BA\/BSc\u00a0szint\u0171\u00a0diploma. &#x25aa;\u00a0A\u00a0p\u00e1ly\u00e1z\u00f3k\u00a0az\u00a0Egyes\u00fclt\u00a0\u00c1llamok\u00a0b\u00e1rmelyik\u00a0egyetem\u00e9t\u00a0v\u00e1laszthatj\u00e1k. &#x25aa;\u00a0Az\u00a0\u00f6szt\u00f6nd\u00edj\u00a0id\u0151tartama\u00a05-9\u00a0h\u00f3nap. &#x25aa;\u00a0Akt\u00edv\u00a0hallgat\u00f3i\u00a0jogviszony\u00a0nem\u00a0sz\u00fcks\u00e9ges\u00a0\u00e9s\u00a0a\u00a0jelentkez\u00e9snek\u00a0nincs\u00a0fels\u0151\u00a0korhat\u00e1ra. A\u00a0havi\u00a0\u00f6szt\u00f6nd\u00edj\u00a0(sz\u00e1ll\u00e1s,\u00a0meg\u00e9lhet\u00e9s)\u00a0\u00f6sszege\u00a0USD\u00a02.831\u00a0\u2013\u00a04.300\u00a0\/\u00a0h\u00f3\u00a0(egyetemt\u0151l\u00a0f\u00fcgg\u0151en). Tand\u00edjt\u00e1mogat\u00e1s\u00a0max.\u00a0USD\u00a025.000\u00a0\/\u00a0tan\u00e9v. Az\u00a0\u00fatik\u00f6lts\u00e9get\u00a0\u00e9s\u00a0a\u00a0biztos\u00edt\u00e1st\u00a0is\u00a0fedezi\u00a0a\u00a0program. P\u00e1ly\u00e1zati\u00a0anyag\u00a0\u00e9s\u00a0online\u00a0jelentkez\u00e9s Jelentkez\u00e9si\u00a0hat\u00e1rid\u0151:\u00a02026.\u00a0m\u00e1jus\u00a015.<\/p>\n","protected":false},"author":3087,"featured_media":0,"parent":735,"menu_order":37,"comment_status":"open","ping_status":"closed","template":"","meta":{"_acf_changed":false,"footnotes":""},"categories":[],"tags":[],"class_list":["post-77647","page","type-page","status-publish","hentry"],"acf":[],"_links":{"self":[{"href":"https:\/\/univet.hu\/hu\/wp-json\/wp\/v2\/pages\/77647","targetHints":{"allow":["GET"]}}],"collection":[{"href":"https:\/\/univet.hu\/hu\/wp-json\/wp\/v2\/pages"}],"about":[{"href":"https:\/\/univet.hu\/hu\/wp-json\/wp\/v2\/types\/page"}],"author":[{"embeddable":true,"href":"https:\/\/univet.hu\/hu\/wp-json\/wp\/v2\/users\/3087"}],"replies":[{"embeddable":true,"href":"https:\/\/univet.hu\/hu\/wp-json\/wp\/v2\/comments?post=77647"}],"version-history":[{"count":5,"href":"https:\/\/univet.hu\/hu\/wp-json\/wp\/v2\/pages\/77647\/revisions"}],"predecessor-version":[{"id":206053,"href":"https:\/\/univet.hu\/hu\/wp-json\/wp\/v2\/pages\/77647\/revisions\/206053"}],"up":[{"embeddable":true,"href":"https:\/\/univet.hu\/hu\/wp-json\/wp\/v2\/pages\/735"}],"wp:attachment":[{"href":"https:\/\/univet.hu\/hu\/wp-json\/wp\/v2\/media?parent=77647"}],"wp:term":[{"taxonomy":"category","embeddable":true,"href":"https:\/\/univet.hu\/hu\/wp-json\/wp\/v2\/categories?post=77647"},{"taxonomy":"post_tag","embeddable":true,"href":"https:\/\/univet.hu\/hu\/wp-json\/wp\/v2\/tags?post=77647"}],"curies":[{"name":"wp","href":"https:\/\/api.w.org\/{rel}","templated":true}]}}