{"id":77704,"date":"2022-08-23T12:44:56","date_gmt":"2022-08-23T10:44:56","guid":{"rendered":"https:\/\/univet.hu\/hu\/egyetem\/kollegium\/name\/"},"modified":"2022-08-23T12:44:56","modified_gmt":"2022-08-23T10:44:56","slug":"szakkollegiumaink","status":"publish","type":"page","link":"https:\/\/univet.hu\/hu\/egyetem\/kollegium\/szakkollegiumaink\/","title":{"rendered":"Szakkoll\u00e9giumaink"},"content":{"rendered":"<p><strong>Marek J\u00f3zsef \u00c1llatorvostudom\u00e1nyi Szakkoll\u00e9gium:<\/strong><\/p> <ul> <li><a href=\"https:\/\/univet.hu\/wp-content\/uploads\/2022\/08\/Szakkol\u00e9gium_alapito-okirat.pdf\">Alap\u00edt\u00f3 Okirat<\/a><\/li> <li><a href=\"https:\/\/univet.hu\/wp-content\/uploads\/2022\/08\/Szakkollegium_SZMSZ_2022.pdf\">Szervezeti \u00e9s M\u0171k\u00f6d\u00e9si Szab\u00e1lyzat<\/a><\/li> <\/ul> <p>&nbsp;<\/p> <p><strong>Sert\u00e9s-Szakkoll\u00e9gium:<\/strong><\/p> <p><a href=\"https:\/\/univet.hu\/hu\/2020\/01\/09\/beszamolo-a-sertes-szakkollegium-masfel-everol\/\">https:\/\/univet.hu\/hu\/2020\/01\/09\/beszamolo-a-sertes-szakkollegium-masfel-everol\/<\/a><\/p>","protected":false},"excerpt":{"rendered":"<p>Marek J\u00f3zsef \u00c1llatorvostudom\u00e1nyi Szakkoll\u00e9gium: Alap\u00edt\u00f3 Okirat Szervezeti \u00e9s M\u0171k\u00f6d\u00e9si Szab\u00e1lyzat &nbsp; Sert\u00e9s-Szakkoll\u00e9gium: https:\/\/univet.hu\/hu\/2020\/01\/09\/beszamolo-a-sertes-szakkollegium-masfel-everol\/<\/p>\n","protected":false},"author":2557,"featured_media":0,"parent":807,"menu_order":0,"comment_status":"open","ping_status":"open","template":"","meta":{"_acf_changed":false,"footnotes":""},"categories":[],"tags":[],"class_list":["post-77704","page","type-page","status-publish","hentry"],"acf":[],"_links":{"self":[{"href":"https:\/\/univet.hu\/hu\/wp-json\/wp\/v2\/pages\/77704","targetHints":{"allow":["GET"]}}],"collection":[{"href":"https:\/\/univet.hu\/hu\/wp-json\/wp\/v2\/pages"}],"about":[{"href":"https:\/\/univet.hu\/hu\/wp-json\/wp\/v2\/types\/page"}],"author":[{"embeddable":true,"href":"https:\/\/univet.hu\/hu\/wp-json\/wp\/v2\/users\/2557"}],"replies":[{"embeddable":true,"href":"https:\/\/univet.hu\/hu\/wp-json\/wp\/v2\/comments?post=77704"}],"version-history":[{"count":0,"href":"https:\/\/univet.hu\/hu\/wp-json\/wp\/v2\/pages\/77704\/revisions"}],"up":[{"embeddable":true,"href":"https:\/\/univet.hu\/hu\/wp-json\/wp\/v2\/pages\/807"}],"wp:attachment":[{"href":"https:\/\/univet.hu\/hu\/wp-json\/wp\/v2\/media?parent=77704"}],"wp:term":[{"taxonomy":"category","embeddable":true,"href":"https:\/\/univet.hu\/hu\/wp-json\/wp\/v2\/categories?post=77704"},{"taxonomy":"post_tag","embeddable":true,"href":"https:\/\/univet.hu\/hu\/wp-json\/wp\/v2\/tags?post=77704"}],"curies":[{"name":"wp","href":"https:\/\/api.w.org\/{rel}","templated":true}]}}