{"id":78625,"date":"2022-09-14T09:32:49","date_gmt":"2022-09-14T07:32:49","guid":{"rendered":"https:\/\/univet.hu\/hu\/egyetem\/szervezeti-egysegek\/egzotikusallat-es-vadegeszsegugyi-tanszek\/name\/"},"modified":"2024-09-30T09:03:17","modified_gmt":"2024-09-30T07:03:17","slug":"szakdolgozat-temak","status":"publish","type":"page","link":"https:\/\/univet.hu\/hu\/egyetem\/szervezeti-egysegek\/egzotikusallat-es-vadegeszsegugyi-tanszek\/szakdolgozat-temak\/","title":{"rendered":"Szakdolgozat t\u00e9m\u00e1k"},"content":{"rendered":"<p><strong><span style=\"font-size: 14pt;\">Meghirdetett t\u00e9m\u00e1k a 2024\/25-es tan\u00e9vben<\/span><\/strong><\/p> <p>Dr. G\u00e1l J\u00e1nos<\/p> <p>Jelenleg akt\u00edv szakdolgozati t\u00e9ma nem el\u00e9rhet\u0151!<\/p> <p>Dr. T\u00f3th Tam\u00e1s szakdolgozat t\u00e9matervek<\/p> <ul> <li class=\"x_ContentPasted0\">A feh\u00e9r c\u00e1pa (<i class=\"x_ContentPasted0\">Carcharodon carcharias<\/i>) adriai el\u0151fordul\u00e1sainak vizsg\u00e1lata 1850-t\u0151l napjainkig irodalmi adatok alapj\u00e1n.<\/li> <li class=\"x_ContentPasted0\">A nyugati f\u00f6ldikutya (<em><span class=\"x_ContentPasted0\">Nannospalax leucodon<\/span><\/em>) el\u0151fordul\u00e1sainak vizsg\u00e1lata Magyarorsz\u00e1gon irodalmi adatok alapj\u00e1n.<\/li> <li class=\"x_ContentPasted0\">A reznek (<i class=\"x_ContentPasted0\">Tetrax tetrax<\/i>) \u00e9szlel\u00e9sei Magyarorsz\u00e1gon, illetve a cs\u00f6kken\u0151 hazai el\u0151fordul\u00e1sok lehets\u00e9ges okainak vizsg\u00e1lata irodalmi adatok alapj\u00e1n.<\/li> <\/ul> <p>&nbsp;<\/p> <p>Dr. Csat\u00e1ri D\u00f3ra, Dr. N\u00f3gr\u00e1di Anna, Dr. Papp Antal, Dr. Ziszisz \u00c1risz:<\/p> <p>Egyeztet\u00e9s alapj\u00e1n, hozott t\u00e9majavaslatot klinikai ter\u00fcleten befogadhat. K\u00fcl\u00f6n t\u00e9maki\u00edr\u00e1s jelenleg nem \u00e1ll rendelkez\u00e9sre.<\/p> <p>Dr. Baska Ferenc:<\/p> <p>Egyeztet\u00e9s alapj\u00e1n, hozott t\u00e9majavaslatot hal\u00e1szat, haleg\u00e9szs\u00e9g\u00fcgy ter\u00fcleten befogadhat. K\u00fcl\u00f6n t\u00e9maki\u00edr\u00e1s jelenleg nem \u00e1ll rendelkez\u00e9sre.<\/p> <p>Dr. Hoitsy M\u00e1rton:<\/p> <ul> <li>Teny\u00e9sztett tokf\u00e9l\u00e9k (<i>Acipenseridae<\/i>) v\u00edrusos megbeteged\u00e9seinek vizsg\u00e1lata<\/li> <\/ul> <ul dir=\"auto\"> <li>Teny\u00e9sztett harcsaf\u00e9l\u00e9k (<i>Siluridae<\/i>) v\u00edrusos megbeteged\u00e9seinek vizsg\u00e1lata<\/li> <\/ul> <ul dir=\"auto\"> <li> <div dir=\"auto\">Egyeztet\u00e9s alapj\u00e1n, hozott t\u00e9majavaslat akvakult\u00fara, haleg\u00e9szs\u00e9g\u00fcgy ter\u00fclet\u00e9n<\/div> <\/li> <\/ul>","protected":false},"excerpt":{"rendered":"<p>Meghirdetett t\u00e9m\u00e1k a 2024\/25-es tan\u00e9vben Dr. G\u00e1l J\u00e1nos Jelenleg akt\u00edv szakdolgozati t\u00e9ma nem el\u00e9rhet\u0151! Dr. T\u00f3th Tam\u00e1s szakdolgozat t\u00e9matervek A feh\u00e9r c\u00e1pa (Carcharodon carcharias) adriai el\u0151fordul\u00e1sainak vizsg\u00e1lata 1850-t\u0151l napjainkig irodalmi adatok alapj\u00e1n. A nyugati f\u00f6ldikutya (Nannospalax leucodon) el\u0151fordul\u00e1sainak vizsg\u00e1lata Magyarorsz\u00e1gon irodalmi adatok alapj\u00e1n. A reznek (Tetrax tetrax) \u00e9szlel\u00e9sei Magyarorsz\u00e1gon, illetve a cs\u00f6kken\u0151 hazai el\u0151fordul\u00e1sok lehets\u00e9ges<\/p>\n","protected":false},"author":3837,"featured_media":0,"parent":3316,"menu_order":0,"comment_status":"open","ping_status":"open","template":"","meta":{"_acf_changed":false,"footnotes":""},"categories":[],"tags":[],"class_list":["post-78625","page","type-page","status-publish","hentry"],"acf":[],"_links":{"self":[{"href":"https:\/\/univet.hu\/hu\/wp-json\/wp\/v2\/pages\/78625","targetHints":{"allow":["GET"]}}],"collection":[{"href":"https:\/\/univet.hu\/hu\/wp-json\/wp\/v2\/pages"}],"about":[{"href":"https:\/\/univet.hu\/hu\/wp-json\/wp\/v2\/types\/page"}],"author":[{"embeddable":true,"href":"https:\/\/univet.hu\/hu\/wp-json\/wp\/v2\/users\/3837"}],"replies":[{"embeddable":true,"href":"https:\/\/univet.hu\/hu\/wp-json\/wp\/v2\/comments?post=78625"}],"version-history":[{"count":0,"href":"https:\/\/univet.hu\/hu\/wp-json\/wp\/v2\/pages\/78625\/revisions"}],"up":[{"embeddable":true,"href":"https:\/\/univet.hu\/hu\/wp-json\/wp\/v2\/pages\/3316"}],"wp:attachment":[{"href":"https:\/\/univet.hu\/hu\/wp-json\/wp\/v2\/media?parent=78625"}],"wp:term":[{"taxonomy":"category","embeddable":true,"href":"https:\/\/univet.hu\/hu\/wp-json\/wp\/v2\/categories?post=78625"},{"taxonomy":"post_tag","embeddable":true,"href":"https:\/\/univet.hu\/hu\/wp-json\/wp\/v2\/tags?post=78625"}],"curies":[{"name":"wp","href":"https:\/\/api.w.org\/{rel}","templated":true}]}}