{"id":78748,"date":"2022-09-20T10:08:08","date_gmt":"2022-09-20T08:08:08","guid":{"rendered":"https:\/\/univet.hu\/hu\/oktatas\/kurzusok\/szintetikusbiologia\/"},"modified":"2022-09-20T12:51:40","modified_gmt":"2022-09-20T10:51:40","slug":"szaporodasbiologia-biotechnologia-es-szintetikus-biologia","status":"publish","type":"page","link":"https:\/\/univet.hu\/hu\/oktatas\/kurzusok\/szaporodasbiologia-biotechnologia-es-szintetikus-biologia\/","title":{"rendered":"Szaporod\u00e1sbiol\u00f3gia, biotechnol\u00f3gia \u00e9s szintetikus biol\u00f3gia"},"content":{"rendered":"<p>Biol\u00f3gus MSc. 1.f\u00e9l\u00e9v\u00e9nek k\u00f6telez\u0151 tant\u00e1rgya. El\u0151tanulm\u00e1nyi k\u00f6vetelm\u00e9ny: Sejt- \u00e9s molekul\u00e1ris biol\u00f3gia c. t\u00e1rgy teljes\u00edt\u00e9se<br \/> T\u00e1rgyfelel\u0151s: Dr. Somosk\u0151i Bence<br \/> Oktat\u00f3k: Dr. Somosk\u0151i Bence, Prof. Dr. Cseh S\u00e1ndor<\/p>","protected":false},"excerpt":{"rendered":"<p>Biol\u00f3gus MSc. 1.f\u00e9l\u00e9v\u00e9nek k\u00f6telez\u0151 tant\u00e1rgya. El\u0151tanulm\u00e1nyi k\u00f6vetelm\u00e9ny: Sejt- \u00e9s molekul\u00e1ris biol\u00f3gia c. t\u00e1rgy teljes\u00edt\u00e9se T\u00e1rgyfelel\u0151s: Dr. Somosk\u0151i Bence Oktat\u00f3k: Dr. Somosk\u0151i Bence, Prof. Dr. Cseh S\u00e1ndor<\/p>\n","protected":false},"author":3837,"featured_media":0,"parent":677,"menu_order":0,"comment_status":"open","ping_status":"open","template":"","meta":{"_acf_changed":false,"footnotes":""},"categories":[],"tags":[],"class_list":["post-78748","page","type-page","status-publish","hentry"],"acf":[],"_links":{"self":[{"href":"https:\/\/univet.hu\/hu\/wp-json\/wp\/v2\/pages\/78748","targetHints":{"allow":["GET"]}}],"collection":[{"href":"https:\/\/univet.hu\/hu\/wp-json\/wp\/v2\/pages"}],"about":[{"href":"https:\/\/univet.hu\/hu\/wp-json\/wp\/v2\/types\/page"}],"author":[{"embeddable":true,"href":"https:\/\/univet.hu\/hu\/wp-json\/wp\/v2\/users\/3837"}],"replies":[{"embeddable":true,"href":"https:\/\/univet.hu\/hu\/wp-json\/wp\/v2\/comments?post=78748"}],"version-history":[{"count":0,"href":"https:\/\/univet.hu\/hu\/wp-json\/wp\/v2\/pages\/78748\/revisions"}],"up":[{"embeddable":true,"href":"https:\/\/univet.hu\/hu\/wp-json\/wp\/v2\/pages\/677"}],"wp:attachment":[{"href":"https:\/\/univet.hu\/hu\/wp-json\/wp\/v2\/media?parent=78748"}],"wp:term":[{"taxonomy":"category","embeddable":true,"href":"https:\/\/univet.hu\/hu\/wp-json\/wp\/v2\/categories?post=78748"},{"taxonomy":"post_tag","embeddable":true,"href":"https:\/\/univet.hu\/hu\/wp-json\/wp\/v2\/tags?post=78748"}],"curies":[{"name":"wp","href":"https:\/\/api.w.org\/{rel}","templated":true}]}}