{"id":78886,"date":"2022-09-21T14:17:22","date_gmt":"2022-09-21T12:17:22","guid":{"rendered":"https:\/\/univet.hu\/hu\/biologia\/met2022\/"},"modified":"2022-10-27T16:07:11","modified_gmt":"2022-10-27T14:07:11","slug":"met-2022","status":"publish","type":"page","link":"https:\/\/univet.hu\/hu\/biologia\/met-2022\/","title":{"rendered":"MET2022"},"content":{"rendered":"<h1>Magyar Etol\u00f3giai T\u00e1rsas\u00e1g XXIV. Konferenci\u00e1ja<\/h1> <p>Kedves Koll\u00e9g\u00e1k!<\/p> <p>Sok szeretettel megh\u00edvunk Benneteket a Magyar Etol\u00f3giai T\u00e1rsas\u00e1g XXIV. Konferenci\u00e1j\u00e1ra, melyre <strong>2022. november 25. \u00e9s 27.<\/strong> k\u00f6z\u00f6tt ker\u00fcl sor az \u00c1llatorvostudom\u00e1nyi Egyetem campus\u00e1n (1078 Budapest, Istv\u00e1n u. 2.).<\/p> <p>A konferencia programja p\u00e9ntek est\u00e9t\u0151l vas\u00e1rnap d\u00e9lig fog tartani. A p\u00e9ntek \u00e9s szombat esti szoci\u00e1lis programot az egyetemi Equus Klubban fogjuk tartani.<\/p> <p>A konferenci\u00e1n a hagyom\u00e1nyos 15 perces el\u0151ad\u00e1sok mellett (a mostanra ugyancsak hagyom\u00e1nyoss\u00e1 v\u00e1lt) r\u00f6vid, 5 perces el\u0151ad\u00e1st vagy posztert lehet bemutatni, illetve term\u00e9szetesen csak r\u00e9sztvev\u0151k\u00e9nt is lehet regisztr\u00e1lni.<\/p> <p>Mivel egyre t\u00f6bb hazai kutat\u00f3csoportban dolgoznak k\u00fclf\u00f6ldi hallgat\u00f3k, PhD hallgat\u00f3k, posztdoktorok, ez\u00e9rt mindenkit arra biztatunk, hogy lehet\u0151leg <strong>angolul<\/strong> tartsa az el\u0151ad\u00e1s\u00e1t. Term\u00e9szetesen tov\u00e1bbra is lehet\u0151s\u00e9g van magyar nyelv\u0171 el\u0151ad\u00e1st tartani, de arra k\u00e9rj\u00fck a magyarul el\u0151ad\u00f3kat, hogy a di\u00e1ikat lehet\u0151leg angol nyelven k\u00e9sz\u00edts\u00e9k el.<\/p> <p>Id\u00e9n is meghirdetj\u00fck <a href=\"https:\/\/univet.hu\/hu\/biologia\/met-2022\/az-ev-ifju-viselkedeskutatoja-dij\/\">\u201eAz \u00c9v Ifj\u00fa Viselked\u00e9skutat\u00f3ja\u201d<\/a> p\u00e1ly\u00e1zatot. A jelentkez\u00e9s hat\u00e1rideje <strong>2022. november 3. 12:00<\/strong>. K\u00e9rj\u00fck a szenior kutat\u00f3kat, hogy biztass\u00e1k a fiatalabbakat a p\u00e1ly\u00e1zat beny\u00fajt\u00e1s\u00e1ra, \u00e9s ne felejts\u00e9k el lehet\u0151s\u00e9geikhez m\u00e9rten adom\u00e1nnyal t\u00e1mogatni a <a href=\"http:\/\/etolalap.blogspot.com\/p\/enrollment.html\">Magyar Etol\u00f3gia Alap\u00edtv\u00e1nyt<\/a>, ami a d\u00edjjal j\u00e1r\u00f3 p\u00e9nzjutalom kifizet\u00e9s\u00e9t v\u00e9gzi.<\/p> <p><strong>A konferenci\u00e1ra <a href=\"https:\/\/forms.gle\/QH9tNiJvbfM38Ca97\">regisztr\u00e1lni<\/a> 2022. november 3. 12:00-ig lehet.<\/strong><\/p> <p>A regisztr\u00e1ci\u00f3s d\u00edj v\u00e1rhat\u00f3an 4000 Ft k\u00f6r\u00fcl lesz. Van lehet\u0151s\u00e9g p\u00e9ntek vacsor\u00e1ra, illetve szombat eb\u00e9dre \u00e9s vacsor\u00e1ra \u00e9tkez\u00e9st k\u00e9rni. Ennek \u00e1ra \u00e9tkez\u00e9senk\u00e9nt 3000 Ft k\u00f6r\u00fcl lesz.<\/p> <p>A felmer\u00fcl\u0151 k\u00e9rd\u00e9seket a <a class=\"decrypt\" rel=\"nfulpog3133Ahnbjm\/dpn\" href=\"javascript:void(0);\">[Kattintson az emailc\u00edmhez]<\/a> c\u00edmen v\u00e1rjuk.<\/p> <p>A szervez\u0151k nev\u00e9ben, \u00fcdv\u00f6zlettel:<\/p> <p>Kosztol\u00e1nyi Andr\u00e1s<\/p>","protected":false},"excerpt":{"rendered":"<p>Magyar Etol\u00f3giai T\u00e1rsas\u00e1g XXIV. Konferenci\u00e1ja Kedves Koll\u00e9g\u00e1k! Sok szeretettel megh\u00edvunk Benneteket a Magyar Etol\u00f3giai T\u00e1rsas\u00e1g XXIV. Konferenci\u00e1j\u00e1ra, melyre 2022. november 25. \u00e9s 27. k\u00f6z\u00f6tt ker\u00fcl sor az \u00c1llatorvostudom\u00e1nyi Egyetem campus\u00e1n (1078 Budapest, Istv\u00e1n u. 2.). A konferencia programja p\u00e9ntek est\u00e9t\u0151l vas\u00e1rnap d\u00e9lig fog tartani. A p\u00e9ntek \u00e9s szombat esti szoci\u00e1lis programot az egyetemi Equus Klubban<\/p>\n","protected":false},"author":2768,"featured_media":0,"parent":26000,"menu_order":0,"comment_status":"open","ping_status":"open","template":"","meta":{"_acf_changed":false,"footnotes":""},"categories":[],"tags":[],"class_list":["post-78886","page","type-page","status-publish","hentry"],"acf":[],"_links":{"self":[{"href":"https:\/\/univet.hu\/hu\/wp-json\/wp\/v2\/pages\/78886","targetHints":{"allow":["GET"]}}],"collection":[{"href":"https:\/\/univet.hu\/hu\/wp-json\/wp\/v2\/pages"}],"about":[{"href":"https:\/\/univet.hu\/hu\/wp-json\/wp\/v2\/types\/page"}],"author":[{"embeddable":true,"href":"https:\/\/univet.hu\/hu\/wp-json\/wp\/v2\/users\/2768"}],"replies":[{"embeddable":true,"href":"https:\/\/univet.hu\/hu\/wp-json\/wp\/v2\/comments?post=78886"}],"version-history":[{"count":0,"href":"https:\/\/univet.hu\/hu\/wp-json\/wp\/v2\/pages\/78886\/revisions"}],"up":[{"embeddable":true,"href":"https:\/\/univet.hu\/hu\/wp-json\/wp\/v2\/pages\/26000"}],"wp:attachment":[{"href":"https:\/\/univet.hu\/hu\/wp-json\/wp\/v2\/media?parent=78886"}],"wp:term":[{"taxonomy":"category","embeddable":true,"href":"https:\/\/univet.hu\/hu\/wp-json\/wp\/v2\/categories?post=78886"},{"taxonomy":"post_tag","embeddable":true,"href":"https:\/\/univet.hu\/hu\/wp-json\/wp\/v2\/tags?post=78886"}],"curies":[{"name":"wp","href":"https:\/\/api.w.org\/{rel}","templated":true}]}}