{"id":78891,"date":"2022-09-21T14:20:49","date_gmt":"2022-09-21T12:20:49","guid":{"rendered":"https:\/\/univet.hu\/hu\/biologia\/met-2022\/eivkd\/"},"modified":"2022-10-27T16:05:58","modified_gmt":"2022-10-27T14:05:58","slug":"az-ev-ifju-viselkedeskutatoja-dij","status":"publish","type":"page","link":"https:\/\/univet.hu\/hu\/biologia\/met-2022\/az-ev-ifju-viselkedeskutatoja-dij\/","title":{"rendered":"\u201eAz \u00c9v Ifj\u00fa Viselked\u00e9skutat\u00f3ja\u201d d\u00edj"},"content":{"rendered":"<h1>\u201eAz \u00c9v Ifj\u00fa Viselked\u00e9skutat\u00f3ja\u201d d\u00edj<\/h1> <p>A magyar etol\u00f3giai, viselked\u00e9s\u00f6kol\u00f3giai kutat\u00e1sok sz\u00ednvonal\u00e1nak meg\u0151rz\u00e9se, a tov\u00e1bbfejl\u0151d\u00e9s serkent\u00e9se, valamint a szakmai ut\u00e1np\u00f3tl\u00e1s biztos\u00edt\u00e1sa \u00e9rdek\u00e9ben a Magyar Etol\u00f3giai T\u00e1rsas\u00e1g 2022-ben is meghirdeti a m\u00e1r hagyom\u00e1nny\u00e1 v\u00e1lt \u201eAz \u00c9v Ifj\u00fa Viselked\u00e9skutat\u00f3ja\u201d d\u00edjat.<\/p> <p>A d\u00edjat minden \u00e9vben a szakmai zs\u0171ri d\u00f6nt\u00e9se alapj\u00e1n a MET vezet\u0151s\u00e9ge \u00edt\u00e9li oda annak az ifj\u00fa kutat\u00f3nak, aki az eddig v\u00e9gzett tudom\u00e1nyos munk\u00e1j\u00e1n alapul\u00f3 legkiemelked\u0151bb p\u00e1lyamunk\u00e1t ny\u00fajtotta be.<\/p> <p>A d\u00edjra azok p\u00e1ly\u00e1zhatnak, akik:<\/p> <ul> <li>a p\u00e1lyamunk\u00e1juk alapj\u00e1t k\u00e9pez\u0151 kutat\u00e1st magyar int\u00e9zm\u00e9nyben v\u00e9gezt\u00e9k, vagy a kutat\u00e1s sor\u00e1n magyar int\u00e9zm\u00e9ny hallgat\u00f3i voltak (bele\u00e9rtve a hat\u00e1ron t\u00fali int\u00e9zm\u00e9nyeket is)<\/li> <li>a beny\u00fajt\u00e1si hat\u00e1rid\u0151ig m\u00e9g nem v\u00e9dt\u00e9k meg a PhD fokozatukat, vagy sikeres v\u00e9d\u00e9s\u00fck \u00f3ta legfeljebb egy \u00e9v telt el<\/li> <li>olyan kiemelked\u0151 tudom\u00e1nyos eredm\u00e9nyt \u00e9rtek el, amely alkalmas a hazai \u00e9s a nemzetk\u00f6zi viselked\u00e9sbiol\u00f3giai k\u00f6zv\u00e9lem\u00e9ny figyelm\u00e9nek felkelt\u00e9s\u00e9re<\/li> <li>p\u00e1ly\u00e1zata nagyr\u00e9szt a p\u00e1ly\u00e1z\u00f3 saj\u00e1t, \u00f6n\u00e1ll\u00f3 munk\u00e1j\u00e1n alapszik<\/li> <\/ul> <p>A d\u00edj \u00e1tad\u00e1s\u00e1ra a konferenci\u00e1n ker\u00fcl sor, ahol a d\u00edjazott el\u0151ad\u00e1son (30+5 perc) mutathatja be eredm\u00e9nyeit. A d\u00edj oklev\u00e9llel \u00e9s 100.000 Ft p\u00e9nzjutalommal j\u00e1r.<\/p> <p>A beny\u00fajtott p\u00e1ly\u00e1zatnak a k\u00f6vetkez\u0151ket kell tartalmaznia pdf form\u00e1tumban:<\/p> <ol> <li>r\u00f6vid szakmai \u00f6n\u00e9letrajz<\/li> <li>MTMT-b\u0151l export\u00e1lt publik\u00e1ci\u00f3s lista (emellett beadott cikkek is mell\u00e9kelhet\u0151k, ehhez a foly\u00f3irat visszaigazol\u00e1s\u00e1t k\u00e9rj\u00fck csatolni)<\/li> <li>maximum 2 oldalas p\u00e1lyamunka (Times New Roman bet\u0171t\u00edpus, 11-es m\u00e9ret, 2,5 cm-es marg\u00f3), amely t\u00e9zisszer\u0171en bemutatja a jelentkez\u0151 tudom\u00e1nyos tev\u00e9kenys\u00e9g\u00e9t \u00e9s j\u00f6v\u0151beli terveit<\/li> <li>kit\u00f6lt\u00f6tt \u00e9s a t\u00e9mavezet\u0151 \u00e1ltal al\u00e1\u00edrt beleegyez\u0151 <a href=\"https:\/\/univet.hu\/wp-content\/uploads\/2022\/09\/TemavezetoiNyilatkozat2022.docx\">nyilatkozat<\/a><\/li> <\/ol> <p>A p\u00e1ly\u00e1zatokat a <a class=\"decrypt\" rel=\"nfulpog3133Ahnbjm\/dpn\" href=\"javascript:void(0);\">[Kattintson az emailc\u00edmhez]<\/a> c\u00edmre k\u00e9rj\u00fck beny\u00fajtani.<\/p> <p>A p\u00e1ly\u00e1zat beny\u00fajt\u00e1s\u00e1nak hat\u00e1rideje:<strong> 2022. november 3. 12:00<\/strong><\/p>","protected":false},"excerpt":{"rendered":"<p>\u201eAz \u00c9v Ifj\u00fa Viselked\u00e9skutat\u00f3ja\u201d d\u00edj A magyar etol\u00f3giai, viselked\u00e9s\u00f6kol\u00f3giai kutat\u00e1sok sz\u00ednvonal\u00e1nak meg\u0151rz\u00e9se, a tov\u00e1bbfejl\u0151d\u00e9s serkent\u00e9se, valamint a szakmai ut\u00e1np\u00f3tl\u00e1s biztos\u00edt\u00e1sa \u00e9rdek\u00e9ben a Magyar Etol\u00f3giai T\u00e1rsas\u00e1g 2022-ben is meghirdeti a m\u00e1r hagyom\u00e1nny\u00e1 v\u00e1lt \u201eAz \u00c9v Ifj\u00fa Viselked\u00e9skutat\u00f3ja\u201d d\u00edjat. A d\u00edjat minden \u00e9vben a szakmai zs\u0171ri d\u00f6nt\u00e9se alapj\u00e1n a MET vezet\u0151s\u00e9ge \u00edt\u00e9li oda annak az ifj\u00fa kutat\u00f3nak,<\/p>\n","protected":false},"author":2768,"featured_media":0,"parent":78886,"menu_order":0,"comment_status":"open","ping_status":"open","template":"","meta":{"_acf_changed":false,"footnotes":""},"categories":[],"tags":[],"class_list":["post-78891","page","type-page","status-publish","hentry"],"acf":[],"_links":{"self":[{"href":"https:\/\/univet.hu\/hu\/wp-json\/wp\/v2\/pages\/78891","targetHints":{"allow":["GET"]}}],"collection":[{"href":"https:\/\/univet.hu\/hu\/wp-json\/wp\/v2\/pages"}],"about":[{"href":"https:\/\/univet.hu\/hu\/wp-json\/wp\/v2\/types\/page"}],"author":[{"embeddable":true,"href":"https:\/\/univet.hu\/hu\/wp-json\/wp\/v2\/users\/2768"}],"replies":[{"embeddable":true,"href":"https:\/\/univet.hu\/hu\/wp-json\/wp\/v2\/comments?post=78891"}],"version-history":[{"count":0,"href":"https:\/\/univet.hu\/hu\/wp-json\/wp\/v2\/pages\/78891\/revisions"}],"up":[{"embeddable":true,"href":"https:\/\/univet.hu\/hu\/wp-json\/wp\/v2\/pages\/78886"}],"wp:attachment":[{"href":"https:\/\/univet.hu\/hu\/wp-json\/wp\/v2\/media?parent=78891"}],"wp:term":[{"taxonomy":"category","embeddable":true,"href":"https:\/\/univet.hu\/hu\/wp-json\/wp\/v2\/categories?post=78891"},{"taxonomy":"post_tag","embeddable":true,"href":"https:\/\/univet.hu\/hu\/wp-json\/wp\/v2\/tags?post=78891"}],"curies":[{"name":"wp","href":"https:\/\/api.w.org\/{rel}","templated":true}]}}