{"id":79406,"date":"2022-10-07T14:51:30","date_gmt":"2022-10-07T12:51:30","guid":{"rendered":"https:\/\/univet.hu\/hu\/oktatas\/kurzusok\/korforgasos-megoldasok-a-nagyuzemi-allattartasban\/"},"modified":"2025-01-29T11:40:22","modified_gmt":"2025-01-29T10:40:22","slug":"korforgasos-megoldasok-a-nagyuzemi-allattartasban","status":"publish","type":"page","link":"https:\/\/univet.hu\/hu\/oktatas\/kurzusok\/korforgasos-megoldasok-a-nagyuzemi-allattartasban\/","title":{"rendered":"K\u00f6rforg\u00e1sos megold\u00e1sok a nagy\u00fczemi \u00e1llattart\u00e1sban"},"content":{"rendered":"<p>Tant\u00e1rgyfelel\u0151s: Prof. Dr. \u00d3zsv\u00e1ri L\u00e1szl\u00f3<\/p> <p>A tant\u00e1rgy \u00e1ltal\u00e1nos c\u00e9lja: A cirkul\u00e1ris gazdas\u00e1gi rendszer a t\u00e1rsadalmi felel\u0151ss\u00e9gr\u0151l, a k\u00f6rnyezetterhel\u00e9s meg\u00e1ll\u00edt\u00e1s\u00e1r\u00f3l, a bioszf\u00e9ra meg\u00f3v\u00e1s\u00e1r\u00f3l sz\u00f3l, de nem utols\u00f3 sorban a piaci szerepl\u0151k versenyk\u00e9pess\u00e9g\u00e9t is meghat\u00e1rozza cirkul\u00e1ris rendszerbe t\u00f6rt\u00e9n\u0151 integr\u00e1ci\u00f3juk. K\u00f6nnyem bel\u00e1that\u00f3, hogy a k\u00f6lts\u00e9ghat\u00e9kony termel\u00e9shez a cs\u00f6kken\u0151 term\u00e9szeti er\u0151forr\u00e1sok minim\u00e1lis kiakn\u00e1z\u00e1sa, valamint az extern\u00e1li\u00e1k felhaszn\u00e1l\u00e1s\u00e1nak k\u00f6lts\u00e9geit is figyelembe vev\u0151 optim\u00e1lis termel\u00e9si volumen figyelembev\u00e9tele n\u00e9lk\u00fcl\u00f6zhetetlen. Ahogy a teljes gazdas\u00e1g, \u00fagy a mez\u0151gazdas\u00e1g r\u00e9szek\u00e9nt a nagy\u00fczemi \u00e1llattar\u00e1s is a fenntarthat\u00f3s\u00e1g ir\u00e1ny\u00e1ba mozdul. A tant\u00e1rgy c\u00e9lja a cirkul\u00e1ris gazdas\u00e1gi rendszer alapjainak elm\u00e9leti \u00e1ttekint\u00e9se, valamint k\u00fclf\u00f6ldi \u00e9s hazai p\u00e9ld\u00e1kon kereszt\u00fcl k\u00f6zelebb hozni a hallgat\u00f3khoz a line\u00e1ris termel\u00e9si rendszerb\u0151l a fenntarthat\u00f3 gazd\u00e1lkod\u00e1s ir\u00e1ny\u00e1ba hat\u00f3 d\u00f6nt\u00e9sek fontoss\u00e1g\u00e1nak felismer\u00e9s\u00e9t.<\/p> <p>El\u0151tanulm\u00e1nyi k\u00f6vetelm\u00e9nyek: \u00c1llatorvos: Agr\u00e1rgazdas\u00e1gtan; Biol\u00f3gia BSc: \u00d6kol\u00f3gia alapjai; Biol\u00f3gus MSc: nincs<\/p>","protected":false},"excerpt":{"rendered":"<p>Tant\u00e1rgyfelel\u0151s: Prof. Dr. \u00d3zsv\u00e1ri L\u00e1szl\u00f3 A tant\u00e1rgy \u00e1ltal\u00e1nos c\u00e9lja: A cirkul\u00e1ris gazdas\u00e1gi rendszer a t\u00e1rsadalmi felel\u0151ss\u00e9gr\u0151l, a k\u00f6rnyezetterhel\u00e9s meg\u00e1ll\u00edt\u00e1s\u00e1r\u00f3l, a bioszf\u00e9ra meg\u00f3v\u00e1s\u00e1r\u00f3l sz\u00f3l, de nem utols\u00f3 sorban a piaci szerepl\u0151k versenyk\u00e9pess\u00e9g\u00e9t is meghat\u00e1rozza cirkul\u00e1ris rendszerbe t\u00f6rt\u00e9n\u0151 integr\u00e1ci\u00f3juk. K\u00f6nnyem bel\u00e1that\u00f3, hogy a k\u00f6lts\u00e9ghat\u00e9kony termel\u00e9shez a cs\u00f6kken\u0151 term\u00e9szeti er\u0151forr\u00e1sok minim\u00e1lis kiakn\u00e1z\u00e1sa, valamint az extern\u00e1li\u00e1k felhaszn\u00e1l\u00e1s\u00e1nak k\u00f6lts\u00e9geit is<\/p>\n","protected":false},"author":3837,"featured_media":0,"parent":677,"menu_order":0,"comment_status":"open","ping_status":"open","template":"","meta":{"_acf_changed":false,"footnotes":""},"categories":[],"tags":[],"class_list":["post-79406","page","type-page","status-publish","hentry"],"acf":[],"_links":{"self":[{"href":"https:\/\/univet.hu\/hu\/wp-json\/wp\/v2\/pages\/79406","targetHints":{"allow":["GET"]}}],"collection":[{"href":"https:\/\/univet.hu\/hu\/wp-json\/wp\/v2\/pages"}],"about":[{"href":"https:\/\/univet.hu\/hu\/wp-json\/wp\/v2\/types\/page"}],"author":[{"embeddable":true,"href":"https:\/\/univet.hu\/hu\/wp-json\/wp\/v2\/users\/3837"}],"replies":[{"embeddable":true,"href":"https:\/\/univet.hu\/hu\/wp-json\/wp\/v2\/comments?post=79406"}],"version-history":[{"count":1,"href":"https:\/\/univet.hu\/hu\/wp-json\/wp\/v2\/pages\/79406\/revisions"}],"predecessor-version":[{"id":174767,"href":"https:\/\/univet.hu\/hu\/wp-json\/wp\/v2\/pages\/79406\/revisions\/174767"}],"up":[{"embeddable":true,"href":"https:\/\/univet.hu\/hu\/wp-json\/wp\/v2\/pages\/677"}],"wp:attachment":[{"href":"https:\/\/univet.hu\/hu\/wp-json\/wp\/v2\/media?parent=79406"}],"wp:term":[{"taxonomy":"category","embeddable":true,"href":"https:\/\/univet.hu\/hu\/wp-json\/wp\/v2\/categories?post=79406"},{"taxonomy":"post_tag","embeddable":true,"href":"https:\/\/univet.hu\/hu\/wp-json\/wp\/v2\/tags?post=79406"}],"curies":[{"name":"wp","href":"https:\/\/api.w.org\/{rel}","templated":true}]}}