{"id":79424,"date":"2022-10-10T11:36:04","date_gmt":"2022-10-10T09:36:04","guid":{"rendered":"https:\/\/univet.hu\/hu\/felveteli\/szakok-bemutatasa\/name\/"},"modified":"2022-11-08T12:13:38","modified_gmt":"2022-11-08T11:13:38","slug":"kutato-zoologus-osztatlan-mesterkepzes","status":"publish","type":"page","link":"https:\/\/univet.hu\/hu\/felveteli\/szakok-bemutatasa\/kutato-zoologus-osztatlan-mesterkepzes\/","title":{"rendered":"Kutat\u00f3 zool\u00f3gus osztatlan mesterk\u00e9pz\u00e9s"},"content":{"rendered":"<p>Az osztatlan, t\u00edz f\u00e9l\u00e9ves, <strong>\u00e1llamilag finansz\u00edrozott<\/strong>, <strong>angol nyelv\u0171<\/strong> kutat\u00f3 zool\u00f3gus mesterszak az \u00c1llatorvostudom\u00e1nyi Egyetem szakmai h\u00e1tter\u00e9re \u00e9p\u00fclve egy unik\u00e1lis, a term\u00e9szettudom\u00e1nyos, \u00e1llatorvosi, orvosi \u00e9s agr\u00e1r tudom\u00e1nyter\u00fcletek k\u00f6z\u00f6tt \u00e1t\u00edvel\u0151 ismereteket ad\u00f3 k\u00e9pz\u00e9s. Alapvet\u0151 c\u00e9lja olyan szakemberek k\u00e9pz\u00e9se, akik az elm\u00e9ly\u00fclt tud\u00e1sanyagot integr\u00e1lva k\u00e9pesek alkalmazni, \u00edgy k\u00e9pesek zool\u00f3giai c\u00e9l\u00fa kutat\u00e1sok megtervez\u00e9s\u00e9re, kivitelez\u00e9s\u00e9re \u00e9s azok eredm\u00e9nyeinek elemz\u00e9s\u00e9re. A k\u00e9pz\u00e9s utols\u00f3 k\u00e9t \u00e9v\u00e9ben nagy hangs\u00falyt fektet\u00fcnk az egy\u00e9nileg v\u00e9gzett kutat\u00f3munk\u00e1ra \u00e9s a tudom\u00e1nyos kommunik\u00e1ci\u00f3s k\u00e9szs\u00e9gek fejleszt\u00e9s\u00e9re.<\/p> <ul> <li>K\u00e9pz\u00e9si ter\u00fclet: term\u00e9szettudom\u00e1ny<\/li> <li>K\u00e9pz\u00e9si id\u0151: 10 f\u00e9l\u00e9v<\/li> <li>Az oklev\u00e9len szerepl\u0151 szakk\u00e9pzetts\u00e9g megnevez\u00e9se: okleveles kutat\u00f3 zool\u00f3gus<\/li> <\/ul> <p>A kis l\u00e9tsz\u00e1mmal foly\u00f3 k\u00e9pz\u00e9s\u00fcnk lehet\u0151v\u00e9 teszi, hogy a front\u00e1lis oktat\u00e1s mellett, a hallgat\u00f3knak tutori\u00e1lis rendszerben egy\u00e9ni ir\u00e1nymutat\u00e1st adjunk, \u00e9s \u00edgy megtal\u00e1lj\u00e1k az \u00e9rdekl\u0151d\u00e9si k\u00f6r\u00fcknek legink\u00e1bb megfelel\u0151 diplomadolgozati t\u00e9m\u00e1t az orsz\u00e1g legk\u00fcl\u00f6nb\u00f6z\u0151bb kutat\u00f3m\u0171helyeiben.<\/p> <p>A versenyk\u00e9pes oklevelet ad\u00f3 k\u00e9pz\u00e9s sor\u00e1n szerzett sz\u00e9les k\u00f6r\u0171 ismeretek lehet\u0151v\u00e9 teszik a posztgradu\u00e1lis doktori k\u00e9pz\u00e9sben val\u00f3 tov\u00e1bbtanul\u00e1st vagy elhelyezked\u00e9st kutat\u00f3helyeken, zool\u00f3giai szakismereteket ig\u00e9nyl\u0151 v\u00e1llalkoz\u00e1sokban, vagy p\u00e9ld\u00e1ul a k\u00f6zigazgat\u00e1s, illetve a term\u00e9szetv\u00e9delem ter\u00fclet\u00e9n.<\/p> <p>A k\u00e9pz\u00e9s a tudom\u00e1nyos \u00e9let nyelv\u00e9n, angolul folyik, ezzel is el\u0151seg\u00edtve a v\u00e9gzett hallgat\u00f3k \u00e9rv\u00e9nyes\u00fcl\u00e9s\u00e9t mind a hazai mind a nemzetk\u00f6zi szakmai \u00e9letben, illetve munkaer\u0151piacon. Az egyetemen a vil\u00e1g 34 orsz\u00e1g\u00e1b\u00f3l \u00e9rkezett idegen nyelven tanul\u00f3 hallgat\u00f3k sz\u00e1ma meghaladja a magyar hallgat\u00f3k\u00e9t.<\/p> <p>A k\u00e9pz\u00e9s sor\u00e1n a szakmai tud\u00e1son t\u00fal a hallgat\u00f3ink j\u00e1rtass\u00e1got szereznek a tudom\u00e1nyos kommunik\u00e1ci\u00f3 \u00e9s az el\u0151ad\u00f3i rutin ter\u00e9n, melyeket kamatoztatva kor\u00e1n tudnak bekapcsol\u00f3dni a kutat\u00f3k vil\u00e1g\u00e1ba.<\/p> <p><strong>Felv\u00e9teli \u00e9retts\u00e9gi t\u00e1rgyak:<\/strong> biol\u00f3gia \u00e9s k\u00e9mia (egyik emelt szinten)<\/p> <p>A m\u00e1r v\u00e9gzett szakemberek sz\u00e1mos ir\u00e1nyba tudnak tov\u00e1bbindulni:<\/p> <ul> <li>alap- \u00e9s alkalmazott biol\u00f3giai kutat\u00e1sok<\/li> <li>hum\u00e1n \u00e9s \u00e1llatgy\u00f3gy\u00e1szati kutat\u00e1sok<\/li> <li>agr\u00e1rkutat\u00e1sok<\/li> <li>k\u00f6rnyezetv\u00e9delem, term\u00e9szetv\u00e9delem, \u00e9lelmiszer-biztons\u00e1g<\/li> <li>k\u00f6zigazgat\u00e1s<\/li> <li>piaci szektor\u00a0(pl. gy\u00f3gyszer- \u00e9s vakcinafejleszt\u00e9s)<\/li> <li>szak\u00e9rt\u0151i kutat\u00f3i megb\u00edz\u00e1sok<\/li> <li>PhD fokozatszerez\u00e9s<\/li> <\/ul> <p>Tov\u00e1bbi el\u0151ny\u00f6k:<\/p> <ul> <li>Front\u00e1lis \u00e9s projekt alap\u00fa oktat\u00e1s, probl\u00e9mamegold\u00f3 feladatok<\/li> <li>Egy\u00e9ni kutat\u00f3munk\u00e1ba val\u00f3 korai bekapcsol\u00f3d\u00e1s<\/li> <li>Szem\u00e9lyes \u00e9rdekl\u0151d\u00e9snek megfelel\u0151 kutat\u00e1si, diplomat\u00e9ma<\/li> <li>Tudom\u00e1ny m\u0171vel\u00e9s\u00e9hez sz\u00fcks\u00e9ges magas szint\u0171 matematika \u00e9s statisztika oktat\u00e1s<\/li> <li>Tudom\u00e1nyos kommunik\u00e1ci\u00f3s k\u00e9szs\u00e9gek fejleszt\u00e9se, el\u0151ad\u00f3i rutin<\/li> <li>Publik\u00e1l\u00e1si lehet\u0151s\u00e9g, konferencia r\u00e9szv\u00e9tel<\/li> <\/ul> <p>&nbsp;<br \/> <strong>Tov\u00e1bbi inform\u00e1ci\u00f3\u00e9rt, r\u00e9szletek\u00e9rt, tant\u00e1rgyismertet\u0151\u00e9rt, kattintson <a href=\"https:\/\/univet.hu\/hu\/biologia\/zool\">IDE<\/a>.<\/strong><\/p> <p><img loading=\"lazy\" decoding=\"async\" class=\"size-large wp-image-80329 aligncenter\" src=\"https:\/\/univet.hu\/wp-content\/uploads\/2022\/11\/Ari-Csilla-manta-r\u00e1j\u00e1val-960x664.jpg\" alt=\"\" width=\"640\" height=\"443\" srcset=\"https:\/\/univet.hu\/wp-content\/uploads\/2022\/11\/Ari-Csilla-manta-r\u00e1j\u00e1val-960x664.jpg 960w, https:\/\/univet.hu\/wp-content\/uploads\/2022\/11\/Ari-Csilla-manta-r\u00e1j\u00e1val-320x221.jpg 320w, https:\/\/univet.hu\/wp-content\/uploads\/2022\/11\/Ari-Csilla-manta-r\u00e1j\u00e1val-768x531.jpg 768w, https:\/\/univet.hu\/wp-content\/uploads\/2022\/11\/Ari-Csilla-manta-r\u00e1j\u00e1val.jpg 1354w\" sizes=\"auto, (max-width: 640px) 100vw, 640px\" \/><\/p> <p><strong>Felh\u00edvjuk leend\u0151 hallgat\u00f3ink figyelm\u00e9t, hogy az \u00c1llatorvostudom\u00e1nyi Egyetem \u00e1llatorvos osztatlan k\u00e9pz\u00e9se \u00e9s kutat\u00f3 zool\u00f3gus osztatlan k\u00e9pz\u00e9se k\u00f6z\u00f6tt nincs \u00e1tjelentkez\u00e9si lehet\u0151s\u00e9g.<\/strong><\/p>","protected":false},"excerpt":{"rendered":"<p>Az osztatlan, t\u00edz f\u00e9l\u00e9ves, \u00e1llamilag finansz\u00edrozott, angol nyelv\u0171 kutat\u00f3 zool\u00f3gus mesterszak az \u00c1llatorvostudom\u00e1nyi Egyetem szakmai h\u00e1tter\u00e9re \u00e9p\u00fclve egy unik\u00e1lis, a term\u00e9szettudom\u00e1nyos, \u00e1llatorvosi, orvosi \u00e9s agr\u00e1r tudom\u00e1nyter\u00fcletek k\u00f6z\u00f6tt \u00e1t\u00edvel\u0151 ismereteket ad\u00f3 k\u00e9pz\u00e9s. Alapvet\u0151 c\u00e9lja olyan szakemberek k\u00e9pz\u00e9se, akik az elm\u00e9ly\u00fclt tud\u00e1sanyagot integr\u00e1lva k\u00e9pesek alkalmazni, \u00edgy k\u00e9pesek zool\u00f3giai c\u00e9l\u00fa kutat\u00e1sok megtervez\u00e9s\u00e9re, kivitelez\u00e9s\u00e9re \u00e9s azok eredm\u00e9nyeinek elemz\u00e9s\u00e9re. A<\/p>\n","protected":false},"author":3837,"featured_media":0,"parent":6031,"menu_order":0,"comment_status":"open","ping_status":"open","template":"","meta":{"_acf_changed":false,"footnotes":""},"categories":[],"tags":[],"class_list":["post-79424","page","type-page","status-publish","hentry"],"acf":[],"_links":{"self":[{"href":"https:\/\/univet.hu\/hu\/wp-json\/wp\/v2\/pages\/79424","targetHints":{"allow":["GET"]}}],"collection":[{"href":"https:\/\/univet.hu\/hu\/wp-json\/wp\/v2\/pages"}],"about":[{"href":"https:\/\/univet.hu\/hu\/wp-json\/wp\/v2\/types\/page"}],"author":[{"embeddable":true,"href":"https:\/\/univet.hu\/hu\/wp-json\/wp\/v2\/users\/3837"}],"replies":[{"embeddable":true,"href":"https:\/\/univet.hu\/hu\/wp-json\/wp\/v2\/comments?post=79424"}],"version-history":[{"count":0,"href":"https:\/\/univet.hu\/hu\/wp-json\/wp\/v2\/pages\/79424\/revisions"}],"up":[{"embeddable":true,"href":"https:\/\/univet.hu\/hu\/wp-json\/wp\/v2\/pages\/6031"}],"wp:attachment":[{"href":"https:\/\/univet.hu\/hu\/wp-json\/wp\/v2\/media?parent=79424"}],"wp:term":[{"taxonomy":"category","embeddable":true,"href":"https:\/\/univet.hu\/hu\/wp-json\/wp\/v2\/categories?post=79424"},{"taxonomy":"post_tag","embeddable":true,"href":"https:\/\/univet.hu\/hu\/wp-json\/wp\/v2\/tags?post=79424"}],"curies":[{"name":"wp","href":"https:\/\/api.w.org\/{rel}","templated":true}]}}