{"id":79502,"date":"2022-10-11T11:35:14","date_gmt":"2022-10-11T09:35:14","guid":{"rendered":"https:\/\/univet.hu\/hu\/felveteli\/szakok-bemutatasa\/az-allatorvos-osztatlan-kepzes-bemutatas\/"},"modified":"2022-10-11T11:50:25","modified_gmt":"2022-10-11T09:50:25","slug":"az-allatorvos-osztatlan-kepzes-bemutatasa","status":"publish","type":"page","link":"https:\/\/univet.hu\/hu\/felveteli\/szakok-bemutatasa\/az-allatorvos-osztatlan-kepzes-bemutatasa\/","title":{"rendered":"Az \u00e1llatorvos osztatlan k\u00e9pz\u00e9s bemutat\u00e1sa"},"content":{"rendered":"<p>Az \u00e1llatorvosi szakon a k\u00e9pz\u00e9s a t\u00f6bbi alapszakt\u00f3l elt\u00e9r\u0151en osztatlanul zajlik, teh\u00e1t a szakon \u00a0nem szerezhet\u0151 alapfokozat, a felvettek tanulm\u00e1nyaik megkezd\u00e9s\u00e9t\u0151l Master szint\u0171 \u00a0k\u00e9pz\u00e9sben vesznek r\u00e9szt.<\/p> <ul> <li>A k\u00e9pz\u00e9si ter\u00fclet: agr\u00e1r.<\/li> <li>A k\u00e9pz\u00e9si id\u0151: 11 f\u00e9l\u00e9v.<\/li> <li>Az oklev\u00e9lben szerepl\u0151 szakk\u00e9pzetts\u00e9g megnevez\u00e9se: \u00e1llatorvos doktor.<\/li> <li>Az egyetemi v\u00e9gzetts\u00e9get igazol\u00f3 doktori c\u00edm r\u00f6vid\u00edt\u00e9se: dr. med. vet.<\/li> <\/ul> <p>A szak k\u00e9pz\u00e9si c\u00e9lja olyan \u00e1llatorvosok k\u00e9pz\u00e9se, akik a k\u00e9pz\u00e9si id\u0151 alatt elsaj\u00e1t\u00edtott \u00a0ismeretanyag, szakmai k\u00e9szs\u00e9gek birtok\u00e1ban magas szint\u0171 szakmai \u00e9s \u00e1ltal\u00e1nos \u00a0m\u0171velts\u00e9g\u00fckre, \u00f6kon\u00f3miai szeml\u00e9let\u00fckre t\u00e1maszkodva k\u00e9pesek az \u00e1llatbetegs\u00e9gek \u00a0megel\u0151z\u00e9s\u00e9re, felismer\u00e9s\u00e9re \u00e9s \u00e1llatok gy\u00f3gykezel\u00e9s\u00e9re, tov\u00e1bb\u00e1 a mez\u0151gazdas\u00e1g, az \u00a0\u00e1llatteny\u00e9szt\u00e9s \u00e9s a szakigazgat\u00e1s k\u00fcl\u00f6nb\u00f6z\u0151 ter\u00fcletein az \u00e1llat- \u00e9s k\u00f6rnyezetv\u00e9delem, az \u00a0\u00e1llatj\u00f3l\u00e9t feladatainak ell\u00e1t\u00e1s\u00e1ra, illetve ir\u00e1ny\u00edt\u00e1s\u00e1ra, valamint a biztons\u00e1gos \u00e9lelmiszertermel\u00e9s szervez\u00e9s\u00e9re \u00e9s ellen\u0151rz\u00e9s\u00e9re.<\/p> <p>A m\u00e1r v\u00e9gzett szakemberek tov\u00e1bbk\u00e9pz\u00e9s\u00fck c\u00e9lj\u00e1b\u00f3l \u00a011 akkredit\u00e1lt szakir\u00e1ny\u00fa tov\u00e1bbk\u00e9pz\u00e9si szak k\u00f6z\u00fcl v\u00e1logathatnak:<\/p> <ul> <li>\u00e1llateg\u00e9szs\u00e9g\u00fcgyi igazgat\u00e1stani \u00e9s j\u00e1rv\u00e1ny\u00fcgyi szak\u00e1llatorvos,<\/li> <li>baromfi-eg\u00e9szs\u00e9g\u00fcgyi szak\u00e1llatorvos,<\/li> <li>egzotikus \u00e1llatok gy\u00f3gy\u00e1szata,<\/li> <li>egzotikus \u00e1llatok tart\u00e1sa \u00e9s teny\u00e9szt\u00e9se,<\/li> <li>\u00e9lelmiszer-higi\u00e9nikus szak\u00e1llatorvos,<\/li> <li>k\u00e9r\u0151dz\u0151 eg\u00e9szs\u00e9g\u00fcgyi szak\u00e1llatorvos,<\/li> <li>kis\u00e1llatgy\u00f3gy\u00e1sz klinikus szak\u00e1llatorvos,<\/li> <li>l\u00f3gy\u00f3gy\u00e1sz szak\u00e1llatorvos,<\/li> <li>lovas-tan\u00e1r (hippol\u00f3gus) \u00e9s \u2013szervez\u0151,<\/li> <li>mikrobiol\u00f3gus szak\u00e1llatorvos,<\/li> <li>sert\u00e9s-eg\u00e9szs\u00e9g\u00fcgyi szak\u00e1llatorvos,<\/li> <li>experiment\u00e1lis toxikol\u00f3gus szak\u00e1llatorvos.<\/li> <\/ul> <p>A doktori (PhD) k\u00e9pz\u00e9s az \u00c1llatorvos-tudom\u00e1nyi Doktori Iskola keret\u00e9ben folyik. A v\u00e9gzett \u00a0\u00e1llatorvosok az \u00e1llat-eg\u00e9szs\u00e9g\u00fcgyi szakigazgat\u00e1s, az \u00e9lelmiszer-ellen\u0151rz\u00e9s, az \u00e9lelmiszeripar \u00e9s a szakoktat\u00e1s ter\u00fclet\u00e9n, szaporod\u00e1sbiol\u00f3giai szolg\u00e1latokn\u00e1l, az \u00e1llat-eg\u00e9szs\u00e9g\u00fcgyi, \u00e1llatteny\u00e9szt\u00e9si \u00e9s takarm\u00e1nyoz\u00e1si kutat\u00f3laborat\u00f3riumokban, a gy\u00f3gyszeriparban, gy\u00f3gyszer-forgalmaz\u00e1si, takarm\u00e1nyipari, \u00e1llatgy\u00f3gy\u00e1szati olt\u00f3anyag-el\u0151\u00e1ll\u00edt\u00e1si \u00e9s -ellen\u0151rz\u00e9si ter\u00fcleten, valamint az \u00e1llat- \u00e9s k\u00f6rnyezetv\u00e9delemi szervezetekn\u00e9l helyezkedhetnek el.<\/p> <p>Az \u00e1llatorvosk\u00e9pz\u00e9s a magyar mellett angol \u00e9s n\u00e9met nyelven is folyik, a vil\u00e1g 34 orsz\u00e1g\u00e1b\u00f3l \u00e9rkezett idegen nyelven tanul\u00f3 hallgat\u00f3k sz\u00e1ma meghaladja a magyar hallgat\u00f3k\u00e9t. Az \u00e1llatorvosk\u00e9pz\u00e9st az Eur\u00f3pai \u00c1llatorvosk\u00e9pz\u0151 Int\u00e9zm\u00e9nyek Sz\u00f6vets\u00e9ge (European Association of Establishments for Veterinary Education, EAEVE) m\u00e1r k\u00e9tszer akkredit\u00e1lta, ezzel elismerte, hogy a k\u00e9pz\u00e9s sz\u00ednvonala megfelel az eur\u00f3pai ig\u00e9nyeknek.<\/p> <div class=\"row\"><\/div> <div class=\"clearfix\"><\/div> <\/div> <footer class=\"entry-footer wow fadeInLeft\"> <div class=\"share_buttons\"><\/div> <\/footer>","protected":false},"excerpt":{"rendered":"<p>Az \u00e1llatorvosi szakon a k\u00e9pz\u00e9s a t\u00f6bbi alapszakt\u00f3l elt\u00e9r\u0151en osztatlanul zajlik, teh\u00e1t a szakon \u00a0nem szerezhet\u0151 alapfokozat, a felvettek tanulm\u00e1nyaik megkezd\u00e9s\u00e9t\u0151l Master szint\u0171 \u00a0k\u00e9pz\u00e9sben vesznek r\u00e9szt. A k\u00e9pz\u00e9si ter\u00fclet: agr\u00e1r. A k\u00e9pz\u00e9si id\u0151: 11 f\u00e9l\u00e9v. Az oklev\u00e9lben szerepl\u0151 szakk\u00e9pzetts\u00e9g megnevez\u00e9se: \u00e1llatorvos doktor. Az egyetemi v\u00e9gzetts\u00e9get igazol\u00f3 doktori c\u00edm r\u00f6vid\u00edt\u00e9se: dr. med. vet. A szak k\u00e9pz\u00e9si<\/p>\n","protected":false},"author":2768,"featured_media":0,"parent":6031,"menu_order":0,"comment_status":"open","ping_status":"open","template":"","meta":{"_acf_changed":false,"footnotes":""},"categories":[],"tags":[],"class_list":["post-79502","page","type-page","status-publish","hentry"],"acf":[],"_links":{"self":[{"href":"https:\/\/univet.hu\/hu\/wp-json\/wp\/v2\/pages\/79502","targetHints":{"allow":["GET"]}}],"collection":[{"href":"https:\/\/univet.hu\/hu\/wp-json\/wp\/v2\/pages"}],"about":[{"href":"https:\/\/univet.hu\/hu\/wp-json\/wp\/v2\/types\/page"}],"author":[{"embeddable":true,"href":"https:\/\/univet.hu\/hu\/wp-json\/wp\/v2\/users\/2768"}],"replies":[{"embeddable":true,"href":"https:\/\/univet.hu\/hu\/wp-json\/wp\/v2\/comments?post=79502"}],"version-history":[{"count":0,"href":"https:\/\/univet.hu\/hu\/wp-json\/wp\/v2\/pages\/79502\/revisions"}],"up":[{"embeddable":true,"href":"https:\/\/univet.hu\/hu\/wp-json\/wp\/v2\/pages\/6031"}],"wp:attachment":[{"href":"https:\/\/univet.hu\/hu\/wp-json\/wp\/v2\/media?parent=79502"}],"wp:term":[{"taxonomy":"category","embeddable":true,"href":"https:\/\/univet.hu\/hu\/wp-json\/wp\/v2\/categories?post=79502"},{"taxonomy":"post_tag","embeddable":true,"href":"https:\/\/univet.hu\/hu\/wp-json\/wp\/v2\/tags?post=79502"}],"curies":[{"name":"wp","href":"https:\/\/api.w.org\/{rel}","templated":true}]}}