{"id":79518,"date":"2022-10-11T14:27:57","date_gmt":"2022-10-11T12:27:57","guid":{"rendered":"https:\/\/univet.hu\/hu\/egyetem\/szervezeti-egysegek\/szuleszeti-es-szaporodasbiologiai-tanszek-es-klinika\/szolgaltatasok\/mobilembrio\/"},"modified":"2022-10-12T08:45:37","modified_gmt":"2022-10-12T06:45:37","slug":"mobil-embrio-atulteto-allomas","status":"publish","type":"page","link":"https:\/\/univet.hu\/hu\/egyetem\/szervezeti-egysegek\/szuleszeti-es-szaporodasbiologiai-tanszek-es-klinika\/szolgaltatasok\/mobil-embrio-atulteto-allomas\/","title":{"rendered":"Mobil Embri\u00f3 \u00c1t\u00fcltet\u0151 \u00c1llom\u00e1s"},"content":{"rendered":"<p><strong>Mobil Embri\u00f3 \u00c1t\u00fcltet\u0151 \u00c1llom\u00e1s<\/strong> (HUN 11)<\/p> <p>2020-t\u00f3l a tansz\u00e9k embri\u00f3-\u00e1t\u00fcltet\u00e9st is k\u00edn\u00e1l szolg\u00e1ltat\u00e1sk\u00e9nt nagy h\u00e1zi\u00e1llatfajokban.<\/p> <p>Az \u00c1llom\u00e1s c\u00e9lja, hogy seg\u00edtse a gazd\u00e1lkod\u00f3kat teny\u00e9szt\u00e9si c\u00e9ljaik el\u00e9r\u00e9s\u00e9ben az embri\u00f3transzfer progressz\u00edv ir\u00e1ny\u00e1val.<\/p> <p>Magasan k\u00e9pzett \u00e9s enged\u00e9llyel rendelkez\u0151 koll\u00e9g\u00e1ink sz\u00edvesen m\u0171k\u00f6dnek egy\u00fctt ezen a ter\u00fcleten. Tudom\u00e1nyos kutat\u00e1si projektekben is r\u00e9szt vesz\u00fcnk Cseh S\u00e1ndor professzor vezet\u00e9s\u00e9vel, aki t\u00f6bb mint 40 \u00e9ves tapasztalattal rendelkezik az assziszt\u00e1lt reprodukci\u00f3s embri\u00f3technol\u00f3gi\u00e1ban.<\/p> <p>Szuperovul\u00e1ci\u00f3 seg\u00edts\u00e9g\u00e9vel rendszeresen v\u00e9gz\u00fcnk MOET (t\u00f6bbsz\u00f6r\u00f6s ovul\u00e1ci\u00f3 \u00e9s embri\u00f3transzfer) programokat tejgazdas\u00e1gokban.<\/p> <p>Tavaly elind\u00edtottuk az IVF programokat teheneken \u00e9s kanc\u00e1kon, \u00e9s az els\u0151 teljesen in vitro el\u0151\u00e1ll\u00edtott szarvasmarha embri\u00f3kat 2022 \u0151sz\u00e9n \u00fcltetj\u00fck be recipiens tehenekbe.<\/p> <p>Kontakt: Prof.Dr.Cseh S\u00e1ndor- <a class=\"decrypt\" rel=\"dtfi\/tboepsAvojwfu\/iv\" href=\"javascript:void(0);\">[Kattintson az emailc\u00edmhez]<\/a> \u00e9s Dr.Vincze Bogl\u00e1rka &#8211; <a class=\"decrypt\" rel=\"wjod{f\/cphmbslbAvojwfu\/iv\" href=\"javascript:void(0);\">[Kattintson az emailc\u00edmhez]<\/a><\/p> <p><img loading=\"lazy\" decoding=\"async\" class=\"alignnone size-medium wp-image-79520\" src=\"https:\/\/univet.hu\/wp-content\/uploads\/2022\/10\/K\u00e9p2-320x240.jpg\" alt=\"\" width=\"320\" height=\"240\" srcset=\"https:\/\/univet.hu\/wp-content\/uploads\/2022\/10\/K\u00e9p2-320x240.jpg 320w, https:\/\/univet.hu\/wp-content\/uploads\/2022\/10\/K\u00e9p2-768x577.jpg 768w, https:\/\/univet.hu\/wp-content\/uploads\/2022\/10\/K\u00e9p2.jpg 823w\" sizes=\"auto, (max-width: 320px) 100vw, 320px\" \/>\u00a0 \u00a0\u00a0<img loading=\"lazy\" decoding=\"async\" class=\"alignnone size-medium wp-image-79519\" src=\"https:\/\/univet.hu\/wp-content\/uploads\/2022\/10\/K\u00e9p1-320x240.jpg\" alt=\"\" width=\"320\" height=\"240\" srcset=\"https:\/\/univet.hu\/wp-content\/uploads\/2022\/10\/K\u00e9p1-320x240.jpg 320w, https:\/\/univet.hu\/wp-content\/uploads\/2022\/10\/K\u00e9p1.jpg 611w\" sizes=\"auto, (max-width: 320px) 100vw, 320px\" \/>\u00a0<img loading=\"lazy\" decoding=\"async\" class=\"alignnone size-medium wp-image-79521\" src=\"https:\/\/univet.hu\/wp-content\/uploads\/2022\/10\/K\u00e9p3-320x240.jpg\" alt=\"\" width=\"320\" height=\"240\" srcset=\"https:\/\/univet.hu\/wp-content\/uploads\/2022\/10\/K\u00e9p3-320x240.jpg 320w, https:\/\/univet.hu\/wp-content\/uploads\/2022\/10\/K\u00e9p3-768x576.jpg 768w, https:\/\/univet.hu\/wp-content\/uploads\/2022\/10\/K\u00e9p3.jpg 900w\" sizes=\"auto, (max-width: 320px) 100vw, 320px\" \/><\/p>","protected":false},"excerpt":{"rendered":"<p>Mobil Embri\u00f3 \u00c1t\u00fcltet\u0151 \u00c1llom\u00e1s (HUN 11) 2020-t\u00f3l a tansz\u00e9k embri\u00f3-\u00e1t\u00fcltet\u00e9st is k\u00edn\u00e1l szolg\u00e1ltat\u00e1sk\u00e9nt nagy h\u00e1zi\u00e1llatfajokban. Az \u00c1llom\u00e1s c\u00e9lja, hogy seg\u00edtse a gazd\u00e1lkod\u00f3kat teny\u00e9szt\u00e9si c\u00e9ljaik el\u00e9r\u00e9s\u00e9ben az embri\u00f3transzfer progressz\u00edv ir\u00e1ny\u00e1val. Magasan k\u00e9pzett \u00e9s enged\u00e9llyel rendelkez\u0151 koll\u00e9g\u00e1ink sz\u00edvesen m\u0171k\u00f6dnek egy\u00fctt ezen a ter\u00fcleten. Tudom\u00e1nyos kutat\u00e1si projektekben is r\u00e9szt vesz\u00fcnk Cseh S\u00e1ndor professzor vezet\u00e9s\u00e9vel, aki t\u00f6bb mint 40<\/p>\n","protected":false},"author":3837,"featured_media":0,"parent":16150,"menu_order":0,"comment_status":"open","ping_status":"open","template":"","meta":{"_acf_changed":false,"footnotes":""},"categories":[],"tags":[],"class_list":["post-79518","page","type-page","status-publish","hentry"],"acf":[],"_links":{"self":[{"href":"https:\/\/univet.hu\/hu\/wp-json\/wp\/v2\/pages\/79518","targetHints":{"allow":["GET"]}}],"collection":[{"href":"https:\/\/univet.hu\/hu\/wp-json\/wp\/v2\/pages"}],"about":[{"href":"https:\/\/univet.hu\/hu\/wp-json\/wp\/v2\/types\/page"}],"author":[{"embeddable":true,"href":"https:\/\/univet.hu\/hu\/wp-json\/wp\/v2\/users\/3837"}],"replies":[{"embeddable":true,"href":"https:\/\/univet.hu\/hu\/wp-json\/wp\/v2\/comments?post=79518"}],"version-history":[{"count":0,"href":"https:\/\/univet.hu\/hu\/wp-json\/wp\/v2\/pages\/79518\/revisions"}],"up":[{"embeddable":true,"href":"https:\/\/univet.hu\/hu\/wp-json\/wp\/v2\/pages\/16150"}],"wp:attachment":[{"href":"https:\/\/univet.hu\/hu\/wp-json\/wp\/v2\/media?parent=79518"}],"wp:term":[{"taxonomy":"category","embeddable":true,"href":"https:\/\/univet.hu\/hu\/wp-json\/wp\/v2\/categories?post=79518"},{"taxonomy":"post_tag","embeddable":true,"href":"https:\/\/univet.hu\/hu\/wp-json\/wp\/v2\/tags?post=79518"}],"curies":[{"name":"wp","href":"https:\/\/api.w.org\/{rel}","templated":true}]}}