{"id":79558,"date":"2022-10-14T13:05:59","date_gmt":"2022-10-14T11:05:59","guid":{"rendered":"https:\/\/univet.hu\/?page_id=79558"},"modified":"2026-02-10T03:54:44","modified_gmt":"2026-02-10T02:54:44","slug":"berta-anna","status":"publish","type":"page","link":"https:\/\/univet.hu\/hu\/egyetem\/munkatarsak\/berta-anna\/","title":{"rendered":"Berta Anna"},"content":{"rendered":"<p><strong>\u00a0\u00a0\u00a0\u00a0\u00a0\u00a0\u00a0\u00a0\u00a0\u00a0\u00a0\u00a0\u00a0\u00a0\u00a0\u00a0\u00a0\u00a0\u00a0\u00a0\u00a0\u00a0\u00a0\u00a0\u00a0\u00a0\u00a0\u00a0\u00a0\u00a0\u00a0\u00a0\u00a0\u00a0\u00a0\u00a0\u00a0\u00a0\u00a0\u00a0\u00a0\u00a0\u00a0\u00a0\u00a0\u00a0\u00a0\u00a0\u00a0\u00a0\u00a0\u00a0\u00a0\u00a0\u00a0\u00a0\u00a0\u00a0\u00a0\u00a0\u00a0\u00a0\u00a0\u00a0\u00a0\u00a0\u00a0\u00a0\u00a0\u00a0\u00a0\u00a0\u00a0\u00a0\u00a0\u00a0\u00a0\u00a0\u00a0\u00a0\u00a0\u00a0\u00a0\u00a0\u00a0\u00a0\u00a0\u00a0\u00a0\u00a0\u00a0\u00a0\u00a0\u00a0\u00a0\u00a0\u00a0\u00a0<span style=\"font-size: 14pt\"> Bemutatkoz\u00e1s\u00a0\u00a0<\/span> <\/strong><\/p> <p>A diplom\u00e1mat 2021-ben szereztem meg az \u00c1llatorvostudom\u00e1nyi Egyetemen summa cum laude min\u0151s\u00edt\u00e9ssel. V\u00e9gz\u00e9st k\u00f6vet\u0151en egy budapesti laborat\u00f3riumban kezdtem el dolgozni, ahol f\u0151k\u00e9nt mikrobiol\u00f3gi\u00e1val foglalkoztam. 2022-ben ker\u00fcltem a K\u00f3r\u00e9lettani \u00e9s Onkol\u00f3giai tansz\u00e9kre, ahol az\u00f3ta r\u00e9szt veszek az oktat\u00e1sban, illetve a laborat\u00f3riumi rutin feladatok ell\u00e1t\u00e1s\u00e1ban is.<\/p> <p>&nbsp;<\/p>","protected":false},"excerpt":{"rendered":"<p>\u00a0\u00a0\u00a0\u00a0\u00a0\u00a0\u00a0\u00a0\u00a0\u00a0\u00a0\u00a0\u00a0\u00a0\u00a0\u00a0\u00a0\u00a0\u00a0\u00a0\u00a0\u00a0\u00a0\u00a0\u00a0\u00a0\u00a0\u00a0\u00a0\u00a0\u00a0\u00a0\u00a0\u00a0\u00a0\u00a0\u00a0\u00a0\u00a0\u00a0\u00a0\u00a0\u00a0\u00a0\u00a0\u00a0\u00a0\u00a0\u00a0\u00a0\u00a0\u00a0\u00a0\u00a0\u00a0\u00a0\u00a0\u00a0\u00a0\u00a0\u00a0\u00a0\u00a0\u00a0\u00a0\u00a0\u00a0\u00a0\u00a0\u00a0\u00a0\u00a0\u00a0\u00a0\u00a0\u00a0\u00a0\u00a0\u00a0\u00a0\u00a0\u00a0\u00a0\u00a0\u00a0\u00a0\u00a0\u00a0\u00a0\u00a0\u00a0\u00a0\u00a0\u00a0\u00a0\u00a0\u00a0\u00a0 Bemutatkoz\u00e1s\u00a0\u00a0 A diplom\u00e1mat 2021-ben szereztem meg az \u00c1llatorvostudom\u00e1nyi Egyetemen summa cum laude min\u0151s\u00edt\u00e9ssel. V\u00e9gz\u00e9st k\u00f6vet\u0151en egy budapesti laborat\u00f3riumban kezdtem el dolgozni, ahol f\u0151k\u00e9nt mikrobiol\u00f3gi\u00e1val foglalkoztam. 2022-ben ker\u00fcltem a K\u00f3r\u00e9lettani \u00e9s Onkol\u00f3giai tansz\u00e9kre, ahol az\u00f3ta r\u00e9szt veszek az oktat\u00e1sban, illetve a laborat\u00f3riumi rutin feladatok ell\u00e1t\u00e1s\u00e1ban is. &nbsp;<\/p>\n","protected":false},"author":5824,"featured_media":0,"parent":858,"menu_order":0,"comment_status":"closed","ping_status":"closed","template":"","meta":{"_acf_changed":false,"footnotes":""},"categories":[],"tags":[],"class_list":["post-79558","page","type-page","status-publish","hentry"],"acf":[],"_links":{"self":[{"href":"https:\/\/univet.hu\/hu\/wp-json\/wp\/v2\/pages\/79558","targetHints":{"allow":["GET"]}}],"collection":[{"href":"https:\/\/univet.hu\/hu\/wp-json\/wp\/v2\/pages"}],"about":[{"href":"https:\/\/univet.hu\/hu\/wp-json\/wp\/v2\/types\/page"}],"author":[{"embeddable":true,"href":"https:\/\/univet.hu\/hu\/wp-json\/wp\/v2\/users\/5824"}],"replies":[{"embeddable":true,"href":"https:\/\/univet.hu\/hu\/wp-json\/wp\/v2\/comments?post=79558"}],"version-history":[{"count":1,"href":"https:\/\/univet.hu\/hu\/wp-json\/wp\/v2\/pages\/79558\/revisions"}],"predecessor-version":[{"id":175709,"href":"https:\/\/univet.hu\/hu\/wp-json\/wp\/v2\/pages\/79558\/revisions\/175709"}],"up":[{"embeddable":true,"href":"https:\/\/univet.hu\/hu\/wp-json\/wp\/v2\/pages\/858"}],"wp:attachment":[{"href":"https:\/\/univet.hu\/hu\/wp-json\/wp\/v2\/media?parent=79558"}],"wp:term":[{"taxonomy":"category","embeddable":true,"href":"https:\/\/univet.hu\/hu\/wp-json\/wp\/v2\/categories?post=79558"},{"taxonomy":"post_tag","embeddable":true,"href":"https:\/\/univet.hu\/hu\/wp-json\/wp\/v2\/tags?post=79558"}],"curies":[{"name":"wp","href":"https:\/\/api.w.org\/{rel}","templated":true}]}}