{"id":79560,"date":"2022-10-14T13:16:11","date_gmt":"2022-10-14T11:16:11","guid":{"rendered":"https:\/\/univet.hu\/hu\/biologia\/met-2022\/name\/"},"modified":"2022-11-25T15:19:45","modified_gmt":"2022-11-25T14:19:45","slug":"program","status":"publish","type":"page","link":"https:\/\/univet.hu\/hu\/biologia\/met-2022\/program\/","title":{"rendered":"Program"},"content":{"rendered":"<h1>Program<\/h1> <p>A konferencia programja \u00e9s kivonatf\u00fczete el\u00e9rhet\u0151 <a href=\"https:\/\/univet.hu\/wp-content\/uploads\/2022\/11\/MET2022ProgAbs_20221125_1502.pdf\">itt<\/a>.<\/p> <h1>Megh\u00edvott el\u0151ad\u00f3k<\/h1> <p><a href=\"http:\/\/www.nyf.hu\/kornyezet\/node\/87\">Sz\u00e9p Tibor<\/a>, Ny\u00edregyh\u00e1zi Egyetem, K\u00f6rnyezettudom\u00e1nyi Int\u00e9zet<\/p> <p><a href=\"https:\/\/koki.hu\/kutatocsoportok\/transzlacios-magatartas-idegtudomany\/rolunk\">Mikics \u00c9va<\/a>, ELKH KOKI, Transzl\u00e1ci\u00f3s Magatart\u00e1s Idegtudom\u00e1ny Kutat\u00f3csoport<\/p> <p><a href=\"http:\/\/evolecol.hu\/people\/attila-hettyey\/\">Hettyey Attila<\/a>, ELKH \u00c1TK N\u00d6VI, Evol\u00faci\u00f3s \u00d6kol\u00f3giai Kutat\u00f3csoport<\/p>","protected":false},"excerpt":{"rendered":"<p>Program A konferencia programja \u00e9s kivonatf\u00fczete el\u00e9rhet\u0151 itt. Megh\u00edvott el\u0151ad\u00f3k Sz\u00e9p Tibor, Ny\u00edregyh\u00e1zi Egyetem, K\u00f6rnyezettudom\u00e1nyi Int\u00e9zet Mikics \u00c9va, ELKH KOKI, Transzl\u00e1ci\u00f3s Magatart\u00e1s Idegtudom\u00e1ny Kutat\u00f3csoport Hettyey Attila, ELKH \u00c1TK N\u00d6VI, Evol\u00faci\u00f3s \u00d6kol\u00f3giai Kutat\u00f3csoport<\/p>\n","protected":false},"author":96,"featured_media":0,"parent":78886,"menu_order":0,"comment_status":"open","ping_status":"open","template":"","meta":{"_acf_changed":false,"footnotes":""},"categories":[],"tags":[],"class_list":["post-79560","page","type-page","status-publish","hentry"],"acf":[],"_links":{"self":[{"href":"https:\/\/univet.hu\/hu\/wp-json\/wp\/v2\/pages\/79560","targetHints":{"allow":["GET"]}}],"collection":[{"href":"https:\/\/univet.hu\/hu\/wp-json\/wp\/v2\/pages"}],"about":[{"href":"https:\/\/univet.hu\/hu\/wp-json\/wp\/v2\/types\/page"}],"author":[{"embeddable":true,"href":"https:\/\/univet.hu\/hu\/wp-json\/wp\/v2\/users\/96"}],"replies":[{"embeddable":true,"href":"https:\/\/univet.hu\/hu\/wp-json\/wp\/v2\/comments?post=79560"}],"version-history":[{"count":0,"href":"https:\/\/univet.hu\/hu\/wp-json\/wp\/v2\/pages\/79560\/revisions"}],"up":[{"embeddable":true,"href":"https:\/\/univet.hu\/hu\/wp-json\/wp\/v2\/pages\/78886"}],"wp:attachment":[{"href":"https:\/\/univet.hu\/hu\/wp-json\/wp\/v2\/media?parent=79560"}],"wp:term":[{"taxonomy":"category","embeddable":true,"href":"https:\/\/univet.hu\/hu\/wp-json\/wp\/v2\/categories?post=79560"},{"taxonomy":"post_tag","embeddable":true,"href":"https:\/\/univet.hu\/hu\/wp-json\/wp\/v2\/tags?post=79560"}],"curies":[{"name":"wp","href":"https:\/\/api.w.org\/{rel}","templated":true}]}}