{"id":79572,"date":"2022-10-15T09:50:09","date_gmt":"2022-10-15T07:50:09","guid":{"rendered":"https:\/\/univet.hu\/hu\/egyetem\/szervezeti-egysegek\/allatvedelmi-jogi-elemzo-es-modszertani-kozpont\/name\/"},"modified":"2025-08-29T10:04:18","modified_gmt":"2025-08-29T08:04:18","slug":"allatvedelemre-specializalt-posztgradualis-szakember-kepzesek","status":"publish","type":"page","link":"https:\/\/univet.hu\/hu\/egyetem\/szervezeti-egysegek\/allatvedelmi-jogi-elemzo-es-modszertani-kozpont\/allatvedelemre-specializalt-posztgradualis-szakember-kepzesek\/","title":{"rendered":"\u00c1llatv\u00e9delemre specializ\u00e1lt posztgradu\u00e1lis szakember k\u00e9pz\u00e9sek"},"content":{"rendered":"<h3 data-section-id=\"u7hwu2\" data-start=\"145\" data-end=\"234\">\u00c1llatv\u00e9delemre specializ\u00e1lt posztgradu\u00e1lis szakemberk\u00e9pz\u00e9sek \u2013 \u00f6szt\u00f6nd\u00edj-lehet\u0151s\u00e9ggel<\/h3> <p data-start=\"236\" data-end=\"498\">Ez\u00faton szeretn\u00e9nk felh\u00edvni a figyelmet egy egyed\u00fcl\u00e1ll\u00f3 szakmai lehet\u0151s\u00e9gre: a 2025\/2026-os tan\u00e9v \u0151szi f\u00e9l\u00e9v\u00e9t\u0151l hatf\u00e9le, k\u00e9t f\u00e9l\u00e9ves, d\u00f6nt\u0151en online form\u00e1ban megval\u00f3sul\u00f3 \u00e1llatv\u00e9delmi \u00e9s term\u00e9szetv\u00e9delmi szakir\u00e1ny\u00fa tov\u00e1bbk\u00e9pz\u00e9s indul diplom\u00e1s szakemberek sz\u00e1m\u00e1ra.<\/p> <p data-start=\"500\" data-end=\"752\">A k\u00e9pz\u00e9sek az \u00c1llatorvostudom\u00e1nyi Egyetem \u00c1llatv\u00e9delmi Jogi, Elemz\u0151- \u00e9s M\u00f3dszertani K\u00f6zpontj\u00e1nak szakmai k\u00f6zrem\u0171k\u00f6d\u00e9s\u00e9vel, a Miskolci Egyetem, a P\u00e9csi Tudom\u00e1nyegyetem, a K\u00e1roli G\u00e1sp\u00e1r Reform\u00e1tus Egyetem \u00e9s a Pannon Egyetem szervez\u00e9s\u00e9ben val\u00f3sulnak meg.<\/p> <p data-start=\"754\" data-end=\"960\"><strong data-start=\"754\" data-end=\"960\">A 2025-\u00f6s \u00e9vben a K\u00f6z\u00f6s \u00fcgy\u00fcnk az \u00e1llatv\u00e9delem Alap\u00edtv\u00e1ny \u00f6szt\u00f6nd\u00edjprogramja \u2013 Ov\u00e1di P\u00e9ter \u00e1llatv\u00e9delem\u00e9rt felel\u0151s korm\u00e1nybiztos t\u00e1mogat\u00e1s\u00e1val \u2013 \u00f6sszesen 42 f\u0151 r\u00e9sz\u00e9re t\u00e9r\u00edt\u00e9smentes r\u00e9szv\u00e9telt biztos\u00edt.<\/strong><\/p> <p data-start=\"962\" data-end=\"1335\">Az \u00f6szt\u00f6nd\u00edjprogram c\u00e9lja, hogy seg\u00edtse azon elhivatott, diplom\u00e1s civil \u00e1llatv\u00e9d\u0151ket, akik sz\u00edvesen m\u00e9ly\u00edten\u00e9k el szakmai tud\u00e1sukat, \u00e9s a megszerzett ismereteket a hazai \u00e1llatv\u00e9delem szolg\u00e1lat\u00e1ba k\u00edv\u00e1nj\u00e1k \u00e1ll\u00edtani. A t\u00e1mogat\u00e1s felt\u00e9tele, hogy a p\u00e1ly\u00e1z\u00f3k v\u00e1llalj\u00e1k: a v\u00e9gzetts\u00e9g megszerz\u00e9s\u00e9t k\u00f6vet\u0151 legal\u00e1bb \u00f6t \u00e9vben akt\u00edvan hozz\u00e1j\u00e1rulnak a magyar \u00e1llatv\u00e9delem fejl\u0151d\u00e9s\u00e9hez.<\/p> <p data-start=\"1337\" data-end=\"1676\"><strong data-start=\"1337\" data-end=\"1387\">P\u00e1ly\u00e1zati hat\u00e1rid\u0151: 2025. augusztus 4. (h\u00e9tf\u0151)<\/strong><br data-start=\"1387\" data-end=\"1390\" \/><a class=\"\" href=\"https:\/\/kozosugyunkazallatvedelem.hu\/data\/file\/2025\/07\/14\/palyazati-felhivas-allatvedelmi-osztondijprogram-2025_1.pdf\" target=\"_new\" rel=\"noopener\" data-start=\"1393\" data-end=\"1548\">P\u00e1ly\u00e1zati felh\u00edv\u00e1s let\u00f6lt\u00e9se (PDF)<\/a><br data-start=\"1548\" data-end=\"1551\" \/>\u2139\ufe0f <a class=\"\" href=\"https:\/\/kozosugyunkazallatvedelem.hu\/osztondij\/allatvedelmi-osztondijprogram\" target=\"_new\" rel=\"noopener\" data-start=\"1554\" data-end=\"1676\">Tov\u00e1bbi inform\u00e1ci\u00f3k az \u00f6szt\u00f6nd\u00edjprogramr\u00f3l<\/a><\/p> <p data-start=\"1853\" data-end=\"1886\"><strong data-start=\"1853\" data-end=\"1886\">A 2025 \u0151sz\u00e9n indul\u00f3 k\u00e9pz\u00e9sek:<\/strong><\/p> <ol data-start=\"1888\" data-end=\"2438\"> <li data-start=\"1888\" data-end=\"1953\"> <ol> <li><strong>\u00c1llatv\u00e9delmi szakjog\u00e1sz (JOG\u00c1SZOKNAK, egyedk\u00edm\u00e9l\u0151 \u00e1llatv\u00e9delem f\u00f3kusz\u00fa)<\/strong><\/li> <\/ol> <p><strong>Helysz\u00edn:<\/strong>\u00a0Miskolci Egyetem \u00c1llam- \u00e9s Jogtudom\u00e1nyi Kar<\/p> <p><strong>Partner:<\/strong>\u00a0\u00c1llatorvostudom\u00e1nyi Egyetem \u00c1llatv\u00e9delmi Jogi, Elemz\u0151 \u00e9s M\u00f3dszertani K\u00f6zpont<br \/> <strong>Forma:<\/strong>\u00a0hibrid (jellemz\u0151en online, p\u00e9nteken \u00e9s szombaton)<\/p> <p><strong>Id\u0151tartam:<\/strong>\u00a02 f\u00e9l\u00e9v<\/p> <p><strong>Tand\u00edj:<\/strong>\u00a0160.000 Ft\/f\u00e9l\u00e9v\u00a0<em>(el nem nyert p\u00e1ly\u00e1zat eset\u00e9n)<\/em><\/p> <p><strong>Le\u00edr\u00e1s:<\/strong><\/p> <p>A k\u00e9pz\u00e9s c\u00e9lja, hogy a r\u00e9sztvev\u0151k \u00e1tfog\u00f3 elm\u00e9leti \u00e9s gyakorlati tud\u00e1st szerezzenek minden olyan k\u00e9rd\u00e9st illet\u0151en, amely az \u00e1llatv\u00e9delem t\u00e9mak\u00f6r\u00e9hez k\u00f6thet\u0151. A k\u00e9pz\u00e9s c\u00e9lja ennek \u00e9rdek\u00e9ben egyr\u00e9szt az \u00e1llatv\u00e9delem alapvet\u0151 jogint\u00e9zm\u00e9nyeihez kapcsol\u00f3d\u00f3 \u00e1tfog\u00f3 elm\u00e9leti \u00e9s gyakorlati ismeretek bemutat\u00e1sa, k\u00fcl\u00f6n\u00f6s tekintettel az \u00e1llatv\u00e9delmi t\u00f6rv\u00e9ny alapvet\u0151 rendelkez\u00e9sei, a kedvtel\u00e9sb\u0151l tartott \u00e1llatokra, a gazdas\u00e1gi haszon\u00e1llatokra, k\u00eds\u00e9rleti \u00e1llatokra \u00e9s vadon \u00e9l\u0151 \u00e1llatokra, vesz\u00e9lyes \u00e1llatokra, illeg\u00e1lis \u00e1llatkereskedelemre. T\u00e1rgyaljuk az \u00e1llatv\u00e9delem mag\u00e1njogi, b\u00fcntet\u0151jogi \u00e9s k\u00f6zigazgat\u00e1si jogi aspektusait. A hallgat\u00f3k betekint\u00e9st nyerhetnek az \u00e1llatv\u00e9delmi jog \u00e9s m\u00e1s, ahhoz kapcsol\u00f3d\u00f3 tudom\u00e1nyter\u00fcletek ismereteibe, \u00edgy az \u00e1llatv\u00e9delem pszichol\u00f3giai, kriminol\u00f3giai, gazdas\u00e1gi, \u00e1llatorvostudom\u00e1nyi, kommunik\u00e1ci\u00f3s k\u00e9rd\u00e9seibe is, annak \u00e9rdek\u00e9ben, hogy a hallgat\u00f3k komplex \u00e1llatv\u00e9delmi ismeretekre tegyenek szert.<br \/> <strong>Jelentkez\u00e9s:<\/strong>\u00a0<a href=\"https:\/\/jogikar.uni-miskolc.hu\/kari_kepzesek?kepzesId=226\">https:\/\/jogikar.uni-miskolc.hu\/kari_kepzesek?kepzesId=226<\/a><\/p> <ol start=\"2\"> <li><strong>Nemzetk\u00f6zi \u00e1llatv\u00e9delmi szakjog\u00e1sz (JOG\u00c1SZOKNAK, nemzetk\u00f6zi \u00e9s fenntarthat\u00f3s\u00e1gi f\u00f3kusz\u00fa)<\/strong><\/li> <\/ol> <p><strong>Helysz\u00edn:<\/strong>\u00a0P\u00e9csi Tudom\u00e1nyegyetem \u00c1llam- \u00e9s Jogtudom\u00e1nyi Kar<\/p> <p><strong>Partner:<\/strong>\u00a0\u00c1llatorvostudom\u00e1nyi Egyetem \u00c1llatv\u00e9delmi Jogi, Elemz\u0151 \u00e9s M\u00f3dszertani K\u00f6zpont<br \/> <strong>Forma:<\/strong>\u00a0hibrid (jellemz\u0151en online, p\u00e9nteken \u00e9s szombaton)<\/p> <p><strong>Id\u0151tartam:<\/strong>\u00a02 f\u00e9l\u00e9v<\/p> <p><strong>Tand\u00edj:<\/strong>\u00a0240.000 Ft\/f\u00e9l\u00e9v\u00a0<em>(el nem nyert p\u00e1ly\u00e1zat eset\u00e9n)<\/em><\/p> <p><strong>Le\u00edr\u00e1s:<\/strong><\/p> <p>Az \u00e1llatv\u00e9delem napjainkban kiemelked\u0151 jelent\u0151s\u00e9ggel b\u00edr, \u00e9s a jog\u00e1szok szerepe kulcsfontoss\u00e1g\u00fa az \u00e1llatv\u00e9delmi szempontok \u00e9rv\u00e9nyes\u00edt\u00e9s\u00e9ben. A k\u00e9pz\u00e9s c\u00e9lja, hogy a hallgat\u00f3k \u00e1tfog\u00f3 ismereteket nyerjenek a hazai \u00e9s nemzetk\u00f6zi \u00e1llatv\u00e9delmi jogszab\u00e1lyokr\u00f3l, k\u00fcl\u00f6n\u00f6s figyelemmel az Eur\u00f3pai Uni\u00f3 \u00e1llatj\u00f3ll\u00e9ti szab\u00e1lyoz\u00e1s\u00e1ra \u00e9s m\u00e1s vonatkoz\u00f3 nemzetk\u00f6zi egyezm\u00e9nyekre. Az \u00e1llatv\u00e9delmi jogi ismeretek mellett a k\u00e9pz\u00e9s a fenntarthat\u00f3s\u00e1ghoz kapcsol\u00f3d\u00f3 k\u00f6rnyezetv\u00e9delmi, gazdas\u00e1gi, etikai \u00e9s pszichol\u00f3giai ter\u00fcletekre is kiterjed, t\u00fckr\u00f6zve a PTE strat\u00e9giai c\u00e9ljaiban megfogalmazott fenntarthat\u00f3s\u00e1gi t\u00f6rekv\u00e9seket.<\/p> <p><strong>Jelentkez\u00e9s:<\/strong>\u00a0<a href=\"https:\/\/pte.hu\/hu\/felveteli\/kepzes\/nemzetkozi-allatvedelmi-szakjogasz\">https:\/\/pte.hu\/hu\/felveteli\/kepzes\/nemzetkozi-allatvedelmi-szakjogasz<\/a><\/p> <ol start=\"3\"> <li><strong>\u00c1llatj\u00f3ll\u00e9ti \u00e9s term\u00e9szetv\u00e9delmi szakjog\u00e1sz (JOG\u00c1SZOKNAK, \u00e1llatv\u00e9delem \u00e9s term\u00e9szetv\u00e9delem \u00f6sszef\u00fcgg\u00e9sei)<\/strong><\/li> <\/ol> <p><strong>Helysz\u00edn:<\/strong>\u00a0K\u00e1roli G\u00e1sp\u00e1r Reform\u00e1tus Egyetem \u00c1llam- \u00e9s Jogtudom\u00e1nyi Kar<br \/> <strong>Partner:<\/strong>\u00a0\u00c1llatorvostudom\u00e1nyi Egyetem \u00c1llatv\u00e9delmi Jogi, Elemz\u0151 \u00e9s M\u00f3dszertani K\u00f6zpont<br \/> <strong>Forma:<\/strong>\u00a0hibrid (jellemz\u0151en online, p\u00e9nteken \u00e9s szombaton)<br \/> <strong>Id\u0151tartam:<\/strong>\u00a02 f\u00e9l\u00e9v<\/p> <p><strong>Tand\u00edj:<\/strong>\u00a0250.000 Ft\/f\u00e9l\u00e9v\u00a0<em>(el nem nyert p\u00e1ly\u00e1zat eset\u00e9n)<\/em><\/p> <p><strong>Le\u00edr\u00e1s:<\/strong><\/p> <p>A k\u00e9pz\u00e9s c\u00e9lja, hogy a r\u00e9sztvev\u0151k r\u00e9szletes elm\u00e9leti \u00e9s gyakorlati tud\u00e1st kapjanak az \u00e1llatj\u00f3ll\u00e9t \u00e9s a term\u00e9szetv\u00e9delem t\u00e9mak\u00f6r\u00e9hez k\u00f6thet\u0151 fontosabb k\u00e9rd\u00e9seiben, megismerj\u00e9k az alapvet\u0151 jogint\u00e9zm\u00e9nyekhez kapcsol\u00f3d\u00f3 elm\u00e9leti \u00e9s gyakorlati ismereteket. Az oktat\u00e1s sor\u00e1n k\u00fcl\u00f6n\u00f6s hangs\u00falyt helyez\u00fcnk a vadon \u00e9l\u0151 \u00e1llatok faj- \u00e9s egyedv\u00e9delm\u00e9re, ide\u00e9rtve a vesz\u00e9lyeztetett fajok v\u00e9delm\u00e9t, a term\u00e9szetv\u00e9delmi ment\u0151k\u00f6zpontok m\u0171k\u00f6d\u00e9s\u00e9t, amelyek elsaj\u00e1t\u00edt\u00e1sa sor\u00e1n a hallgat\u00f3k k\u00e9pess\u00e9 v\u00e1lnak a megszerzett elm\u00e9leti tud\u00e1suk alkalmaz\u00e1s\u00e1ra, tov\u00e1bb\u00e1 hat\u00e9konyan tudj\u00e1k \u00e9rv\u00e9nyes\u00edteni az \u00e1llatv\u00e9delemi \u00e9s term\u00e9szetv\u00e9delmi elveket \u00e9s el\u0151\u00edr\u00e1sokat. A k\u00e9pz\u00e9s alatt megismerik az \u00e1llatv\u00e9delem nemzetk\u00f6zi-, mag\u00e1n-, b\u00fcntet\u0151- \u00e9s k\u00f6zigazgat\u00e1si jogi aspektusait, a term\u00e9szetv\u00e9delem szab\u00e1lyoz\u00e1s\u00e1nak gyakorlati k\u00e9rd\u00e9seit, bele\u00e9rtve a nemzeti parkok \u00e9s erd\u0151gazdas\u00e1gok m\u0171k\u00f6d\u00e9s\u00e9t.<\/p> <p><strong>Jelentkez\u00e9s:<\/strong>\u00a0<a href=\"https:\/\/ajk.kre.hu\/index.php\/allatjolleti-es-termeszetvedelmi-szakjogasz\">https:\/\/ajk.kre.hu\/index.php\/allatjolleti-es-termeszetvedelmi-szakjogasz<\/a><\/p> <ol start=\"4\"> <li><strong>Jogi szakokleveles \u00e1llatv\u00e9delmi szakember (B\u00c1RMILYEN DIPLOM\u00c1VAL, egyedk\u00edm\u00e9l\u0151 f\u00f3kusz\u00fa)<\/strong><\/li> <\/ol> <p><strong>Nem jog\u00e1sz v\u00e9gzetts\u00e9g\u0171eknek<\/strong><\/p> <p><strong>Helysz\u00edn:<\/strong>\u00a0Miskolci Egyetem \u00c1llam- \u00e9s Jogtudom\u00e1nyi Kar<br \/> <strong>Partner:<\/strong>\u00a0\u00c1llatorvostudom\u00e1nyi Egyetem \u00c1llatv\u00e9delmi Jogi, Elemz\u0151 \u00e9s M\u00f3dszertani K\u00f6zpont<br \/> <strong>Forma:<\/strong>\u00a0hibrid (jellemz\u0151en online, p\u00e9nteken \u00e9s szombaton)<br \/> <strong>Id\u0151tartam:<\/strong>\u00a02 f\u00e9l\u00e9v<\/p> <p><strong>Tand\u00edj:<\/strong>\u00a0160.000 Ft\/f\u00e9l\u00e9v\u00a0<em>(el nem nyert p\u00e1ly\u00e1zat eset\u00e9n)<\/em><\/p> <p><strong>Le\u00edr\u00e1s:<\/strong><\/p> <p>A k\u00e9pz\u00e9s c\u00e9lja, hogy a r\u00e9sztvev\u0151k \u00e1tfog\u00f3, k\u00e9szs\u00e9gszint\u0171 elm\u00e9leti \u00e9s gyakorlati jogi jelleg\u0171 tud\u00e1st szerezzenek minden olyan k\u00e9rd\u00e9st illet\u0151en, amely az \u00e1llatv\u00e9delem t\u00e9mak\u00f6r\u00e9hez k\u00f6thet\u0151, ami kiterjed egyr\u00e9szt az \u00e1llatv\u00e9delem szervezeti rendszer\u00e9vel, szerepl\u0151ivel, elj\u00e1r\u00e1saival, valamint az \u00e1llatv\u00e9delemmel kapcsolatos egy\u00e9b tev\u00e9kenys\u00e9ggel \u00f6sszef\u00fcgg\u0151 \u00e1tfog\u00f3 elm\u00e9leti \u00e9s gyakorlati ismeretek megszerz\u00e9s\u00e9re \u00e9s annak egyes r\u00e9szter\u00fcleteire vonatkoz\u00f3 szab\u00e1lyoz\u00e1si keretek \u00e9s j\u00f3 gyakorlatok megismer\u00e9s\u00e9re, m\u00e1sr\u00e9szt arra, hogy a hallgat\u00f3k elsaj\u00e1t\u00edts\u00e1k az \u00e1llatv\u00e9delemhez kapcsol\u00f3d\u00f3 jogi jelleg\u0171 tev\u00e9kenys\u00e9gek gyakorl\u00e1s\u00e1hoz, a megszerzett ismeretek \u00e1tad\u00e1s\u00e1hoz sz\u00fcks\u00e9ges kompetenci\u00e1kat.<\/p> <p><strong>Jelentkez\u00e9s:<\/strong>\u00a0<a href=\"https:\/\/jogikar.uni-miskolc.hu\/kari_kepzesek?kepzesId=266\">https:\/\/jogikar.uni-miskolc.hu\/kari_kepzesek?kepzesId=266<\/a><\/p> <ol start=\"5\"> <li><strong>\u00c1llatj\u00f3ll\u00e9ti \u00e9s term\u00e9szetv\u00e9delmi szaktan\u00e1csad\u00f3 (B\u00c1RMILYEN DIPLOM\u00c1VAL,\u00a0\u00e1llatv\u00e9delem \u00e9s term\u00e9szetv\u00e9delem \u00f6sszef\u00fcgg\u00e9sei)<\/strong><\/li> <\/ol> <p><strong>Nem jog\u00e1sz v\u00e9gzetts\u00e9g\u0171eknek<\/strong><\/p> <p><strong>Helysz\u00edn:<\/strong>\u00a0K\u00e1roli G\u00e1sp\u00e1r Reform\u00e1tus Egyetem \u00c1llam- \u00e9s Jogtudom\u00e1nyi Kar<\/p> <p><strong>Partner:<\/strong>\u00a0\u00c1llatorvostudom\u00e1nyi Egyetem \u00c1llatv\u00e9delmi Jogi, Elemz\u0151 \u00e9s M\u00f3dszertani K\u00f6zpont<\/p> <p><strong>Forma:<\/strong>\u00a0hibrid (jellemz\u0151en online, p\u00e9nteken \u00e9s szombaton)<\/p> <p><strong>Id\u0151tartam:<\/strong>\u00a02 f\u00e9l\u00e9v<\/p> <p><strong>Tand\u00edj:<\/strong>\u00a0250.000 Ft\/f\u00e9l\u00e9v\u00a0<em>(el nem nyert p\u00e1ly\u00e1zat eset\u00e9n)<\/em><\/p> <p><strong>Le\u00edr\u00e1s:<\/strong><\/p> <p>A k\u00e9pz\u00e9s c\u00e9lja, hogy a r\u00e9sztvev\u0151k r\u00e9szletes elm\u00e9leti \u00e9s gyakorlati tud\u00e1st kapjanak az \u00e1llatj\u00f3ll\u00e9t \u00e9s a term\u00e9szetv\u00e9delem t\u00e9mak\u00f6r\u00e9hez k\u00f6thet\u0151 fontosabb k\u00e9rd\u00e9seiben, megismerj\u00e9k az alapvet\u0151 jogint\u00e9zm\u00e9nyekhez kapcsol\u00f3d\u00f3 elm\u00e9leti \u00e9s gyakorlati ismereteket. Az oktat\u00e1s sor\u00e1n k\u00fcl\u00f6n\u00f6s hangs\u00falyt helyez\u00fcnk a vadon \u00e9l\u0151 \u00e1llatok faj- \u00e9s egyedv\u00e9delm\u00e9re, ide\u00e9rtve a vesz\u00e9lyeztetett fajok v\u00e9delm\u00e9t, a term\u00e9szetv\u00e9delmi ment\u0151k\u00f6zpontok m\u0171k\u00f6d\u00e9s\u00e9t, amelyek elsaj\u00e1t\u00edt\u00e1sa sor\u00e1n a hallgat\u00f3k k\u00e9pess\u00e9 v\u00e1lnak a megszerzett elm\u00e9leti tud\u00e1suk alkalmaz\u00e1s\u00e1ra, tov\u00e1bb\u00e1 hat\u00e9konyan tudj\u00e1k \u00e9rv\u00e9nyes\u00edteni az \u00e1llatv\u00e9delemi \u00e9s term\u00e9szetv\u00e9delmi elveket \u00e9s el\u0151\u00edr\u00e1sokat. A k\u00e9pz\u00e9s alatt megismerik az \u00e1llatv\u00e9delem nemzetk\u00f6zi-, mag\u00e1n-, b\u00fcntet\u0151- \u00e9s k\u00f6zigazgat\u00e1si jogi aspektusait, a term\u00e9szetv\u00e9delem szab\u00e1lyoz\u00e1s\u00e1nak gyakorlati k\u00e9rd\u00e9seit, bele\u00e9rtve a nemzeti parkok \u00e9s erd\u0151gazdas\u00e1gok m\u0171k\u00f6d\u00e9s\u00e9t.<\/p> <p><strong>Jelentkez\u00e9s<\/strong>:\u00a0<a href=\"https:\/\/ajk.kre.hu\/index.php\/allatjolleti-es-termeszetvedelmi-szaktanacsado\">https:\/\/ajk.kre.hu\/index.php\/allatjolleti-es-termeszetvedelmi-szaktanacsado<\/a><\/p> <ol start=\"6\"> <li><strong>\u00c1llatv\u00e9delem pedag\u00f3gus szakir\u00e1ny\u00fa tov\u00e1bbk\u00e9pz\u00e9s (B\u00c1RMILYEN DIPLOM\u00c1VAL)<\/strong><\/li> <\/ol> <p><strong>Pedag\u00f3gus v\u00e9gzetts\u00e9g\u0171eknek<\/strong><\/p> <p><strong>Helysz\u00edn:<\/strong>\u00a0Pannon Egyetem, Modern Filol\u00f3giai \u00e9s T\u00e1rsadalomtudom\u00e1nyi Kar<br \/> <strong>Forma:<\/strong>\u00a0levelez\u0151<br \/> <strong>Id\u0151tartam:<\/strong>\u00a02 f\u00e9l\u00e9v<\/p> <p><strong>Tand\u00edj:<\/strong>\u00a0160.000 Ft\/f\u00e9l\u00e9v\u00a0<em>(el nem nyert p\u00e1ly\u00e1zat eset\u00e9n)<\/em><\/p> <p><strong>Le\u00edr\u00e1s:<\/strong><br \/> A k\u00e9pz\u00e9s c\u00e9lja olyan pedag\u00f3gusok k\u00e9pz\u00e9se, akik k\u00e9pesek az \u00e1llatv\u00e9delem tartalm\u00e1t \u00e9s szeml\u00e9let\u00e9t be\u00e9p\u00edteni nevel\u0151-oktat\u00f3 munk\u00e1jukba. A k\u00e9pz\u00e9s sor\u00e1n a r\u00e9sztvev\u0151k megismerkednek az \u00e1llatv\u00e9delem etikai, jogi, pszichol\u00f3giai \u00e9s pedag\u00f3giai vonatkoz\u00e1saival, valamint a korszer\u0171 \u00e1llatv\u00e9delmi oktat\u00e1si m\u00f3dszerekkel.<\/li> <\/ol> <p><img loading=\"lazy\" decoding=\"async\" class=\"wp-image-188569 aligncenter\" src=\"https:\/\/univet.hu\/wp-content\/uploads\/2025\/08\/allatvedelmi-osztondijprogram-320x180.jpg\" alt=\"\" width=\"496\" height=\"279\" srcset=\"https:\/\/univet.hu\/wp-content\/uploads\/2025\/08\/allatvedelmi-osztondijprogram-320x180.jpg 320w, https:\/\/univet.hu\/wp-content\/uploads\/2025\/08\/allatvedelmi-osztondijprogram-960x540.jpg 960w, https:\/\/univet.hu\/wp-content\/uploads\/2025\/08\/allatvedelmi-osztondijprogram-768x432.jpg 768w, https:\/\/univet.hu\/wp-content\/uploads\/2025\/08\/allatvedelmi-osztondijprogram.jpg 1000w\" sizes=\"auto, (max-width: 496px) 100vw, 496px\" \/><\/p>","protected":false},"excerpt":{"rendered":"<p>\u00c1llatv\u00e9delemre specializ\u00e1lt posztgradu\u00e1lis szakemberk\u00e9pz\u00e9sek \u2013 \u00f6szt\u00f6nd\u00edj-lehet\u0151s\u00e9ggel Ez\u00faton szeretn\u00e9nk felh\u00edvni a figyelmet egy egyed\u00fcl\u00e1ll\u00f3 szakmai lehet\u0151s\u00e9gre: a 2025\/2026-os tan\u00e9v \u0151szi f\u00e9l\u00e9v\u00e9t\u0151l hatf\u00e9le, k\u00e9t f\u00e9l\u00e9ves, d\u00f6nt\u0151en online form\u00e1ban megval\u00f3sul\u00f3 \u00e1llatv\u00e9delmi \u00e9s term\u00e9szetv\u00e9delmi szakir\u00e1ny\u00fa tov\u00e1bbk\u00e9pz\u00e9s indul diplom\u00e1s szakemberek sz\u00e1m\u00e1ra. A k\u00e9pz\u00e9sek az \u00c1llatorvostudom\u00e1nyi Egyetem \u00c1llatv\u00e9delmi Jogi, Elemz\u0151- \u00e9s M\u00f3dszertani K\u00f6zpontj\u00e1nak szakmai k\u00f6zrem\u0171k\u00f6d\u00e9s\u00e9vel, a Miskolci Egyetem, a P\u00e9csi Tudom\u00e1nyegyetem,<\/p>\n","protected":false},"author":3837,"featured_media":0,"parent":61160,"menu_order":4,"comment_status":"open","ping_status":"open","template":"","meta":{"_acf_changed":false,"footnotes":""},"categories":[],"tags":[],"class_list":["post-79572","page","type-page","status-publish","hentry"],"acf":[],"_links":{"self":[{"href":"https:\/\/univet.hu\/hu\/wp-json\/wp\/v2\/pages\/79572","targetHints":{"allow":["GET"]}}],"collection":[{"href":"https:\/\/univet.hu\/hu\/wp-json\/wp\/v2\/pages"}],"about":[{"href":"https:\/\/univet.hu\/hu\/wp-json\/wp\/v2\/types\/page"}],"author":[{"embeddable":true,"href":"https:\/\/univet.hu\/hu\/wp-json\/wp\/v2\/users\/3837"}],"replies":[{"embeddable":true,"href":"https:\/\/univet.hu\/hu\/wp-json\/wp\/v2\/comments?post=79572"}],"version-history":[{"count":4,"href":"https:\/\/univet.hu\/hu\/wp-json\/wp\/v2\/pages\/79572\/revisions"}],"predecessor-version":[{"id":188573,"href":"https:\/\/univet.hu\/hu\/wp-json\/wp\/v2\/pages\/79572\/revisions\/188573"}],"up":[{"embeddable":true,"href":"https:\/\/univet.hu\/hu\/wp-json\/wp\/v2\/pages\/61160"}],"wp:attachment":[{"href":"https:\/\/univet.hu\/hu\/wp-json\/wp\/v2\/media?parent=79572"}],"wp:term":[{"taxonomy":"category","embeddable":true,"href":"https:\/\/univet.hu\/hu\/wp-json\/wp\/v2\/categories?post=79572"},{"taxonomy":"post_tag","embeddable":true,"href":"https:\/\/univet.hu\/hu\/wp-json\/wp\/v2\/tags?post=79572"}],"curies":[{"name":"wp","href":"https:\/\/api.w.org\/{rel}","templated":true}]}}