{"id":79574,"date":"2022-10-15T09:53:57","date_gmt":"2022-10-15T07:53:57","guid":{"rendered":"https:\/\/univet.hu\/hu\/egyetem\/szervezeti-egysegek\/allatvedelmi-jogi-elemzo-es-modszertani-kozpont\/name\/"},"modified":"2025-08-29T10:54:42","modified_gmt":"2025-08-29T08:54:42","slug":"konferenciak-szakmai-napok","status":"publish","type":"page","link":"https:\/\/univet.hu\/hu\/egyetem\/szervezeti-egysegek\/allatvedelmi-jogi-elemzo-es-modszertani-kozpont\/konferenciak-szakmai-napok\/","title":{"rendered":"Konferenci\u00e1k, szakmai napok"},"content":{"rendered":"<p>Az \u00c1llatorvostudom\u00e1nyi Egyetem Jogi, Elemz\u0151 \u00e9s M\u00f3dszertani K\u00f6zpontj\u00e1nak (\u00c1llatv\u00e9delmi K\u00f6zpont) alapvet\u0151 feladata, hogy ismeretterjeszt\u00e9ssel, oktat\u00e1ssal \u00e9s kutat\u00e1ssal seg\u00edtse az \u00e1llatv\u00e9delem \u00fcgy\u00e9t.<\/p> <p>Az \u00e9rdemi d\u00f6nt\u00e9sekhez ugyanis tudom\u00e1nyosan al\u00e1t\u00e1masztott inform\u00e1ci\u00f3k sz\u00fcks\u00e9gesek. Ehhez \u2013 az \u00e1llatv\u00e9d\u0151k mellett \u2013 \u00e1llatorvosok, jog\u00e1szok, pszichol\u00f3gusok. kriminol\u00f3gusok \u00e9s sok m\u00e1s szakember k\u00f6z\u00f6s munk\u00e1j\u00e1ra van sz\u00fcks\u00e9g.<\/p> <p>A gradu\u00e1lis \u00e9s posztgradu\u00e1lis k\u00e9pz\u00e9seken t\u00fal sz\u00fcks\u00e9g van olyan tanfolyamokra, konferenci\u00e1kra \u00e9s szakmai napokra is, amelyek nem csak \u00e1llatorvosoknak sz\u00f3lnak, hanem egy\u00e9b, \u00e1llatv\u00e9delemmel foglalkoz\u00f3 szakembereknek, p\u00e9ld\u00e1ul a civil szervezetekben tev\u00e9kenyked\u0151 \u00e1llatv\u00e9d\u0151knek ny\u00fajtanak a gyakorlatban is haszn\u00e1lhat\u00f3 ismereteket.<\/p> <p>Az \u00c1llatv\u00e9delmi K\u00f6zpont \u00e1ltal szervezett szakmai napok \u00e9s konferenci\u00e1k lehet\u0151s\u00e9get adnak a t\u00e9m\u00e1ban legj\u00e1rtasabb szak\u00e9rt\u0151knek arra, hogy megossz\u00e1k tud\u00e1sukat az \u00e1llatv\u00e9delem t\u00e9mak\u00f6r\u00e9t \u00e9rint\u0151 legfrissebb int\u00e9zked\u00e9sekr\u0151l, tervekr\u0151l \u00e9s kutat\u00e1si eredm\u00e9nyekr\u0151l, illetve er\u0151s\u00edts\u00e9k az \u00e9rintett szakemberek k\u00f6z\u00f6tti egy\u00fcttm\u0171k\u00f6d\u00e9st.<\/p> <p>A saj\u00e1t szervez\u00e9s\u0171 szakmai napok mellett, az \u00c1llatv\u00e9delmi K\u00f6zpont oktat\u00f3i rendszeresen adnak el\u0151 m\u00e1s int\u00e9zm\u00e9nyek \u00e1llatv\u00e9delmi tematik\u00e1j\u00fa konferenci\u00e1in \u00e9s szakmai napjain.<\/p>","protected":false},"excerpt":{"rendered":"<p>Az \u00c1llatorvostudom\u00e1nyi Egyetem Jogi, Elemz\u0151 \u00e9s M\u00f3dszertani K\u00f6zpontj\u00e1nak (\u00c1llatv\u00e9delmi K\u00f6zpont) alapvet\u0151 feladata, hogy ismeretterjeszt\u00e9ssel, oktat\u00e1ssal \u00e9s kutat\u00e1ssal seg\u00edtse az \u00e1llatv\u00e9delem \u00fcgy\u00e9t. Az \u00e9rdemi d\u00f6nt\u00e9sekhez ugyanis tudom\u00e1nyosan al\u00e1t\u00e1masztott inform\u00e1ci\u00f3k sz\u00fcks\u00e9gesek. Ehhez \u2013 az \u00e1llatv\u00e9d\u0151k mellett \u2013 \u00e1llatorvosok, jog\u00e1szok, pszichol\u00f3gusok. kriminol\u00f3gusok \u00e9s sok m\u00e1s szakember k\u00f6z\u00f6s munk\u00e1j\u00e1ra van sz\u00fcks\u00e9g. A gradu\u00e1lis \u00e9s posztgradu\u00e1lis k\u00e9pz\u00e9seken t\u00fal sz\u00fcks\u00e9g van<\/p>\n","protected":false},"author":3837,"featured_media":0,"parent":61160,"menu_order":0,"comment_status":"open","ping_status":"open","template":"","meta":{"_acf_changed":false,"footnotes":""},"categories":[],"tags":[],"class_list":["post-79574","page","type-page","status-publish","hentry"],"acf":[],"_links":{"self":[{"href":"https:\/\/univet.hu\/hu\/wp-json\/wp\/v2\/pages\/79574","targetHints":{"allow":["GET"]}}],"collection":[{"href":"https:\/\/univet.hu\/hu\/wp-json\/wp\/v2\/pages"}],"about":[{"href":"https:\/\/univet.hu\/hu\/wp-json\/wp\/v2\/types\/page"}],"author":[{"embeddable":true,"href":"https:\/\/univet.hu\/hu\/wp-json\/wp\/v2\/users\/3837"}],"replies":[{"embeddable":true,"href":"https:\/\/univet.hu\/hu\/wp-json\/wp\/v2\/comments?post=79574"}],"version-history":[{"count":0,"href":"https:\/\/univet.hu\/hu\/wp-json\/wp\/v2\/pages\/79574\/revisions"}],"up":[{"embeddable":true,"href":"https:\/\/univet.hu\/hu\/wp-json\/wp\/v2\/pages\/61160"}],"wp:attachment":[{"href":"https:\/\/univet.hu\/hu\/wp-json\/wp\/v2\/media?parent=79574"}],"wp:term":[{"taxonomy":"category","embeddable":true,"href":"https:\/\/univet.hu\/hu\/wp-json\/wp\/v2\/categories?post=79574"},{"taxonomy":"post_tag","embeddable":true,"href":"https:\/\/univet.hu\/hu\/wp-json\/wp\/v2\/tags?post=79574"}],"curies":[{"name":"wp","href":"https:\/\/api.w.org\/{rel}","templated":true}]}}